{"id":86458,"date":"2026-03-19T22:23:30","date_gmt":"2026-03-19T22:23:30","guid":{"rendered":"https:\/\/soydeaqui.ddns.net\/pachuca\/index.php\/producto\/conmutador-cloud-yeastar-10-extensiones-anuales-gateway-fxo-para-troncal-analoga\/"},"modified":"2026-03-19T22:23:31","modified_gmt":"2026-03-19T22:23:31","slug":"conmutador-cloud-yeastar-10-extensiones-anuales-gateway-fxo-para-troncal-analoga","status":"publish","type":"product","link":"https:\/\/soydeaqui.ddns.net\/pachuca\/index.php\/producto\/conmutador-cloud-yeastar-10-extensiones-anuales-gateway-fxo-para-troncal-analoga\/","title":{"rendered":"Conmutador Cloud Yeastar, 10 extensiones anuales, Gateway FXO para troncal analoga"},"content":{"rendered":"<div style='width: 100%; max-width: 1200px; margin: 0 auto; font-family: sans-serif; line-height: 1.6; color: inherit; background-color: transparent;'>\n<div style='margin-bottom: 30px;'>\n<h3 style='font-size: 22px; border-bottom: 2px solid currentColor; padding-bottom: 5px; margin-top: 0; color: inherit; opacity: 0.8;'>Contenido del KIT<\/h3>\n<ul style='padding-left: 20px; font-size: 15px; color: inherit;'>\n<li style='margin-bottom: 5px;'>Conmutador en nube Yeastar con 10 extensiones Enterprise anuales (cada extensi\u00f3n puede aprovisionarse en hasta 5 dispositivos)<\/li>\n<li style='margin-bottom: 5px;'>App m\u00f3vil y cliente web<\/li>\n<li style='margin-bottom: 5px;'>Gateway FXO para una l\u00ednea anal\u00f3gica sin necesidad de abrir puertos<\/li>\n<li style='margin-bottom: 5px;'>Configuraci\u00f3n de conmutador y gateway (se necesita programar d\u00eda con ingenier\u00eda)<\/li>\n<\/ul><\/div>\n<div style='margin-bottom: 30px;'>\n<h3 style='font-size: 22px; border-bottom: 2px solid currentColor; padding-bottom: 5px; margin-top: 0; color: inherit; opacity: 0.8;'>Sistema PBX Serie-P Cloud Edition<\/h3>\n<p style='font-size: 15px; color: inherit; text-align: justify; margin-top: 15px; margin-bottom: 15px;'>Satisfaga sus necesidades de comunicaci\u00f3n diarias&comma; desde realizar y recibir llamadas en cualquier lugar&comma; hasta maximizar la productividad de los agentes&comma; potenciar las videoconferencias interactivas y mucho m\u00e1s. PBX Serie-P proporciona una edici\u00f3n en la nube para ayudar a las organizaciones a mantenerse conectadas y comprometidas.<\/p>\n<p> <img style='width: 100%; height: auto; border: 1px solid rgba(150&comma;150&comma;150&comma;0.3); border-radius: 8px; margin: 15px 0;' src='https:\/\/ftp3.syscom.mx\/usuarios\/fotos\/YCMCLOUDEPEXT\/211095-captura_de_pantalla_2022-08-26_a_la(s)_12.03.45.png' alt=''> <\/div>\n<div style='margin-bottom: 30px;'>\n<h3 style='font-size: 22px; border-bottom: 2px solid currentColor; padding-bottom: 5px; margin-top: 0; color: inherit; opacity: 0.8;'>Libere el potencial de las comunicaciones en la nube<\/h3>\n<p style='font-size: 15px; color: inherit; text-align: justify; margin-top: 15px; margin-bottom: 15px;'>La tendencia a la nube es casi universal. Su entorno flexible ofrece una forma m\u00e1s r\u00e1pida que nunca para que las empresas de todos los tama\u00f1os aprovechen una variedad de capacidades de comunicaciones de nivel empresarial con simplicidad y facilidad.<\/p>\n<p> <img style='width: 100%; height: auto; border: 1px solid rgba(150&comma;150&comma;150&comma;0.3); border-radius: 8px; margin: 15px 0;' src='https:\/\/ftp3.syscom.mx\/usuarios\/fotos\/YCMCLOUDEPEXT\/211095-captura_de_pantalla_2022-08-26_a_la(s)_14.32.43.png' alt=''> <\/div>\n<div style='margin-bottom: 30px;'>\n<h3 style='font-size: 22px; border-bottom: 2px solid currentColor; padding-bottom: 5px; margin-top: 0; color: inherit; opacity: 0.8;'>Conexi\u00f3n en cualquier lugar y en todo momento<\/h3>\n<p> <img style='width: 100%; height: auto; border: 1px solid rgba(150&comma;150&comma;150&comma;0.3); border-radius: 8px; margin: 15px 0;' src='https:\/\/ftp3.syscom.mx\/usuarios\/fotos\/YCMCLOUDEPEXT\/211095-captura_de_pantalla_2022-08-26_a_la(s)_16.01.51.png' alt=''> <img style='width: 100%; height: auto; border: 1px solid rgba(150&comma;150&comma;150&comma;0.3); border-radius: 8px; margin: 15px 0;' src='https:\/\/ftp3.syscom.mx\/usuarios\/fotos\/YCMCLOUDEPEXT\/211095-captura_de_pantalla_2022-08-26_a_la(s)_10.10.03.png' alt=''> <\/p>\n<p style='font-size: 15px; color: inherit; text-align: justify; margin-top: 15px; margin-bottom: 15px;'>Para crear una plantilla flexible&comma; solo necesita Linkus UC Clients en sus instalaciones&comma; que es f\u00e1cilmente accesible a trav\u00e9s de navegadores web&comma; el tel\u00e9fono m\u00f3vil y el ordenador de escritorio. Todas las conversaciones se sincronizar\u00e1n en varios dispositivos&comma; por lo que ya no tendr\u00e1 que preocuparse por la p\u00e9rdida de informaci\u00f3n importante. Experimente una eficiencia de siguiente nivel con presencia&comma; chat&comma; agendas telef\u00f3nicas&comma; integraci\u00f3n de CRM&comma; etc. Vaya donde vaya&comma; su oficina ir\u00e1 con usted.<\/p>\n<\/p><\/div>\n<div style='margin-bottom: 30px;'>\n<h3 style='font-size: 22px; border-bottom: 2px solid currentColor; padding-bottom: 5px; margin-top: 0; color: inherit; opacity: 0.8;'>Funcionalidades Enterprise Edition<\/h3>\n<ul style='padding-left: 20px; font-size: 15px; color: inherit;'>\n<li style='margin-bottom: 5px;'>Call Center Avanzado<\/li>\n<li style='margin-bottom: 5px;'>Mensajer\u00eda<\/li>\n<li style='margin-bottom: 5px;'>Cliente Web<\/li>\n<li style='margin-bottom: 5px;'>App M\u00f3vil<\/li>\n<li style='margin-bottom: 5px;'>Integraci\u00f3n con CRM<\/li>\n<li style='margin-bottom: 5px;'>SBC Integrado<\/li>\n<li style='margin-bottom: 5px;'>500 Min de grabaci\u00f3n<\/li>\n<li style='margin-bottom: 5px;'>Troncal SIP no incluida<\/li>\n<li style='margin-bottom: 5px;'>Panel de Conmutaci\u00f3n y m\u00e1s&#8230;<\/li>\n<\/ul>\n<p style='font-size: 15px; color: inherit; margin-top: 15px; margin-bottom: 15px;'>Aprovisione su extensi\u00f3n con App m\u00f3vil&comma; cliente Web o Tel\u00e9fono IP Fanvil o Grandstream.<\/p>\n<\/p><\/div>\n<\/p><\/div>\n","protected":false},"excerpt":{"rendered":"<p>Conmutador Cloud Yeastar, 10 extensiones anuales, Gateway FXO para troncal analoga<\/p>\n","protected":false},"featured_media":86457,"comment_status":"open","ping_status":"closed","template":"","meta":[],"product_brand":[],"product_cat":[2028],"product_tag":[2029,2004,2145],"class_list":{"0":"post-86458","1":"product","2":"type-product","3":"status-publish","4":"has-post-thumbnail","6":"product_cat-conmutadores-ip","7":"product_tag-conmutadores-ip","8":"product_tag-voip-telefonia-ip-videoconferencia","9":"product_tag-yeastar","11":"first","12":"instock","13":"sale","14":"shipping-taxable","15":"purchasable","16":"product-type-simple"},"_links":{"self":[{"href":"https:\/\/soydeaqui.ddns.net\/pachuca\/index.php\/wp-json\/wp\/v2\/product\/86458","targetHints":{"allow":["GET"]}}],"collection":[{"href":"https:\/\/soydeaqui.ddns.net\/pachuca\/index.php\/wp-json\/wp\/v2\/product"}],"about":[{"href":"https:\/\/soydeaqui.ddns.net\/pachuca\/index.php\/wp-json\/wp\/v2\/types\/product"}],"replies":[{"embeddable":true,"href":"https:\/\/soydeaqui.ddns.net\/pachuca\/index.php\/wp-json\/wp\/v2\/comments?post=86458"}],"wp:featuredmedia":[{"embeddable":true,"href":"https:\/\/soydeaqui.ddns.net\/pachuca\/index.php\/wp-json\/wp\/v2\/media\/86457"}],"wp:attachment":[{"href":"https:\/\/soydeaqui.ddns.net\/pachuca\/index.php\/wp-json\/wp\/v2\/media?parent=86458"}],"wp:term":[{"taxonomy":"product_brand","embeddable":true,"href":"https:\/\/soydeaqui.ddns.net\/pachuca\/index.php\/wp-json\/wp\/v2\/product_brand?post=86458"},{"taxonomy":"product_cat","embeddable":true,"href":"https:\/\/soydeaqui.ddns.net\/pachuca\/index.php\/wp-json\/wp\/v2\/product_cat?post=86458"},{"taxonomy":"product_tag","embeddable":true,"href":"https:\/\/soydeaqui.ddns.net\/pachuca\/index.php\/wp-json\/wp\/v2\/product_tag?post=86458"}],"curies":[{"name":"wp","href":"https:\/\/api.w.org\/{rel}","templated":true}]}}