{"id":86454,"date":"2026-03-19T22:23:18","date_gmt":"2026-03-19T22:23:18","guid":{"rendered":"https:\/\/soydeaqui.ddns.net\/pachuca\/index.php\/producto\/ufiber-modulo-sfp-transceptor-minigibic-monomodo-1-25-gbps-distancia-3km-simplex-un-conector-lc-incluye-2-tranceptores\/"},"modified":"2026-03-19T22:23:25","modified_gmt":"2026-03-19T22:23:25","slug":"ufiber-modulo-sfp-transceptor-minigibic-monomodo-1-25-gbps-distancia-3km-simplex-un-conector-lc-incluye-2-tranceptores","status":"publish","type":"product","link":"https:\/\/soydeaqui.ddns.net\/pachuca\/index.php\/producto\/ufiber-modulo-sfp-transceptor-minigibic-monomodo-1-25-gbps-distancia-3km-simplex-un-conector-lc-incluye-2-tranceptores\/","title":{"rendered":"UFiber M\u00f3dulo SFP, transceptor MiniGibic MonoModo 1.25 Gbps, distancia 3km, Simplex, un conector LC, incluye 2 tranceptores"},"content":{"rendered":"<div style='width: 100%; max-width: 1200px; margin: 0 auto; font-family: sans-serif; line-height: 1.6; color: inherit; background-color: transparent;'> <!-- Descripci\u00f3n principal --> <\/p>\n<div style='margin-bottom: 30px;'>\n<p style='font-size: 15px; color: inherit; margin: 0 0 15px;'>El m\u00f3dulo \u00f3ptico monomodo bidireccional de 1 Gbps es un transceptor s\u00edmplex (un hilo) que ofrece una velocidad de hasta 1&comma;25 Gbps en distancias de hasta 3 kil\u00f3metros.<\/p>\n<\/p><\/div>\n<p> <!-- Secci\u00f3n de imagen y t\u00edtulo --> <\/p>\n<div style='display: flex; flex-wrap: wrap; gap: 30px; align-items: center; margin-bottom: 30px;'>\n<div style='flex: 1 1 200px; min-width: 180px;'> <img style='width: 100%; height: auto; border: 1px solid rgba(150&comma;150&comma;150&comma;0.3); border-radius: 8px;' src='https:\/\/images.svc.ui.com\/?u=https%3A%2F%2Fcdn.ecomm.ui.com%2Fproducts%2F74a1625f-d63b-49c9-ae81-f0dcc302c89c%2F8738ba93-8c10-4672-921c-3a4878471854.png&#038;q=75&#038;w=3840' alt=''> <\/div>\n<div style='flex: 2 1 300px; min-width: 280px;'>\n<h2 style='font-size: 20px; margin-top: 0; margin-bottom: 10px; color: inherit; opacity: 0.8;'>M\u00f3dulo \u00f3ptico monomodo bidireccional de 1 Gbps<\/h2>\n<p style='font-size: 14px; color: inherit; opacity: 0.6; margin: 0 0 15px;'>UACC-OM-SM-1G-S-2<\/p>\n<\/p><\/div>\n<\/p><\/div>\n<p> <!-- Caracter\u00edsticas principales --> <\/p>\n<div style='display: flex; flex-wrap: wrap; gap: 20px; margin-bottom: 30px;'>\n<div style='flex: 1 1 300px; min-width: 280px;'>\n<h3 style='font-size: 18px; border-bottom: 2px solid currentColor; padding-bottom: 5px; margin-top: 0; color: inherit; opacity: 0.8;'>Caracter\u00edsticas<\/h3>\n<ul style='padding-left: 20px; font-size: 15px; color: inherit;'>\n<li style='margin-bottom: 5px; display: flex; align-items: center;'> <svg style='width: 20px; height: 20px; margin-right: 8px; flex-shrink: 0;' viewBox='0 0 20 20' fill='none' xmlns='http:\/\/www.w3.org\/2000\/svg'> <path d='M10 0C4.48 0 0 4.48 0 10C0 15.52 4.48 20 10 20C15.52 20 20 15.52 20 10C20 4.48 15.52 0 10 0ZM10 18C5.58 18 2 14.42 2 10C2 5.58 5.58 2 10 2C14.42 2 18 5.58 18 10C18 14.42 14.42 18 10 18Z' fill='currentColor'\/> <path d='M10 5C7.24 5 5 7.24 5 10C5 12.76 7.24 15 10 15C12.76 15 15 12.76 15 10C15 7.24 12.76 5 10 5Z' fill='currentColor'\/> <\/svg> Rendimiento de 1&comma;25 Gbps<\/li>\n<li style='margin-bottom: 5px; display: flex; align-items: center;'> <svg style='width: 20px; height: 20px; margin-right: 8px; flex-shrink: 0;' viewBox='0 0 20 20' fill='none' xmlns='http:\/\/www.w3.org\/2000\/svg'> <path d='M10 0C4.48 0 0 4.48 0 10C0 15.52 4.48 20 10 20C15.52 20 20 15.52 20 10C20 4.48 15.52 0 10 0ZM10 18C5.58 18 2 14.42 2 10C2 5.58 5.58 2 10 2C14.42 2 18 5.58 18 10C18 14.42 14.42 18 10 18Z' fill='currentColor'\/> <path d='M10 5C7.24 5 5 7.24 5 10C5 12.76 7.24 15 10 15C12.76 15 15 12.76 15 10C15 7.24 7 5 10 5Z' fill='currentColor'\/> <\/svg> Conector LC s\u00edmplex<\/li>\n<li style='margin-bottom: 5px; display: flex; align-items: center;'> <svg style='width: 20px; height: 20px; margin-right: 8px; flex-shrink: 0;' viewBox='0 0 20 20' fill='none' xmlns='http:\/\/www.w3.org\/2000\/svg'> <path d='M10 0C4.48 0 0 4.48 0 10C0 15.52 4.48 20 10 20C15.52 20 20 15.52 20 10C20 4.48 15.52 0 10 0ZM10 18C5.58 18 2 14.42 2 10C2 5.58 5.58 2 10 2C14.42 2 18 5.58 18 10C18 14.42 14.42 18 10 18Z' fill='currentColor'\/> <path d='M10 5C7.24 5 5 7.24 5 10C5 12.76 7.24 15 10 15C12.76 15 15 12.76 15 10C15 7.24 12.76 5 10 5ZM10 13C8.34 13 7 11.66 7 10C7 8.34 8.34 7 10 7C11.66 7 13 8.34 13 10C13 11.66 11.66 13 10 13Z' fill='currentColor'\/> <\/svg> Admite conexiones de hasta 3 km<\/li>\n<\/ul><\/div>\n<\/p><\/div>\n<p> <!-- Especificaciones --> <\/p>\n<div style='display: flex; flex-wrap: wrap; gap: 20px; margin-bottom: 30px;'>\n<div style='flex: 1 1 300px; min-width: 280px;'>\n<h3 style='font-size: 18px; border-bottom: 2px solid currentColor; padding-bottom: 5px; margin-top: 0; color: inherit; opacity: 0.8;'>Especificaciones<\/h3>\n<ul style='padding-left: 20px; font-size: 15px; color: inherit;'>\n<li style='margin-bottom: 5px;'><strong>Medios compatibles:<\/strong> Fibra monomodo<\/li>\n<li style='margin-bottom: 5px;'><strong>Tipo de conector:<\/strong> (1) LC<\/li>\n<li style='margin-bottom: 5px;'><strong>BiDireccional:<\/strong> S\u00ed<\/li>\n<li style='margin-bottom: 5px;'><strong>Longitud de onda TX:<\/strong> Pestillo azul: 1310 nm \/ Pestillo amarillo: 1550 nm<\/li>\n<li style='margin-bottom: 5px;'><strong>Longitud de onda RX:<\/strong> Pestillo azul: 1550 nm \/ Pestillo amarillo: 1310 nm<\/li>\n<li style='margin-bottom: 5px;'><strong>Velocidad de datos:<\/strong> 1&comma;25 Gbps<\/li>\n<li style='margin-bottom: 5px;'><strong>M\u00e1x. consumo de energ\u00eda:<\/strong> 0.66W<\/li>\n<li style='margin-bottom: 5px;'><strong>Distancia:<\/strong> hasta 3 kil\u00f3metros<\/li>\n<li style='margin-bottom: 5px;'><strong>Temperatura de funcionamiento:<\/strong> 0 a 70 \u00b0C (32 a 158 \u00b0F)<\/li>\n<li style='margin-bottom: 5px;'><strong>Incluye:<\/strong> paquete de 2 tranceptores<\/li>\n<\/ul><\/div>\n<\/p><\/div>\n<p> <!-- Advertencia --> <\/p>\n<div style='margin-top: 30px; padding: 20px; border-left: 3px solid rgba(255&comma; 0&comma; 0&comma; 0.6); background-color: rgba(255&comma; 0&comma; 0&comma; 0.05);'>\n<p style='margin: 0; font-size: 14px; color: inherit;'> <strong>ADVERTENCIA:<\/strong> PRODUCTO L\u00c1SER DE CLASE 1&comma; IEC\/EN 60825-1:2014: no mire los extremos del cable de fibra \u00f3ptica o el m\u00f3dulo SFP mientras los convertidores est\u00e1n encendidos. <\/p>\n<\/p><\/div>\n<p> <!-- Nota --> <\/p>\n<div style='margin-top: 20px;'>\n<p style='font-size: 14px; color: inherit; opacity: 0.7; margin: 0;'> *Debe usarse en pares (pestillo azul y pestillo amarillo) <\/p>\n<\/p><\/div>\n<\/p><\/div>\n","protected":false},"excerpt":{"rendered":"<p>UFiber M\u00f3dulo SFP, transceptor MiniGibic MonoModo 1.25 Gbps, distancia 3km, Simplex, un conector LC, incluye 2 tranceptores<\/p>\n","protected":false},"featured_media":86453,"comment_status":"open","ping_status":"closed","template":"","meta":[],"product_brand":[],"product_cat":[663],"product_tag":[664,665,166],"class_list":{"0":"post-86454","1":"product","2":"type-product","3":"status-publish","4":"has-post-thumbnail","6":"product_cat-transceptores-de-fibra","7":"product_tag-networking","8":"product_tag-transceptores-de-fibra","9":"product_tag-ubiquiti","11":"first","12":"instock","13":"sale","14":"shipping-taxable","15":"purchasable","16":"product-type-simple"},"_links":{"self":[{"href":"https:\/\/soydeaqui.ddns.net\/pachuca\/index.php\/wp-json\/wp\/v2\/product\/86454","targetHints":{"allow":["GET"]}}],"collection":[{"href":"https:\/\/soydeaqui.ddns.net\/pachuca\/index.php\/wp-json\/wp\/v2\/product"}],"about":[{"href":"https:\/\/soydeaqui.ddns.net\/pachuca\/index.php\/wp-json\/wp\/v2\/types\/product"}],"replies":[{"embeddable":true,"href":"https:\/\/soydeaqui.ddns.net\/pachuca\/index.php\/wp-json\/wp\/v2\/comments?post=86454"}],"wp:featuredmedia":[{"embeddable":true,"href":"https:\/\/soydeaqui.ddns.net\/pachuca\/index.php\/wp-json\/wp\/v2\/media\/86453"}],"wp:attachment":[{"href":"https:\/\/soydeaqui.ddns.net\/pachuca\/index.php\/wp-json\/wp\/v2\/media?parent=86454"}],"wp:term":[{"taxonomy":"product_brand","embeddable":true,"href":"https:\/\/soydeaqui.ddns.net\/pachuca\/index.php\/wp-json\/wp\/v2\/product_brand?post=86454"},{"taxonomy":"product_cat","embeddable":true,"href":"https:\/\/soydeaqui.ddns.net\/pachuca\/index.php\/wp-json\/wp\/v2\/product_cat?post=86454"},{"taxonomy":"product_tag","embeddable":true,"href":"https:\/\/soydeaqui.ddns.net\/pachuca\/index.php\/wp-json\/wp\/v2\/product_tag?post=86454"}],"curies":[{"name":"wp","href":"https:\/\/api.w.org\/{rel}","templated":true}]}}