{"id":86409,"date":"2026-03-19T22:21:17","date_gmt":"2026-03-19T22:21:17","guid":{"rendered":"https:\/\/soydeaqui.ddns.net\/pachuca\/index.php\/producto\/blueparrott-m300-xtse-2-microfonos-con-cancelacion-de-ruido-del-80-bluetooth-ultra-ligero-para-ambientes-ruidosos-204440\/"},"modified":"2026-03-19T22:21:30","modified_gmt":"2026-03-19T22:21:30","slug":"blueparrott-m300-xtse-2-microfonos-con-cancelacion-de-ruido-del-80-bluetooth-ultra-ligero-para-ambientes-ruidosos-204440","status":"publish","type":"product","link":"https:\/\/soydeaqui.ddns.net\/pachuca\/index.php\/producto\/blueparrott-m300-xtse-2-microfonos-con-cancelacion-de-ruido-del-80-bluetooth-ultra-ligero-para-ambientes-ruidosos-204440\/","title":{"rendered":"BlueParrott M300-XTSE , 2 micr\u00f3fonos con cancelaci\u00f3n de ruido del 80%, Bluetooth, ultra ligero para ambientes ruidosos (204440)."},"content":{"rendered":"<div style='width: 100%; max-width: 1200px; margin: 0 auto; font-family: sans-serif; line-height: 1.6; color: inherit; background-color: transparent;'> <!-- Videos --> <\/p>\n<div style='display: flex; flex-wrap: wrap; gap: 30px; margin-bottom: 30px;'>\n<div style='flex: 1 1 45%; min-width: 300px;'>\n<div style='position: relative; padding-bottom: 56.25%; height: 0; overflow: hidden; margin-bottom: 30px;'>   <\/div>\n<\/p><\/div>\n<div style='flex: 1 1 45%; min-width: 300px;'>\n<div style='position: relative; padding-bottom: 56.25%; height: 0; overflow: hidden; margin-bottom: 30px;'>   <\/div>\n<\/p><\/div>\n<\/p><\/div>\n<p> <!-- Imagen y t\u00edtulo --> <\/p>\n<div style='display: flex; flex-wrap: wrap; gap: 30px; margin-bottom: 30px;'>\n<div style='flex: 1 1 45%; min-width: 280px;'> <img style='width: 100%; height: auto; border: 1px solid rgba(150&comma;150&comma;150&comma;0.3); border-radius: 8px;' src='https:\/\/ftp3.syscom.mx\/usuarios\/fotos\/M300XT\/207050-captura_de_pantalla_2022-04-19_a_la(s)_10.13.08.png' alt=''> <\/div>\n<div style='flex: 1 1 45%; min-width: 280px;'>\n<h3 style='font-size: 22px; border-bottom: 2px solid currentColor; padding-bottom: 5px; margin-top: 0; color: inherit; opacity: 0.8;'>M300 XT<\/h3>\n<h4 style='font-size: 18px; color: inherit; margin-top: 10px;'>Auriculares Bluetooth ultraligeros con cancelaci\u00f3n de ruido.<\/h4>\n<\/p><\/div>\n<\/p><\/div>\n<p> <!-- Cancelaci\u00f3n de ruido --> <\/p>\n<div style='display: flex; flex-wrap: wrap; gap: 30px; margin-bottom: 30px;'>\n<div style='flex: 1 1 45%; min-width: 280px;'>\n<h3 style='font-size: 20px; color: inherit; margin-top: 0;'>2 MICR\u00d3FONOS CON CANCELACI\u00d3N DE RUIDO<\/h3>\n<p>Olv\u00eddese del ruido de fondo cuando se comunica sobre la marcha.<\/p>\n<p>Con dos micr\u00f3fonos con cancelaci\u00f3n de ruido&comma; el M300-XT cancela el 80 % del ruido de fondo de su extremo de la llamada&comma; brindando una calidad excepcional que lo mantiene alto y claro.<\/p>\n<p>Suena genial&comma; donde sea que te lleve el d\u00eda.<\/p>\n<\/p><\/div>\n<div style='flex: 1 1 45%; min-width: 280px;'> <img style='width: 100%; height: auto; border: 1px solid rgba(150&comma;150&comma;150&comma;0.3); border-radius: 8px;' src='https:\/\/ftp3.syscom.mx\/usuarios\/fotos\/M300XT\/207050-captura_de_pantalla_2022-04-19_a_la(s)_10.26.02.png' alt=''> <\/div>\n<\/p><\/div>\n<p> <!-- Funcionalidades --> <\/p>\n<div style='text-align: center; margin: 30px 0;'>\n<h2 style='font-size: 24px; color: inherit; margin-bottom: 10px;'><strong>Funcionalidades<\/strong><\/h2>\n<h3 style='font-size: 20px; color: inherit; margin-bottom: 20px;'><span style='color: #2880b9;'>Cancelaci\u00f3n de ruido l\u00edder en la industria<\/span><\/h3>\n<p style='font-size: 15px; color: inherit; margin: 0 auto; max-width: 800px;'>Bloquea el 80 % del ruido de fondo.* Conc\u00e9ntrese en sus llamadas&comma; direcciones de GPS o m\u00fasica&comma; independientemente del ruido a su alrededor.<\/p>\n<\/p><\/div>\n<p> <!-- Tres secciones con im\u00e1genes --> <\/p>\n<div style='display: flex; flex-wrap: wrap; gap: 30px; margin-bottom: 30px;'> <!-- Mant\u00e9n conectado --> <\/p>\n<div style='flex: 1 1 calc(33.333% - 20px); min-width: 280px;'> <img style='width: 100%; height: auto; border: 1px solid rgba(150&comma;150&comma;150&comma;0.3); border-radius: 8px;' src='https:\/\/ftp3.syscom.mx\/usuarios\/fotos\/M300XT\/207050-captura_de_pantalla_2022-04-19_a_la(s)_10.31.29.png' alt=''> <\/p>\n<div style='border-top: 5px solid #1080c4; padding: 15px; margin-top: 10px;'>\n<h3 style='font-size: 18px; color: inherit; text-align: center; margin: 10px 0;'>Mantente conectado todo el d\u00eda<\/h3>\n<p style='font-size: 15px; color: inherit;'>Cuando pasa la mayor parte del d\u00eda trabajando sobre la marcha y necesita estar conectado todo el d\u00eda&comma; necesita saber que la bater\u00eda de sus auriculares no le fallar\u00e1.<\/p>\n<\/p><\/div>\n<\/p><\/div>\n<p> <!-- Ultrapeque\u00f1o --> <\/p>\n<div style='flex: 1 1 calc(33.333% - 20px); min-width: 280px;'> <img style='width: 100%; height: auto; border: 1px solid rgba(150&comma;150&comma;150&comma;0.3); border-radius: 8px;' src='https:\/\/ftp3.syscom.mx\/usuarios\/fotos\/M300XT\/207050-captura_de_pantalla_2022-04-19_a_la(s)_10.44.26.png' alt=''> <\/p>\n<div style='border-top: 5px solid #1080c4; padding: 15px; margin-top: 10px;'>\n<h3 style='font-size: 18px; color: inherit; text-align: center; margin: 10px 0;'>ULTRAPEQUE\u00d1O&comma; ULTRALIGERO<\/h3>\n<p style='font-size: 15px; color: inherit;'>Clase de peso pluma. Rendimiento de peso pesado.<\/p>\n<p style='font-size: 15px; color: inherit;'>Hemos hecho todo lo posible para que el M300-XT sea nuestro auricular BlueParrott m\u00e1s peque\u00f1o y liviano.<\/p>\n<p style='font-size: 15px; color: inherit;'>Con un peso de solo 0&comma;7 oz \/ 20 g&comma; es tan peque\u00f1o y liviano que incluso podr\u00eda olvidar que est\u00e1 ah\u00ed. Tambi\u00e9n puedes elegir en qu\u00e9 oreja llevarlo con nuestro dise\u00f1o f\u00e1cilmente reversible. Pero no se deje enga\u00f1ar por su tama\u00f1o discreto: el M300-XT tiene un conjunto de funciones de peso pesado que mantendr\u00e1 su d\u00eda funcionando sin problemas de principio a fin.<\/p>\n<p style='font-size: 15px; color: inherit;'>Puede ser peque\u00f1o y \u00e1gil&comma; pero tiene un gran impacto.<\/p>\n<\/p><\/div>\n<\/p><\/div>\n<p> <!-- Alcance inal\u00e1mbrico --> <\/p>\n<div style='flex: 1 1 calc(33.333% - 20px); min-width: 280px;'> <img style='width: 100%; height: auto; border: 1px solid rgba(150&comma;150&comma;150&comma;0.3); border-radius: 8px;' src='https:\/\/ftp3.syscom.mx\/usuarios\/fotos\/M300XT\/207050-captura_de_pantalla_2022-04-19_a_la(s)_10.46.19.png' alt=''> <\/p>\n<div style='border-top: 5px solid #1080c4; padding: 15px; margin-top: 10px;'>\n<h3 style='font-size: 18px; color: inherit; text-align: center; margin: 10px 0;'>ALCANCE INAL\u00c1MBRICO<\/h3>\n<p style='font-size: 15px; color: inherit;'>No rompas tu paso<\/p>\n<p style='font-size: 15px; color: inherit;'>\u00bfEst\u00e1s entregando un paquete y no quieres llevar tu tel\u00e9fono contigo? Cuando su auricular tiene un alcance inal\u00e1mbrico de 300 pies\/100 metros&comma; no tiene que hacerlo.<\/p>\n<p style='font-size: 15px; color: inherit;'>Con M300-XT&comma; puede dejar su tel\u00e9fono en su veh\u00edculo y estar seguro de que su conexi\u00f3n se mantendr\u00e1. Eso le da libertad para continuar con su trabajo&comma; sin tener que llevar su tel\u00e9fono o tableta a donde quiera que vaya.<\/p>\n<p style='font-size: 15px; color: inherit;'>Libertad inal\u00e1mbrica que te mantiene en movimiento.<\/p>\n<\/p><\/div>\n<\/p><\/div>\n<\/p><\/div>\n<p> <!-- Separador --> <\/p>\n<hr style='border: 0; border-top: 1px solid rgba(150&comma; 150&comma; 150&comma; 0.3); margin: 30px 0;'> <!-- Especificaciones --> <\/p>\n<h2 style='font-size: 22px; color: inherit; margin-top: 30px; margin-bottom: 20px;'>Especificaciones<\/h2>\n<div style='display: flex; flex-wrap: wrap; gap: 20px; margin-bottom: 30px;'> <!-- Audio --> <\/p>\n<div style='flex: 1 1 calc(33.333% - 13px); min-width: 280px;'>\n<div style='border: 1px solid rgba(150&comma; 150&comma; 150&comma; 0.4); border-radius: 8px; overflow: hidden; display: flex; flex-direction: column;'>\n<div style='padding: 15px; border-bottom: 1px solid rgba(150&comma; 150&comma; 150&comma; 0.2); font-weight: bold; font-size: 18px; color: inherit;'>Audio<\/div>\n<div style='padding: 15px; color: inherit;'>\n<ul style='padding-left: 20px; margin: 0; font-size: 14px; list-style-type: disc;'>\n<li style='margin-bottom: 5px;'>Reducci\u00f3n de ruido en llamadas: S\u00ed<\/li>\n<li style='margin-bottom: 5px;'>Tama\u00f1o del altavoz: 10&comma;3 mm | 0.41in<\/li>\n<li style='margin-bottom: 5px;'>Potencia m\u00e1xima de entrada del altavoz: 5 mW<\/li>\n<li style='margin-bottom: 5px;'>Rango de frecuencia del altavoz: 20Hz &#8211; 20kHz<\/li>\n<li style='margin-bottom: 5px;'>Impedancia del altavoz: 32 \u03a9<\/li>\n<li style='margin-bottom: 5px;'>C\u00f3decs de audio compatibles: SBC<\/li>\n<li style='margin-bottom: 5px;'>tipo de micr\u00f3fono: 2 MEMS<\/li>\n<li style='margin-bottom: 5px;'>Sensibilidad del micr\u00f3fono: -42\u00b11dB\u00ef\u00bc\u02c60dB=1V\/Pa&comma; a 1KHz)<\/li>\n<li style='margin-bottom: 5px;'>Certificaciones y cumplimiento: FCC&comma; ISED&comma; CE&comma; RoHS&comma; REACH&comma; Proposici\u00f3n 65<\/li>\n<\/ul><\/div>\n<\/p><\/div>\n<\/p><\/div>\n<p> <!-- Facilidad de uso --> <\/p>\n<div style='flex: 1 1 calc(33.333% - 13px); min-width: 280px;'>\n<div style='border: 1px solid rgba(150&comma; 150&comma; 150&comma; 0.4); border-radius: 8px; overflow: hidden; display: flex; flex-direction: column;'>\n<div style='padding: 15px; border-bottom: 1px solid rgba(150&comma; 150&comma; 150&comma; 0.2); font-weight: bold; font-size: 18px; color: inherit;'>Facilidad de uso<\/div>\n<div style='padding: 15px; color: inherit;'>\n<ul style='padding-left: 20px; margin: 0; font-size: 14px; list-style-type: disc;'>\n<li style='margin-bottom: 5px;'>Factor de forma de los auriculares: BT Mono<\/li>\n<li style='margin-bottom: 5px;'>EarGels: Grande&comma; mediano&comma; peque\u00f1o<\/li>\n<\/ul><\/div>\n<\/p><\/div>\n<\/p><\/div>\n<p> <!-- Bater\u00eda --> <\/p>\n<div style='flex: 1 1 calc(33.333% - 13px); min-width: 280px;'>\n<div style='border: 1px solid rgba(150&comma; 150&comma; 150&comma; 0.4); border-radius: 8px; overflow: hidden; display: flex; flex-direction: column;'>\n<div style='padding: 15px; border-bottom: 1px solid rgba(150&comma; 150&comma; 150&comma; 0.2); font-weight: bold; font-size: 18px; color: inherit;'>Bater\u00eda<\/div>\n<div style='padding: 15px; color: inherit;'>\n<ul style='padding-left: 20px; margin: 0; font-size: 14px; list-style-type: disc;'>\n<li style='margin-bottom: 5px;'>Tiempo de conversaci\u00f3n: hasta 14 horas<\/li>\n<li style='margin-bottom: 5px;'>Carga con cable (depende del cable): USB-C<\/li>\n<li style='margin-bottom: 5px;'>Tiempo de carga: Hasta 150 minutos<\/li>\n<li style='margin-bottom: 5px;'>Tiempo de espera: Hasta 420 horas<\/li>\n<li style='margin-bottom: 5px;'>Tipo de Bater\u00eda: Bater\u00eda recargable de iones de litio<\/li>\n<\/ul><\/div>\n<\/p><\/div>\n<\/p><\/div>\n<\/p><\/div>\n<div style='display: flex; flex-wrap: wrap; gap: 20px; margin-bottom: 30px;'> <!-- Conectividad --> <\/p>\n<div style='flex: 1 1 calc(33.333% - 13px); min-width: 280px;'>\n<div style='border: 1px solid rgba(150&comma; 150&comma; 150&comma; 0.4); border-radius: 8px; overflow: hidden; display: flex; flex-direction: column;'>\n<div style='padding: 15px; border-bottom: 1px solid rgba(150&comma; 150&comma; 150&comma; 0.2); font-weight: bold; font-size: 18px; color: inherit;'>Conectividad<\/div>\n<div style='padding: 15px; color: inherit;'>\n<ul style='padding-left: 20px; margin: 0; font-size: 14px; list-style-type: disc;'>\n<li style='margin-bottom: 5px;'>Conectividad: Bluetooth\u00ae<\/li>\n<li style='margin-bottom: 5px;'>Perfiles de Bluetooth: A2DP v1.3&comma; AVRCP v1.6&comma; HFP v1.7&comma; HSP v1.2<\/li>\n<li style='margin-bottom: 5px;'>Versi\u00f3n Bluetooth: 5.1<\/li>\n<li style='margin-bottom: 5px;'>Rango de operaci\u00f3n: Hasta 100m | 300 pies<\/li>\n<li style='margin-bottom: 5px;'>Lista de emparejamiento de Bluetooth: Hasta 8 dispositivos<\/li>\n<li style='margin-bottom: 5px;'>Conexiones Bluetooth simult\u00e1neas: 2<\/li>\n<\/ul><\/div>\n<\/p><\/div>\n<\/p><\/div>\n<p> <!-- General --> <\/p>\n<div style='flex: 1 1 calc(33.333% - 13px); min-width: 280px;'>\n<div style='border: 1px solid rgba(150&comma; 150&comma; 150&comma; 0.4); border-radius: 8px; overflow: hidden; display: flex; flex-direction: column;'>\n<div style='padding: 15px; border-bottom: 1px solid rgba(150&comma; 150&comma; 150&comma; 0.2); font-weight: bold; font-size: 18px; color: inherit;'>General<\/div>\n<div style='padding: 15px; color: inherit;'>\n<ul style='padding-left: 20px; margin: 0; font-size: 14px; list-style-type: disc;'>\n<li style='margin-bottom: 5px;'>Dimensiones del embalaje (An. x Al. x Pr.): 41&comma;5 mm x 175 mm x 131 mm | 1.63in x 6.89in x 5.16in<\/li>\n<li style='margin-bottom: 5px;'>Dimensiones de la unidad principal (An. x Al. x Pr.): 110&comma;7 mm x 61 mm x 25&comma;4 mm | 4.36in x 2.4in x 1in<\/li>\n<li style='margin-bottom: 5px;'>Peso: 20g | 0.7oz<\/li>\n<li style='margin-bottom: 5px;'>Longitud del cable USB: 1&comma;2 m | 3&comma;9 pies<\/li>\n<li style='margin-bottom: 5px;'>Clasificaci\u00f3n del IP: IP54<\/li>\n<li style='margin-bottom: 5px;'>Garant\u00eda: 1 a\u00f1o<\/li>\n<li style='margin-bottom: 5px;'>Temperatura de funcionamiento: -10 \u00b0C a 60 \u00b0C (14 \u00b0F a 140 \u00b0F)<\/li>\n<li style='margin-bottom: 5px;'>Temperatura de almacenamiento: -10 \u00b0C a 45 \u00b0C (14 \u00b0F a 113 \u00b0F)<\/li>\n<\/ul><\/div>\n<\/p><\/div>\n<\/p><\/div>\n<p> <!-- Contenido del paquete --> <\/p>\n<div style='flex: 1 1 calc(33.333% - 13px); min-width: 280px;'>\n<div style='border: 1px solid rgba(150&comma; 150&comma; 150&comma; 0.4); border-radius: 8px; overflow: hidden; display: flex; flex-direction: column;'>\n<div style='padding: 15px; border-bottom: 1px solid rgba(150&comma; 150&comma; 150&comma; 0.2); font-weight: bold; font-size: 18px; color: inherit;'>Que incluye el paquete<\/div>\n<div style='padding: 15px; color: inherit;'>\n<ul style='padding-left: 20px; margin: 0; font-size: 14px; list-style-type: disc;'>\n<li style='margin-bottom: 5px;'>EarGels&comma; auriculares&comma; documentos de usuario&comma; cable USB<\/li>\n<\/ul><\/div>\n<\/p><\/div>\n<\/p><\/div>\n<\/p><\/div>\n<\/p><\/div>\n","protected":false},"excerpt":{"rendered":"<p>BlueParrott M300-XTSE , 2 micr\u00f3fonos con cancelaci\u00f3n de ruido del 80%, Bluetooth, ultra ligero para ambientes ruidosos (204440).<\/p>\n","protected":false},"featured_media":86408,"comment_status":"open","ping_status":"closed","template":"","meta":[],"product_brand":[],"product_cat":[2050],"product_tag":[2051,2201,2004],"class_list":{"0":"post-86409","1":"product","2":"type-product","3":"status-publish","4":"has-post-thumbnail","6":"product_cat-auriculares","7":"product_tag-auriculares","8":"product_tag-blueparrott","9":"product_tag-voip-telefonia-ip-videoconferencia","11":"first","12":"outofstock","13":"sale","14":"shipping-taxable","15":"purchasable","16":"product-type-simple"},"_links":{"self":[{"href":"https:\/\/soydeaqui.ddns.net\/pachuca\/index.php\/wp-json\/wp\/v2\/product\/86409","targetHints":{"allow":["GET"]}}],"collection":[{"href":"https:\/\/soydeaqui.ddns.net\/pachuca\/index.php\/wp-json\/wp\/v2\/product"}],"about":[{"href":"https:\/\/soydeaqui.ddns.net\/pachuca\/index.php\/wp-json\/wp\/v2\/types\/product"}],"replies":[{"embeddable":true,"href":"https:\/\/soydeaqui.ddns.net\/pachuca\/index.php\/wp-json\/wp\/v2\/comments?post=86409"}],"wp:featuredmedia":[{"embeddable":true,"href":"https:\/\/soydeaqui.ddns.net\/pachuca\/index.php\/wp-json\/wp\/v2\/media\/86408"}],"wp:attachment":[{"href":"https:\/\/soydeaqui.ddns.net\/pachuca\/index.php\/wp-json\/wp\/v2\/media?parent=86409"}],"wp:term":[{"taxonomy":"product_brand","embeddable":true,"href":"https:\/\/soydeaqui.ddns.net\/pachuca\/index.php\/wp-json\/wp\/v2\/product_brand?post=86409"},{"taxonomy":"product_cat","embeddable":true,"href":"https:\/\/soydeaqui.ddns.net\/pachuca\/index.php\/wp-json\/wp\/v2\/product_cat?post=86409"},{"taxonomy":"product_tag","embeddable":true,"href":"https:\/\/soydeaqui.ddns.net\/pachuca\/index.php\/wp-json\/wp\/v2\/product_tag?post=86409"}],"curies":[{"name":"wp","href":"https:\/\/api.w.org\/{rel}","templated":true}]}}