{"id":86399,"date":"2026-03-19T22:20:51","date_gmt":"2026-03-19T22:20:51","guid":{"rendered":"https:\/\/soydeaqui.ddns.net\/pachuca\/index.php\/producto\/firewall-administrado-en-la-nube-hasta-2000-usuarios-seguridad-basada-en-ai-capacidad-expansible-de-hasta-3-gbps-defensa-ddos-antivirus-y-gestion-por-politicas-inteligentes\/"},"modified":"2026-03-19T22:21:03","modified_gmt":"2026-03-19T22:21:03","slug":"firewall-administrado-en-la-nube-hasta-2000-usuarios-seguridad-basada-en-ai-capacidad-expansible-de-hasta-3-gbps-defensa-ddos-antivirus-y-gestion-por-politicas-inteligentes","status":"publish","type":"product","link":"https:\/\/soydeaqui.ddns.net\/pachuca\/index.php\/producto\/firewall-administrado-en-la-nube-hasta-2000-usuarios-seguridad-basada-en-ai-capacidad-expansible-de-hasta-3-gbps-defensa-ddos-antivirus-y-gestion-por-politicas-inteligentes\/","title":{"rendered":"Firewall Administrado en la Nube, hasta 2,000 Usuarios \/ Seguridad Basada en AI \/ Capacidad Expansible de Hasta 3 Gbps \/  Defensa DDoS, Antivirus y Gesti\u00f3n por Pol\u00edticas Inteligentes"},"content":{"rendered":"<div style='width: 100%; max-width: 1200px; margin: 0 auto; font-family: sans-serif; line-height: 1.6; color: inherit; background-color: transparent;'> <!-- Secci\u00f3n de t\u00edtulo --> <\/p>\n<div style='width: 100%; margin: 0 auto; padding: 30px 0; text-align: center;'>\n<h2 style='font-size: 28px; color: inherit; margin: 0; padding-bottom: 10px; border-bottom: 2px solid currentColor; display: inline-block;'>Funciones<\/h2>\n<\/p><\/div>\n<p> <!-- Secci\u00f3n de funciones --> <\/p>\n<div style='display: flex; flex-wrap: wrap; gap: 40px; justify-content: center; margin-bottom: 40px;'> <!-- Funciones b\u00e1sicas --> <\/p>\n<div style='flex: 1 1 300px; min-width: 280px;'>\n<div style='text-align: center; margin-bottom: 20px;'> <img style='width: 64px; height: auto; margin: 0 auto 10px; display: inline-block; border: none;' src='https:\/\/image.ruijie.com.cn\/UIA\/v4.0\/product\/aq\/RG-WALL-1600-Z5100\/RJ-img\/function1.svg' alt=''> <\/p>\n<h3 style='font-size: 22px; margin: 15px 0 10px; color: inherit; opacity: 0.8;'>Funciones b\u00e1sicas<\/h3>\n<\/p><\/div>\n<ul style='list-style: none; padding: 0; margin: 0;'>\n<li style='display: flex; justify-content: space-between; align-items: center; padding: 12px 0; border-top: 1px solid rgba(150&comma; 150&comma; 150&comma; 0.3);'> <span style='color: inherit; opacity: 0.8; font-size: 14px;'>PPPoE\/DHCP\/acceso a l\u00ednea privada<\/span> <span style='color: inherit; font-size: 14px;'>Soportado<\/span> <\/li>\n<li style='padding: 12px 0; border-top: 1px solid rgba(150&comma; 150&comma; 150&comma; 0.3);'> <strong style='color: inherit; opacity: 0.8; font-size: 14px; display: block; margin-bottom: 8px;'>Escenarios de implementaci\u00f3n<\/strong>\n<ul style='list-style: disc; padding-left: 20px; margin: 8px 0 0; color: inherit;'>\n<li style='margin: 4px 0; font-size: 14px;'>Modo de enrutamiento<\/li>\n<li style='margin: 4px 0; font-size: 14px;'>Modo transparente<\/li>\n<li style='margin: 4px 0; font-size: 14px;'>Modo fuera de ruta<\/li>\n<\/ul>\n<\/li>\n<li style='display: flex; justify-content: space-between; align-items: center; padding: 12px 0; border-top: 1px solid rgba(150&comma; 150&comma; 150&comma; 0.3);'> <span style='color: inherit; opacity: 0.8; font-size: 14px;'>Asistente de incorporaci\u00f3n r\u00e1pida<\/span> <span style='color: inherit; font-size: 14px;'>Soportado<\/span> <\/li>\n<li style='display: flex; justify-content: space-between; align-items: center; padding: 12px 0; border-top: 1px solid rgba(150&comma; 150&comma; 150&comma; 0.3);'> <span style='color: inherit; opacity: 0.8; font-size: 14px;'>Asistente de configuraci\u00f3n de pol\u00edticas de seguridad<\/span> <span style='color: inherit; font-size: 14px;'>Soportado<\/span> <\/li>\n<li style='display: flex; justify-content: space-between; align-items: center; padding: 12px 0; border-top: 1px solid rgba(150&comma; 150&comma; 150&comma; 0.3);'> <span style='color: inherit; opacity: 0.8; font-size: 14px;'>Escaneo de puertos<\/span> <span style='color: inherit; font-size: 14px;'>Soportado<\/span> <\/li>\n<li style='display: flex; justify-content: space-between; align-items: center; padding: 12px 0; border-top: 1px solid rgba(150&comma; 150&comma; 150&comma; 0.3);'> <span style='color: inherit; opacity: 0.8; font-size: 14px;'>Aprendizaje de tr\u00e1fico<\/span> <span style='color: inherit; font-size: 14px;'>Soportado<\/span> <\/li>\n<li style='display: flex; justify-content: space-between; align-items: center; padding: 12px 0; border-top: 1px solid rgba(150&comma; 150&comma; 150&comma; 0.3); border-bottom: 1px solid rgba(150&comma; 150&comma; 150&comma; 0.3);'> <span style='color: inherit; opacity: 0.8; font-size: 14px;'>Centro de diagn\u00f3stico<\/span> <span style='color: inherit; font-size: 14px;'>Soportado<\/span> <\/li>\n<\/ul><\/div>\n<p> <!-- Funciones de seguridad --> <\/p>\n<div style='flex: 1 1 300px; min-width: 280px;'>\n<div style='text-align: center; margin-bottom: 20px;'> <img style='width: 64px; height: auto; margin: 0 auto 10px; display: inline-block; border: none;' src='https:\/\/image.ruijie.com.cn\/UIA\/v4.0\/product\/aq\/RG-WALL-1600-Z5100\/RJ-img\/function2.svg' alt=''> <\/p>\n<h3 style='font-size: 22px; margin: 15px 0 10px; color: inherit; opacity: 0.8;'>Funciones de seguridad<\/h3>\n<\/p><\/div>\n<ul style='list-style: none; padding: 0; margin: 0;'>\n<li style='display: flex; justify-content: space-between; align-items: center; padding: 12px 0; border-top: 1px solid rgba(150&comma; 150&comma; 150&comma; 0.3);'> <span style='color: inherit; opacity: 0.8; font-size: 14px;'>Simulaci\u00f3n de pol\u00edticas<\/span> <span style='color: inherit; font-size: 14px;'>Soportado<\/span> <\/li>\n<li style='display: flex; justify-content: space-between; align-items: center; padding: 12px 0; border-top: 1px solid rgba(150&comma; 150&comma; 150&comma; 0.3);'> <span style='color: inherit; opacity: 0.8; font-size: 14px;'>Optimizaci\u00f3n de pol\u00edticas conflictivas<\/span> <span style='color: inherit; font-size: 14px;'>Soportado<\/span> <\/li>\n<li style='display: flex; justify-content: space-between; align-items: center; padding: 12px 0; border-top: 1px solid rgba(150&comma; 150&comma; 150&comma; 0.3);'> <span style='color: inherit; opacity: 0.8; font-size: 14px;'>Optimizaci\u00f3n de pol\u00edticas redundantes<\/span> <span style='color: inherit; font-size: 14px;'>Soportado<\/span> <\/li>\n<li style='display: flex; justify-content: space-between; align-items: center; padding: 12px 0; border-top: 1px solid rgba(150&comma; 150&comma; 150&comma; 0.3);'> <span style='color: inherit; opacity: 0.8; font-size: 14px;'>Optimizaci\u00f3n de pol\u00edticas caducadas<\/span> <span style='color: inherit; font-size: 14px;'>Soportado<\/span> <\/li>\n<li style='display: flex; justify-content: space-between; align-items: center; padding: 12px 0; border-top: 1px solid rgba(150&comma; 150&comma; 150&comma; 0.3);'> <span style='color: inherit; opacity: 0.8; font-size: 14px;'>Gesti\u00f3n del ciclo de vida de las pol\u00edticas<\/span> <span style='color: inherit; font-size: 14px;'>Soportado<\/span> <\/li>\n<li style='display: flex; justify-content: space-between; align-items: center; padding: 12px 0; border-top: 1px solid rgba(150&comma; 150&comma; 150&comma; 0.3);'> <span style='color: inherit; opacity: 0.8; font-size: 14px;'>Detecci\u00f3n y prevenci\u00f3n de intrusiones<\/span> <span style='color: inherit; font-size: 14px;'>Soportado<\/span> <\/li>\n<li style='display: flex; justify-content: space-between; align-items: center; padding: 12px 0; border-top: 1px solid rgba(150&comma; 150&comma; 150&comma; 0.3);'> <span style='color: inherit; opacity: 0.8; font-size: 14px;'>Defensa contra ataques DDoS<\/span> <span style='color: inherit; font-size: 14px;'>Soportado<\/span> <\/li>\n<li style='display: flex; justify-content: space-between; align-items: center; padding: 12px 0; border-top: 1px solid rgba(150&comma; 150&comma; 150&comma; 0.3);'> <span style='color: inherit; opacity: 0.8; font-size: 14px;'>Defensa contra ataques ARP<\/span> <span style='color: inherit; font-size: 14px;'>Soportado<\/span> <\/li>\n<li style='display: flex; justify-content: space-between; align-items: center; padding: 12px 0; border-top: 1px solid rgba(150&comma; 150&comma; 150&comma; 0.3);'> <span style='color: inherit; opacity: 0.8; font-size: 14px;'>Plantillas de protecci\u00f3n antivirus<\/span> <span style='color: inherit; font-size: 14px;'>Soportado<\/span> <\/li>\n<li style='display: flex; justify-content: space-between; align-items: center; padding: 12px 0; border-top: 1px solid rgba(150&comma; 150&comma; 150&comma; 0.3); border-bottom: 1px solid rgba(150&comma; 150&comma; 150&comma; 0.3);'> <span style='color: inherit; opacity: 0.8; font-size: 14px;'>Inteligencia de amenazas<\/span> <span style='color: inherit; font-size: 14px;'>Soportado<\/span> <\/li>\n<\/ul><\/div>\n<p> <!-- Funciones administrativas --> <\/p>\n<div style='flex: 1 1 300px; min-width: 280px;'>\n<div style='text-align: center; margin-bottom: 20px;'> <img style='width: 64px; height: auto; margin: 0 auto 10px; display: inline-block; border: none;' src='https:\/\/image.ruijie.com.cn\/UIA\/v4.0\/product\/aq\/RG-WALL-1600-Z5100\/RJ-img\/function3.svg' alt=''> <\/p>\n<h3 style='font-size: 22px; margin: 15px 0 10px; color: inherit; opacity: 0.8;'>Funciones administrativas<\/h3>\n<\/p><\/div>\n<ul style='list-style: none; padding: 0; margin: 0;'>\n<li style='display: flex; justify-content: space-between; align-items: center; padding: 12px 0; border-top: 1px solid rgba(150&comma; 150&comma; 150&comma; 0.3);'> <span style='color: inherit; opacity: 0.8; font-size: 14px;'>Identificaci\u00f3n del servicio de juegos en l\u00ednea<\/span> <span style='color: inherit; font-size: 14px;'>Soportado<\/span> <\/li>\n<li style='display: flex; justify-content: space-between; align-items: center; padding: 12px 0; border-top: 1px solid rgba(150&comma; 150&comma; 150&comma; 0.3);'> <span style='color: inherit; opacity: 0.8; font-size: 14px;'>Identificaci\u00f3n del servicio de compras en l\u00ednea<\/span> <span style='color: inherit; font-size: 14px;'>Soportado<\/span> <\/li>\n<li style='display: flex; justify-content: space-between; align-items: center; padding: 12px 0; border-top: 1px solid rgba(150&comma; 150&comma; 150&comma; 0.3);'> <span style='color: inherit; opacity: 0.8; font-size: 14px;'>Identificaci\u00f3n de servicios financieros en Internet<\/span> <span style='color: inherit; font-size: 14px;'>Soportado<\/span> <\/li>\n<li style='display: flex; justify-content: space-between; align-items: center; padding: 12px 0; border-top: 1px solid rgba(150&comma; 150&comma; 150&comma; 0.3);'> <span style='color: inherit; opacity: 0.8; font-size: 14px;'>Identificaci\u00f3n del servicio de mensajer\u00eda instant\u00e1nea<\/span> <span style='color: inherit; font-size: 14px;'>Soportado<\/span> <\/li>\n<li style='display: flex; justify-content: space-between; align-items: center; padding: 12px 0; border-top: 1px solid rgba(150&comma; 150&comma; 150&comma; 0.3);'> <span style='color: inherit; opacity: 0.8; font-size: 14px;'>Seguridad del servicio visualizada<\/span> <span style='color: inherit; font-size: 14px;'>Soportado<\/span> <\/li>\n<li style='display: flex; justify-content: space-between; align-items: center; padding: 12px 0; border-top: 1px solid rgba(150&comma; 150&comma; 150&comma; 0.3);'> <span style='color: inherit; opacity: 0.8; font-size: 14px;'>Visualizaci\u00f3n del estado del dispositivo en la nube<\/span> <span style='color: inherit; font-size: 14px;'>Soportado<\/span> <\/li>\n<li style='display: flex; justify-content: space-between; align-items: center; padding: 12px 0; border-top: 1px solid rgba(150&comma; 150&comma; 150&comma; 0.3);'> <span style='color: inherit; opacity: 0.8; font-size: 14px;'>Entrega de pol\u00edticas en la nube<\/span> <span style='color: inherit; font-size: 14px;'>Soportado<\/span> <\/li>\n<li style='display: flex; justify-content: space-between; align-items: center; padding: 12px 0; border-top: 1px solid rgba(150&comma; 150&comma; 150&comma; 0.3);'> <span style='color: inherit; opacity: 0.8; font-size: 14px;'>An\u00e1lisis de seguridad en la nube<\/span> <span style='color: inherit; font-size: 14px;'>Soportado<\/span> <\/li>\n<li style='display: flex; justify-content: space-between; align-items: center; padding: 12px 0; border-top: 1px solid rgba(150&comma; 150&comma; 150&comma; 0.3);'> <span style='color: inherit; opacity: 0.8; font-size: 14px;'>parches calientes<\/span> <span style='color: inherit; font-size: 14px;'>Soportado<\/span> <\/li>\n<li style='display: flex; justify-content: space-between; align-items: center; padding: 12px 0; border-top: 1px solid rgba(150&comma; 150&comma; 150&comma; 0.3); border-bottom: 1px solid rgba(150&comma; 150&comma; 150&comma; 0.3);'> <span style='color: inherit; opacity: 0.8; font-size: 14px;'>SNMP<\/span> <span style='color: inherit; font-size: 14px;'>Soportado<\/span> <\/li>\n<\/ul><\/div>\n<\/p><\/div>\n<p> <!-- Secci\u00f3n de licenciamiento --> <\/p>\n<div style='margin: 40px 0; padding: 20px; border: 1px solid rgba(150&comma; 150&comma; 150&comma; 0.3); border-radius: 8px;'>\n<h3 style='font-size: 18px; margin: 0 0 15px; color: inherit; opacity: 0.9;'>Licenciamiento para Funciones Avanzadas y aumento de an\u00e1lisis de Trafico (opcionales):<\/h3>\n<ul style='list-style: none; padding: 0; margin: 0;'>\n<li style='margin: 10px 0; padding-left: 20px; position: relative;'> <span style='position: absolute; left: 0; top: 2px; color: inherit; font-size: 14px;'>\u2022<\/span> <a href='https:\/\/www.syscom.mx\/producto\/RG-WALL1600-Z3200-S-LIS-E-1Y-RUIJIE-226937.html' target='_blank' rel='noopener' style='color: inherit; text-decoration: underline; font-size: 14px;'>RG-WALL 1600-Z3200-S-LIS-E-1Y<\/a> <\/li>\n<li style='margin: 10px 0; padding-left: 20px; position: relative;'> <span style='position: absolute; left: 0; top: 2px; color: inherit; font-size: 14px;'>\u2022<\/span> <a href='https:\/\/www.syscom.mx\/producto\/RG-WALL1600-Z3200-S-1G-LIC-RUIJIE-226939.html' target='_blank' rel='noopener' style='color: inherit; text-decoration: underline; font-size: 14px;'>RG-WALL 1600-Z3200-S-1G-LIC<\/a> <\/li>\n<\/ul><\/div>\n<p> <!-- Im\u00e1genes --> <\/p>\n<div style='display: grid; grid-template-columns: repeat(auto-fill&comma; minmax(280px&comma; 1fr)); gap: 20px; margin-top: 40px;'>\n<div style='width: 100%;'> <img style='width: 100%; height: auto; border: 1px solid rgba(150&comma;150&comma;150&comma;0.3); border-radius: 8px;' src='https:\/\/ftp3.syscom.mx\/usuarios\/fotos\/RGWALL1600Z3200S\/219253-firewall_ruijie_5.png' alt=''> <\/div>\n<div style='width: 100%;'> <img style='width: 100%; height: auto; border: 1px solid rgba(150&comma;150&comma;150&comma;0.3); border-radius: 8px;' src='https:\/\/ftp3.syscom.mx\/usuarios\/fotos\/RGWALL1600Z3200S\/219253-firewall_ruijie.png' alt=''> <\/div>\n<div style='width: 100%;'> <img style='width: 100%; height: auto; border: 1px solid rgba(150&comma;150&comma;150&comma;0.3); border-radius: 8px;' src='https:\/\/ftp3.syscom.mx\/usuarios\/fotos\/RGWALL1600Z3200S\/219253-firewall_ruijie_2.png' alt=''> <\/div>\n<div style='width: 100%;'> <img style='width: 100%; height: auto; border: 1px solid rgba(150&comma;150&comma;150&comma;0.3); border-radius: 8px;' src='https:\/\/ftp3.syscom.mx\/usuarios\/fotos\/RGWALL1600Z3200S\/219253-firewall_ruijie_3.png' alt=''> <\/div>\n<div style='width: 100%;'> <img style='width: 100%; height: auto; border: 1px solid rgba(150&comma;150&comma;150&comma;0.3); border-radius: 8px;' src='https:\/\/ftp3.syscom.mx\/usuarios\/fotos\/RGWALL1600Z3200S\/219253-firewall_ruijie_4.png' alt=''> <\/div>\n<\/p><\/div>\n<p> <!-- Separador final --> <\/p>\n<hr style='border: 0; border-top: 1px solid rgba(150&comma; 150&comma; 150&comma; 0.3); margin: 40px 0;'> <\/div>\n","protected":false},"excerpt":{"rendered":"<p>Firewall Administrado en la Nube, hasta 2,000 Usuarios \/ Seguridad Basada en AI \/ Capacidad Expansible de Hasta 3 Gbps \/  Defensa DDoS, Antivirus y Gesti\u00f3n por Pol\u00edticas Inteligentes<\/p>\n","protected":false},"featured_media":86398,"comment_status":"open","ping_status":"closed","template":"","meta":[],"product_brand":[],"product_cat":[2122],"product_tag":[2038,664,2123],"class_list":{"0":"post-86399","1":"product","2":"type-product","3":"status-publish","4":"has-post-thumbnail","6":"product_cat-firewalls-networking","7":"product_tag-firewalls","8":"product_tag-networking","9":"product_tag-ruijie","11":"first","12":"instock","13":"sale","14":"shipping-taxable","15":"purchasable","16":"product-type-simple"},"_links":{"self":[{"href":"https:\/\/soydeaqui.ddns.net\/pachuca\/index.php\/wp-json\/wp\/v2\/product\/86399","targetHints":{"allow":["GET"]}}],"collection":[{"href":"https:\/\/soydeaqui.ddns.net\/pachuca\/index.php\/wp-json\/wp\/v2\/product"}],"about":[{"href":"https:\/\/soydeaqui.ddns.net\/pachuca\/index.php\/wp-json\/wp\/v2\/types\/product"}],"replies":[{"embeddable":true,"href":"https:\/\/soydeaqui.ddns.net\/pachuca\/index.php\/wp-json\/wp\/v2\/comments?post=86399"}],"wp:featuredmedia":[{"embeddable":true,"href":"https:\/\/soydeaqui.ddns.net\/pachuca\/index.php\/wp-json\/wp\/v2\/media\/86398"}],"wp:attachment":[{"href":"https:\/\/soydeaqui.ddns.net\/pachuca\/index.php\/wp-json\/wp\/v2\/media?parent=86399"}],"wp:term":[{"taxonomy":"product_brand","embeddable":true,"href":"https:\/\/soydeaqui.ddns.net\/pachuca\/index.php\/wp-json\/wp\/v2\/product_brand?post=86399"},{"taxonomy":"product_cat","embeddable":true,"href":"https:\/\/soydeaqui.ddns.net\/pachuca\/index.php\/wp-json\/wp\/v2\/product_cat?post=86399"},{"taxonomy":"product_tag","embeddable":true,"href":"https:\/\/soydeaqui.ddns.net\/pachuca\/index.php\/wp-json\/wp\/v2\/product_tag?post=86399"}],"curies":[{"name":"wp","href":"https:\/\/api.w.org\/{rel}","templated":true}]}}