{"id":86381,"date":"2026-03-19T22:20:05","date_gmt":"2026-03-19T22:20:05","guid":{"rendered":"https:\/\/soydeaqui.ddns.net\/pachuca\/index.php\/producto\/hub-usb-c-docking-revodok-pro-6-en-1-soporte-para-steam-deck-2-usb-a-3-0-5gbps-usb-c-3-0-5gbps-rj45-gigabit-ethernet-hdmi-2-0-4k60hz-usb-c-pd-carga-100w-carcasa-de-aluminio\/"},"modified":"2026-03-19T22:20:07","modified_gmt":"2026-03-19T22:20:07","slug":"hub-usb-c-docking-revodok-pro-6-en-1-soporte-para-steam-deck-2-usb-a-3-0-5gbps-usb-c-3-0-5gbps-rj45-gigabit-ethernet-hdmi-2-0-4k60hz-usb-c-pd-carga-100w-carcasa-de-aluminio","status":"publish","type":"product","link":"https:\/\/soydeaqui.ddns.net\/pachuca\/index.php\/producto\/hub-usb-c-docking-revodok-pro-6-en-1-soporte-para-steam-deck-2-usb-a-3-0-5gbps-usb-c-3-0-5gbps-rj45-gigabit-ethernet-hdmi-2-0-4k60hz-usb-c-pd-carga-100w-carcasa-de-aluminio\/","title":{"rendered":"HUB USB-C (Docking Revodok Pro) 6 en 1 | Soporte para Steam Deck  | 2 USB-A 3.0 (5Gbps) | USB-C 3.0 (5Gbps) | RJ45 (Gigabit Ethernet) | HDMI 2.0 4K@60Hz | USB-C PD Carga 100W | Carcasa de Aluminio."},"content":{"rendered":"<div style='width: 100%; max-width: 1200px; margin: 0 auto; font-family: sans-serif; line-height: 1.6; color: inherit; background-color: transparent;'> <!-- Im\u00e1genes del producto --> <\/p>\n<div style='display: flex; flex-wrap: wrap; gap: 15px; margin-bottom: 30px;'>\n<div style='flex: 1 1 300px; min-width: 280px;'> <img style='width: 100%; height: auto; border: 1px solid rgba(150&comma;150&comma;150&comma;0.3); border-radius: 8px;' src='http:\/\/ftp3.syscom.mx\/usuarios\/hallende\/UGREEN2\/HUB-DOCKING\/15388\/15388-12.jpg' alt=''> <\/div>\n<div style='flex: 1 1 300px; min-width: 280px;'> <img style='width: 100%; height: auto; border: 1px solid rgba(150&comma;150&comma;150&comma;0.3); border-radius: 8px;' src='http:\/\/ftp3.syscom.mx\/usuarios\/hallende\/UGREEN2\/HUB-DOCKING\/15388\/15388-2.jpg' alt=''> <\/div>\n<div style='flex: 1 1 300px; min-width: 280px;'> <img style='width: 100%; height: auto; border: 1px solid rgba(150&comma;150&comma;150&comma;0.3); border-radius: 8px;' src='http:\/\/ftp3.syscom.mx\/usuarios\/hallende\/UGREEN2\/HUB-DOCKING\/15388\/15388-13.jpg' alt=''> <\/div>\n<div style='flex: 1 1 300px; min-width: 280px;'> <img style='width: 100%; height: auto; border: 1px solid rgba(150&comma;150&comma;150&comma;0.3); border-radius: 8px;' src='http:\/\/ftp3.syscom.mx\/usuarios\/hallende\/UGREEN2\/HUB-DOCKING\/15388\/15388-15.jpg' alt=''> <\/div>\n<div style='flex: 1 1 300px; min-width: 280px;'> <img style='width: 100%; height: auto; border: 1px solid rgba(150&comma;150&comma;150&comma;0.3); border-radius: 8px;' src='http:\/\/ftp3.syscom.mx\/usuarios\/hallende\/UGREEN2\/HUB-DOCKING\/15388\/15388-30.jpg' alt=''> <\/div>\n<\/p><\/div>\n<p> <!-- Caracter\u00edsticas principales --> <\/p>\n<div style='margin-bottom: 30px;'>\n<h2 style='font-size: 24px; border-bottom: 2px solid currentColor; padding-bottom: 5px; margin-top: 0; color: inherit; opacity: 0.8;'>Caracter\u00edsticas Principales<\/h2>\n<ul style='padding-left: 20px; font-size: 15px; color: inherit;'>\n<li style='margin-bottom: 5px;'>Est\u00e1 equipado con HDMI 4K@60Hz. Puede cumplir con sus necesidades para conectar la mayor\u00eda de los monitores de resoluci\u00f3n y frecuencia de actualizaci\u00f3n a Steam Deck y disfrutar de una experiencia de juego de alta calidad y fluida.<\/li>\n<li style='margin-bottom: 5px;'>Puede conectar ratones&comma; teclados&comma; controladores de juegos&comma; unidades flash USB&comma; discos duros y otros dispositivos externos a Steam Deck.<\/li>\n<li style='margin-bottom: 5px;'>Disfrute de descargas de juegos m\u00e1s r\u00e1pidas y una experiencia de juego en l\u00ednea m\u00e1s fluida&comma; diciendo adi\u00f3s a la alta latencia bajo redes inal\u00e1mbricas.<\/li>\n<li style='margin-bottom: 5px;'>Puede cargar el Steam Deck a velocidad completa mientras juega&comma; satisfaciendo sus necesidades para juegos a largo plazo.<\/li>\n<li style='margin-bottom: 5px;'>Dise\u00f1ado como un soporte de aluminio para Steam Deck&comma; que se ajusta perfectamente. Las almohadillas de silicona pueden evitar que se deslice y no bloquean las salidas de ventilaci\u00f3n.<\/li>\n<\/ul><\/div>\n<p> <!-- Secci\u00f3n de especificaciones t\u00e9cnicas --> <\/p>\n<div style='display: flex; flex-wrap: wrap; gap: 20px; margin-bottom: 30px;'>\n<div style='flex: 1 1 250px; border: 1px solid rgba(150&comma; 150&comma; 150&comma; 0.4); border-radius: 8px; overflow: hidden; display: flex; flex-direction: column;'>\n<div style='padding: 15px; border-bottom: 1px solid rgba(150&comma; 150&comma; 150&comma; 0.2); font-weight: bold; font-size: 18px; color: inherit;'>Especificaciones HDMI<\/div>\n<div style='padding: 15px; color: inherit;'>\n<ul style='padding-left: 20px; margin: 0; font-size: 14px; list-style-type: disc;'>\n<li style='margin-bottom: 5px;'><strong>Resoluci\u00f3n:<\/strong> 4K@60Hz (m\u00e1x.)<\/li>\n<li style='margin-bottom: 5px;'><strong>Formatos de video:<\/strong> RGB\/YUV4:2:2\/4:2:0 (solo admite YUV4:2:2\/4:2:0 para 4K@60Hz)<\/li>\n<li style='margin-bottom: 5px;'><strong>Formatos de audio:<\/strong> Dolby TrueHD\/LPCM7.1\/DTS\/DSD\/HD (HBR)<\/li>\n<li style='margin-bottom: 5px;'><strong>Frecuencia de muestreo:<\/strong> 192KHz 16\/24Bit&comma; 96KHz\/48KHz\/44.1KHz\/32KHz<\/li>\n<li style='margin-bottom: 5px;'><strong>Soporte VRR:<\/strong> S\u00ed (G-sync)<\/li>\n<\/ul><\/div>\n<\/p><\/div>\n<div style='flex: 1 1 250px; border: 1px solid rgba(150&comma; 150&comma; 150&comma; 0.4); border-radius: 8px; overflow: hidden; display: flex; flex-direction: column;'>\n<div style='padding: 15px; border-bottom: 1px solid rgba(150&comma; 150&comma; 150&comma; 0.2); font-weight: bold; font-size: 18px; color: inherit;'>Especificaciones de red<\/div>\n<div style='padding: 15px; color: inherit;'>\n<ul style='padding-left: 20px; margin: 0; font-size: 14px; list-style-type: disc;'>\n<li style='margin-bottom: 5px;'><strong>Puerto RJ45:<\/strong> 1000\/100\/10 Mbps<\/li>\n<\/ul><\/div>\n<\/p><\/div>\n<div style='flex: 1 1 250px; border: 1px solid rgba(150&comma; 150&comma; 150&comma; 0.4); border-radius: 8px; overflow: hidden; display: flex; flex-direction: column;'>\n<div style='padding: 15px; border-bottom: 1px solid rgba(150&comma; 150&comma; 150&comma; 0.2); font-weight: bold; font-size: 18px; color: inherit;'>Especificaciones USB<\/div>\n<div style='padding: 15px; color: inherit;'>\n<ul style='padding-left: 20px; margin: 0; font-size: 14px; list-style-type: disc;'>\n<li style='margin-bottom: 5px;'><strong>2 puertos USB 3.0:<\/strong> Hasta 5Gbps (compatible con USB 2.0)<\/li>\n<li style='margin-bottom: 5px;'><strong>1 puerto USB-C 3.0:<\/strong> Hasta 5Gbps (compatible con USB 2.0)<\/li>\n<\/ul><\/div>\n<\/p><\/div>\n<div style='flex: 1 1 250px; border: 1px solid rgba(150&comma; 150&comma; 150&comma; 0.4); border-radius: 8px; overflow: hidden; display: flex; flex-direction: column;'>\n<div style='padding: 15px; border-bottom: 1px solid rgba(150&comma; 150&comma; 150&comma; 0.2); font-weight: bold; font-size: 18px; color: inherit;'>Especificaciones de carga<\/div>\n<div style='padding: 15px; color: inherit;'>\n<ul style='padding-left: 20px; margin: 0; font-size: 14px; list-style-type: disc;'>\n<li style='margin-bottom: 5px;'><strong>Carga PD:<\/strong> Hasta 100W (PD3.0 20V5A)<\/li>\n<\/ul><\/div>\n<\/p><\/div>\n<div style='flex: 1 1 250px; border: 1px solid rgba(150&comma; 150&comma; 150&comma; 0.4); border-radius: 8px; overflow: hidden; display: flex; flex-direction: column;'>\n<div style='padding: 15px; border-bottom: 1px solid rgba(150&comma; 150&comma; 150&comma; 0.2); font-weight: bold; font-size: 18px; color: inherit;'>Caracter\u00edsticas f\u00edsicas<\/div>\n<div style='padding: 15px; color: inherit;'>\n<ul style='padding-left: 20px; margin: 0; font-size: 14px; list-style-type: disc;'>\n<li style='margin-bottom: 5px;'><strong>Material:<\/strong> Aleaci\u00f3n de aluminio<\/li>\n<li style='margin-bottom: 5px;'><strong>Color:<\/strong> Plata<\/li>\n<li style='margin-bottom: 5px;'><strong>Longitud del cable:<\/strong> 20cm<\/li>\n<\/ul><\/div>\n<\/p><\/div>\n<\/p><\/div>\n<p> <!-- Separador --> <\/p>\n<hr style='border: 0; border-top: 1px solid rgba(150&comma; 150&comma; 150&comma; 0.3); margin: 30px 0;'> <\/div>\n","protected":false},"excerpt":{"rendered":"<p>HUB USB-C (Docking Revodok Pro) 6 en 1 | Soporte para Steam Deck  | 2 USB-A 3.0 (5Gbps) | USB-C 3.0 (5Gbps) | RJ45 (Gigabit Ethernet) | HDMI 2.0 4K@60Hz | USB-C PD Carga 100W | Carcasa de Aluminio.<\/p>\n","protected":false},"featured_media":86380,"comment_status":"open","ping_status":"closed","template":"","meta":[],"product_brand":[],"product_cat":[1235],"product_tag":[417,1236,650],"class_list":{"0":"post-86381","1":"product","2":"type-product","3":"status-publish","4":"has-post-thumbnail","6":"product_cat-accesorios-para-computadora-y-smartphones","7":"product_tag-accesorios-generales","8":"product_tag-accesorios-para-computadora-y-smartphones","9":"product_tag-ugreen","11":"first","12":"outofstock","13":"sale","14":"shipping-taxable","15":"purchasable","16":"product-type-simple"},"_links":{"self":[{"href":"https:\/\/soydeaqui.ddns.net\/pachuca\/index.php\/wp-json\/wp\/v2\/product\/86381","targetHints":{"allow":["GET"]}}],"collection":[{"href":"https:\/\/soydeaqui.ddns.net\/pachuca\/index.php\/wp-json\/wp\/v2\/product"}],"about":[{"href":"https:\/\/soydeaqui.ddns.net\/pachuca\/index.php\/wp-json\/wp\/v2\/types\/product"}],"replies":[{"embeddable":true,"href":"https:\/\/soydeaqui.ddns.net\/pachuca\/index.php\/wp-json\/wp\/v2\/comments?post=86381"}],"wp:featuredmedia":[{"embeddable":true,"href":"https:\/\/soydeaqui.ddns.net\/pachuca\/index.php\/wp-json\/wp\/v2\/media\/86380"}],"wp:attachment":[{"href":"https:\/\/soydeaqui.ddns.net\/pachuca\/index.php\/wp-json\/wp\/v2\/media?parent=86381"}],"wp:term":[{"taxonomy":"product_brand","embeddable":true,"href":"https:\/\/soydeaqui.ddns.net\/pachuca\/index.php\/wp-json\/wp\/v2\/product_brand?post=86381"},{"taxonomy":"product_cat","embeddable":true,"href":"https:\/\/soydeaqui.ddns.net\/pachuca\/index.php\/wp-json\/wp\/v2\/product_cat?post=86381"},{"taxonomy":"product_tag","embeddable":true,"href":"https:\/\/soydeaqui.ddns.net\/pachuca\/index.php\/wp-json\/wp\/v2\/product_tag?post=86381"}],"curies":[{"name":"wp","href":"https:\/\/api.w.org\/{rel}","templated":true}]}}