{"id":86376,"date":"2026-03-19T22:19:49","date_gmt":"2026-03-19T22:19:49","guid":{"rendered":"https:\/\/soydeaqui.ddns.net\/pachuca\/index.php\/producto\/router-huawei-para-redes-empresariales-16-puertos-sfp-8-puertos-sfp-4-puertos-ge\/"},"modified":"2026-03-19T22:20:00","modified_gmt":"2026-03-19T22:20:00","slug":"router-huawei-para-redes-empresariales-16-puertos-sfp-8-puertos-sfp-4-puertos-ge","status":"publish","type":"product","link":"https:\/\/soydeaqui.ddns.net\/pachuca\/index.php\/producto\/router-huawei-para-redes-empresariales-16-puertos-sfp-8-puertos-sfp-4-puertos-ge\/","title":{"rendered":"Router Huawei para Redes Empresariales 16 puertos SFP+\/ 8 puertos SFP \/ 4 puertos GE"},"content":{"rendered":"<div style='width: 100%; max-width: 1200px; margin: 0 auto; font-family: sans-serif; line-height: 1.6; color: inherit; background-color: transparent;'> <!-- Resumen --> <\/p>\n<div style='margin-bottom: 30px;'>\n<h2 style='font-size: 22px; border-bottom: 2px solid currentColor; padding-bottom: 5px; margin-top: 0; color: inherit; opacity: 0.8;'>Resumen<\/h2>\n<p style='font-size: 15px; color: inherit; margin-top: 15px; margin-bottom: 15px;'>El NetEngine 8000 M1C es un router compacto de alta densidad dise\u00f1ado para la era de la nube. Con una altura de 1U&comma; profundidad de 220 mm y capacidad de hasta 172 Gbps en puertos&comma; su dise\u00f1o compacto ahorra espacio valioso. Este router admite acceso de servicios flexibles de 10GE y GE (puertos \u00f3pticos y el\u00e9ctricos) y ofrece caracter\u00edsticas como SRv6&comma; EVPN&comma; Telemetr\u00eda y reloj de alta precisi\u00f3n 1588v2&comma; lo que lo convierte en la mejor elecci\u00f3n para el transporte de alta densidad de servicios m\u00faltiples en la futura era de la nube.<\/p>\n<\/p><\/div>\n<p> <!-- Caracter\u00edsticas Destacadas --> <\/p>\n<div style='margin-bottom: 30px;'>\n<h2 style='font-size: 22px; border-bottom: 2px solid currentColor; padding-bottom: 5px; margin-top: 0; color: inherit; opacity: 0.8;'>Caracter\u00edsticas Destacadas<\/h2>\n<ul style='padding-left: 20px; font-size: 15px; color: inherit; margin-top: 15px;'>\n<li style='margin-bottom: 15px;'><strong>Interfaces Vers\u00e1tiles:<\/strong> El NetEngine 8000 ofrece una amplia gama de interfaces de usuario y red&comma; incluyendo 16 puertos XGE&comma; 8 puertos GE \u00f3pticos y 4 puertos GE el\u00e9ctricos. Esto permite la implementaci\u00f3n de diferentes servicios y escenarios.<\/li>\n<li style='margin-bottom: 15px;'><strong>Protocolos Avanzados:<\/strong> Soporta una variedad de protocolos de capa 2 y capa 3&comma; incluyendo OSPF&comma; BGP&comma; MPLS&comma; y m\u00e1s&comma; garantizando una conectividad s\u00f3lida y vers\u00e1til.<\/li>\n<li style='margin-bottom: 15px;'><strong>Seguridad Reforzada:<\/strong> Incorpora caracter\u00edsticas de seguridad s\u00f3lidas como URPF&comma; defensa contra ataques locales&comma; y autenticaci\u00f3n IPSec para proteger la red contra amenazas.<\/li>\n<li style='margin-bottom: 15px;'><strong>Facilidad de Mantenimiento:<\/strong> Ofrece m\u00faltiples modos de gesti\u00f3n&comma; incluyendo una interfaz de usuario gr\u00e1fica y plug-and-play basado en DHCP o DCN&comma; simplificando las tareas de gesti\u00f3n y mantenimiento.<\/li>\n<li style='margin-bottom: 15px;'><strong>Sincronizaci\u00f3n de Reloj:<\/strong> Ofrece soluciones completas de sincronizaci\u00f3n de reloj para proporcionar sincronizaci\u00f3n precisa de frecuencia o tiempo&comma; lo que es esencial en redes cr\u00edticas.<\/li>\n<li style='margin-bottom: 15px;'><strong>Eficiencia Energ\u00e9tica:<\/strong> Permite desactivar manualmente las interfaces inactivas para ahorrar energ\u00eda.<\/li>\n<\/ul><\/div>\n<p> <!-- Especificaciones --> <\/p>\n<div style='margin-bottom: 30px;'>\n<h2 style='font-size: 22px; border-bottom: 2px solid currentColor; padding-bottom: 5px; margin-top: 0; color: inherit; opacity: 0.8;'>Especificaciones del Producto<\/h2>\n<div style='display: flex; flex-wrap: wrap; gap: 20px; margin-top: 15px;'>\n<div style='flex: 1 1 250px; border: 1px solid rgba(150&comma; 150&comma; 150&comma; 0.4); border-radius: 8px; overflow: hidden; display: flex; flex-direction: column;'>\n<div style='padding: 15px; border-bottom: 1px solid rgba(150&comma; 150&comma; 150&comma; 0.2); font-weight: bold; font-size: 18px; color: inherit;'>Especificaciones F\u00edsicas<\/div>\n<div style='padding: 15px; color: inherit;'>\n<ul style='padding-left: 20px; margin: 0; font-size: 14px; list-style-type: disc;'>\n<li style='margin-bottom: 5px;'><strong>Dimensiones:<\/strong> 44.45 mm x 442 mm x 220 mm (1U)<\/li>\n<li style='margin-bottom: 5px;'><strong>Peso:<\/strong> 3.8 kg (DC) \/ 3.9 kg (AC)<\/li>\n<\/ul><\/div>\n<\/p><\/div>\n<div style='flex: 1 1 250px; border: 1px solid rgba(150&comma; 150&comma; 150&comma; 0.4); border-radius: 8px; overflow: hidden; display: flex; flex-direction: column;'>\n<div style='padding: 15px; border-bottom: 1px solid rgba(150&comma; 150&comma; 150&comma; 0.2); font-weight: bold; font-size: 18px; color: inherit;'>Energ\u00eda<\/div>\n<div style='padding: 15px; color: inherit;'>\n<ul style='padding-left: 20px; margin: 0; font-size: 14px; list-style-type: disc;'>\n<li style='margin-bottom: 5px;'><strong>Consumo de Energ\u00eda T\u00edpico:<\/strong> 88.98 W (DC) \/ 89.21 W (AC)<\/li>\n<li style='margin-bottom: 5px;'><strong>Voltaje de Entrada (DC):<\/strong> -40V a -72V<\/li>\n<li style='margin-bottom: 5px;'><strong>Voltaje de Entrada (AC):<\/strong> 90V a 290V<\/li>\n<\/ul><\/div>\n<\/p><\/div>\n<div style='flex: 1 1 250px; border: 1px solid rgba(150&comma; 150&comma; 150&comma; 0.4); border-radius: 8px; overflow: hidden; display: flex; flex-direction: column;'>\n<div style='padding: 15px; border-bottom: 1px solid rgba(150&comma; 150&comma; 150&comma; 0.2); font-weight: bold; font-size: 18px; color: inherit;'>Rendimiento<\/div>\n<div style='padding: 15px; color: inherit;'>\n<ul style='padding-left: 20px; margin: 0; font-size: 14px; list-style-type: disc;'>\n<li style='margin-bottom: 5px;'><strong>Capacidad de Reenv\u00edo:<\/strong> 78 Mpps<\/li>\n<li style='margin-bottom: 5px;'><strong>Capacidad de Conmutaci\u00f3n:<\/strong> 344 Gbps<\/li>\n<li style='margin-bottom: 5px;'><strong>Tama\u00f1o de B\u00fafer:<\/strong> 740 MB<\/li>\n<li style='margin-bottom: 5px;'><strong>Memoria:<\/strong> 8 GB<\/li>\n<\/ul><\/div>\n<\/p><\/div>\n<div style='flex: 1 1 250px; border: 1px solid rgba(150&comma; 150&comma; 150&comma; 0.4); border-radius: 8px; overflow: hidden; display: flex; flex-direction: column;'>\n<div style='padding: 15px; border-bottom: 1px solid rgba(150&comma; 150&comma; 150&comma; 0.2); font-weight: bold; font-size: 18px; color: inherit;'>Condiciones Ambientales<\/div>\n<div style='padding: 15px; color: inherit;'>\n<ul style='padding-left: 20px; margin: 0; font-size: 14px; list-style-type: disc;'>\n<li style='margin-bottom: 5px;'><strong>Temperatura de Operaci\u00f3n:<\/strong> -40 \u00b0C a 65 \u00b0C<\/li>\n<li style='margin-bottom: 5px;'><strong>Temperatura de Almacenamiento:<\/strong> -40 \u00b0C a 70 \u00b0C<\/li>\n<\/ul><\/div>\n<\/p><\/div>\n<div style='flex: 1 1 250px; border: 1px solid rgba(150&comma; 150&comma; 150&comma; 0.4); border-radius: 8px; overflow: hidden; display: flex; flex-direction: column;'>\n<div style='padding: 15px; border-bottom: 1px solid rgba(150&comma; 150&comma; 150&comma; 0.2); font-weight: bold; font-size: 18px; color: inherit;'>Fiabilidad<\/div>\n<div style='padding: 15px; color: inherit;'>\n<ul style='padding-left: 20px; margin: 0; font-size: 14px; list-style-type: disc;'>\n<li style='margin-bottom: 5px;'><strong>MTBF:<\/strong> 40 a\u00f1os<\/li>\n<li style='margin-bottom: 5px;'><strong>MTTR:<\/strong> 2 horas<\/li>\n<li style='margin-bottom: 5px;'><strong>Disponibilidad:<\/strong> 0.99999<\/li>\n<\/ul><\/div>\n<\/p><\/div>\n<\/p><\/div>\n<\/p><\/div>\n<p> <!-- Conclusi\u00f3n --> <\/p>\n<div style='margin-bottom: 30px;'>\n<p style='font-size: 15px; color: inherit; margin-top: 15px; margin-bottom: 15px;'>El NetEngine 8000 M1C es una soluci\u00f3n vers\u00e1til y confiable para las demandas de redes modernas en la era de la nube. Su dise\u00f1o compacto y sus caracter\u00edsticas avanzadas lo hacen adecuado para una amplia gama de aplicaciones y entornos.<\/p>\n<\/p><\/div>\n<p> <!-- Separador final --> <\/p>\n<hr style='border: 0; border-top: 1px solid rgba(150&comma; 150&comma; 150&comma; 0.3); margin: 30px 0;'> <\/div>\n","protected":false},"excerpt":{"rendered":"<p>Router Huawei para Redes Empresariales 16 puertos SFP+\/ 8 puertos SFP \/ 4 puertos GE<\/p>\n","protected":false},"featured_media":86375,"comment_status":"open","ping_status":"closed","template":"","meta":[],"product_brand":[],"product_cat":[2036,2035,2034],"product_tag":[2039,2038,718,664,2037],"class_list":{"0":"post-86376","1":"product","2":"type-product","3":"status-publish","4":"has-post-thumbnail","6":"product_cat-balanceadores","7":"product_cat-firewalls","8":"product_cat-routers","9":"product_tag-balanceadores","10":"product_tag-firewalls","11":"product_tag-huawei","12":"product_tag-networking","13":"product_tag-routers","15":"first","16":"outofstock","17":"sale","18":"shipping-taxable","19":"purchasable","20":"product-type-simple"},"_links":{"self":[{"href":"https:\/\/soydeaqui.ddns.net\/pachuca\/index.php\/wp-json\/wp\/v2\/product\/86376","targetHints":{"allow":["GET"]}}],"collection":[{"href":"https:\/\/soydeaqui.ddns.net\/pachuca\/index.php\/wp-json\/wp\/v2\/product"}],"about":[{"href":"https:\/\/soydeaqui.ddns.net\/pachuca\/index.php\/wp-json\/wp\/v2\/types\/product"}],"replies":[{"embeddable":true,"href":"https:\/\/soydeaqui.ddns.net\/pachuca\/index.php\/wp-json\/wp\/v2\/comments?post=86376"}],"wp:featuredmedia":[{"embeddable":true,"href":"https:\/\/soydeaqui.ddns.net\/pachuca\/index.php\/wp-json\/wp\/v2\/media\/86375"}],"wp:attachment":[{"href":"https:\/\/soydeaqui.ddns.net\/pachuca\/index.php\/wp-json\/wp\/v2\/media?parent=86376"}],"wp:term":[{"taxonomy":"product_brand","embeddable":true,"href":"https:\/\/soydeaqui.ddns.net\/pachuca\/index.php\/wp-json\/wp\/v2\/product_brand?post=86376"},{"taxonomy":"product_cat","embeddable":true,"href":"https:\/\/soydeaqui.ddns.net\/pachuca\/index.php\/wp-json\/wp\/v2\/product_cat?post=86376"},{"taxonomy":"product_tag","embeddable":true,"href":"https:\/\/soydeaqui.ddns.net\/pachuca\/index.php\/wp-json\/wp\/v2\/product_tag?post=86376"}],"curies":[{"name":"wp","href":"https:\/\/api.w.org\/{rel}","templated":true}]}}