{"id":86363,"date":"2026-03-19T22:19:16","date_gmt":"2026-03-19T22:19:16","guid":{"rendered":"https:\/\/soydeaqui.ddns.net\/pachuca\/index.php\/producto\/switch-core-huawei-cloudengine-48-puertos-sfp-6-puertos-40g-100g-qsfp28\/"},"modified":"2026-03-19T22:19:32","modified_gmt":"2026-03-19T22:19:32","slug":"switch-core-huawei-cloudengine-48-puertos-sfp-6-puertos-40g-100g-qsfp28","status":"publish","type":"product","link":"https:\/\/soydeaqui.ddns.net\/pachuca\/index.php\/producto\/switch-core-huawei-cloudengine-48-puertos-sfp-6-puertos-40g-100g-qsfp28\/","title":{"rendered":"Switch Core Huawei CloudEngine \/ 48 puertos SFP+ \/ 6 Puertos 40G-100G QSFP28"},"content":{"rendered":"<div style='width: 100%; max-width: 1200px; margin: 0 auto; font-family: sans-serif; line-height: 1.6; color: inherit; background-color: transparent;'> <!-- Resumen --> <\/p>\n<div style='margin-bottom: 30px;'>\n<h3 style='font-size: 22px; border-bottom: 2px solid currentColor; padding-bottom: 5px; margin-top: 0; color: inherit; opacity: 0.8;'>Resumen<\/h3>\n<p style='font-size: 15px; margin: 15px 0; color: inherit;'> Los switches Huawei CloudEngine 6881 son switches de acceso 10GE de pr\u00f3xima generaci\u00f3n que ofrecen alto rendimiento y alta densidad de puertos en redes de centros de datos y redes de campus de alto nivel. La serie CloudEngine 6881 cuenta con una avanzada arquitectura de hardware con puertos de enlace ascendente de 40GE\/100GE y puertos de acceso 10GE de alta densidad. Utilizando la plataforma de software VRP8 de Huawei&comma; los switches de la serie CloudEngine 6881 admiten caracter\u00edsticas avanzadas de centros de datos y capacidades de apilamiento. Adem\u00e1s&comma; la serie CloudEngine 6881 utiliza un dise\u00f1o de flujo de aire flexible (de frente hacia atr\u00e1s o de atr\u00e1s hacia adelante). Los switches de la serie CloudEngine 6881 pueden trabajar con los switches de centro de datos de la serie CloudEngine 16800 o CloudEngine 12800 para construir redes 40GE\/100GE en malla completa el\u00e1sticas y virtuales&comma; cumpliendo con los requisitos de los centros de datos de la computaci\u00f3n en la nube. <\/p>\n<\/p><\/div>\n<p> <!-- Caracter\u00edsticas Destacadas --> <\/p>\n<div style='margin-bottom: 30px;'>\n<h3 style='font-size: 22px; border-bottom: 2px solid currentColor; padding-bottom: 5px; margin-top: 0; color: inherit; opacity: 0.8;'>Caracter\u00edsticas Destacadas<\/h3>\n<ul style='padding-left: 20px; font-size: 15px; margin: 15px 0; color: inherit;'>\n<li style='margin-bottom: 10px;'><strong>Acceso de Alta Densidad:<\/strong> La serie CloudEngine 6881 ofrece hasta 48 puertos 10GE&comma; lo que permite el acceso de servidores de alta densidad y una evoluci\u00f3n sin problemas.<\/li>\n<li style='margin-bottom: 10px;'><strong>Uplink de Alta Capacidad:<\/strong> Ofrece hasta 6 puertos 100GE QSFP28 que tambi\u00e9n se pueden usar como puertos 40GE QSFP+&comma; brindando flexibilidad en la conectividad.<\/li>\n<li style='margin-bottom: 10px;'><strong>Agregaci\u00f3n de Enlaces Interdispositivos:<\/strong> Soporta grupos de agregaci\u00f3n de enlaces en m\u00faltiples chasis (M-LAG)&comma; lo que permite la agrupaci\u00f3n de enlaces de varios switches para implementar una copia de seguridad de enlaces a nivel de dispositivo.<\/li>\n<li style='margin-bottom: 10px;'><strong>Gateway de Hardware Virtualizado:<\/strong> Permite una r\u00e1pida implementaci\u00f3n de servicios y se conecta a plataformas de virtualizaci\u00f3n populares.<\/li>\n<li style='margin-bottom: 10px;'><strong>Interfaces Est\u00e1ndar:<\/strong> Admite NETCONF y la configuraci\u00f3n autom\u00e1tica basada en Ansible.<\/li>\n<li style='margin-bottom: 10px;'><strong>Provisi\u00f3n Automatizada:<\/strong> Soporta Zero Touch Provisioning (ZTP) para una implementaci\u00f3n de dispositivos automatizada.<\/li>\n<li style='margin-bottom: 10px;'><strong>O&#038;M Inteligente:<\/strong> Utiliza la tecnolog\u00eda de telemetr\u00eda y an\u00e1lisis de red para un monitoreo inteligente y eficiente.<\/li>\n<\/ul><\/div>\n<p> <!-- Especificaciones del Producto --> <\/p>\n<div style='margin-bottom: 30px;'>\n<h3 style='font-size: 22px; border-bottom: 2px solid currentColor; padding-bottom: 5px; margin-top: 0; color: inherit; opacity: 0.8;'>Especificaciones del Producto<\/h3>\n<div style='display: flex; flex-wrap: wrap; gap: 20px; margin-top: 20px;'>\n<div style='flex: 1 1 250px; border: 1px solid rgba(150&comma; 150&comma; 150&comma; 0.4); border-radius: 8px; overflow: hidden; display: flex; flex-direction: column;'>\n<div style='padding: 15px; border-bottom: 1px solid rgba(150&comma; 150&comma; 150&comma; 0.2); font-weight: bold; font-size: 18px; color: inherit;'>Especificaciones F\u00edsicas<\/div>\n<div style='padding: 15px; color: inherit;'>\n<ul style='padding-left: 20px; margin: 0; font-size: 14px; list-style-type: disc;'>\n<li style='margin-bottom: 8px;'><strong>Dimensiones:<\/strong> 442 \u00d7 420 \u00d7 43.6 mm<\/li>\n<li style='margin-bottom: 8px;'><strong>Peso:<\/strong> 5.7\/7.8 kg (Sin\/Con m\u00f3dulos de energ\u00eda)<\/li>\n<\/ul><\/div>\n<\/p><\/div>\n<div style='flex: 1 1 250px; border: 1px solid rgba(150&comma; 150&comma; 150&comma; 0.4); border-radius: 8px; overflow: hidden; display: flex; flex-direction: column;'>\n<div style='padding: 15px; border-bottom: 1px solid rgba(150&comma; 150&comma; 150&comma; 0.2); font-weight: bold; font-size: 18px; color: inherit;'>Especificaciones T\u00e9cnicas<\/div>\n<div style='padding: 15px; color: inherit;'>\n<ul style='padding-left: 20px; margin: 0; font-size: 14px; list-style-type: disc;'>\n<li style='margin-bottom: 8px;'><strong>Capacidad de Reenv\u00edo:<\/strong> 2.16 Tbps<\/li>\n<li style='margin-bottom: 8px;'><strong>Rendimiento de Reenv\u00edo:<\/strong> 940 Mpps<\/li>\n<li style='margin-bottom: 8px;'><strong>CPU:<\/strong> 4 N\u00facleos a 1.4 GHz<\/li>\n<li style='margin-bottom: 8px;'><strong>RAM:<\/strong> 4GB<\/li>\n<\/ul><\/div>\n<\/p><\/div>\n<div style='flex: 1 1 250px; border: 1px solid rgba(150&comma; 150&comma; 150&comma; 0.4); border-radius: 8px; overflow: hidden; display: flex; flex-direction: column;'>\n<div style='padding: 15px; border-bottom: 1px solid rgba(150&comma; 150&comma; 150&comma; 0.2); font-weight: bold; font-size: 18px; color: inherit;'>Almacenamiento<\/div>\n<div style='padding: 15px; color: inherit;'>\n<ul style='padding-left: 20px; margin: 0; font-size: 14px; list-style-type: disc;'>\n<li style='margin-bottom: 8px;'><strong>NOR Flash:<\/strong> 64MB<\/li>\n<li style='margin-bottom: 8px;'><strong>NAND Flash:<\/strong> 4GB<\/li>\n<li style='margin-bottom: 8px;'><strong>Buffer del Sistema:<\/strong> 42MB<\/li>\n<\/ul><\/div>\n<\/p><\/div>\n<div style='flex: 1 1 250px; border: 1px solid rgba(150&comma; 150&comma; 150&comma; 0.4); border-radius: 8px; overflow: hidden; display: flex; flex-direction: column;'>\n<div style='padding: 15px; border-bottom: 1px solid rgba(150&comma; 150&comma; 150&comma; 0.2); font-weight: bold; font-size: 18px; color: inherit;'>Puertos<\/div>\n<div style='padding: 15px; color: inherit;'>\n<ul style='padding-left: 20px; margin: 0; font-size: 14px; list-style-type: disc;'>\n<li style='margin-bottom: 8px;'><strong>Puertos 10GE SFP+:<\/strong> 48<\/li>\n<li style='margin-bottom: 8px;'><strong>Puertos 10GE BASE-T:<\/strong> 0<\/li>\n<li style='margin-bottom: 8px;'><strong>Puertos 40\/100GE QSFP28:<\/strong> 6<\/li>\n<\/ul><\/div>\n<\/p><\/div>\n<div style='flex: 1 1 250px; border: 1px solid rgba(150&comma; 150&comma; 150&comma; 0.4); border-radius: 8px; overflow: hidden; display: flex; flex-direction: column;'>\n<div style='padding: 15px; border-bottom: 1px solid rgba(150&comma; 150&comma; 150&comma; 0.2); font-weight: bold; font-size: 18px; color: inherit;'>Interfaz de Administraci\u00f3n<\/div>\n<div style='padding: 15px; color: inherit;'>\n<ul style='padding-left: 20px; margin: 0; font-size: 14px; list-style-type: disc;'>\n<li style='margin-bottom: 8px;'><strong>Interfaz de Gesti\u00f3n Fuera de Banda:<\/strong> 1* Interfaz de Gesti\u00f3n GE<\/li>\n<li style='margin-bottom: 8px;'><strong>Interfaz de Consola:<\/strong> 1* Interfaz RJ45<\/li>\n<li style='margin-bottom: 8px;'><strong>Puertos USB:<\/strong> 1<\/li>\n<\/ul><\/div>\n<\/p><\/div>\n<div style='flex: 1 1 250px; border: 1px solid rgba(150&comma; 150&comma; 150&comma; 0.4); border-radius: 8px; overflow: hidden; display: flex; flex-direction: column;'>\n<div style='padding: 15px; border-bottom: 1px solid rgba(150&comma; 150&comma; 150&comma; 0.2); font-weight: bold; font-size: 18px; color: inherit;'>Energ\u00eda y Entorno<\/div>\n<div style='padding: 15px; color: inherit;'>\n<ul style='padding-left: 20px; margin: 0; font-size: 14px; list-style-type: disc;'>\n<li style='margin-bottom: 8px;'><strong>M\u00f3dulos de Potencia:<\/strong> 600W AC \/ 1000W -48V DC \/ 1200W 380V HVDC<\/li>\n<li style='margin-bottom: 8px;'><strong>Voltaje de Entrada AC:<\/strong> 100V a 240V<\/li>\n<li style='margin-bottom: 8px;'><strong>Voltaje de Entrada DC:<\/strong> -48V a -60V<\/li>\n<li style='margin-bottom: 8px;'><strong>Voltaje de Entrada HVDC:<\/strong> 240V a 380V<\/li>\n<li style='margin-bottom: 8px;'><strong>Consumo T\u00edpico:<\/strong> Var\u00eda seg\u00fan la carga y configuraci\u00f3n<\/li>\n<li style='margin-bottom: 8px;'><strong>Disipaci\u00f3n de Calor:<\/strong> Var\u00eda seg\u00fan la carga y configuraci\u00f3n<\/li>\n<\/ul><\/div>\n<\/p><\/div>\n<div style='flex: 1 1 250px; border: 1px solid rgba(150&comma; 150&comma; 150&comma; 0.4); border-radius: 8px; overflow: hidden; display: flex; flex-direction: column;'>\n<div style='padding: 15px; border-bottom: 1px solid rgba(150&comma; 150&comma; 150&comma; 0.2); font-weight: bold; font-size: 18px; color: inherit;'>Condiciones Ambientales<\/div>\n<div style='padding: 15px; color: inherit;'>\n<ul style='padding-left: 20px; margin: 0; font-size: 14px; list-style-type: disc;'>\n<li style='margin-bottom: 8px;'><strong>Temperatura de Operaci\u00f3n:<\/strong> 0\u00b0C a 40\u00b0C<\/li>\n<li style='margin-bottom: 8px;'><strong>Temperatura de Almacenamiento:<\/strong> -40\u00b0C a +70\u00b0C<\/li>\n<li style='margin-bottom: 8px;'><strong>Humedad Relativa:<\/strong> 5% a 95%<\/li>\n<li style='margin-bottom: 8px;'><strong>Altitud de Operaci\u00f3n:<\/strong> Hasta 5000m<\/li>\n<\/ul><\/div>\n<\/p><\/div>\n<div style='flex: 1 1 250px; border: 1px solid rgba(150&comma; 150&comma; 150&comma; 0.4); border-radius: 8px; overflow: hidden; display: flex; flex-direction: column;'>\n<div style='padding: 15px; border-bottom: 1px solid rgba(150&comma; 150&comma; 150&comma; 0.2); font-weight: bold; font-size: 18px; color: inherit;'>Fiabilidad<\/div>\n<div style='padding: 15px; color: inherit;'>\n<ul style='padding-left: 20px; margin: 0; font-size: 14px; list-style-type: disc;'>\n<li style='margin-bottom: 8px;'><strong>MTBF:<\/strong> 45.90 a\u00f1os (6881-48S6CQ) \/ 48.16 a\u00f1os (6881-48T6CQ)<\/li>\n<li style='margin-bottom: 8px;'><strong>MTTR:<\/strong> 1.57 horas (6881-48S<\/li>\n<\/ul><\/div>\n<\/p><\/div>\n<\/p><\/div>\n<\/p><\/div>\n<p> <!-- Separador --> <\/p>\n<hr style='border: 0; border-top: 1px solid rgba(150&comma; 150&comma; 150&comma; 0.3); margin: 30px 0;'> <\/div>\n","protected":false},"excerpt":{"rendered":"<p>Switch Core Huawei CloudEngine \/ 48 puertos SFP+ \/ 6 Puertos 40G-100G QSFP28<\/p>\n","protected":false},"featured_media":86362,"comment_status":"open","ping_status":"closed","template":"","meta":[],"product_brand":[],"product_cat":[1970],"product_tag":[718,664,1971],"class_list":{"0":"post-86363","1":"product","2":"type-product","3":"status-publish","4":"has-post-thumbnail","6":"product_cat-switches","7":"product_tag-huawei","8":"product_tag-networking","9":"product_tag-switches","11":"first","12":"instock","13":"sale","14":"shipping-taxable","15":"purchasable","16":"product-type-simple"},"_links":{"self":[{"href":"https:\/\/soydeaqui.ddns.net\/pachuca\/index.php\/wp-json\/wp\/v2\/product\/86363","targetHints":{"allow":["GET"]}}],"collection":[{"href":"https:\/\/soydeaqui.ddns.net\/pachuca\/index.php\/wp-json\/wp\/v2\/product"}],"about":[{"href":"https:\/\/soydeaqui.ddns.net\/pachuca\/index.php\/wp-json\/wp\/v2\/types\/product"}],"replies":[{"embeddable":true,"href":"https:\/\/soydeaqui.ddns.net\/pachuca\/index.php\/wp-json\/wp\/v2\/comments?post=86363"}],"wp:featuredmedia":[{"embeddable":true,"href":"https:\/\/soydeaqui.ddns.net\/pachuca\/index.php\/wp-json\/wp\/v2\/media\/86362"}],"wp:attachment":[{"href":"https:\/\/soydeaqui.ddns.net\/pachuca\/index.php\/wp-json\/wp\/v2\/media?parent=86363"}],"wp:term":[{"taxonomy":"product_brand","embeddable":true,"href":"https:\/\/soydeaqui.ddns.net\/pachuca\/index.php\/wp-json\/wp\/v2\/product_brand?post=86363"},{"taxonomy":"product_cat","embeddable":true,"href":"https:\/\/soydeaqui.ddns.net\/pachuca\/index.php\/wp-json\/wp\/v2\/product_cat?post=86363"},{"taxonomy":"product_tag","embeddable":true,"href":"https:\/\/soydeaqui.ddns.net\/pachuca\/index.php\/wp-json\/wp\/v2\/product_tag?post=86363"}],"curies":[{"name":"wp","href":"https:\/\/api.w.org\/{rel}","templated":true}]}}