{"id":86303,"date":"2026-03-19T22:16:34","date_gmt":"2026-03-19T22:16:34","guid":{"rendered":"https:\/\/soydeaqui.ddns.net\/pachuca\/index.php\/producto\/onu-ont-xpon-router-wifi-ac-1200-modo-epon-y-gpon-1-puerto-pon-sc-apc-2-puertos-lan-10-100-1000-mbps-soporta-aginet-config-aginet-acs-herramienta-de-geston-remota\/"},"modified":"2026-03-19T22:16:51","modified_gmt":"2026-03-19T22:16:51","slug":"onu-ont-xpon-router-wifi-ac-1200-modo-epon-y-gpon-1-puerto-pon-sc-apc-2-puertos-lan-10-100-1000-mbps-soporta-aginet-config-aginet-acs-herramienta-de-geston-remota","status":"publish","type":"product","link":"https:\/\/soydeaqui.ddns.net\/pachuca\/index.php\/producto\/onu-ont-xpon-router-wifi-ac-1200-modo-epon-y-gpon-1-puerto-pon-sc-apc-2-puertos-lan-10-100-1000-mbps-soporta-aginet-config-aginet-acs-herramienta-de-geston-remota\/","title":{"rendered":"ONU\/ONT &#8211; XPON Router WIFI AC 1200 \/ Modo EPON y GPON \/ 1 Puerto PON SC\/APC \/ 2 Puertos LAN 10\/100\/1000 MBPS \/ Soporta AgiNet Config &#8211; AgiNet ACS (herramienta de gest\u00f3n remota)"},"content":{"rendered":"<div style=\"width: 100%; max-width: 1200px; margin: 0 auto; font-family: sans-serif; line-height: 1.6; color: inherit; background-color: transparent;\"><!-- Hero secci\u00f3n con imagen y descripci\u00f3n --><\/p>\n<div style=\"display: flex; flex-wrap: wrap; gap: 30px; align-items: center; border: 1px solid rgba(150&comma;150&comma;150&comma;0.3); border-radius: 12px; padding: 20px; margin-bottom: 30px;\"><!-- Imagen --><\/p>\n<div style=\"flex: 1 1 320px; min-width: 280px;\"><img decoding=\"async\" style=\"width: 100%; height: auto; border: 1px solid rgba(150&comma; 150&comma; 150&comma; 0.3); border-radius: 8px;\" src=\"http:\/\/ftp3.syscom.mx\/usuarios\/ftp\/2025\/10\/13\/1908\/1.jpg_froala_68ed332e31fee\" alt=\"Switch Industrial eKit S210I-8T4SX\" class=\"fr-fic fr-dii\"><\/div>\n<p><!-- Descripci\u00f3n --><\/p>\n<div style=\"flex: 1 1 360px; min-width: 280px;\">\n<h2 style=\"font-size: 22px; margin-top: 0; color: inherit; opacity: 0.9;\">Router XPON AC 1200<\/h2>\n<div style=\"margin: 8px 0; color: inherit; opacity: 0.7; font-weight: 600;\">Modelo: XC220-G3<\/div>\n<p style=\"margin: 0; color: inherit; opacity: 0.85;\">Vive la nueva era de la conectividad con el XC220-G3. Potencia tu hogar con la velocidad de la fibra &oacute;ptica&comma; la cobertura del Wi-Fi de doble banda y la comodidad&comma; admite IPTV fluido para una m&aacute;xima experiencia&comma; todo reunido en un solo dispositivo moderno y elegante. Funciona con tecnolog&iacute;a EPON \/ GPON<\/p>\n<\/div>\n<\/div>\n<p><!-- Grid de especificaciones --><\/p>\n<div style=\"display: flex; flex-wrap: wrap; gap: 20px; margin-bottom: 30px;\"><!-- Card: Caracter\u00edsticas principales --><\/p>\n<div style=\"flex: 1 1 250px; border: 1px solid rgba(150&comma; 150&comma; 150&comma; 0.4); border-radius: 8px; overflow: hidden; display: flex; flex-direction: column;\">\n<div style=\"padding: 15px; border-bottom: 1px solid rgba(150&comma; 150&comma; 150&comma; 0.2); font-weight: bold; font-size: 18px; color: inherit;\">Caracter&iacute;sticas principales<\/div>\n<div style=\"padding: 15px; color: inherit;\">\n<ul style=\"padding-left: 20px; margin: 0; font-size: 14px; list-style-type: disc;\">\n<li style=\"margin-bottom: 5px; border-top: 1px solid rgba(150&comma;150&comma;150&comma;0.1); padding-top: 8px; padding-bottom: 8px;\">(2) Puertos RJ45 (10\/100\/1000 Mbps)<\/li>\n<li style=\"margin-bottom: 5px; border-top: 1px solid rgba(150&comma;150&comma;150&comma;0.1); padding-top: 8px; padding-bottom: 8px;\">(1) Puerto SC\/APC XPON (EPON\/GPON)<\/li>\n<li style=\"margin-bottom: 5px; border-top: 1px solid rgba(150&comma;150&comma;150&comma;0.1); padding-top: 8px; padding-bottom: 8px;\">Gesti&oacute;n Web \/ App AgiNet<\/li>\n<li style=\"margin-bottom: 5px; border-top: 1px solid rgba(150&comma;150&comma;150&comma;0.1); padding-top: 8px; padding-bottom: 8px;\"><a href=\"https:\/\/www.tp-link.com\/mx\/landing\/aginet-solution\/\" target=\"_blank\" rel=\"noopener noreferrer\" style=\"color: inherit; text-decoration: underline;\">Aprende m&aacute;s sobre AgiNet<\/a><\/li>\n<li style=\"margin-bottom: 5px; border-top: 1px solid rgba(150&comma;150&comma;150&comma;0.1); padding-top: 8px; padding-bottom: 8px;\">Certificaciones: CE&comma;RoHS<\/li>\n<li style=\"margin-bottom: 5px; border-top: 1px solid rgba(150&comma;150&comma;150&comma;0.1); padding-top: 8px; padding-bottom: 8px;\">(2) Antenas externas<\/li>\n<li style=\"margin-bottom: 5px; border-top: 1px solid rgba(150&comma;150&comma;150&comma;0.1); padding-top: 8px; padding-bottom: 8px;\">Bot&oacute;n: Reset\/WPS<\/li>\n<li style=\"margin-bottom: 5px; border-top: 1px solid rgba(150&comma;150&comma;150&comma;0.1); padding-top: 8px; padding-bottom: 8px;\">Tecnolog&iacute;a Mesh: WPA EasyMesh<\/li>\n<li style=\"margin-bottom: 5px; border-top: 1px solid rgba(150&comma;150&comma;150&comma;0.1); padding-top: 8px; padding-bottom: 8px;\">Administraci&oacute;n en la nube: TP-Link Aginet Unified Cloud (TAUC)<\/li>\n<li style=\"margin-bottom: 5px; border-top: 1px solid rgba(150&comma;150&comma;150&comma;0.1); padding-top: 8px; padding-bottom: 8px;\"><a href=\"https:\/\/service-provider.tp-link.com\/gpon\/\" target=\"_blank\" rel=\"noopener noreferrer\" style=\"color: inherit; text-decoration: underline;\">Aprende M&aacute;s Sobre GPON<\/a><\/li>\n<\/ul>\n<\/div>\n<\/div>\n<p><!-- Card: F\u00edsicas y el\u00e9ctricas --><\/p>\n<div style=\"flex: 1 1 250px; border: 1px solid rgba(150&comma; 150&comma; 150&comma; 0.4); border-radius: 8px; overflow: hidden; display: flex; flex-direction: column;\">\n<div style=\"padding: 15px; border-bottom: 1px solid rgba(150&comma; 150&comma; 150&comma; 0.2); font-weight: bold; font-size: 18px; color: inherit;\">Caracter&iacute;sticas f&iacute;sicas y el&eacute;ctricas<\/div>\n<div style=\"padding: 15px; color: inherit;\">\n<ul style=\"padding-left: 20px; margin: 0; font-size: 14px; list-style-type: disc;\">\n<li style=\"margin-bottom: 5px; border-top: 1px solid rgba(150&comma;150&comma;150&comma;0.1); padding-top: 8px; padding-bottom: 8px;\">Dimensiones: 157.23 x 112.36 x 37 mm<\/li>\n<li style=\"margin-bottom: 5px; border-top: 1px solid rgba(150&comma;150&comma;150&comma;0.1); padding-top: 8px; padding-bottom: 8px;\">Alimentaci&oacute;n: 12 Vcd \/ 1A<\/li>\n<li style=\"margin-bottom: 5px; border-top: 1px solid rgba(150&comma;150&comma;150&comma;0.1); padding-top: 8px; padding-bottom: 8px;\">Consumo m&aacute;ximo: 12W<\/li>\n<li style=\"margin-bottom: 5px; border-top: 1px solid rgba(150&comma;150&comma;150&comma;0.1); padding-top: 8px; padding-bottom: 8px;\">Temperatura de operaci&oacute;n: 0&ordm; a 40&ordm;<\/li>\n<li style=\"margin-bottom: 5px; border-top: 1px solid rgba(150&comma;150&comma;150&comma;0.1); padding-top: 8px; padding-bottom: 8px;\">Humedad de operaci&oacute;n: 10 a 90% sin condensaci&oacute;n<\/li>\n<li style=\"margin-bottom: 5px; border-top: 1px solid rgba(150&comma;150&comma;150&comma;0.1); padding-top: 8px; padding-bottom: 8px;\">Frecuencia: 2.4 GHz \/ 5 GHz (no soporta DFS)<\/li>\n<li style=\"margin-bottom: 5px; border-top: 1px solid rgba(150&comma;150&comma;150&comma;0.1); padding-top: 8px; padding-bottom: 8px;\">Potencia de transmisi&oacute;n: 2.4 GHz: 26dBm(EIRP)&comma; 5 GHz: 28dBm(EIRP)<\/li>\n<li style=\"margin-bottom: 5px; border-top: 1px solid rgba(150&comma;150&comma;150&comma;0.1); padding-top: 8px; padding-bottom: 8px;\">Sensibilidad de recepci&oacute;n GPON\/EPON: -27dBm<\/li>\n<\/ul>\n<\/div>\n<\/div>\n<p><!-- Card: Contenido del paquete --><\/p>\n<div style=\"flex: 1 1 250px; border: 1px solid rgba(150&comma; 150&comma; 150&comma; 0.4); border-radius: 8px; overflow: hidden; display: flex; flex-direction: column;\">\n<div style=\"padding: 15px; border-bottom: 1px solid rgba(150&comma; 150&comma; 150&comma; 0.2); font-weight: bold; font-size: 18px; color: inherit;\">Contenido del Paquete<\/div>\n<div style=\"padding: 15px; color: inherit;\">\n<ul style=\"padding-left: 20px; margin: 0; font-size: 14px; list-style-type: disc;\">\n<li style=\"margin-bottom: 5px; border-top: 1px solid rgba(150&comma;150&comma;150&comma;0.1); padding-top: 8px; padding-bottom: 8px;\">Router XPON(ONU\/ONT): XC220-G3<\/li>\n<li style=\"margin-bottom: 5px; border-top: 1px solid rgba(150&comma;150&comma;150&comma;0.1); padding-top: 8px; padding-bottom: 8px;\">Cable Ethernet RJ45<\/li>\n<li style=\"margin-bottom: 5px; border-top: 1px solid rgba(150&comma;150&comma;150&comma;0.1); padding-top: 8px; padding-bottom: 8px;\">Adaptador de corriente<\/li>\n<li style=\"margin-bottom: 5px; border-top: 1px solid rgba(150&comma;150&comma;150&comma;0.1); padding-top: 8px; padding-bottom: 8px;\">Gu&iacute;a de instalaci&oacute;n<\/li>\n<\/ul>\n<\/div>\n<\/div>\n<p><!-- Card: Funciones avanzadas --><\/p>\n<div style=\"flex: 1 1 250px; border: 1px solid rgba(150&comma; 150&comma; 150&comma; 0.4); border-radius: 8px; overflow: hidden; display: flex; flex-direction: column;\">\n<div style=\"padding: 15px; border-bottom: 1px solid rgba(150&comma; 150&comma; 150&comma; 0.2); font-weight: bold; font-size: 18px; color: inherit;\">Funciones Avanzadas:<\/div>\n<div style=\"padding: 15px; color: inherit;\">\n<ul style=\"padding-left: 20px; margin: 0; font-size: 14px; list-style-type: disc;\">\n<li style=\"margin-bottom: 5px; border-top: 1px solid rgba(150&comma;150&comma;150&comma;0.1); padding-top: 8px; padding-bottom: 8px;\">Calidad de Servicio QoS<\/li>\n<li style=\"margin-bottom: 5px; border-top: 1px solid rgba(150&comma;150&comma;150&comma;0.1); padding-top: 8px; padding-bottom: 8px;\"><a href=\"https:\/\/aginet.tp-link.com\/mx\/landing\/\" target=\"_blank\" rel=\"noopener noreferrer\" style=\"color: inherit; text-decoration: underline;\">Registrate para descargar AgiNet<\/a><\/li>\n<li style=\"margin-bottom: 5px; border-top: 1px solid rgba(150&comma;150&comma;150&comma;0.1); padding-top: 8px; padding-bottom: 8px;\">DynDNS \/ no-IP<\/li>\n<li style=\"margin-bottom: 5px; border-top: 1px solid rgba(150&comma;150&comma;150&comma;0.1); padding-top: 8px; padding-bottom: 8px;\">VPN &#8211; PPTP \/ L2TP<\/li>\n<li style=\"margin-bottom: 5px; border-top: 1px solid rgba(150&comma;150&comma;150&comma;0.1); padding-top: 8px; padding-bottom: 8px;\">Filtrado de URL<\/li>\n<li style=\"margin-bottom: 5px; border-top: 1px solid rgba(150&comma;150&comma;150&comma;0.1); padding-top: 8px; padding-bottom: 8px;\">EasyMesh y soporta 802.11k\/v\/r<\/li>\n<li style=\"margin-bottom: 5px; border-top: 1px solid rgba(150&comma;150&comma;150&comma;0.1); padding-top: 8px; padding-bottom: 8px;\">IGMP<\/li>\n<\/ul>\n<\/div>\n<\/div>\n<\/div>\n<p><!-- Secci\u00f3n de caracter\u00edsticas t\u00e9cnicas --><\/p>\n<div style=\"display: flex; flex-wrap: wrap; gap: 30px; margin-bottom: 30px;\">\n<div style=\"flex: 1 1 300px; min-width: 280px;\">\n<h3 style=\"font-size: 20px; border-bottom: 2px solid currentColor; padding-bottom: 5px; margin-top: 0; color: inherit; opacity: 0.8;\">Wi-Fi de banda dual ultrarr&aacute;pida hasta 1.2 Gbps<\/h3>\n<p style=\"color: inherit; opacity: 0.85; margin-top: 10px;\">El XC220-G3 te permite conectar m&aacute;s dispositivos y transmitir simult&aacute;neamente gracias a sus bandas duales de 2&comma;4 GHz y 5 GHz. La banda de 5 GHz ofrece velocidades de hasta 867 Mbps&comma; ideal para aplicaciones que requieren un uso intensivo del ancho de banda&comma; como la transmisi&oacute;n de v&iacute;deo y los juegos en l&iacute;nea. La banda de 2&comma;4 GHz proporciona conexiones fiables para enviar correos electr&oacute;nicos&comma; navegar por la web y realizar otras tareas sencillas.<\/p>\n<\/div>\n<div style=\"flex: 1 1 300px; min-width: 280px;\"><img decoding=\"async\" style=\"width: 100%; height: auto; border: 1px solid rgba(150&comma; 150&comma; 150&comma; 0.3); border-radius: 8px;\" src=\"http:\/\/ftp3.syscom.mx\/usuarios\/ftp\/2025\/10\/13\/1908\/1.jpg_froala_68ed3665b2b70\" alt=\"Switch Industrial eKit S210I-8T4SX\" class=\"fr-fic fr-dii\"><\/div>\n<\/div>\n<p><!-- Secci\u00f3n de MU-MIMO --><\/p>\n<div style=\"display: flex; flex-wrap: wrap; gap: 30px; margin-bottom: 30px;\">\n<div style=\"flex: 1 1 300px; min-width: 280px; order: 2;\">\n<h3 style=\"font-size: 20px; border-bottom: 2px solid currentColor; padding-bottom: 5px; margin-top: 0; color: inherit; opacity: 0.8;\">Conecte m&aacute;s dispositivos simult&aacute;neamente<\/h3>\n<p style=\"color: inherit; opacity: 0.85; margin-top: 10px;\">Gracias a la tecnolog&iacute;a MU-MIMO&comma; el XC220-G3 permite que sus dispositivos alcancen un rendimiento &oacute;ptimo al mejorar la eficiencia de la comunicaci&oacute;n y reducir la latencia. Con dos flujos de datos simult&aacute;neos en las bandas de 2&comma;4 GHz y 5 GHz&comma; los usuarios pueden disfrutar de velocidades m&aacute;s r&aacute;pidas y una experiencia en l&iacute;nea mejorada&comma; incluso en entornos de alta densidad.<\/p>\n<\/div>\n<div style=\"flex: 1 1 300px; min-width: 280px; order: 1;\"><img decoding=\"async\" style=\"width: 100%; height: auto; border: 1px solid rgba(150&comma; 150&comma; 150&comma; 0.3); border-radius: 8px;\" src=\"http:\/\/ftp3.syscom.mx\/usuarios\/ftp\/2025\/10\/13\/1908\/1.jpg_froala_68ed373191dd2\" alt=\"Switch Industrial eKit S210I-8T4SX\" class=\"fr-fic fr-dii\"><\/div>\n<\/div>\n<p><!-- Secci\u00f3n de cobertura WiFi --><\/p>\n<div style=\"display: flex; flex-wrap: wrap; gap: 30px; margin-bottom: 30px;\">\n<div style=\"flex: 1 1 300px; min-width: 280px;\">\n<h3 style=\"font-size: 20px; border-bottom: 2px solid currentColor; padding-bottom: 5px; margin-top: 0; color: inherit; opacity: 0.8;\">Amplia cobertura WiFi<\/h3>\n<p style=\"color: inherit; opacity: 0.85; margin-top: 10px;\">La tecnolog&iacute;a Beamforming y las antenas de alta ganancia se combinan para adaptar la cobertura WiFi a la perfecci&oacute;n para que se ajuste a su hogar y concentre la intensidad de la se&ntilde;al en cada dispositivo.<\/p>\n<\/div>\n<div style=\"flex: 1 1 300px; min-width: 280px;\"><img decoding=\"async\" style=\"width: 100%; height: auto; border: 1px solid rgba(150&comma; 150&comma; 150&comma; 0.3); border-radius: 8px;\" src=\"http:\/\/ftp3.syscom.mx\/usuarios\/ftp\/2025\/10\/13\/1908\/1.jpg_froala_68ed37f1bd614\" alt=\"Switch Industrial eKit S210I-8T4SX\" class=\"fr-fic fr-dii\"><\/div>\n<\/div>\n<p><!-- Secci\u00f3n de configuraci\u00f3n --><\/p>\n<div style=\"display: flex; flex-wrap: wrap; gap: 30px; margin-bottom: 30px;\">\n<div style=\"flex: 1 1 300px; min-width: 280px; order: 2;\">\n<h3 style=\"font-size: 20px; border-bottom: 2px solid currentColor; padding-bottom: 5px; margin-top: 0; color: inherit; opacity: 0.8;\">F&aacute;cil de configurar y usar<\/h3>\n<p style=\"color: inherit; opacity: 0.85; margin-top: 10px;\">Puede configurar su dispositivo y red en minutos&comma; ya sea que prefiera la potente aplicaci&oacute;n Aginet o la intuitiva interfaz web. La aplicaci&oacute;n Aginet le permite administrar su red desde un tel&eacute;fono inteligente o una tableta.<\/p>\n<\/div>\n<div style=\"flex: 1 1 300px; min-width: 280px; order: 1;\"><img decoding=\"async\" style=\"width: 100%; height: auto; border: 1px solid rgba(150&comma; 150&comma; 150&comma; 0.3); border-radius: 8px;\" src=\"http:\/\/ftp3.syscom.mx\/usuarios\/ftp\/2025\/10\/13\/1908\/1.jpg_froala_68ed3a3722db8\" alt=\"Switch Industrial eKit S210I-8T4SX\" class=\"fr-fic fr-dii\"><\/div>\n<\/div>\n<\/div>\n","protected":false},"excerpt":{"rendered":"<p>ONU\/ONT &#8211; XPON Router WIFI AC 1200 \/ Modo EPON y GPON \/ 1 Puerto PON SC\/APC \/ 2 Puertos LAN 10\/100\/1000 MBPS \/ Soporta AgiNet Config &#8211; AgiNet ACS (herramienta de gest\u00f3n remota)<\/p>\n","protected":false},"featured_media":86302,"comment_status":"open","ping_status":"closed","template":"","meta":[],"product_brand":[],"product_cat":[2010],"product_tag":[2012,2011,71],"class_list":{"0":"post-86303","1":"product","2":"type-product","3":"status-publish","4":"has-post-thumbnail","6":"product_cat-onus-onts","7":"product_tag-onus-onts","8":"product_tag-redes-ftth-pon","9":"product_tag-tp-link","11":"first","12":"instock","13":"sale","14":"shipping-taxable","15":"purchasable","16":"product-type-simple"},"_links":{"self":[{"href":"https:\/\/soydeaqui.ddns.net\/pachuca\/index.php\/wp-json\/wp\/v2\/product\/86303","targetHints":{"allow":["GET"]}}],"collection":[{"href":"https:\/\/soydeaqui.ddns.net\/pachuca\/index.php\/wp-json\/wp\/v2\/product"}],"about":[{"href":"https:\/\/soydeaqui.ddns.net\/pachuca\/index.php\/wp-json\/wp\/v2\/types\/product"}],"replies":[{"embeddable":true,"href":"https:\/\/soydeaqui.ddns.net\/pachuca\/index.php\/wp-json\/wp\/v2\/comments?post=86303"}],"wp:featuredmedia":[{"embeddable":true,"href":"https:\/\/soydeaqui.ddns.net\/pachuca\/index.php\/wp-json\/wp\/v2\/media\/86302"}],"wp:attachment":[{"href":"https:\/\/soydeaqui.ddns.net\/pachuca\/index.php\/wp-json\/wp\/v2\/media?parent=86303"}],"wp:term":[{"taxonomy":"product_brand","embeddable":true,"href":"https:\/\/soydeaqui.ddns.net\/pachuca\/index.php\/wp-json\/wp\/v2\/product_brand?post=86303"},{"taxonomy":"product_cat","embeddable":true,"href":"https:\/\/soydeaqui.ddns.net\/pachuca\/index.php\/wp-json\/wp\/v2\/product_cat?post=86303"},{"taxonomy":"product_tag","embeddable":true,"href":"https:\/\/soydeaqui.ddns.net\/pachuca\/index.php\/wp-json\/wp\/v2\/product_tag?post=86303"}],"curies":[{"name":"wp","href":"https:\/\/api.w.org\/{rel}","templated":true}]}}