{"id":86284,"date":"2026-03-19T22:15:41","date_gmt":"2026-03-19T22:15:41","guid":{"rendered":"https:\/\/soydeaqui.ddns.net\/pachuca\/index.php\/producto\/onu-ont-bridge-epon-gpon-con-1-puerto-sc-upc-1-puerto-lan-gigabit-roseta-incluida\/"},"modified":"2026-03-19T22:15:54","modified_gmt":"2026-03-19T22:15:54","slug":"onu-ont-bridge-epon-gpon-con-1-puerto-sc-upc-1-puerto-lan-gigabit-roseta-incluida","status":"publish","type":"product","link":"https:\/\/soydeaqui.ddns.net\/pachuca\/index.php\/producto\/onu-ont-bridge-epon-gpon-con-1-puerto-sc-upc-1-puerto-lan-gigabit-roseta-incluida\/","title":{"rendered":"ONU\/ONT Bridge EPON\/GPON con 1 Puerto SC\/UPC + 1 Puerto LAN Gigabit + Roseta Incluida"},"content":{"rendered":"<div style='width: 100%; max-width: 1200px; margin: 0 auto; font-family: sans-serif; line-height: 1.6; color: inherit; background-color: transparent;'> <!-- Secci\u00f3n de caracter\u00edsticas en grid --> <\/p>\n<div style='display: grid; grid-template-columns: repeat(auto-fit&comma; minmax(280px&comma; 1fr)); gap: 30px; margin-bottom: 30px;'> <!-- Caracter\u00edsticas principales --> <\/p>\n<div style='border-left: 5px solid #ff0000; border-radius: 8px; padding: 15px; background-color: rgba(150&comma;150&comma;150&comma;0.05);'>\n<h3 style='font-size: 20px; margin-top: 0; margin-bottom: 15px; color: inherit; opacity: 0.85;'>Caracter\u00edsticas principales<\/h3>\n<ul style='padding-left: 20px; margin: 0; font-size: 15px; color: inherit;'>\n<li style='margin-bottom: 8px;'>Dimensiones: 91 \u00d7 91 \u00d7 41 mm<\/li>\n<li style='margin-bottom: 8px;'>Aplicaciones: CCTV&comma; Control de Acceso&comma; ISP<\/li>\n<li style='margin-bottom: 8px;'>Gesti\u00f3n y Monitoreo en l\u00ednea desde la OLT V-SOL<\/li>\n<li style='margin-bottom: 8px;'>Gesti\u00f3n amigable desde: EMS \/ Web \/ Telnet \/ CLI<\/li>\n<\/ul><\/div>\n<p> <!-- Caracter\u00edsticas F\u00edsicas y El\u00e9ctricas --> <\/p>\n<div style='border-left: 5px solid #ff0000; border-radius: 8px; padding: 15px; background-color: rgba(150&comma;150&comma;150&comma;0.05);'>\n<h3 style='font-size: 20px; margin-top: 0; margin-bottom: 15px; color: inherit; opacity: 0.85;'>Caracter\u00edsticas F\u00edsicas y El\u00e9ctricas<\/h3>\n<ul style='padding-left: 20px; margin: 0; font-size: 15px; color: inherit;'>\n<li style='margin-bottom: 8px;'>Alimentaci\u00f3n: 12V .5A (Fuente Incluida)<\/li>\n<li style='margin-bottom: 8px;'>Consumo m\u00e1ximo: 4W<\/li>\n<li style='margin-bottom: 8px;'>Peso: 0.170 Kg<\/li>\n<li style='margin-bottom: 8px;'>Temperatura de operaci\u00f3n: -10 a 55\u00b0C<\/li>\n<\/ul><\/div>\n<p> <!-- Caracter\u00edsticas de Red --> <\/p>\n<div style='border-left: 5px solid #ff0000; border-radius: 8px; padding: 15px; background-color: rgba(150&comma;150&comma;150&comma;0.05);'>\n<h3 style='font-size: 20px; margin-top: 0; margin-bottom: 15px; color: inherit; opacity: 0.85;'>Caracter\u00edsticas de Red<\/h3>\n<ul style='padding-left: 20px; margin: 0; font-size: 15px; color: inherit;'>\n<li style='margin-bottom: 8px;'>1 Puerto 1 Gbps RJ45<\/li>\n<li style='margin-bottom: 8px;'>1 Puerto PON SC\/UPC<\/li>\n<\/ul><\/div>\n<\/p><\/div>\n<p> <!-- T\u00edtulos de dise\u00f1o --> <\/p>\n<div style='text-align: center; margin: 30px 0;'>\n<h2 style='font-size: 28px; margin: 0 0 10px; color: inherit;'>Roseta + ONU Bridge<\/h2>\n<h3 style='font-size: 20px; margin: 0; color: inherit;'>Roseta de Fibra \u00d3ptica | ONU Bridge<\/h3>\n<\/p><\/div>\n<p> <!-- Im\u00e1genes --> <\/p>\n<div style='display: flex; flex-direction: column; gap: 20px; margin-bottom: 30px;'> <img style='width: 100%; height: auto; border: 1px solid rgba(150&comma;150&comma;150&comma;0.3); border-radius: 8px;' src='https:\/\/www.vsolcn.com\/wp-content\/uploads\/2023\/08\/V2801SC-1.jpg' alt='V2801SC ONU Bridge frontal'> <\/p>\n<h3 style='font-size: 24px; margin: 20px 0 10px; text-align: center; color: inherit;'>Dise\u00f1o Compacto y Est\u00e9tico<\/h3>\n<p> <img style='width: 100%; height: auto; border: 1px solid rgba(150&comma;150&comma;150&comma;0.3); border-radius: 8px;' src='https:\/\/www.vsolcn.com\/wp-content\/uploads\/2023\/08\/V2801SC-2.jpg' alt='V2801SC dise\u00f1o compacto'> <\/div>\n<div style='text-align: center; margin: 30px 0;'>\n<h3 style='font-size: 24px; margin: 0 0 20px; color: inherit;'>Dise\u00f1o Exclusivo<\/h3>\n<p> <img style='width: 100%; height: auto; border: 1px solid rgba(150&comma;150&comma;150&comma;0.3); border-radius: 8px;' src='https:\/\/www.vsolcn.com\/wp-content\/uploads\/2023\/08\/V2801SC-3.jpg' alt='V2801SC dise\u00f1o exclusivo'> <\/div>\n<div style='text-align: center; margin: 30px 0;'>\n<h3 style='font-size: 24px; margin: 20px 0 10px; color: inherit;'>F\u00e1cil Instalaci\u00f3n<\/h3>\n<p> <img style='width: 100%; height: auto; border: 1px solid rgba(150&comma;150&comma;150&comma;0.3); border-radius: 8px;' src='https:\/\/www.vsolcn.com\/wp-content\/uploads\/2023\/08\/V2801SC-4.jpg' alt='V2801SC f\u00e1cil instalaci\u00f3n'> <\/div>\n<div style='text-align: center; margin: 30px 0;'>\n<h3 style='font-size: 24px; margin: 20px 0 10px; color: inherit;'>Opciones de Montaje<\/h3>\n<p> <img style='width: 100%; height: auto; border: 1px solid rgba(150&comma;150&comma;150&comma;0.3); border-radius: 8px;' src='https:\/\/www.vsolcn.com\/wp-content\/uploads\/2023\/08\/V2801SC-5.jpg' alt='V2801SC opciones de montaje'> <\/div>\n<\/p><\/div>\n","protected":false},"excerpt":{"rendered":"<p>ONU\/ONT Bridge EPON\/GPON con 1 Puerto SC\/UPC + 1 Puerto LAN Gigabit + Roseta Incluida<\/p>\n","protected":false},"featured_media":86283,"comment_status":"open","ping_status":"closed","template":"","meta":[],"product_brand":[],"product_cat":[2010],"product_tag":[2012,2011,2013],"class_list":{"0":"post-86284","1":"product","2":"type-product","3":"status-publish","4":"has-post-thumbnail","6":"product_cat-onus-onts","7":"product_tag-onus-onts","8":"product_tag-redes-ftth-pon","9":"product_tag-v-sol","11":"first","12":"instock","13":"sale","14":"shipping-taxable","15":"purchasable","16":"product-type-simple"},"_links":{"self":[{"href":"https:\/\/soydeaqui.ddns.net\/pachuca\/index.php\/wp-json\/wp\/v2\/product\/86284","targetHints":{"allow":["GET"]}}],"collection":[{"href":"https:\/\/soydeaqui.ddns.net\/pachuca\/index.php\/wp-json\/wp\/v2\/product"}],"about":[{"href":"https:\/\/soydeaqui.ddns.net\/pachuca\/index.php\/wp-json\/wp\/v2\/types\/product"}],"replies":[{"embeddable":true,"href":"https:\/\/soydeaqui.ddns.net\/pachuca\/index.php\/wp-json\/wp\/v2\/comments?post=86284"}],"wp:featuredmedia":[{"embeddable":true,"href":"https:\/\/soydeaqui.ddns.net\/pachuca\/index.php\/wp-json\/wp\/v2\/media\/86283"}],"wp:attachment":[{"href":"https:\/\/soydeaqui.ddns.net\/pachuca\/index.php\/wp-json\/wp\/v2\/media?parent=86284"}],"wp:term":[{"taxonomy":"product_brand","embeddable":true,"href":"https:\/\/soydeaqui.ddns.net\/pachuca\/index.php\/wp-json\/wp\/v2\/product_brand?post=86284"},{"taxonomy":"product_cat","embeddable":true,"href":"https:\/\/soydeaqui.ddns.net\/pachuca\/index.php\/wp-json\/wp\/v2\/product_cat?post=86284"},{"taxonomy":"product_tag","embeddable":true,"href":"https:\/\/soydeaqui.ddns.net\/pachuca\/index.php\/wp-json\/wp\/v2\/product_tag?post=86284"}],"curies":[{"name":"wp","href":"https:\/\/api.w.org\/{rel}","templated":true}]}}