{"id":86266,"date":"2026-03-19T22:14:53","date_gmt":"2026-03-19T22:14:53","guid":{"rendered":"https:\/\/soydeaqui.ddns.net\/pachuca\/index.php\/producto\/switch-poe-16-puertos-gigabit-no-administrable-8-puertos-10-100-1000-mbps-8-puertos-poe-hasta-145w\/"},"modified":"2026-03-19T22:15:06","modified_gmt":"2026-03-19T22:15:06","slug":"switch-poe-16-puertos-gigabit-no-administrable-8-puertos-10-100-1000-mbps-8-puertos-poe-hasta-145w","status":"publish","type":"product","link":"https:\/\/soydeaqui.ddns.net\/pachuca\/index.php\/producto\/switch-poe-16-puertos-gigabit-no-administrable-8-puertos-10-100-1000-mbps-8-puertos-poe-hasta-145w\/","title":{"rendered":"Switch PoE+ 16 Puertos Gigabit No Administrable \/ 8 puertos 10\/100\/1000 Mbps \/ 8 puertos PoE+ \/ hasta 145W"},"content":{"rendered":"<div style='width: 100%; max-width: 1200px; margin: 0 auto; font-family: sans-serif; line-height: 1.6; color: inherit; background-color: transparent;'>\n<div style='display: flex; flex-wrap: wrap; gap: 30px; margin-bottom: 30px;'>\n<div style='flex: 1 1 300px; min-width: 280px;'>\n<h3 style='font-size: 22px; border-bottom: 2px solid currentColor; padding-bottom: 5px; margin-top: 0; color: inherit; opacity: 0.8;'>Switches de red no administrables Serie GWN7700<\/h3>\n<ul style='padding-left: 20px; font-size: 15px; color: inherit;'>\n<li style='margin-bottom: 5px;'>16 puertos Gigabit Ethernet.<\/li>\n<li style='margin-bottom: 5px;'>8 puertos PoE+.<\/li>\n<li style='margin-bottom: 5px;'>La tecnolog\u00eda verde reduce el consumo de energ\u00eda<\/li>\n<li style='margin-bottom: 5px;'>Autoaprendizaje y Aging autom\u00e1tico de direcciones Mac<\/li>\n<li style='margin-bottom: 5px;'>IEEE 802.3x Control de flujo<\/li>\n<li style='margin-bottom: 5px;'>Contrapresi\u00f3n Semid\u00faplex<\/li>\n<\/ul><\/div>\n<div style='flex: 1 1 300px; min-width: 280px;'> <img style='width: 100%; height: auto; border: 1px solid rgba(150&comma;150&comma;150&comma;0.3); border-radius: 8px;' src='https:\/\/www.grandstream.com\/hubfs\/Partner_Marketing_Kit\/GWN_Switches_PMK\/Combined-Figure-GWN7702_03_06.png' alt='Switches de red no administrables Serie GWN7700'> <\/div>\n<\/p><\/div>\n<div style='display: flex; flex-wrap: wrap; gap: 20px; margin-bottom: 30px;'>\n<div style='flex: 1 1 250px; border: 1px solid rgba(150&comma; 150&comma; 150&comma; 0.4); border-radius: 8px; overflow: hidden; display: flex; flex-direction: column;'>\n<div style='padding: 15px; border-bottom: 1px solid rgba(150&comma; 150&comma; 150&comma; 0.2); font-weight: bold; font-size: 18px; color: inherit;'>Caracter\u00edsticas principales:<\/div>\n<div style='padding: 15px; color: inherit;'>\n<ul style='padding-left: 20px; margin: 0; font-size: 14px; list-style-type: disc;'>\n<li style='margin-bottom: 5px;'>16 puertos RJ45 de 10\/100\/1000 Mbps.<\/li>\n<li style='margin-bottom: 5px;'>8 puertos PoE af\/at.<\/li>\n<li style='margin-bottom: 5px;'>Carcaza metal<\/li>\n<li style='margin-bottom: 5px;'>Tabla de direcciones MAC 8K<\/li>\n<li style='margin-bottom: 5px;'>Capacidad de conmutaci\u00f3n 16 Gbps.<\/li>\n<li style='margin-bottom: 5px;'>Marco Jumbo 9KB<\/li>\n<li style='margin-bottom: 5px;'>MDI\/MDIX Autom\u00e1tico<\/li>\n<\/ul><\/div>\n<\/p><\/div>\n<div style='flex: 1 1 250px; border: 1px solid rgba(150&comma; 150&comma; 150&comma; 0.4); border-radius: 8px; overflow: hidden; display: flex; flex-direction: column;'>\n<div style='padding: 15px; border-bottom: 1px solid rgba(150&comma; 150&comma; 150&comma; 0.2); font-weight: bold; font-size: 18px; color: inherit;'>Caracter\u00edsticas F\u00edsicas y El\u00e9ctricas:<\/div>\n<div style='padding: 15px; color: inherit;'>\n<ul style='padding-left: 20px; margin: 0; font-size: 14px; list-style-type: disc;'>\n<li style='margin-bottom: 5px;'>Peso Unidad: 1.58 KG Paquete completo: 2.18 KG<\/li>\n<li style='margin-bottom: 5px;'>Dimensiones Unidad: 280 x 180 x 44mm Paquete: 366 x 211 x 53mm<\/li>\n<li style='margin-bottom: 5px;'>Temperatura de almacenamiento: -10\u201370 \u00b0C.<\/li>\n<li style='margin-bottom: 5px;'>Fuente de alimentaci\u00f3n Interno 110-240V AC&comma; 50\/60Hz&comma;1 50W<\/li>\n<\/ul><\/div>\n<\/p><\/div>\n<div style='flex: 1 1 250px; border: 1px solid rgba(150&comma; 150&comma; 150&comma; 0.4); border-radius: 8px; overflow: hidden; display: flex; flex-direction: column;'>\n<div style='padding: 15px; border-bottom: 1px solid rgba(150&comma; 150&comma; 150&comma; 0.2); font-weight: bold; font-size: 18px; color: inherit;'>Contenido:<\/div>\n<div style='padding: 15px; color: inherit;'>\n<ul style='padding-left: 20px; margin: 0; font-size: 14px; list-style-type: disc;'>\n<li style='margin-bottom: 5px;'>Switch GWN7702P<\/li>\n<li style='margin-bottom: 5px;'>1x Cable de 1.2m(10A) AC<\/li>\n<li style='margin-bottom: 5px;'>Soportes est\u00e1ndar para montaje en Rack<\/li>\n<li style='margin-bottom: 5px;'>4x pies de goma<\/li>\n<li style='margin-bottom: 5px;'>Gu\u00eda de instalaci\u00f3n.<\/li>\n<\/ul><\/div>\n<\/p><\/div>\n<\/p><\/div>\n<\/p><\/div>\n","protected":false},"excerpt":{"rendered":"<p>Switch PoE+ 16 Puertos Gigabit No Administrable \/ 8 puertos 10\/100\/1000 Mbps \/ 8 puertos PoE+ \/ hasta 145W<\/p>\n","protected":false},"featured_media":86265,"comment_status":"open","ping_status":"closed","template":"","meta":[],"product_brand":[],"product_cat":[1986],"product_tag":[909,664,1987],"class_list":{"0":"post-86266","1":"product","2":"type-product","3":"status-publish","4":"has-post-thumbnail","6":"product_cat-switches-poe","7":"product_tag-grandstream","8":"product_tag-networking","9":"product_tag-switches-poe","11":"first","12":"outofstock","13":"sale","14":"shipping-taxable","15":"purchasable","16":"product-type-simple"},"_links":{"self":[{"href":"https:\/\/soydeaqui.ddns.net\/pachuca\/index.php\/wp-json\/wp\/v2\/product\/86266","targetHints":{"allow":["GET"]}}],"collection":[{"href":"https:\/\/soydeaqui.ddns.net\/pachuca\/index.php\/wp-json\/wp\/v2\/product"}],"about":[{"href":"https:\/\/soydeaqui.ddns.net\/pachuca\/index.php\/wp-json\/wp\/v2\/types\/product"}],"replies":[{"embeddable":true,"href":"https:\/\/soydeaqui.ddns.net\/pachuca\/index.php\/wp-json\/wp\/v2\/comments?post=86266"}],"wp:featuredmedia":[{"embeddable":true,"href":"https:\/\/soydeaqui.ddns.net\/pachuca\/index.php\/wp-json\/wp\/v2\/media\/86265"}],"wp:attachment":[{"href":"https:\/\/soydeaqui.ddns.net\/pachuca\/index.php\/wp-json\/wp\/v2\/media?parent=86266"}],"wp:term":[{"taxonomy":"product_brand","embeddable":true,"href":"https:\/\/soydeaqui.ddns.net\/pachuca\/index.php\/wp-json\/wp\/v2\/product_brand?post=86266"},{"taxonomy":"product_cat","embeddable":true,"href":"https:\/\/soydeaqui.ddns.net\/pachuca\/index.php\/wp-json\/wp\/v2\/product_cat?post=86266"},{"taxonomy":"product_tag","embeddable":true,"href":"https:\/\/soydeaqui.ddns.net\/pachuca\/index.php\/wp-json\/wp\/v2\/product_tag?post=86266"}],"curies":[{"name":"wp","href":"https:\/\/api.w.org\/{rel}","templated":true}]}}