{"id":86240,"date":"2026-03-19T22:13:47","date_gmt":"2026-03-19T22:13:47","guid":{"rendered":"https:\/\/soydeaqui.ddns.net\/pachuca\/index.php\/producto\/serie-sx-subwoofer-versatil-inalambrico-y-de-perfil-bajo-puertos-acusticos-duales-sistema-envolvente-5-1-con-serie-sx\/"},"modified":"2026-03-19T22:14:02","modified_gmt":"2026-03-19T22:14:02","slug":"serie-sx-subwoofer-versatil-inalambrico-y-de-perfil-bajo-puertos-acusticos-duales-sistema-envolvente-5-1-con-serie-sx","status":"publish","type":"product","link":"https:\/\/soydeaqui.ddns.net\/pachuca\/index.php\/producto\/serie-sx-subwoofer-versatil-inalambrico-y-de-perfil-bajo-puertos-acusticos-duales-sistema-envolvente-5-1-con-serie-sx\/","title":{"rendered":"Serie SX Subwoofer |\u00a0Vers\u00e1til, Inal\u00e1mbrico y de Perfil Bajo | Puertos Ac\u00fasticos Duales | Sistema Envolvente 5.1 con Serie SX"},"content":{"rendered":"<div style='width: 100%; max-width: 1200px; margin: 0 auto; font-family: sans-serif; line-height: 1.6; color: inherit; background-color: transparent;'> <!-- Imagen 1 --> <\/p>\n<div style='margin-bottom: 30px;'> <img style='width: 100%; height: auto; border: 1px solid rgba(150&comma;150&comma;150&comma;0.3); border-radius: 10px;' src='https:\/\/ftp3.syscom.mx\/usuarios\/luis.vargas\/VSSL\/SerieSX\/SX3.png' alt='Subwoofer VSSL SX'> <\/div>\n<p> <!-- Imagen 2 --> <\/p>\n<div style='margin-bottom: 30px;'> <img style='width: 50%; height: auto; border: 1px solid rgba(150&comma;150&comma;150&comma;0.3); border-radius: 0; margin-left: 25%;' src='https:\/\/ftp3.syscom.mx\/usuarios\/luis.vargas\/VSSL\/SerieSX\/SX2.png' alt='Sistema VSSL SX'> <\/div>\n<p> <!-- Descripci\u00f3n --> <\/p>\n<div style='margin-bottom: 30px; text-align: center;'>\n<p style='color: #7e8c8d; font-size: 14pt; margin: 0;'>\u00a1Siente toda la potencia de la serie VSSL SX a trav\u00e9s del subwoofer SX de 10&#8242;! El SX Sub se puede utilizar con una barra de sonido existente usando el conector de entrada LFE o se puede emparejar de forma inal\u00e1mbrica con la barra de sonido de la serie SX y (2) parlantes SX para crear un sonido Dolby 5.1. Experiencia de sonido envolvente digital.<\/p>\n<\/p><\/div>\n<p> <!-- Imagen 3 --> <\/p>\n<div style='margin-bottom: 30px;'> <img style='width: 100%; height: auto; border: 1px solid rgba(150&comma;150&comma;150&comma;0.3); border-radius: 10px;' src='https:\/\/ftp3.syscom.mx\/usuarios\/luis.vargas\/VSSL\/SerieSX\/SX1.jpg' alt='Sistema de sonido VSSL SX'> <\/div>\n<p> <!-- Caracter\u00edsticas --> <\/p>\n<div style='margin-bottom: 30px;'>\n<h3 style='font-size: 22px; border-bottom: 2px solid currentColor; padding-bottom: 5px; margin-top: 0; color: inherit; opacity: 0.8;'>Caracter\u00edsticas generales<\/h3>\n<div style='display: flex; flex-wrap: wrap; gap: 20px;'>\n<div style='flex: 1 1 300px; min-width: 280px;'>\n<ul style='padding-left: 20px; font-size: 15px; color: inherit;'>\n<li style='margin-bottom: 5px;'><strong>Amplificador:<\/strong> Amplificador digital clase D 350 Watts RMS 400 Watts PEAK<\/li>\n<li style='margin-bottom: 5px;'><strong>Woofer:<\/strong> 10\u201d Honeycomb<\/li>\n<li style='margin-bottom: 5px;'><strong>Dual Acoustic Ports:<\/strong> Sintonizado para mejorar el rendimiento del subwoofer<\/li>\n<li style='margin-bottom: 5px;'><strong>Respuesta de Frecuencia:<\/strong> 25Hz<\/li>\n<li style='margin-bottom: 5px;'><strong>All Digital Sound:<\/strong> Todas las configuraciones de filtro&comma; ecualizador activo y alineaci\u00f3n de tiempo se realizan digitalmente a trav\u00e9s de circuitos DSP para una calidad de audio y energ\u00eda sin p\u00e9rdidas.<\/li>\n<li style='margin-bottom: 5px;'><strong>Ecualizaci\u00f3n:<\/strong> Configuraci\u00f3n avanzada del ecualizador<\/li>\n<\/ul><\/div>\n<div style='flex: 1 1 300px; min-width: 280px;'>\n<ul style='padding-left: 20px; font-size: 15px; color: inherit;'>\n<li style='margin-bottom: 5px;'><strong>Wireless Connectivity:<\/strong> Se conecta a cualquier barra de sonido SX o altavoz SX<\/li>\n<li style='margin-bottom: 5px;'><strong>Alimentaci\u00f3n:<\/strong> Entrada universal de CA de 2 A con conmutaci\u00f3n autom\u00e1tica de 100-240 V ~50-60 Hz<\/li>\n<li style='margin-bottom: 5px;'><strong>Peso:<\/strong> 13.5Kg (28.8lb)<\/li>\n<li style='margin-bottom: 5px;'><strong>Dimensiones:<\/strong> Largo: 21&comma;65\u201d (550 mm) x Ancho: 16&comma;96\u201d (431 mm) x Alto: 4&comma;37\u201d (111 mm)<\/li>\n<li style='margin-bottom: 5px;'><strong>Temperatura de operaci\u00f3n:<\/strong> 32\u00b0 a 104\u00b0F (0\u00b0-40\u00b0C)<\/li>\n<li style='margin-bottom: 5px;'><strong>Multiple orientaciones:<\/strong> En posici\u00f3n vertical sobre un soporte (incluido) o en posici\u00f3n horizontal (pies de goma incorporados)<\/li>\n<\/ul><\/div>\n<\/p><\/div>\n<\/p><\/div>\n<p> <!-- Separador --> <\/p>\n<hr style='border: 0; border-top: 1px solid rgba(150&comma; 150&comma; 150&comma; 0.3); margin: 30px 0;'> <!-- Imagen 4 --> <\/p>\n<div style='margin-bottom: 30px;'> <img style='width: 100%; height: auto; border: 1px solid rgba(150&comma;150&comma;150&comma;0.3); border-radius: 10px;' src='https:\/\/ftp3.syscom.mx\/usuarios\/luis.vargas\/VSSL\/SerieSX\/SX4-1.jpg' alt='Instalaci\u00f3n VSSL SX'> <\/div>\n<p> <!-- Videos --> <\/p>\n<div style='margin-bottom: 30px;'>\n<h3 style='font-size: 22px; border-bottom: 2px solid currentColor; padding-bottom: 5px; margin-top: 0; color: inherit; opacity: 0.8;'>VIDEOS<\/h3>\n<div style='display: flex; flex-wrap: wrap; gap: 20px;'> <!-- Video 1 --> <\/p>\n<div style='flex: 1 1 300px; min-width: 280px; position: relative; padding-bottom: 56.25%; height: 0; overflow: hidden;'>   <\/div>\n<p> <!-- Video 2 --> <\/p>\n<div style='flex: 1 1 300px; min-width: 280px; position: relative; padding-bottom: 56.25%; height: 0; overflow: hidden;'>   <\/div>\n<p> <!-- Video 3 --> <\/p>\n<div style='flex: 1 1 300px; min-width: 280px; position: relative; padding-bottom: 56.25%; height: 0; overflow: hidden;'>   <\/div>\n<\/p><\/div>\n<\/p><\/div>\n<\/p><\/div>\n","protected":false},"excerpt":{"rendered":"<p>Serie SX Subwoofer |\u00a0Vers\u00e1til, Inal\u00e1mbrico y de Perfil Bajo | Puertos Ac\u00fasticos Duales | Sistema Envolvente 5.1 con Serie SX<\/p>\n","protected":false},"featured_media":86239,"comment_status":"open","ping_status":"closed","template":"","meta":[],"product_brand":[],"product_cat":[2061],"product_tag":[52,2062,2200],"class_list":{"0":"post-86240","1":"product","2":"type-product","3":"status-publish","4":"has-post-thumbnail","6":"product_cat-home-theater","7":"product_tag-audio-residencial-comercial","8":"product_tag-home-theater","9":"product_tag-vssl","11":"first","12":"instock","13":"sale","14":"shipping-taxable","15":"purchasable","16":"product-type-simple"},"_links":{"self":[{"href":"https:\/\/soydeaqui.ddns.net\/pachuca\/index.php\/wp-json\/wp\/v2\/product\/86240","targetHints":{"allow":["GET"]}}],"collection":[{"href":"https:\/\/soydeaqui.ddns.net\/pachuca\/index.php\/wp-json\/wp\/v2\/product"}],"about":[{"href":"https:\/\/soydeaqui.ddns.net\/pachuca\/index.php\/wp-json\/wp\/v2\/types\/product"}],"replies":[{"embeddable":true,"href":"https:\/\/soydeaqui.ddns.net\/pachuca\/index.php\/wp-json\/wp\/v2\/comments?post=86240"}],"wp:featuredmedia":[{"embeddable":true,"href":"https:\/\/soydeaqui.ddns.net\/pachuca\/index.php\/wp-json\/wp\/v2\/media\/86239"}],"wp:attachment":[{"href":"https:\/\/soydeaqui.ddns.net\/pachuca\/index.php\/wp-json\/wp\/v2\/media?parent=86240"}],"wp:term":[{"taxonomy":"product_brand","embeddable":true,"href":"https:\/\/soydeaqui.ddns.net\/pachuca\/index.php\/wp-json\/wp\/v2\/product_brand?post=86240"},{"taxonomy":"product_cat","embeddable":true,"href":"https:\/\/soydeaqui.ddns.net\/pachuca\/index.php\/wp-json\/wp\/v2\/product_cat?post=86240"},{"taxonomy":"product_tag","embeddable":true,"href":"https:\/\/soydeaqui.ddns.net\/pachuca\/index.php\/wp-json\/wp\/v2\/product_tag?post=86240"}],"curies":[{"name":"wp","href":"https:\/\/api.w.org\/{rel}","templated":true}]}}