{"id":86237,"date":"2026-03-19T22:13:37","date_gmt":"2026-03-19T22:13:37","guid":{"rendered":"https:\/\/soydeaqui.ddns.net\/pachuca\/index.php\/producto\/atl-lte18-kit-cpe-lte-direccional-para-exterior-banda-28-700-mhz-1-ghz-1-7-2-7-ghz-2\/"},"modified":"2026-03-19T22:13:39","modified_gmt":"2026-03-19T22:13:39","slug":"atl-lte18-kit-cpe-lte-direccional-para-exterior-banda-28-700-mhz-1-ghz-1-7-2-7-ghz-2","status":"publish","type":"product","link":"https:\/\/soydeaqui.ddns.net\/pachuca\/index.php\/producto\/atl-lte18-kit-cpe-lte-direccional-para-exterior-banda-28-700-mhz-1-ghz-1-7-2-7-ghz-2\/","title":{"rendered":"(ATL LTE18 kit) CPE LTE direccional para exterior Banda 28 (700 MHz &#8211; 1 GHz) (1.7 &#8211; 2.7 GHz)"},"content":{"rendered":"<div style='width: 100%; max-width: 1200px; margin: 0 auto; font-family: sans-serif; line-height: 1.6; color: inherit; background-color: transparent;'> <!-- Secci\u00f3n de descripci\u00f3n --> <\/p>\n<div style='margin-bottom: 30px; font-size: 15px;'>\n<p style='margin: 0 0 15px 0; color: inherit;'>El mundo sigue cambiando&comma; pero una cosa sigue siendo cierta: tienes que mantenerte conectado. El acceso inmediato a la informaci\u00f3n es vital. Es por eso que hemos desarrollado el ATL: una soluci\u00f3n LTE direccional de nivel de tecnolog\u00eda avanzada para aquellos que quieren aprovechar al m\u00e1ximo las estaciones base LTE. ATL cuenta con un <strong style='color: inherit;'>m\u00f3dem LTE<\/strong> fenomenal <strong style='color: inherit;'>de categor\u00eda 18<\/strong> y un <strong style='color: inherit;'>puerto Gigabit Ethernet con entrada PoE<\/strong>. Combinado con la <strong style='color: inherit;'>moderna CPU ARM<\/strong>&comma; esto significa <strong style='color: inherit;'>velocidades de hasta 1 Gbps<\/strong>&comma; \u00a1sin cuellos de botella!<\/p>\n<p style='margin: 0 0 15px 0; color: inherit;'>Una de las caracter\u00edsticas clave es el <strong style='color: inherit;'>MIMO 4&#215;4<\/strong> o soporte de entrada m\u00faltiple y salida m\u00faltiple. M\u00e1s antenas con las que trabajar: \u00a1mayor velocidad y mejor se\u00f1al! Puedes esperar un rendimiento fant\u00e1stico en las ciudades con estaciones base modernas. Pero ATL tambi\u00e9n puede hacer maravillas en las zonas rurales&comma; ya que admite <strong style='color: inherit;'>un rango de banda de frecuencia m\u00e1s amplio<\/strong> para las antenas de banda inferior.<\/p>\n<p style='margin: 0 0 15px 0; color: inherit;'>Hay <strong style='color: inherit;'>4 antenas de banda media de alta ganancia<\/strong> (1&comma;7 a 2&comma;7 GHz) y <strong style='color: inherit;'>2<\/strong> antenas de <strong style='color: inherit;'>banda de baja ganancia alta<\/strong> (700 MHz a 1 GHz&comma; banda LTE 28). \u00bfPor qu\u00e9 es tan importante? Dos razones. En primer lugar&comma; la banda LTE de 700 y 800 MHz es una de las opciones de frecuencia m\u00e1s populares del mundo. Es utilizado por innumerables operadores m\u00f3viles en todas partes&comma; por lo que ATL siempre podr\u00e1 encontrar alguna se\u00f1al. Y la segunda raz\u00f3n es la naturaleza de la frecuencia m\u00e1s baja en s\u00ed: este tipo de onda de radio puede viajar muy lejos. Todo depende de muchos factores&comma; incluida la llanuras del terreno&comma; pero ten la seguridad de que con ATL est\u00e1s en buenas manos.<\/p>\n<p style='margin: 0; color: inherit;'>A primera vista&comma; el <strong style='color: inherit;'>kit ATL LTE18<\/strong> parece una nave espacial&comma; pero hay una buena raz\u00f3n para ello. Este dise\u00f1o <strong style='color: inherit;'>evita que la nieve y el agua<\/strong> se acumulen y se congelen. As\u00ed que no solo es compacto y f\u00e1cil de enviar&comma; sino que tambi\u00e9n puede <strong style='color: inherit;'>manejar algunas de las condiciones clim\u00e1ticas m\u00e1s duras<\/strong>. ATL es una excelente herramienta para conexiones r\u00e1pidas y estables en ciudades fr\u00edas y nevadas sin tener que limpiar la antena todo el tiempo. Y el m\u00f3dem LTE Categor\u00eda 18 es bastante bueno para el futuro&comma; por lo que no tendr\u00e1s que preocuparte por las actualizaciones durante bastante tiempo.<\/p>\n<\/p><\/div>\n<p> <!-- Secci\u00f3n de especificaciones --> <\/p>\n<div style='display: flex; flex-wrap: wrap; gap: 20px; margin-bottom: 30px;'> <!-- Especificaciones principales --> <\/p>\n<div style='flex: 1 1 300px; min-width: 280px;'>\n<div style='border: 1px solid rgba(150&comma;150&comma;150&comma;0.4); border-radius: 8px; overflow: hidden; display: flex; flex-direction: column;'>\n<div style='padding: 15px; border-bottom: 1px solid rgba(150&comma;150&comma;150&comma;0.2); font-weight: bold; font-size: 18px; color: inherit;'>Especificaciones principales<\/div>\n<div style='padding: 15px; color: inherit;'>\n<ul style='padding-left: 20px; margin: 0; font-size: 14px; list-style-type: disc;'>\n<li style='margin-bottom: 5px;'><strong>C\u00f3digo de producto:<\/strong> ATLGMEG18EA<\/li>\n<li style='margin-bottom: 5px;'><strong>Arquitectura:<\/strong> ARM 64 bits<\/li>\n<li style='margin-bottom: 5px;'><strong>CPU:<\/strong> 88F3720<\/li>\n<li style='margin-bottom: 5px;'><strong>N\u00facleos de CPU:<\/strong> 2<\/li>\n<li style='margin-bottom: 5px;'><strong>Frecuencia CPU:<\/strong> 800 MHz<\/li>\n<li style='margin-bottom: 5px;'><strong>Licencia RouterOS:<\/strong> 3<\/li>\n<li style='margin-bottom: 5px;'><strong>Sistema operativo:<\/strong> RouterOS v7<\/li>\n<li style='margin-bottom: 5px;'><strong>Memoria RAM:<\/strong> 256 MB<\/li>\n<li style='margin-bottom: 5px;'><strong>Almacenamiento:<\/strong> 16 MB Flash<\/li>\n<li style='margin-bottom: 5px;'><strong>MTBF:<\/strong> Aproximadamente 200.000 horas a 25\u00b0C<\/li>\n<li style='margin-bottom: 5px;'><strong>Temperatura operativa:<\/strong> -40 \u00b0C a 70 \u00b0C<\/li>\n<\/ul><\/div>\n<\/p><\/div>\n<\/p><\/div>\n<p> <!-- Alimentaci\u00f3n --> <\/p>\n<div style='flex: 1 1 300px; min-width: 280px;'>\n<div style='border: 1px solid rgba(150&comma;150&comma;150&comma;0.4); border-radius: 8px; overflow: hidden; display: flex; flex-direction: column;'>\n<div style='padding: 15px; border-bottom: 1px solid rgba(150&comma;150&comma;150&comma;0.2); font-weight: bold; font-size: 18px; color: inherit;'>Alimentaci\u00f3n<\/div>\n<div style='padding: 15px; color: inherit;'>\n<ul style='padding-left: 20px; margin: 0; font-size: 14px; list-style-type: disc;'>\n<li style='margin-bottom: 5px;'><strong>Entrada:<\/strong> 1 (PoE-IN)<\/li>\n<li style='margin-bottom: 5px;'><strong>Consumo m\u00e1ximo:<\/strong> 8 W<\/li>\n<li style='margin-bottom: 5px;'><strong>Consumo sin accesorios:<\/strong> 8 W<\/li>\n<li style='margin-bottom: 5px;'><strong>Refrigeraci\u00f3n:<\/strong> Pasivo<\/li>\n<li style='margin-bottom: 5px;'><strong>PoE:<\/strong> 802.3af\/at<\/li>\n<li style='margin-bottom: 5px;'><strong>Voltaje PoE:<\/strong> 12-57 V<\/li>\n<\/ul><\/div>\n<\/p><\/div>\n<\/p><\/div>\n<p> <!-- Conectividad m\u00f3vil --> <\/p>\n<div style='flex: 1 1 300px; min-width: 280px;'>\n<div style='border: 1px solid rgba(150&comma;150&comma;150&comma;0.4); border-radius: 8px; overflow: hidden; display: flex; flex-direction: column;'>\n<div style='padding: 15px; border-bottom: 1px solid rgba(150&comma;150&comma;150&comma;0.2); font-weight: bold; font-size: 18px; color: inherit;'>Conectividad m\u00f3vil<\/div>\n<div style='padding: 15px; color: inherit;'>\n<ul style='padding-left: 20px; margin: 0; font-size: 14px; list-style-type: disc;'>\n<li style='margin-bottom: 5px;'><strong>Categor\u00eda 3G:<\/strong> R8 (42&comma;2 Mbps DL&comma; 11&comma;2 Mbps UL)<\/li>\n<li style='margin-bottom: 5px;'><strong>Bandas 3G:<\/strong> 1 (2100MHz)&comma; 3 (1800MHz)&comma; 5 (850MHz)&comma; 8 (900MHz)<\/li>\n<li style='margin-bottom: 5px;'><strong>Categor\u00eda LTE:<\/strong> 18 (1.2 Gbps DL&comma; 150 Mbps UL)<\/li>\n<li style='margin-bottom: 5px;'><strong>Bandas LTE FDD:<\/strong> 1 (2100MHz)&comma; 3 (1800MHz)&comma; 5 (850MHz)&comma; 8 (900 MHz)&comma; 20 (800MHz)&comma; 28 (700MHz)&comma; 7 (2600MHz)<\/li>\n<li style='margin-bottom: 5px;'><strong>Bandas LTE TDD:<\/strong> 38 (2600 MHz)&comma; 40 (2300 MHz)&comma; 41 (2500 MHz)<\/li>\n<li style='margin-bottom: 5px;'><strong>TAC:<\/strong> 86981604<\/li>\n<\/ul><\/div>\n<\/p><\/div>\n<\/p><\/div>\n<p> <!-- Conectividad Ethernet --> <\/p>\n<div style='flex: 1 1 300px; min-width: 280px;'>\n<div style='border: 1px solid rgba(150&comma;150&comma;150&comma;0.4); border-radius: 8px; overflow: hidden; display: flex; flex-direction: column;'>\n<div style='padding: 15px; border-bottom: 1px solid rgba(150&comma;150&comma;150&comma;0.2); font-weight: bold; font-size: 18px; color: inherit;'>Ethernet<\/div>\n<div style='padding: 15px; color: inherit;'>\n<ul style='padding-left: 20px; margin: 0; font-size: 14px; list-style-type: disc;'>\n<li style='margin-bottom: 5px;'><strong>Puerto Ethernet:<\/strong> 10\/100\/1000<\/li>\n<\/ul><\/div>\n<\/p><\/div>\n<\/p><\/div>\n<p> <!-- Perif\u00e9ricos --> <\/p>\n<div style='flex: 1 1 300px; min-width: 280px;'>\n<div style='border: 1px solid rgba(150&comma;150&comma;150&comma;0.4); border-radius: 8px; overflow: hidden; display: flex; flex-direction: column;'>\n<div style='padding: 15px; border-bottom: 1px solid rgba(150&comma;150&comma;150&comma;0.2); font-weight: bold; font-size: 18px; color: inherit;'>Perif\u00e9ricos<\/div>\n<div style='padding: 15px; color: inherit;'>\n<ul style='padding-left: 20px; margin: 0; font-size: 14px; list-style-type: disc;'>\n<li style='margin-bottom: 5px;'><strong>Ranura SIM:<\/strong> 1 m\u00f3dem (Micro SIM)<\/li>\n<li style='margin-bottom: 5px;'><strong>Ranura M.2:<\/strong> 1<\/li>\n<\/ul><\/div>\n<\/p><\/div>\n<\/p><\/div>\n<p> <!-- Certificaciones --> <\/p>\n<div style='flex: 1 1 300px; min-width: 280px;'>\n<div style='border: 1px solid rgba(150&comma;150&comma;150&comma;0.4); border-radius: 8px; overflow: hidden; display: flex; flex-direction: column;'>\n<div style='padding: 15px; border-bottom: 1px solid rgba(150&comma;150&comma;150&comma;0.2); font-weight: bold; font-size: 18px; color: inherit;'>Certificaciones<\/div>\n<div style='padding: 15px; color: inherit;'>\n<ul style='padding-left: 20px; margin: 0; font-size: 14px; list-style-type: disc;'>\n<li style='margin-bottom: 5px;'><strong>Certificaciones:<\/strong> CE&comma; EAC&comma; ROHS<\/li>\n<li style='margin-bottom: 5px;'><strong>Protecci\u00f3n:<\/strong> IP54<\/li>\n<\/ul><\/div>\n<\/p><\/div>\n<\/p><\/div>\n<\/p><\/div>\n<p> <!-- Secci\u00f3n de piezas incluidas --> <\/p>\n<div style='margin-bottom: 30px;'>\n<h3 style='font-size: 22px; border-bottom: 2px solid currentColor; padding-bottom: 5px; margin-top: 0; margin-bottom: 15px; color: inherit; opacity: 0.8;'>Piezas incluidas<\/h3>\n<div style='display: flex; flex-wrap: wrap; gap: 20px;'>\n<div style='flex: 1 1 130px; min-width: 130px;'> <a href='https:\/\/i.mt.lv\/cdn\/rb_images\/part11391161548m.jpg' style='text-decoration: none; color: inherit;'> <img style='width: 100%; height: auto; border: 1px solid rgba(150&comma;150&comma;150&comma;0.3); border-radius: 8px; margin-bottom: 8px;' src='https:\/\/i.mt.lv\/cdn\/rb_images\/part11391161548s.jpg' alt='Adaptador de corriente de 24 V y 0&comma;8 A'> <\/p>\n<div style='font-size: 14px; text-align: center; color: inherit;'>Adaptador de corriente de 24 V y 0&comma;8 A<\/div>\n<p> <\/a> <\/div>\n<div style='flex: 1 1 130px; min-width: 130px;'> <a href='https:\/\/i.mt.lv\/cdn\/rb_images\/part1141600237409m.jpg' style='text-decoration: none; color: inherit;'> <img style='width: 100%; height: auto; border: 1px solid rgba(150&comma;150&comma;150&comma;0.3); border-radius: 8px; margin-bottom: 8px;' src='https:\/\/i.mt.lv\/cdn\/rb_images\/part1141600237409s.jpg' alt='Inyector PoE Gigabit'> <\/p>\n<div style='font-size: 14px; text-align: center; color: inherit;'>Inyector PoE Gigabit<\/div>\n<p> <\/a> <\/div>\n<div style='flex: 1 1 130px; min-width: 130px;'> <a href='https:\/\/i.mt.lv\/cdn\/rb_images\/part1031582186492m.jpg' style='text-decoration: none; color: inherit;'> <img style='width: 100%; height: auto; border: 1px solid rgba(150&comma;150&comma;150&comma;0.3); border-radius: 8px; margin-bottom: 8px;' src='https:\/\/i.mt.lv\/cdn\/rb_images\/part1031582186492s.jpg' alt='Abrazadera de manguera 2'> <\/p>\n<div style='font-size: 14px; text-align: center; color: inherit;'>Abrazadera de manguera 2<\/div>\n<p> <\/a> <\/div>\n<\/p><\/div>\n<\/p><\/div>\n<p> <!-- Informaci\u00f3n adicional --> <\/p>\n<div style='margin-bottom: 30px; font-size: 14px;'> <em style='color: inherit;'>El dispositivo tiene un sistema operativo preinstalado y con licencia. No es necesaria una compra por separado y el producto est\u00e1 listo para usar. El dispositivo incluye actualizaciones de software gratuitas durante la vida \u00fatil del producto o un m\u00ednimo de 5 a\u00f1os a partir de la fecha de compra.<\/em> <\/div>\n<p> <!-- Separador --> <\/p>\n<hr style='border: 0; border-top: 1px solid rgba(150&comma;150&comma;150&comma;0.3); margin: 30px 0;'> <\/div>\n","protected":false},"excerpt":{"rendered":"<p>(ATL LTE18 kit) CPE LTE direccional para exterior Banda 28 (700 MHz &#8211; 1 GHz) (1.7 &#8211; 2.7 GHz)<\/p>\n","protected":false},"featured_media":32,"comment_status":"open","ping_status":"closed","template":"","meta":[],"product_brand":[],"product_cat":[1478],"product_tag":[643,1479,1480],"class_list":{"0":"post-86237","1":"product","2":"type-product","3":"status-publish","4":"has-post-thumbnail","6":"product_cat-routers-4g-lte-3g","7":"product_tag-mikrotik","8":"product_tag-redes-wifi","9":"product_tag-routers-4g-lte-3g","11":"first","12":"outofstock","13":"sale","14":"shipping-taxable","15":"purchasable","16":"product-type-simple"},"_links":{"self":[{"href":"https:\/\/soydeaqui.ddns.net\/pachuca\/index.php\/wp-json\/wp\/v2\/product\/86237","targetHints":{"allow":["GET"]}}],"collection":[{"href":"https:\/\/soydeaqui.ddns.net\/pachuca\/index.php\/wp-json\/wp\/v2\/product"}],"about":[{"href":"https:\/\/soydeaqui.ddns.net\/pachuca\/index.php\/wp-json\/wp\/v2\/types\/product"}],"replies":[{"embeddable":true,"href":"https:\/\/soydeaqui.ddns.net\/pachuca\/index.php\/wp-json\/wp\/v2\/comments?post=86237"}],"wp:featuredmedia":[{"embeddable":true,"href":"https:\/\/soydeaqui.ddns.net\/pachuca\/index.php\/wp-json\/wp\/v2\/media\/32"}],"wp:attachment":[{"href":"https:\/\/soydeaqui.ddns.net\/pachuca\/index.php\/wp-json\/wp\/v2\/media?parent=86237"}],"wp:term":[{"taxonomy":"product_brand","embeddable":true,"href":"https:\/\/soydeaqui.ddns.net\/pachuca\/index.php\/wp-json\/wp\/v2\/product_brand?post=86237"},{"taxonomy":"product_cat","embeddable":true,"href":"https:\/\/soydeaqui.ddns.net\/pachuca\/index.php\/wp-json\/wp\/v2\/product_cat?post=86237"},{"taxonomy":"product_tag","embeddable":true,"href":"https:\/\/soydeaqui.ddns.net\/pachuca\/index.php\/wp-json\/wp\/v2\/product_tag?post=86237"}],"curies":[{"name":"wp","href":"https:\/\/api.w.org\/{rel}","templated":true}]}}