{"id":86229,"date":"2026-03-19T22:13:15","date_gmt":"2026-03-19T22:13:15","guid":{"rendered":"https:\/\/soydeaqui.ddns.net\/pachuca\/index.php\/producto\/paquete-3-lhg-5-cliente-y-ptp-en-5-ghz-802-11-a-n-antena-integrada-de-24-5dbi-hasta-316mw-de-potencia\/"},"modified":"2026-03-19T22:13:17","modified_gmt":"2026-03-19T22:13:17","slug":"paquete-3-lhg-5-cliente-y-ptp-en-5-ghz-802-11-a-n-antena-integrada-de-24-5dbi-hasta-316mw-de-potencia","status":"publish","type":"product","link":"https:\/\/soydeaqui.ddns.net\/pachuca\/index.php\/producto\/paquete-3-lhg-5-cliente-y-ptp-en-5-ghz-802-11-a-n-antena-integrada-de-24-5dbi-hasta-316mw-de-potencia\/","title":{"rendered":"Paquete 3 (LHG 5) Cliente y PtP en 5 GHz 802.11 a\/n, Antena Integrada de 24.5dBi, Hasta 316mW de Potencia."},"content":{"rendered":"<div style='width: 100%; max-width: 1200px; margin: 0 auto; font-family: sans-serif; line-height: 1.6; color: inherit; background-color: transparent;'> <!-- Imagen principal --> <\/p>\n<div style='margin-bottom: 30px;'> <img style='width: 100%; height: auto; border: 1px solid rgba(150&comma;150&comma;150&comma;0.3); border-radius: 8px;' src='https:\/\/ftp3.syscom.mx\/usuarios\/fotos\/RBLHG5ND\/86712-banner_rblhg-5nd.png' alt=''> <\/div>\n<p> <!-- Descripci\u00f3n --> <\/p>\n<div style='margin-bottom: 30px;'>\n<p style='font-size: 15px; margin: 0 0 15px 0;'>El LHG 5 es un dispositivo inal\u00e1mbrico 802.11 a\/n de 5 GHz compacto y ligero con una antena de cuadr\u00edcula de 24&comma;5 dBi de polarizaci\u00f3n dual integrada a un precio revolucionario. Es perfecto para enlaces punto a punto o para usar como CPE a distancias m\u00e1s largas y admite el protocolo Nv2 TDMA.<\/p>\n<p style='font-size: 15px; margin: 0;'>El dise\u00f1o de rejilla garantiza la protecci\u00f3n contra el viento y el hecho de que el elemento de la antena est\u00e9 integrado en la unidad inal\u00e1mbrica significa que no hay p\u00e9rdida de cables.<\/p>\n<\/p><\/div>\n<p> <!-- Especificaciones --> <\/p>\n<div style='margin-bottom: 30px;'>\n<h3 style='font-size: 22px; border-bottom: 2px solid currentColor; padding-bottom: 5px; margin-top: 0; margin-bottom: 20px; color: inherit; opacity: 0.8;'>Especificaciones<\/h3>\n<div style='display: flex; flex-wrap: wrap; gap: 20px;'>\n<div style='flex: 1 1 250px; border: 1px solid rgba(150&comma; 150&comma; 150&comma; 0.4); border-radius: 8px; overflow: hidden; display: flex; flex-direction: column;'>\n<div style='padding: 15px; border-bottom: 1px solid rgba(150&comma; 150&comma; 150&comma; 0.2); font-weight: bold; font-size: 18px; color: inherit;'>Caracter\u00edsticas principales<\/div>\n<div style='padding: 15px; color: inherit;'>\n<ul style='padding-left: 20px; margin: 0; font-size: 14px; list-style-type: disc;'>\n<li style='margin-bottom: 5px;'><strong>C\u00f3digo de producto:<\/strong> RBLHG-5nD<\/li>\n<li style='margin-bottom: 5px;'><strong>Arquitectura:<\/strong> MIPSBE<\/li>\n<li style='margin-bottom: 5px;'><strong>CPU:<\/strong> AR9344<\/li>\n<li style='margin-bottom: 5px;'><strong>N\u00facleos de CPU:<\/strong> 1<\/li>\n<li style='margin-bottom: 5px;'><strong>Frecuencia CPU:<\/strong> 600 MHz<\/li>\n<\/ul><\/div>\n<\/p><\/div>\n<div style='flex: 1 1 250px; border: 1px solid rgba(150&comma; 150&comma; 150&comma; 0.4); border-radius: 8px; overflow: hidden; display: flex; flex-direction: column;'>\n<div style='padding: 15px; border-bottom: 1px solid rgba(150&comma; 150&comma; 150&comma; 0.2); font-weight: bold; font-size: 18px; color: inherit;'>Memoria<\/div>\n<div style='padding: 15px; color: inherit;'>\n<ul style='padding-left: 20px; margin: 0; font-size: 14px; list-style-type: disc;'>\n<li style='margin-bottom: 5px;'><strong>RAM:<\/strong> 64 MB<\/li>\n<li style='margin-bottom: 5px;'><strong>Almacenamiento:<\/strong> 16 MB FLASH<\/li>\n<\/ul><\/div>\n<\/p><\/div>\n<div style='flex: 1 1 250px; border: 1px solid rgba(150&comma; 150&comma; 150&comma; 0.4); border-radius: 8px; overflow: hidden; display: flex; flex-direction: column;'>\n<div style='padding: 15px; border-bottom: 1px solid rgba(150&comma; 150&comma; 150&comma; 0.2); font-weight: bold; font-size: 18px; color: inherit;'>Caracter\u00edsticas f\u00edsicas<\/div>\n<div style='padding: 15px; color: inherit;'>\n<ul style='padding-left: 20px; margin: 0; font-size: 14px; list-style-type: disc;'>\n<li style='margin-bottom: 5px;'><strong>Dimensiones:<\/strong> \u00d8 391 x 222 mm<\/li>\n<li style='margin-bottom: 5px;'><strong>Paquete:<\/strong> 450 x 450 x 145 mm<\/li>\n<li style='margin-bottom: 5px;'><strong>Temperatura operaci\u00f3n:<\/strong> -40 \u00b0C hasta 70 \u00b0C<\/li>\n<li style='margin-bottom: 5px;'><strong>MTBF:<\/strong> Aproximadamente 100.000 horas a 25 \u00b0C<\/li>\n<\/ul><\/div>\n<\/p><\/div>\n<\/p><\/div>\n<\/p><\/div>\n<p> <!-- Alimentaci\u00f3n --> <\/p>\n<div style='margin-bottom: 30px;'>\n<h3 style='font-size: 22px; border-bottom: 2px solid currentColor; padding-bottom: 5px; margin-top: 0; margin-bottom: 20px; color: inherit; opacity: 0.8;'>Alimentaci\u00f3n<\/h3>\n<div style='display: flex; flex-wrap: wrap; gap: 20px;'>\n<div style='flex: 1 1 250px; border: 1px solid rgba(150&comma; 150&comma; 150&comma; 0.4); border-radius: 8px; overflow: hidden; display: flex; flex-direction: column;'>\n<div style='padding: 15px; border-bottom: 1px solid rgba(150&comma; 150&comma; 150&comma; 0.2); font-weight: bold; font-size: 18px; color: inherit;'>Caracter\u00edsticas el\u00e9ctricas<\/div>\n<div style='padding: 15px; color: inherit;'>\n<ul style='padding-left: 20px; margin: 0; font-size: 14px; list-style-type: disc;'>\n<li style='margin-bottom: 5px;'><strong>PoE in:<\/strong> PoE pasivo<\/li>\n<li style='margin-bottom: 5px;'><strong>Voltaje entrada:<\/strong> 11-30 V<\/li>\n<li style='margin-bottom: 5px;'><strong>Entradas DC:<\/strong> 1 (entrada PoE)<\/li>\n<li style='margin-bottom: 5px;'><strong>Consumo:<\/strong> 6 W<\/li>\n<li style='margin-bottom: 5px;'><strong>Ventiladores:<\/strong> Pasivo<\/li>\n<\/ul><\/div>\n<\/p><\/div>\n<\/p><\/div>\n<\/p><\/div>\n<p> <!-- Especificaciones inal\u00e1mbricas --> <\/p>\n<div style='margin-bottom: 30px;'>\n<h3 style='font-size: 22px; border-bottom: 2px solid currentColor; padding-bottom: 5px; margin-top: 0; margin-bottom: 20px; color: inherit; opacity: 0.8;'>Especificaciones inal\u00e1mbricas<\/h3>\n<div style='display: flex; flex-wrap: wrap; gap: 20px;'>\n<div style='flex: 1 1 250px; border: 1px solid rgba(150&comma; 150&comma; 150&comma; 0.4); border-radius: 8px; overflow: hidden; display: flex; flex-direction: column;'>\n<div style='padding: 15px; border-bottom: 1px solid rgba(150&comma; 150&comma; 150&comma; 0.2); font-weight: bold; font-size: 18px; color: inherit;'>5 GHz<\/div>\n<div style='padding: 15px; color: inherit;'>\n<ul style='padding-left: 20px; margin: 0; font-size: 14px; list-style-type: disc;'>\n<li style='margin-bottom: 5px;'><strong>Velocidad:<\/strong> 300 Mbit\/s<\/li>\n<li style='margin-bottom: 5px;'><strong>Cadenas:<\/strong> 2<\/li>\n<li style='margin-bottom: 5px;'><strong>Est\u00e1ndares:<\/strong> 802.11a\/n<\/li>\n<li style='margin-bottom: 5px;'><strong>Ganancia antena:<\/strong> 24&comma;5 dBi<\/li>\n<li style='margin-bottom: 5px;'><strong>Chipset:<\/strong> AR9344<\/li>\n<li style='margin-bottom: 5px;'><strong>Wi-Fi:<\/strong> Wi-Fi 4<\/li>\n<\/ul><\/div>\n<\/p><\/div>\n<div style='flex: 1 1 250px; border: 1px solid rgba(150&comma; 150&comma; 150&comma; 0.4); border-radius: 8px; overflow: hidden; display: flex; flex-direction: column;'>\n<div style='padding: 15px; border-bottom: 1px solid rgba(150&comma; 150&comma; 150&comma; 0.2); font-weight: bold; font-size: 18px; color: inherit;'>5 GHz (Potencia)<\/div>\n<div style='padding: 15px; color: inherit;'>\n<ul style='padding-left: 20px; margin: 0; font-size: 14px; list-style-type: disc;'>\n<li style='margin-bottom: 5px;'><strong>6 MBit\/s:<\/strong> 25 dBm<\/li>\n<li style='margin-bottom: 5px;'><strong>54 MBit\/s:<\/strong> 20 dBm<\/li>\n<li style='margin-bottom: 5px;'><strong>MCS0:<\/strong> 25 dBm<\/li>\n<li style='margin-bottom: 5px;'><strong>MCS7:<\/strong> 19 dBm<\/li>\n<\/ul><\/div>\n<\/p><\/div>\n<\/p><\/div>\n<\/p><\/div>\n<p> <!-- Ethernet --> <\/p>\n<div style='margin-bottom: 30px;'>\n<h3 style='font-size: 22px; border-bottom: 2px solid currentColor; padding-bottom: 5px; margin-top: 0; margin-bottom: 20px; color: inherit; opacity: 0.8;'>Ethernet<\/h3>\n<div style='display: flex; flex-wrap: wrap; gap: 20px;'>\n<div style='flex: 1 1 250px; border: 1px solid rgba(150&comma; 150&comma; 150&comma; 0.4); border-radius: 8px; overflow: hidden; display: flex; flex-direction: column;'>\n<div style='padding: 15px; border-bottom: 1px solid rgba(150&comma; 150&comma; 150&comma; 0.2); font-weight: bold; font-size: 18px; color: inherit;'>Puertos<\/div>\n<div style='padding: 15px; color: inherit;'>\n<ul style='padding-left: 20px; margin: 0; font-size: 14px; list-style-type: disc;'>\n<li style='margin-bottom: 5px;'><strong>10\/100:<\/strong> 1 puerto<\/li>\n<\/ul><\/div>\n<\/p><\/div>\n<\/p><\/div>\n<\/p><\/div>\n<p> <!-- Certificaciones --> <\/p>\n<div style='margin-bottom: 30px;'>\n<h3 style='font-size: 22px; border-bottom: 2px solid currentColor; padding-bottom: 5px; margin-top: 0; margin-bottom: 20px; color: inherit; opacity: 0.8;'>Certificaciones y aprobaciones<\/h3>\n<div style='display: flex; flex-wrap: wrap; gap: 20px;'>\n<div style='flex: 1 1 250px; border: 1px solid rgba(150&comma; 150&comma; 150&comma; 0.4); border-radius: 8px; overflow: hidden; display: flex; flex-direction: column;'>\n<div style='padding: 15px; border-bottom: 1px solid rgba(150&comma; 150&comma; 150&comma; 0.2); font-weight: bold; font-size: 18px; color: inherit;'>Normativas<\/div>\n<div style='padding: 15px; color: inherit;'>\n<ul style='padding-left: 20px; margin: 0; font-size: 14px; list-style-type: disc;'>\n<li style='margin-bottom: 5px;'>CE<\/li>\n<li style='margin-bottom: 5px;'>FCC<\/li>\n<li style='margin-bottom: 5px;'>IC<\/li>\n<li style='margin-bottom: 5px;'>EAC<\/li>\n<li style='margin-bottom: 5px;'>ROHS<\/li>\n<\/ul><\/div>\n<\/p><\/div>\n<\/p><\/div>\n<\/p><\/div>\n<p> <!-- Partes incluidas --> <\/p>\n<div style='margin-bottom: 30px;'>\n<h3 style='font-size: 22px; border-bottom: 2px solid currentColor; padding-bottom: 5px; margin-top: 0; margin-bottom: 20px; color: inherit; opacity: 0.8;'>Partes incluidas<\/h3>\n<div style='display: grid; grid-template-columns: repeat(auto-fill&comma; minmax(140px&comma; 1fr)); gap: 20px;'>\n<div style='border: 1px solid rgba(150&comma;150&comma;150&comma;0.3); border-radius: 8px; padding: 15px; text-align: center;'> <a href='https:\/\/i.mt.lv\/cdn\/rb_images\/part611491991806m.jpg' style='text-decoration: none; color: inherit;'> <img style='width: 80px; height: auto; border: 1px solid rgba(150&comma;150&comma;150&comma;0.3); border-radius: 4px; margin-bottom: 10px;' src='https:\/\/i.mt.lv\/cdn\/rb_images\/part611491991806s.jpg' alt='Kit K-LHG'> <\/p>\n<p style='margin: 0; font-size: 14px;'>Kit K-LHG<\/p>\n<p> <\/a> <\/div>\n<div style='border: 1px solid rgba(150&comma;150&comma;150&comma;0.3); border-radius: 8px; padding: 15px; text-align: center;'> <a href='https:\/\/i.mt.lv\/cdn\/rb_images\/part171391162306m.jpg' style='text-decoration: none; color: inherit;'> <img style='width: 80px; height: auto; border: 1px solid rgba(150&comma;150&comma;150&comma;0.3); border-radius: 4px; margin-bottom: 10px;' src='https:\/\/i.mt.lv\/cdn\/rb_images\/part171391162306s.jpg' alt='Adaptador de corriente de 24 V 0&comma;38 A'> <\/p>\n<p style='margin: 0; font-size: 14px;'>Adaptador de corriente de 24 V 0&comma;38 A<\/p>\n<p> <\/a> <\/div>\n<div style='border: 1px solid rgba(150&comma;150&comma;150&comma;0.3); border-radius: 8px; padding: 15px; text-align: center;'> <a href='https:\/\/i.mt.lv\/cdn\/rb_images\/part101391160012m.jpg' style='text-decoration: none; color: inherit;'> <img style='width: 80px; height: auto; border: 1px solid rgba(150&comma;150&comma;150&comma;0.3); border-radius: 4px; margin-bottom: 10px;' src='https:\/\/i.mt.lv\/cdn\/rb_images\/part101391160012s.jpg' alt='Inyector PoE'> <\/p>\n<p style='margin: 0; font-size: 14px;'>Inyector PoE<\/p>\n<p> <\/a> <\/div>\n<div style='border: 1px solid rgba(150&comma;150&comma;150&comma;0.3); border-radius: 8px; padding: 15px; text-align: center;'> <a href='https:\/\/i.mt.lv\/cdn\/rb_images\/part81391162677m.jpg' style='text-decoration: none; color: inherit;'> <img style='width: 80px; height: auto; border: 1px solid rgba(150&comma;150&comma;150&comma;0.3); border-radius: 4px; margin-bottom: 10px;' src='https:\/\/i.mt.lv\/cdn\/rb_images\/part81391162677s.jpg' alt='Anillos de metal (dos)'> <\/p>\n<p style='margin: 0; font-size: 14px;'>Anillos de metal (dos)<\/p>\n<p> <\/a> <\/div>\n<\/p><\/div>\n<\/p><\/div>\n<p> <!-- Garant\u00eda --> <\/p>\n<div style='margin-bottom: 30px;'> <img style='width: 150px; height: 150px; border: 1px solid rgba(150&comma;150&comma;150&comma;0.3); border-radius: 8px;' src='https:\/\/ftp3.syscom.mx\/usuarios\/fotos\/CCR10097G1C1S+PC\/137052-garantia1.png' alt='Garant\u00eda'> <\/div>\n<p> <!-- Separador final --> <\/p>\n<hr style='border: 0; border-top: 1px solid rgba(150&comma; 150&comma; 150&comma; 0.3); margin: 30px 0;'> <\/div>\n","protected":false},"excerpt":{"rendered":"<p>Paquete 3 (LHG 5) Cliente y PtP en 5 GHz 802.11 a\/n, Antena Integrada de 24.5dBi, Hasta 316mW de Potencia.<\/p>\n","protected":false},"featured_media":86228,"comment_status":"open","ping_status":"closed","template":"","meta":[],"product_brand":[],"product_cat":[1998],"product_tag":[1999,1980,643],"class_list":{"0":"post-86229","1":"product","2":"type-product","3":"status-publish","4":"has-post-thumbnail","6":"product_cat-5-y-6-ghz","7":"product_tag-5-y-6-ghz","8":"product_tag-enlaces-ptp-y-ptmp","9":"product_tag-mikrotik","11":"first","12":"outofstock","13":"sale","14":"shipping-taxable","15":"purchasable","16":"product-type-simple"},"_links":{"self":[{"href":"https:\/\/soydeaqui.ddns.net\/pachuca\/index.php\/wp-json\/wp\/v2\/product\/86229","targetHints":{"allow":["GET"]}}],"collection":[{"href":"https:\/\/soydeaqui.ddns.net\/pachuca\/index.php\/wp-json\/wp\/v2\/product"}],"about":[{"href":"https:\/\/soydeaqui.ddns.net\/pachuca\/index.php\/wp-json\/wp\/v2\/types\/product"}],"replies":[{"embeddable":true,"href":"https:\/\/soydeaqui.ddns.net\/pachuca\/index.php\/wp-json\/wp\/v2\/comments?post=86229"}],"wp:featuredmedia":[{"embeddable":true,"href":"https:\/\/soydeaqui.ddns.net\/pachuca\/index.php\/wp-json\/wp\/v2\/media\/86228"}],"wp:attachment":[{"href":"https:\/\/soydeaqui.ddns.net\/pachuca\/index.php\/wp-json\/wp\/v2\/media?parent=86229"}],"wp:term":[{"taxonomy":"product_brand","embeddable":true,"href":"https:\/\/soydeaqui.ddns.net\/pachuca\/index.php\/wp-json\/wp\/v2\/product_brand?post=86229"},{"taxonomy":"product_cat","embeddable":true,"href":"https:\/\/soydeaqui.ddns.net\/pachuca\/index.php\/wp-json\/wp\/v2\/product_cat?post=86229"},{"taxonomy":"product_tag","embeddable":true,"href":"https:\/\/soydeaqui.ddns.net\/pachuca\/index.php\/wp-json\/wp\/v2\/product_tag?post=86229"}],"curies":[{"name":"wp","href":"https:\/\/api.w.org\/{rel}","templated":true}]}}