{"id":86224,"date":"2026-03-19T22:13:03","date_gmt":"2026-03-19T22:13:03","guid":{"rendered":"https:\/\/soydeaqui.ddns.net\/pachuca\/index.php\/producto\/router-huawei-netengine-para-pequenas-y-medianas-empresas-soporta-sd-wan-balanceo-de-cargas-failover-seguridad-vpn\/"},"modified":"2026-03-19T22:13:12","modified_gmt":"2026-03-19T22:13:12","slug":"router-huawei-netengine-para-pequenas-y-medianas-empresas-soporta-sd-wan-balanceo-de-cargas-failover-seguridad-vpn","status":"publish","type":"product","link":"https:\/\/soydeaqui.ddns.net\/pachuca\/index.php\/producto\/router-huawei-netengine-para-pequenas-y-medianas-empresas-soporta-sd-wan-balanceo-de-cargas-failover-seguridad-vpn\/","title":{"rendered":"Router Huawei NetEngine para Peque\u00f1as y Medianas Empresas \/ Soporta SD-WAN, Balanceo de Cargas\/Failover \/ Seguridad \/  VPN"},"content":{"rendered":"<div style='width: 100%; max-width: 1200px; margin: 0 auto; font-family: sans-serif; line-height: 1.6; color: inherit; background-color: transparent;'>\n<div style='margin-bottom: 30px;'>\n<h2 style='font-size: 24px; border-bottom: 2px solid currentColor; padding-bottom: 5px; margin-top: 0; color: inherit; opacity: 0.8;'>Descripci\u00f3n General<\/h2>\n<p style='font-size: 15px; margin: 15px 0; color: inherit;'>El <strong style='color: inherit;'>Huawei NetEngine AR6121E<\/strong> es un router empresarial de la serie Huawei NetEngine AR6000&comma; dise\u00f1ado para su implementaci\u00f3n en la sede de empresas y sucursales. Ofrece una amplia variedad de tipos de ranuras de servicio&comma; lo que lo convierte en una soluci\u00f3n altamente vers\u00e1til. Este router integra diversas funciones de servicio&comma; como SD-WAN&comma; enrutamiento&comma; conmutaci\u00f3n&comma; voz y seguridad&comma; proporcionando servicios diversificados y un alto rendimiento.<\/p>\n<\/p><\/div>\n<div style='margin-bottom: 30px;'>\n<div style='position: relative; padding-bottom: 56.25%; height: 0; overflow: hidden; margin-bottom: 30px;'> <video style='position: absolute; top: 0; left: 0; width: 100%; height: 100%; border: 1px solid rgba(150&comma;150&comma;150&comma;0.3); border-radius: 8px;' controls><source src='https:\/\/download.huawei.com\/edownload\/e\/download.do?actionFlag=download&#038;nid=EDOC1100141025&#038;partNo=6001&#038;mid=SUPE_DOC&#038;_t=1689982451000' type='video\/mp4'><\/video> <\/div>\n<\/p><\/div>\n<div style='margin-bottom: 30px;'>\n<h3 style='font-size: 22px; border-bottom: 2px solid currentColor; padding-bottom: 5px; margin-top: 0; color: inherit; opacity: 0.8;'>Caracter\u00edsticas Destacadas<\/h3>\n<ul style='padding-left: 20px; font-size: 15px; color: inherit; margin: 15px 0;'>\n<li style='margin-bottom: 5px;'><strong style='color: inherit;'>Alta Fiabilidad:<\/strong> Tarjetas intercambiables en caliente que garantizan la confiabilidad y estabilidad del servicio. Backup de enlace para servicios empresariales que mejora la fiabilidad. Detecci\u00f3n y determinaci\u00f3n de fallas en milisegundos&comma; minimizando el tiempo de interrupci\u00f3n del servicio.<\/li>\n<\/ul><\/div>\n<div style='margin-bottom: 30px;'>\n<h3 style='font-size: 22px; border-bottom: 2px solid currentColor; padding-bottom: 5px; margin-top: 0; color: inherit; opacity: 0.8;'>Networking y Aplicaciones<\/h3>\n<ul style='padding-left: 20px; font-size: 15px; color: inherit; margin: 15px 0;'>\n<li style='margin-bottom: 15px;'><strong style='color: inherit;'>SD-WAN Utilizando Enlaces H\u00edbridos:<\/strong> En la soluci\u00f3n SD-WAN&comma; el NetEngine AR6121E funciona como el centro de empresas medianas a grandes o como puerta de enlace de sucursales grandes. Admite acceso h\u00edbrido mediante m\u00faltiples enlaces f\u00edsicos&comma; como l\u00edneas privadas MPLS y enlaces a Internet. La soluci\u00f3n utiliza el controlador de pr\u00f3xima generaci\u00f3n de Huawei&comma; el Agile Controller&comma; para la gesti\u00f3n centralizada y visualizada. El NetEngine AR6121E proporciona una amplia gama de caracter\u00edsticas de SD-WAN y ofrece una experiencia de servicio \u00f3ptima para empresas a trav\u00e9s de la identificaci\u00f3n inteligente de aplicaciones&comma; la direcci\u00f3n de tr\u00e1fico inteligente y la aceleraci\u00f3n inteligente.<\/li>\n<li style='margin-bottom: 15px;'><img style='width: 100%; height: auto; border: 1px solid rgba(150&comma;150&comma;150&comma;0.3); border-radius: 8px;' src='https:\/\/ftp3.syscom.mx\/usuarios\/fotos\/AR6121E\/221479-sdwan.png' alt='Arquitectura SD-WAN Huawei NetEngine AR6121E'><\/li>\n<li style='margin-bottom: 15px;'><strong style='color: inherit;'>NOTA:<\/strong> Se requiere licenciamiento.<\/li>\n<\/ul><\/div>\n<div style='margin-bottom: 30px;'>\n<h3 style='font-size: 22px; border-bottom: 2px solid currentColor; padding-bottom: 5px; margin-top: 0; color: inherit; opacity: 0.8;'>Redes VPN<\/h3>\n<ul style='padding-left: 20px; font-size: 15px; color: inherit; margin: 15px 0;'>\n<li style='margin-bottom: 15px;'><strong style='color: inherit;'>Construcci\u00f3n de Diferentes Tipos de VPN Utilizando Recursos de Internet:<\/strong> El NetEngine AR6121E ofrece varias funciones de acceso seguro para la comunicaci\u00f3n entre sucursales empresariales y entre sucursales y la sede. Estas funciones tambi\u00e9n permiten que los socios de la empresa accedan a sus recursos. Se pueden configurar t\u00faneles seguros como VPN GRE&comma; VPN IPSec&comma; VPN DSVPN&comma; VPN L2TP y t\u00faneles EVPN entre la sede y las sucursales para un acceso y transmisi\u00f3n de datos seguros. El NetEngine AR6121E admite la implementaci\u00f3n r\u00e1pida de t\u00faneles y la autenticaci\u00f3n para sucursales. Adem\u00e1s&comma; los socios autenticados y autorizados por el NetEngine AR6121E pueden acceder de forma remota a los recursos empresariales a trav\u00e9s de estos t\u00faneles.<\/li>\n<li style='margin-bottom: 15px;'><img style='width: 100%; height: auto; border: 1px solid rgba(150&comma;150&comma;150&comma;0.3); border-radius: 8px;' src='https:\/\/ftp3.syscom.mx\/usuarios\/fotos\/AR6121E\/221479-vpn.png' alt='Implementaci\u00f3n de redes VPN con Huawei NetEngine AR6121E'><\/li>\n<\/ul><\/div>\n<div style='margin-bottom: 30px;'>\n<h3 style='font-size: 22px; border-bottom: 2px solid currentColor; padding-bottom: 5px; margin-top: 0; color: inherit; opacity: 0.8;'>Caracter\u00edsticas F\u00edsicas<\/h3>\n<p> <img style='width: 100%; height: auto; border: 1px solid rgba(150&comma;150&comma;150&comma;0.3); border-radius: 8px; margin: 15px 0;' src='https:\/\/ftp3.syscom.mx\/usuarios\/fotos\/AR6121E\/221479-caracteristicas_fisicas.png' alt='Caracter\u00edsticas f\u00edsicas Huawei NetEngine AR6121E'> <\/p>\n<div style='display: flex; flex-wrap: wrap; gap: 20px; margin-top: 20px;'>\n<div style='flex: 1 1 300px; min-width: 280px; border: 1px solid rgba(150&comma; 150&comma; 150&comma; 0.4); border-radius: 8px; overflow: hidden;'>\n<div style='padding: 15px; border-bottom: 1px solid rgba(150&comma; 150&comma; 150&comma; 0.2); font-weight: bold; font-size: 16px; color: inherit;'>Puertos y Conectores<\/div>\n<div style='padding: 15px; color: inherit;'>\n<ul style='padding-left: 20px; margin: 0; font-size: 14px; list-style-type: disc;'>\n<li style='margin-bottom: 5px;'><strong style='color: inherit;'>1.<\/strong> Modelo del producto en serigraf\u00eda<\/li>\n<li style='margin-bottom: 5px;'><strong style='color: inherit;'>2.<\/strong> Interfaces LAN: ocho interfaces el\u00e9ctricas GE<\/li>\n<li style='margin-bottom: 5px;'><strong style='color: inherit;'>3.<\/strong> Interfaces WAN: dos interfaces GE combo<\/li>\n<li style='margin-bottom: 5px;'><strong style='color: inherit;'>4.<\/strong> Dos ranuras SIC<\/li>\n<li style='margin-bottom: 5px;'><strong style='color: inherit;'>5.<\/strong> Punto de tierra<\/li>\n<li style='margin-bottom: 5px;'><strong style='color: inherit;'>6.<\/strong> Conector de alimentaci\u00f3n AC<\/li>\n<\/ul><\/div>\n<\/p><\/div>\n<div style='flex: 1 1 300px; min-width: 280px; border: 1px solid rgba(150&comma; 150&comma; 150&comma; 0.4); border-radius: 8px; overflow: hidden;'>\n<div style='padding: 15px; border-bottom: 1px solid rgba(150&comma; 150&comma; 150&comma; 0.2); font-weight: bold; font-size: 16px; color: inherit;'>Conectores Adicionales<\/div>\n<div style='padding: 15px; color: inherit;'>\n<ul style='padding-left: 20px; margin: 0; font-size: 14px; list-style-type: disc;'>\n<li style='margin-bottom: 5px;'><strong style='color: inherit;'>7.<\/strong> Conector para correa de bloqueo del cable de alimentaci\u00f3n. <strong style='color: inherit;'>NOTA:<\/strong> Inserte una correa de bloqueo del cable de alimentaci\u00f3n en este conector para asegurar el cable de alimentaci\u00f3n.<\/li>\n<li style='margin-bottom: 5px;'><strong style='color: inherit;'>8.<\/strong> Bot\u00f3n RESET. <strong style='color: inherit;'>NOTA:<\/strong> Este bot\u00f3n se utiliza para restablecer el router.<\/li>\n<li style='margin-bottom: 5px;'><strong style='color: inherit;'>9.<\/strong> Interfaces LAN: interfaz combo GE<\/li>\n<li style='margin-bottom: 5px;'><strong style='color: inherit;'>10.<\/strong> Interfaz WAN: una interfaz \u00f3ptica 10GE<\/li>\n<li style='margin-bottom: 5px;'><strong style='color: inherit;'>11.<\/strong> Interfaz USB 2.0 (host)<\/li>\n<li style='margin-bottom: 5px;'><strong style='color: inherit;'>12.<\/strong> Interfaz USB 2.0 (host)<\/li>\n<li style='margin-bottom: 5px;'><strong style='color: inherit;'>13.<\/strong> Interfaz de consola<\/li>\n<\/ul><\/div>\n<\/p><\/div>\n<\/p><\/div>\n<\/p><\/div>\n<hr style='border: 0; border-top: 1px solid rgba(150&comma; 150&comma; 150&comma; 0.3); margin: 30px 0;'> <\/div>\n","protected":false},"excerpt":{"rendered":"<p>Router Huawei NetEngine para Peque\u00f1as y Medianas Empresas \/ Soporta SD-WAN, Balanceo de Cargas\/Failover \/ Seguridad \/  VPN<\/p>\n","protected":false},"featured_media":86223,"comment_status":"open","ping_status":"closed","template":"","meta":[],"product_brand":[],"product_cat":[2036,2035,2034],"product_tag":[2039,2038,718,664,2037],"class_list":{"0":"post-86224","1":"product","2":"type-product","3":"status-publish","4":"has-post-thumbnail","6":"product_cat-balanceadores","7":"product_cat-firewalls","8":"product_cat-routers","9":"product_tag-balanceadores","10":"product_tag-firewalls","11":"product_tag-huawei","12":"product_tag-networking","13":"product_tag-routers","15":"first","16":"instock","17":"sale","18":"shipping-taxable","19":"purchasable","20":"product-type-simple"},"_links":{"self":[{"href":"https:\/\/soydeaqui.ddns.net\/pachuca\/index.php\/wp-json\/wp\/v2\/product\/86224","targetHints":{"allow":["GET"]}}],"collection":[{"href":"https:\/\/soydeaqui.ddns.net\/pachuca\/index.php\/wp-json\/wp\/v2\/product"}],"about":[{"href":"https:\/\/soydeaqui.ddns.net\/pachuca\/index.php\/wp-json\/wp\/v2\/types\/product"}],"replies":[{"embeddable":true,"href":"https:\/\/soydeaqui.ddns.net\/pachuca\/index.php\/wp-json\/wp\/v2\/comments?post=86224"}],"wp:featuredmedia":[{"embeddable":true,"href":"https:\/\/soydeaqui.ddns.net\/pachuca\/index.php\/wp-json\/wp\/v2\/media\/86223"}],"wp:attachment":[{"href":"https:\/\/soydeaqui.ddns.net\/pachuca\/index.php\/wp-json\/wp\/v2\/media?parent=86224"}],"wp:term":[{"taxonomy":"product_brand","embeddable":true,"href":"https:\/\/soydeaqui.ddns.net\/pachuca\/index.php\/wp-json\/wp\/v2\/product_brand?post=86224"},{"taxonomy":"product_cat","embeddable":true,"href":"https:\/\/soydeaqui.ddns.net\/pachuca\/index.php\/wp-json\/wp\/v2\/product_cat?post=86224"},{"taxonomy":"product_tag","embeddable":true,"href":"https:\/\/soydeaqui.ddns.net\/pachuca\/index.php\/wp-json\/wp\/v2\/product_tag?post=86224"}],"curies":[{"name":"wp","href":"https:\/\/api.w.org\/{rel}","templated":true}]}}