{"id":86208,"date":"2026-03-19T22:12:22","date_gmt":"2026-03-19T22:12:22","guid":{"rendered":"https:\/\/soydeaqui.ddns.net\/pachuca\/index.php\/producto\/conmutador-en-nube-yeastar-10-extensiones-enterprise-anuales-10-llamadas-simultaneas-500-min-de-grabacion-en-nube\/"},"modified":"2026-03-19T22:12:24","modified_gmt":"2026-03-19T22:12:24","slug":"conmutador-en-nube-yeastar-10-extensiones-enterprise-anuales-10-llamadas-simultaneas-500-min-de-grabacion-en-nube","status":"publish","type":"product","link":"https:\/\/soydeaqui.ddns.net\/pachuca\/index.php\/producto\/conmutador-en-nube-yeastar-10-extensiones-enterprise-anuales-10-llamadas-simultaneas-500-min-de-grabacion-en-nube\/","title":{"rendered":"Conmutador en nube Yeastar 10 extensiones Enterprise anuales, 10 llamadas simult\u00e1neas 500 min. de grabaci\u00f3n en nube"},"content":{"rendered":"<div style='width: 100%; max-width: 1200px; margin: 0 auto; font-family: sans-serif; line-height: 1.6; color: inherit; background-color: transparent;'>\n<div style='width: 100%; background-color: #0197d6; color: white; text-align: center; padding: 20px;'>\n<h1 style='margin: 0; font-size: 28px; color: inherit;'>Sistema PBX Serie-P Cloud Edition<\/h1>\n<\/p><\/div>\n<div style='padding: 20px; font-family: Arial&comma; sans-serif; color: inherit; font-size: 16px; background-color: transparent;'>\n<div style='background-color: #e0f4fc; border-left: 5px solid #0197d6; padding: 15px; margin-bottom: 30px;'>\n<p><strong>NOTA:<\/strong><\/p>\n<p><strong>El KIT Incluye:<\/strong><\/p>\n<ul style='padding-left: 20px; font-size: 15px; color: inherit;'>\n<li style='margin-bottom: 5px;'>Conmutador en nube Yeastar con 10 extensiones Enterprise anuales. Cada extensi\u00f3n puede usarse en hasta 5 dispositivos.<\/li>\n<li style='margin-bottom: 5px;'>10 llamadas simult\u00e1neas<\/li>\n<li style='margin-bottom: 5px;'>App m\u00f3vil y cliente web<\/li>\n<li style='margin-bottom: 5px;'>Configuraci\u00f3n inicial (agendar d\u00eda con ingenier\u00eda)<\/li>\n<\/ul><\/div>\n<h2 style='color: #0197d6; font-size: 24px; margin-top: 30px; margin-bottom: 15px;'>\u00bfQu\u00e9 es el PBX en la Nube?<\/h2>\n<hr style='border: 0; border-top: 3px solid #0197d6; margin: 15px 0;' \/>\n<p style='text-align: justify; margin-bottom: 20px;'>Satisfaga sus necesidades de comunicaci\u00f3n diarias&comma; desde realizar y recibir llamadas en cualquier lugar&comma; hasta maximizar la productividad de los agentes&comma; potenciar las videoconferencias interactivas y mucho m\u00e1s.<\/p>\n<div style='margin: 20px 0;'> <img style='width: 100%; height: auto; border: 1px solid rgba(150&comma;150&comma;150&comma;0.3); border-radius: 8px;' src='https:\/\/ftp3.syscom.mx\/usuarios\/fotos\/YCMCLOUDEPEXT\/211095-captura_de_pantalla_2022-08-26_a_la(s)_12.03.45.png' alt='PBX Yeastar' \/> <\/div>\n<h2 style='color: #0197d6; font-size: 24px; margin-top: 30px; margin-bottom: 15px;'>Libere el potencial de la nube<\/h2>\n<hr style='border: 0; border-top: 3px solid #0197d6; margin: 15px 0;' \/>\n<p style='text-align: justify; margin-bottom: 20px;'>La nube ofrece una forma r\u00e1pida y sencilla para que empresas de todos los tama\u00f1os accedan a comunicaciones empresariales de alto nivel.<\/p>\n<div style='margin: 20px 0;'> <img style='width: 100%; height: auto; border: 1px solid rgba(150&comma;150&comma;150&comma;0.3); border-radius: 8px;' src='https:\/\/ftp3.syscom.mx\/usuarios\/fotos\/YCMCLOUDEPEXT\/211095-captura_de_pantalla_2022-08-26_a_la(s)_14.32.43.png' alt='Nube PBX' \/> <\/div>\n<h2 style='color: #0197d6; font-size: 24px; margin-top: 30px; margin-bottom: 15px;'>Conexi\u00f3n en cualquier momento<\/h2>\n<hr style='border: 0; border-top: 3px solid #0197d6; margin: 15px 0;' \/>\n<p style='text-align: justify; margin-bottom: 20px;'>Con Linkus UC Clients podr\u00e1 acceder a su PBX desde navegador web&comma; app m\u00f3vil o escritorio. Todas las conversaciones se sincronizan en tiempo real.<\/p>\n<div style='display: flex; flex-wrap: wrap; gap: 20px; margin: 20px 0;'>\n<div style='flex: 1 1 300px; min-width: 280px;'> <img style='width: 100%; height: auto; border: 1px solid rgba(150&comma;150&comma;150&comma;0.3); border-radius: 8px;' src='https:\/\/ftp3.syscom.mx\/usuarios\/fotos\/YCMCLOUDEPEXT\/211095-captura_de_pantalla_2022-08-26_a_la(s)_16.01.51.png' alt='Linkus' \/> <\/div>\n<div style='flex: 1 1 300px; min-width: 280px;'> <img style='width: 100%; height: auto; border: 1px solid rgba(150&comma;150&comma;150&comma;0.3); border-radius: 8px;' src='https:\/\/ftp3.syscom.mx\/usuarios\/fotos\/YCMCLOUDEPEXT\/211095-captura_de_pantalla_2022-08-26_a_la(s)_10.10.03.png' alt='Linkus M\u00f3vil' \/> <\/div>\n<\/p><\/div>\n<h2 style='color: #0197d6; font-size: 24px; margin-top: 30px; margin-bottom: 15px;'>Enterprise Edition<\/h2>\n<hr style='border: 0; border-top: 3px solid #0197d6; margin: 15px 0;' \/>\n<p style='margin-bottom: 15px;'>Incluye funcionalidades como:<\/p>\n<ul style='padding-left: 20px; font-size: 15px; color: inherit; margin-bottom: 20px;'>\n<li style='margin-bottom: 5px;'>Call Center avanzado<\/li>\n<li style='margin-bottom: 5px;'>Mensajer\u00eda<\/li>\n<li style='margin-bottom: 5px;'>Cliente Web y App M\u00f3vil<\/li>\n<li style='margin-bottom: 5px;'>Integraci\u00f3n con CRM<\/li>\n<li style='margin-bottom: 5px;'>SBC Integrado<\/li>\n<li style='margin-bottom: 5px;'>500 minutos de grabaci\u00f3n<\/li>\n<li style='margin-bottom: 5px;'>Troncal SIP no incluida<\/li>\n<li style='margin-bottom: 5px;'>Panel de conmutaci\u00f3n y m\u00e1s<\/li>\n<\/ul>\n<p style='margin-top: 15px;'>Aprovisione su extensi\u00f3n en App m\u00f3vil&comma; cliente web o tel\u00e9fono IP Fanvil\/Grandstream.<\/p>\n<\/p><\/div>\n<\/p><\/div>\n","protected":false},"excerpt":{"rendered":"<p>Conmutador en nube Yeastar 10 extensiones Enterprise anuales, 10 llamadas simult\u00e1neas 500 min. de grabaci\u00f3n en nube<\/p>\n","protected":false},"featured_media":86207,"comment_status":"open","ping_status":"closed","template":"","meta":[],"product_brand":[],"product_cat":[2028],"product_tag":[2029,2004,2145],"class_list":{"0":"post-86208","1":"product","2":"type-product","3":"status-publish","4":"has-post-thumbnail","6":"product_cat-conmutadores-ip","7":"product_tag-conmutadores-ip","8":"product_tag-voip-telefonia-ip-videoconferencia","9":"product_tag-yeastar","11":"first","12":"instock","13":"sale","14":"shipping-taxable","15":"purchasable","16":"product-type-simple"},"_links":{"self":[{"href":"https:\/\/soydeaqui.ddns.net\/pachuca\/index.php\/wp-json\/wp\/v2\/product\/86208","targetHints":{"allow":["GET"]}}],"collection":[{"href":"https:\/\/soydeaqui.ddns.net\/pachuca\/index.php\/wp-json\/wp\/v2\/product"}],"about":[{"href":"https:\/\/soydeaqui.ddns.net\/pachuca\/index.php\/wp-json\/wp\/v2\/types\/product"}],"replies":[{"embeddable":true,"href":"https:\/\/soydeaqui.ddns.net\/pachuca\/index.php\/wp-json\/wp\/v2\/comments?post=86208"}],"wp:featuredmedia":[{"embeddable":true,"href":"https:\/\/soydeaqui.ddns.net\/pachuca\/index.php\/wp-json\/wp\/v2\/media\/86207"}],"wp:attachment":[{"href":"https:\/\/soydeaqui.ddns.net\/pachuca\/index.php\/wp-json\/wp\/v2\/media?parent=86208"}],"wp:term":[{"taxonomy":"product_brand","embeddable":true,"href":"https:\/\/soydeaqui.ddns.net\/pachuca\/index.php\/wp-json\/wp\/v2\/product_brand?post=86208"},{"taxonomy":"product_cat","embeddable":true,"href":"https:\/\/soydeaqui.ddns.net\/pachuca\/index.php\/wp-json\/wp\/v2\/product_cat?post=86208"},{"taxonomy":"product_tag","embeddable":true,"href":"https:\/\/soydeaqui.ddns.net\/pachuca\/index.php\/wp-json\/wp\/v2\/product_tag?post=86208"}],"curies":[{"name":"wp","href":"https:\/\/api.w.org\/{rel}","templated":true}]}}