{"id":86204,"date":"2026-03-19T22:12:13","date_gmt":"2026-03-19T22:12:13","guid":{"rendered":"https:\/\/soydeaqui.ddns.net\/pachuca\/index.php\/producto\/hap-ax-lite-lte6-router-lte-wifi-2-4-gen6-bandas-lte-135782028\/"},"modified":"2026-03-19T22:12:20","modified_gmt":"2026-03-19T22:12:20","slug":"hap-ax-lite-lte6-router-lte-wifi-2-4-gen6-bandas-lte-135782028","status":"publish","type":"product","link":"https:\/\/soydeaqui.ddns.net\/pachuca\/index.php\/producto\/hap-ax-lite-lte6-router-lte-wifi-2-4-gen6-bandas-lte-135782028\/","title":{"rendered":"(hAP ax lite LTE6) Router LTE WiFi 2.4 Gen6 bandas LTE (1,3,5,7,8,20,28)"},"content":{"rendered":"<div style='width: 100%; max-width: 1200px; margin: 0 auto; font-family: sans-serif; line-height: 1.6; color: inherit; background-color: transparent;'>\n<div style='margin-bottom: 30px;'>\n<p style='margin: 0 0 16px; font-size: 15px; color: inherit;'>Nuestros dispositivos hAP lite siempre han tenido un valor. El nuevo hAP ax lite LTE6 no es una excepci\u00f3n: \u00a1la adici\u00f3n de un<span style='font-weight: bold;'> m\u00f3dem LTE integrado<\/span> le permite reducir costos en lugar de esquinas como nunca antes!<\/p>\n<\/p><\/div>\n<div style='margin-bottom: 30px;'>\n<p style='margin: 0 0 16px; font-size: 15px; color: inherit;'>Hay<span style='font-weight: bold;'> cuatro puertos Gigabit Ethernet<\/span>. Combinado con una r\u00e1pida<span style='font-weight: bold;'> CPU ARM de doble n\u00facleo y 256 MB de RAM<\/span>&comma; tienes un s\u00f3lido router SOHO. Con conectividad m\u00f3vil. Pero el tren de valor no se detiene aqu\u00ed.<span style='font-weight: bold;'> Como beneficio adicional&comma; hemos a\u00f1adido Wi-Fi 6 de 2&comma;4 GHz (802.11ax) inal\u00e1mbrico y una fuerte antena de doble cadena de 4&comma;3 dBi.<\/span> Puede que no sea la caracter\u00edstica principal aqu\u00ed&comma; pero no la subestimes: \u00a1nuestros \u00faltimos chips inal\u00e1mbricos te permiten exprimir el espectro inal\u00e1mbrico tradicional de 2&comma;4 GHz como un lim\u00f3n! Dependiendo de su configuraci\u00f3n general&comma; \u00a1puede esperar un aumento en la velocidad de hasta el 90 %!<\/p>\n<p style='margin: 0 0 16px; font-size: 15px; color: inherit;'><span style='font-weight: bold;'>La libertad de LTE<\/span><\/p>\n<p style='margin: 0 0 16px; font-size: 15px; color: inherit;'>Las redes de cable ya no pueden limitarte. Internet m\u00f3vil est\u00e1 ah\u00ed para ti&comma; dondequiera que elijas ir. \u00a1Y nunca te ralentizar\u00e1! Puede alcanzar velocidades consistentes de hasta<span style='font-weight: bold;'> 300 Mbps con la agregaci\u00f3n de operadores<\/span>&comma; ya que el m\u00f3dem CAT6 integrado permite que los dispositivos<span style='font-weight: bold;'> utilicen m\u00faltiples bandas simult\u00e1neamente<\/span>. Esa es una gran ventaja en \u00e1reas con muchos usuarios de LTE. hAP ax lite LTE6 proporciona una mejor capacidad de respuesta en un entorno lleno de gente y una mayor eficiencia para situaciones de se\u00f1al m\u00e1s d\u00e9biles en el campo. Dependiendo del proveedor de servicios&comma; \u00a1hemos visto duplicar la velocidad de Internet en las zonas rurales despu\u00e9s de cambiar a la agregaci\u00f3n de operadores!<\/p>\n<p style='margin: 0 0 16px; font-size: 15px; color: inherit;'><span style='font-weight: bold;'>Ofrecemos importantes descuentos en proyectos y opciones de marca personalizada en pedidos por volumen.<\/span> \u00a1El mejor precio del mercado se vuelve a\u00fan mejor!<\/p>\n<p style='margin: 0 0 16px; font-size: 15px; color: inherit;'>Y no dejes que el precio te enga\u00f1e. hAP ax lite LTE6 es el verdadero negocio. Viene con todas las amplias caracter\u00edsticas de RouterOS 7. Nuestro equipo se enorgullece de darte la libertad de llevar nuestros dispositivos al l\u00edmite. T\u00fanel VPN seguro&comma; configuraci\u00f3n del ancho de banda&comma; firewall&comma; control de acceso de los usuarios: t\u00fa estableces las reglas aqu\u00ed. Es tu vida. Tu red. \u00a1Y tu oportunidad de empezar a ahorrar dinero como nunca antes!<\/p>\n<p style='margin: 0 0 16px; font-size: 15px; color: inherit;'><em style='color: inherit;'>El dispositivo tiene un sistema operativo preinstalado y con licencia. No es necesaria una compra por separado y el producto est\u00e1 listo para usar. El dispositivo incluye actualizaciones de software gratuitas durante la vida \u00fatil del producto o un m\u00ednimo de 5 a\u00f1os a partir de la fecha de compra.<\/em><\/p>\n<\/p><\/div>\n<div style='margin-bottom: 30px;'>\n<h3 style='font-size: 22px; border-bottom: 2px solid currentColor; padding-bottom: 5px; margin-top: 0; color: inherit; opacity: 0.8;'>Especificaciones<\/h3>\n<div style='display: flex; flex-wrap: wrap; gap: 20px; margin-top: 20px;'>\n<div style='flex: 1 1 250px; border: 1px solid rgba(150&comma; 150&comma; 150&comma; 0.4); border-radius: 8px; overflow: hidden; display: flex; flex-direction: column;'>\n<div style='padding: 15px; border-bottom: 1px solid rgba(150&comma; 150&comma; 150&comma; 0.2); font-weight: bold; font-size: 18px; color: inherit;'>Caracter\u00edsticas<\/div>\n<div style='padding: 15px; color: inherit;'>\n<ul style='padding-left: 20px; margin: 0; font-size: 14px; list-style-type: disc; color: inherit;'>\n<li style='margin-bottom: 5px;'><strong>C\u00f3digo de producto:<\/strong> L41G-2axD&#038;FG621-EA<\/li>\n<li style='margin-bottom: 5px;'><strong>Arquitectura:<\/strong> ARM 64 bits<\/li>\n<li style='margin-bottom: 5px;'><strong>CPU:<\/strong> IPQ-5010<\/li>\n<li style='margin-bottom: 5px;'><strong>N\u00facleos de CPU:<\/strong> 2<\/li>\n<li style='margin-bottom: 5px;'><strong>Frecuencia CPU:<\/strong> 800 MHz<\/li>\n<li style='margin-bottom: 5px;'><strong>Chip de red:<\/strong> MT7531BE<\/li>\n<li style='margin-bottom: 5px;'><strong>Licencia RouterOS:<\/strong> 4<\/li>\n<li style='margin-bottom: 5px;'><strong>Sistema operativo:<\/strong> RouterOS v7<\/li>\n<li style='margin-bottom: 5px;'><strong>RAM:<\/strong> 256 MB<\/li>\n<li style='margin-bottom: 5px;'><strong>Almacenamiento:<\/strong> 128 MB NAND<\/li>\n<li style='margin-bottom: 5px;'><strong>MTBF:<\/strong> Aproximadamente 100&#8217;000 horas a 25\u00b0C<\/li>\n<li style='margin-bottom: 5px;'><strong>Temperatura operativa:<\/strong> -40 \u00b0C a 60 \u00b0C<\/li>\n<\/ul><\/div>\n<\/p><\/div>\n<div style='flex: 1 1 250px; border: 1px solid rgba(150&comma; 150&comma; 150&comma; 0.4); border-radius: 8px; overflow: hidden; display: flex; flex-direction: column;'>\n<div style='padding: 15px; border-bottom: 1px solid rgba(150&comma; 150&comma; 150&comma; 0.2); font-weight: bold; font-size: 18px; color: inherit;'>Wi-Fi 6 (2.4GHz)<\/div>\n<div style='padding: 15px; color: inherit;'>\n<ul style='padding-left: 20px; margin: 0; font-size: 14px; list-style-type: disc; color: inherit;'>\n<li style='margin-bottom: 5px;'><strong>Velocidad:<\/strong> 574 Mbit\/s<\/li>\n<li style='margin-bottom: 5px;'><strong>Cadenas:<\/strong> 2<\/li>\n<li style='margin-bottom: 5px;'><strong>Est\u00e1ndares:<\/strong> 802.11b\/g\/n\/ax<\/li>\n<li style='margin-bottom: 5px;'><strong>Ganancia antena:<\/strong> 4.3 dBi<\/li>\n<li style='margin-bottom: 5px;'><strong>Chip Wi-Fi:<\/strong> IPQ-5010<\/li>\n<li style='margin-bottom: 5px;'><strong>Velocidad WiFi:<\/strong> AX600<\/li>\n<\/ul><\/div>\n<\/p><\/div>\n<div style='flex: 1 1 250px; border: 1px solid rgba(150&comma; 150&comma; 150&comma; 0.4); border-radius: 8px; overflow: hidden; display: flex; flex-direction: column;'>\n<div style='padding: 15px; border-bottom: 1px solid rgba(150&comma; 150&comma; 150&comma; 0.2); font-weight: bold; font-size: 18px; color: inherit;'>Conectividad LTE<\/div>\n<div style='padding: 15px; color: inherit;'>\n<ul style='padding-left: 20px; margin: 0; font-size: 14px; list-style-type: disc; color: inherit;'>\n<li style='margin-bottom: 5px;'><strong>Categor\u00eda:<\/strong> 6 (300 Mbps DL&comma; 50 Mbps UL)<\/li>\n<li style='margin-bottom: 5px;'><strong>Bandas FDD:<\/strong> 1 (2100 MHz)&comma; 3 (1800 MHz)&comma; 5 (850 MHz)&comma; 7 (2600 MHz)&comma; 8 (900 MHz)&comma; 20 (800 MHz)&comma; 28 (700 MHz)<\/li>\n<li style='margin-bottom: 5px;'><strong>Bandas TDD:<\/strong> 38 (2600 MHz)&comma; 40 (2300 MHz)&comma; 41 (2500 MHz)<\/li>\n<li style='margin-bottom: 5px;'><strong>Categor\u00eda 3G:<\/strong> R8 (42&comma;2 Mbps DL&comma; 11&comma;2 Mbps UL)<\/li>\n<li style='margin-bottom: 5px;'><strong>Bandas 3G:<\/strong> 1 (2100MHz)&comma; 3 (1800MHz)&comma; 5 (850MHz)&comma; 8 (900MHz)<\/li>\n<li style='margin-bottom: 5px;'><strong>TAC:<\/strong> 86335904<\/li>\n<\/ul><\/div>\n<\/p><\/div>\n<div style='flex: 1 1 250px; border: 1px solid rgba(150&comma; 150&comma; 150&comma; 0.4); border-radius: 8px; overflow: hidden; display: flex; flex-direction: column;'>\n<div style='padding: 15px; border-bottom: 1px solid rgba(150&comma; 150&comma; 150&comma; 0.2); font-weight: bold; font-size: 18px; color: inherit;'>Conectividad Ethernet<\/div>\n<div style='padding: 15px; color: inherit;'>\n<ul style='padding-left: 20px; margin: 0; font-size: 14px; list-style-type: disc; color: inherit;'>\n<li style='margin-bottom: 5px;'><strong>Puertos:<\/strong> 4 Gigabit Ethernet<\/li>\n<\/ul><\/div>\n<\/p><\/div>\n<div style='flex: 1 1 250px; border: 1px solid rgba(150&comma; 150&comma; 150&comma; 0.4); border-radius: 8px; overflow: hidden; display: flex; flex-direction: column;'>\n<div style='padding: 15px; border-bottom: 1px solid rgba(150&comma; 150&comma; 150&comma; 0.2); font-weight: bold; font-size: 18px; color: inherit;'>Alimentaci\u00f3n<\/div>\n<div style='padding: 15px; color: inherit;'>\n<ul style='padding-left: 20px; margin: 0; font-size: 14px; list-style-type: disc; color: inherit;'>\n<li style='margin-bottom: 5px;'><strong>Entrada:<\/strong> 1 x DC 5V 2.4A<\/li>\n<li style='margin-bottom: 5px;'><strong>Consumo:<\/strong> 12 W<\/li>\n<li style='margin-bottom: 5px;'><strong>Refrigeraci\u00f3n:<\/strong> Pasivo<\/li>\n<\/ul><\/div>\n<\/p><\/div>\n<div style='flex: 1 1 250px; border: 1px solid rgba(150&comma; 150&comma; 150&comma; 0.4); border-radius: 8px; overflow: hidden; display: flex; flex-direction: column;'>\n<div style='padding: 15px; border-bottom: 1px solid rgba(150&comma; 150&comma; 150&comma; 0.2); font-weight: bold; font-size: 18px; color: inherit;'>Certificaciones<\/div>\n<div style='padding: 15px; color: inherit;'>\n<ul style='padding-left: 20px; margin: 0; font-size: 14px; list-style-type: disc; color: inherit;'>\n<li style='margin-bottom: 5px;'><strong>Certificaciones:<\/strong> CE&comma; EAC&comma; ROHS<\/li>\n<li style='margin-bottom: 5px;'><strong>Protecci\u00f3n:<\/strong> IP20<\/li>\n<\/ul><\/div>\n<\/p><\/div>\n<div style='flex: 1 1 250px; border: 1px solid rgba(150&comma; 150&comma; 150&comma; 0.4); border-radius: 8px; overflow: hidden; display: flex; flex-direction: column;'>\n<div style='padding: 15px; border-bottom: 1px solid rgba(150&comma; 150&comma; 150&comma; 0.2); font-weight: bold; font-size: 18px; color: inherit;'>Perif\u00e9ricos<\/div>\n<div style='padding: 15px; color: inherit;'>\n<ul style='padding-left: 20px; margin: 0; font-size: 14px; list-style-type: disc; color: inherit;'>\n<li style='margin-bottom: 5px;'><strong>SIM:<\/strong> 1 ranura (Micro SIM)<\/li>\n<\/ul><\/div>\n<\/p><\/div>\n<div style='flex: 1 1 250px; border: 1px solid rgba(150&comma; 150&comma; 150&comma; 0.4); border-radius: 8px; overflow: hidden; display: flex; flex-direction: column;'>\n<div style='padding: 15px; border-bottom: 1px solid rgba(150&comma; 150&comma; 150&comma; 0.2); font-weight: bold; font-size: 18px; color: inherit;'>Adicional<\/div>\n<div style='padding: 15px; color: inherit;'>\n<ul style='padding-left: 20px; margin: 0; font-size: 14px; list-style-type: disc; color: inherit;'>\n<li style='margin-bottom: 5px;'><strong>Bot\u00f3n de modo:<\/strong> S\u00ed<\/li>\n<\/ul><\/div>\n<\/p><\/div>\n<\/p><\/div>\n<\/p><\/div>\n<hr style='border: 0; border-top: 1px solid rgba(150&comma; 150&comma; 150&comma; 0.3); margin: 30px 0;'>\n<div style='margin-bottom: 30px;'>\n<h3 style='font-size: 22px; border-bottom: 2px solid currentColor; padding-bottom: 5px; margin-top: 0; color: inherit; opacity: 0.8;'>Piezas incluidas<\/h3>\n<div style='display: flex; flex-wrap: wrap; gap: 20px; margin-top: 20px;'>\n<div style='flex: 1 1 250px; min-width: 180px;'> <img style='width: 100%; height: auto; border: 1px solid rgba(150&comma;150&comma;150&comma;0.3); border-radius: 8px;' src='https:\/\/i.mt.lv\/cdn\/rb_images\/part1591675079553s.jpg' alt='Adaptador de corriente USB'> <\/p>\n<p style='margin-top: 10px; font-size: 14px; text-align: center; color: inherit;'>Adaptador de corriente USB de 5 V&comma; 2&comma;4 A y 12 W<\/p>\n<\/p><\/div>\n<\/p><\/div>\n<\/p><\/div>\n<\/p><\/div>\n","protected":false},"excerpt":{"rendered":"<p>(hAP ax lite LTE6) Router LTE WiFi 2.4 Gen6 bandas LTE (1,3,5,7,8,20,28)<\/p>\n","protected":false},"featured_media":86203,"comment_status":"open","ping_status":"closed","template":"","meta":[],"product_brand":[],"product_cat":[2024],"product_tag":[643,1479,2025],"class_list":{"0":"post-86204","1":"product","2":"type-product","3":"status-publish","4":"has-post-thumbnail","6":"product_cat-routers-inalambricos","7":"product_tag-mikrotik","8":"product_tag-redes-wifi","9":"product_tag-routers-inalambricos","11":"first","12":"outofstock","13":"sale","14":"shipping-taxable","15":"purchasable","16":"product-type-simple"},"_links":{"self":[{"href":"https:\/\/soydeaqui.ddns.net\/pachuca\/index.php\/wp-json\/wp\/v2\/product\/86204","targetHints":{"allow":["GET"]}}],"collection":[{"href":"https:\/\/soydeaqui.ddns.net\/pachuca\/index.php\/wp-json\/wp\/v2\/product"}],"about":[{"href":"https:\/\/soydeaqui.ddns.net\/pachuca\/index.php\/wp-json\/wp\/v2\/types\/product"}],"replies":[{"embeddable":true,"href":"https:\/\/soydeaqui.ddns.net\/pachuca\/index.php\/wp-json\/wp\/v2\/comments?post=86204"}],"wp:featuredmedia":[{"embeddable":true,"href":"https:\/\/soydeaqui.ddns.net\/pachuca\/index.php\/wp-json\/wp\/v2\/media\/86203"}],"wp:attachment":[{"href":"https:\/\/soydeaqui.ddns.net\/pachuca\/index.php\/wp-json\/wp\/v2\/media?parent=86204"}],"wp:term":[{"taxonomy":"product_brand","embeddable":true,"href":"https:\/\/soydeaqui.ddns.net\/pachuca\/index.php\/wp-json\/wp\/v2\/product_brand?post=86204"},{"taxonomy":"product_cat","embeddable":true,"href":"https:\/\/soydeaqui.ddns.net\/pachuca\/index.php\/wp-json\/wp\/v2\/product_cat?post=86204"},{"taxonomy":"product_tag","embeddable":true,"href":"https:\/\/soydeaqui.ddns.net\/pachuca\/index.php\/wp-json\/wp\/v2\/product_tag?post=86204"}],"curies":[{"name":"wp","href":"https:\/\/api.w.org\/{rel}","templated":true}]}}