{"id":8620,"date":"2026-03-18T07:11:38","date_gmt":"2026-03-18T07:11:38","guid":{"rendered":"https:\/\/soydeaqui.ddns.net\/pachuca\/index.php\/producto\/carrete-de-fibra-ptica-monomodo-con-conectores-sc-sc-duplex-reforzada-con-kevlar-de-300-metros-984-25-pies-para-instalaciones-subterrneas-por-tubera\/"},"modified":"2026-03-18T07:11:38","modified_gmt":"2026-03-18T07:11:38","slug":"carrete-de-fibra-ptica-monomodo-con-conectores-sc-sc-duplex-reforzada-con-kevlar-de-300-metros-984-25-pies-para-instalaciones-subterrneas-por-tubera","status":"publish","type":"product","link":"https:\/\/soydeaqui.ddns.net\/pachuca\/index.php\/producto\/carrete-de-fibra-ptica-monomodo-con-conectores-sc-sc-duplex-reforzada-con-kevlar-de-300-metros-984-25-pies-para-instalaciones-subterrneas-por-tubera\/","title":{"rendered":"Carrete de Fibra ?ptica Monomodo con Conectores SC-SC Duplex, Reforzada con Kevlar, de 300 Metros (984.25 Pies), Para Instalaciones Subterr?neas por Tuber?a"},"content":{"rendered":"<div style='width: 100%; max-width: 1200px; margin: 0 auto; font-family: sans-serif; line-height: 1.6; color: inherit; background-color: transparent;'> <!-- Secci\u00f3n de t\u00edtulo --> <\/p>\n<div style='margin-bottom: 20px;'>\n<h3 style='font-size: 22px; border-bottom: 2px solid currentColor; padding-bottom: 5px; margin-top: 0; color: inherit; opacity: 0.8;'> Soluci\u00f3n de Fibra \u00d3ptica con conexiones mec\u00e1nicas <\/h3>\n<\/p><\/div>\n<p> <!-- Secci\u00f3n de caracter\u00edsticas --> <\/p>\n<div style='display: flex; flex-wrap: wrap; gap: 30px; margin-bottom: 30px;'>\n<div style='flex: 1 1 300px; min-width: 280px;'>\n<ul style='padding-left: 20px; font-size: 15px; color: inherit;'>\n<li style='margin-bottom: 5px;'>Tipo de Fibra: Monomodo 9\/125<\/li>\n<li style='margin-bottom: 5px;'>Conectores: SC\/SC Duplex<\/li>\n<li style='margin-bottom: 5px;'>Carrete de 300 metros<\/li>\n<li style='margin-bottom: 5px;'>4 uniones m\u00e1ximo combinando cualquier distancia (se requieren 2 EF-UNION-SC por cada uni\u00f3n)<\/li>\n<\/ul><\/div>\n<\/p><\/div>\n<p> <!-- Secci\u00f3n de video --> <\/p>\n<div style='margin-bottom: 30px;'>\n<h3 style='font-size: 22px; border-bottom: 2px solid currentColor; padding-bottom: 5px; margin-top: 0; margin-bottom: 20px; color: inherit; opacity: 0.8;'> Video: Conectorizaci\u00f3n de carretes de Fibra \u00d3ptica con EFUNIONGEN2 <\/h3>\n<div style='position: relative; padding-bottom: 56.25%; height: 0; overflow: hidden; margin-bottom: 30px;'>   <\/div>\n<\/p><\/div>\n<p> <!-- Secci\u00f3n de enlace t\u00e9cnico --> <\/p>\n<div style='margin-bottom: 30px;'>\n<div style='text-align: center; padding: 15px; border: 1px solid rgba(150&comma;150&comma;150&comma;0.3); border-radius: 8px;'> <a href='https:\/\/soporte.syscom.mx\/es\/articles\/6945916-fibra-optica-conoce-como-hacer-un-enlace-punto-a-punto-con-convertidores-de-medios-utilizando-fibra-optica-conectorizada' style='color: #3598db; font-size: 16px; text-decoration: none; font-weight: bold;'> Conoce como Hacer un Enlace Punto a Punto con Convertidores de Medios Utilizando Fibra \u00d3ptica Conectorizada <\/a> <\/div>\n<\/p><\/div>\n<p> <!-- Separador final --> <\/p>\n<hr style='border: 0; border-top: 1px solid rgba(150&comma; 150&comma; 150&comma; 0.3); margin: 30px 0;'> <\/div>\n","protected":false},"excerpt":{"rendered":"<p>Carrete de Fibra ?ptica Monomodo con Conectores SC-SC Duplex, Reforzada con Kevlar, de 300 Metros (984.25 Pies), Para Instalaciones Subterr?neas por Tuber?a<\/p>\n","protected":false},"featured_media":8619,"comment_status":"open","ping_status":"closed","template":"","meta":[],"product_brand":[],"product_cat":[625],"product_tag":[488,611,435],"class_list":{"0":"post-8620","1":"product","2":"type-product","3":"status-publish","4":"has-post-thumbnail","6":"product_cat-fibra-optica-cables-y-conectores","7":"product_tag-cables-y-conectores","8":"product_tag-fibra-optica","9":"product_tag-linkedpro-by-epcom","11":"first","12":"instock","13":"sale","14":"shipping-taxable","15":"purchasable","16":"product-type-simple"},"_links":{"self":[{"href":"https:\/\/soydeaqui.ddns.net\/pachuca\/index.php\/wp-json\/wp\/v2\/product\/8620","targetHints":{"allow":["GET"]}}],"collection":[{"href":"https:\/\/soydeaqui.ddns.net\/pachuca\/index.php\/wp-json\/wp\/v2\/product"}],"about":[{"href":"https:\/\/soydeaqui.ddns.net\/pachuca\/index.php\/wp-json\/wp\/v2\/types\/product"}],"replies":[{"embeddable":true,"href":"https:\/\/soydeaqui.ddns.net\/pachuca\/index.php\/wp-json\/wp\/v2\/comments?post=8620"}],"wp:featuredmedia":[{"embeddable":true,"href":"https:\/\/soydeaqui.ddns.net\/pachuca\/index.php\/wp-json\/wp\/v2\/media\/8619"}],"wp:attachment":[{"href":"https:\/\/soydeaqui.ddns.net\/pachuca\/index.php\/wp-json\/wp\/v2\/media?parent=8620"}],"wp:term":[{"taxonomy":"product_brand","embeddable":true,"href":"https:\/\/soydeaqui.ddns.net\/pachuca\/index.php\/wp-json\/wp\/v2\/product_brand?post=8620"},{"taxonomy":"product_cat","embeddable":true,"href":"https:\/\/soydeaqui.ddns.net\/pachuca\/index.php\/wp-json\/wp\/v2\/product_cat?post=8620"},{"taxonomy":"product_tag","embeddable":true,"href":"https:\/\/soydeaqui.ddns.net\/pachuca\/index.php\/wp-json\/wp\/v2\/product_tag?post=8620"}],"curies":[{"name":"wp","href":"https:\/\/api.w.org\/{rel}","templated":true}]}}