{"id":86126,"date":"2026-03-19T22:08:44","date_gmt":"2026-03-19T22:08:44","guid":{"rendered":"https:\/\/soydeaqui.ddns.net\/pachuca\/index.php\/producto\/telefono-de-conferencias-ip-yealink-cp965-con-13-microfonos-integrados-y-certificacion-microsoft-teams\/"},"modified":"2026-03-19T22:08:49","modified_gmt":"2026-03-19T22:08:49","slug":"telefono-de-conferencias-ip-yealink-cp965-con-13-microfonos-integrados-y-certificacion-microsoft-teams","status":"publish","type":"product","link":"https:\/\/soydeaqui.ddns.net\/pachuca\/index.php\/producto\/telefono-de-conferencias-ip-yealink-cp965-con-13-microfonos-integrados-y-certificacion-microsoft-teams\/","title":{"rendered":"Tel\u00e9fono de Conferencias IP Yealink CP965 con 13 Micr\u00f3fonos Integrados y Certificaci\u00f3n Microsoft Teams"},"content":{"rendered":"<div style=\"width: 100%; max-width: 1200px; margin: 0px auto; font-family: sans-serif; line-height: 1.6; color: inherit; background-color: transparent; --darkreader-inline-color: inherit; --darkreader-inline-bgcolor: transparent;\" data-darkreader-inline-color=\"\" data-darkreader-inline-bgcolor=\"\">\n<div style=\"margin-bottom: 30px;\">\n<p style=\"font-size: 17px; line-height: 1.6; margin: 0px 0px 20px; color: inherit; --darkreader-inline-color: inherit;\" data-darkreader-inline-color=\"\">El Yealink CP965 es un tel&eacute;fono de conferencia IP de gama empresarial dise&ntilde;ado para salas de reuniones medianas y grandes. Basado en Android 12&comma; ofrece una interfaz de usuario optimizada para Microsoft Teams&comma; proporcionando una experiencia de reuni&oacute;n fluida y profesional. Con 12 micr&oacute;fonos integrados y tecnolog&iacute;a Optima HD Voice&comma; garantiza una calidad de audio excepcional en un radio de 6 metros y 360&deg;.<\/p>\n<\/div>\n<div style=\"margin-bottom: 30px;\">\n<h2 style=\"font-size: 24px; font-weight: 600; margin: 0px 0px 20px; color: inherit; border-bottom: 2px solid currentcolor; padding-bottom: 5px; opacity: 0.8; --darkreader-inline-color: inherit; --darkreader-inline-border-bottom: currentcolor;\" data-darkreader-inline-color=\"\" data-darkreader-inline-border-bottom=\"\">Caracter&iacute;sticas Principales<\/h2>\n<div style=\"display: flex; flex-wrap: wrap; gap: 20px; margin-top: 20px;\">\n<div style=\"flex: 1 1 100%; min-width: 280px;\">\n<div style=\"border: 1px solid rgba(150&comma; 150&comma; 150&comma; 0.4); border-radius: 8px; overflow: hidden; display: flex; flex-direction: column; height: 100%; --darkreader-inline-border-top: var(--darkreader-border-96969666&comma; rgba(78&comma; 84&comma; 87&comma; 0.4)); --darkreader-inline-border-right: var(--darkreader-border-96969666&comma; rgba(78&comma; 84&comma; 87&comma; 0.4)); --darkreader-inline-border-bottom: var(--darkreader-border-96969666&comma; rgba(78&comma; 84&comma; 87&comma; 0.4)); --darkreader-inline-border-left: var(--darkreader-border-96969666&comma; rgba(78&comma; 84&comma; 87&comma; 0.4));\" data-darkreader-inline-border-top=\"\" data-darkreader-inline-border-right=\"\" data-darkreader-inline-border-bottom=\"\" data-darkreader-inline-border-left=\"\">\n<div style=\"padding: 15px; border-bottom: 1px solid rgba(150&comma; 150&comma; 150&comma; 0.2); font-weight: bold; font-size: 18px; color: inherit; --darkreader-inline-border-bottom: var(--darkreader-border-96969633&comma; rgba(78&comma; 84&comma; 87&comma; 0.2)); --darkreader-inline-color: inherit;\" data-darkreader-inline-border-bottom=\"\" data-darkreader-inline-color=\"\">Caracter&iacute;sticas<\/div>\n<div style=\"padding: 15px; color: inherit; --darkreader-inline-color: inherit;\" data-darkreader-inline-color=\"\">\n<ul style=\"padding-left: 20px; margin: 0; font-size: 14px; list-style-type: disc;\">\n<li style=\"margin-bottom: 5px;\">12 micr&oacute;fonos para captaci&oacute;n de sonido + 1 micr&oacute;fono para cancelaci&oacute;n de ruido<\/li>\n<li style=\"margin-bottom: 5px;\">Pantalla t&aacute;ctil capacitiva de 5&#39; con resoluci&oacute;n 720 x 1280<\/li>\n<li style=\"margin-bottom: 5px;\">Compatibilidad completa con Microsoft Teams y Microsoft 365<\/li>\n<li style=\"margin-bottom: 5px;\">Bluetooth 4.2 y Wi-Fi dual band (2.4G\/5G)<\/li>\n<li style=\"margin-bottom: 5px;\">Alimentaci&oacute;n mediante PoE (IEEE 802.3af)<\/li>\n<li style=\"margin-bottom: 5px;\">Interfaz moderna y f&aacute;cil de usar con sincronizaci&oacute;n de calendario de Outlook<\/li>\n<\/ul>\n<\/div>\n<\/div>\n<\/div>\n<\/div>\n<\/div>\n<div style=\"margin-bottom: 30px;\">\n<h2 style=\"font-size: 24px; font-weight: 600; margin: 0px 0px 20px; color: inherit; border-bottom: 2px solid currentcolor; padding-bottom: 5px; opacity: 0.8; --darkreader-inline-color: inherit; --darkreader-inline-border-bottom: currentcolor;\" data-darkreader-inline-color=\"\" data-darkreader-inline-border-bottom=\"\">Detalles T&eacute;cnicos<\/h2>\n<div style=\"display: flex; flex-wrap: wrap; gap: 20px; margin-top: 20px;\">\n<div style=\"flex: 1 1 45%; min-width: 280px;\">\n<div style=\"border: 1px solid rgba(150&comma; 150&comma; 150&comma; 0.4); border-radius: 8px; overflow: hidden; display: flex; flex-direction: column; height: 100%; --darkreader-inline-border-top: var(--darkreader-border-96969666&comma; rgba(78&comma; 84&comma; 87&comma; 0.4)); --darkreader-inline-border-right: var(--darkreader-border-96969666&comma; rgba(78&comma; 84&comma; 87&comma; 0.4)); --darkreader-inline-border-bottom: var(--darkreader-border-96969666&comma; rgba(78&comma; 84&comma; 87&comma; 0.4)); --darkreader-inline-border-left: var(--darkreader-border-96969666&comma; rgba(78&comma; 84&comma; 87&comma; 0.4));\" data-darkreader-inline-border-top=\"\" data-darkreader-inline-border-right=\"\" data-darkreader-inline-border-bottom=\"\" data-darkreader-inline-border-left=\"\">\n<div style=\"padding: 15px; border-bottom: 1px solid rgba(150&comma; 150&comma; 150&comma; 0.2); font-weight: bold; font-size: 18px; color: inherit; --darkreader-inline-border-bottom: var(--darkreader-border-96969633&comma; rgba(78&comma; 84&comma; 87&comma; 0.2)); --darkreader-inline-color: inherit;\" data-darkreader-inline-border-bottom=\"\" data-darkreader-inline-color=\"\">Especificaciones<\/div>\n<div style=\"padding: 15px; color: inherit; --darkreader-inline-color: inherit;\" data-darkreader-inline-color=\"\">\n<ul style=\"padding-left: 20px; margin: 0; font-size: 14px; list-style-type: disc;\">\n<li style=\"margin-bottom: 5px;\">Audio HD con tecnolog&iacute;a full-duplex<\/li>\n<li style=\"margin-bottom: 5px;\">Codecs de audio: G722&comma; G722.1C&comma; G726&comma; G.729&comma; G.729A&comma; G723&comma; iLBC&comma; PCMU&comma; PCMA&comma; SILK<\/li>\n<li style=\"margin-bottom: 5px;\">Cancelaci&oacute;n de eco de hasta 320 ms<\/li>\n<li style=\"margin-bottom: 5px;\">Supresi&oacute;n de ruido de fondo<\/li>\n<li style=\"margin-bottom: 5px;\">Altavoz de 56 mm y 5W<\/li>\n<li style=\"margin-bottom: 5px;\">Consumo de energ&iacute;a: 7.3-20W (PoE)<\/li>\n<\/ul>\n<\/div>\n<\/div>\n<\/div>\n<div style=\"flex: 1 1 45%; min-width: 280px;\">\n<div style=\"border: 1px solid rgba(150&comma; 150&comma; 150&comma; 0.4); border-radius: 8px; overflow: hidden; display: flex; flex-direction: column; height: 100%; --darkreader-inline-border-top: var(--darkreader-border-96969666&comma; rgba(78&comma; 84&comma; 87&comma; 0.4)); --darkreader-inline-border-right: var(--darkreader-border-96969666&comma; rgba(78&comma; 84&comma; 87&comma; 0.4)); --darkreader-inline-border-bottom: var(--darkreader-border-96969666&comma; rgba(78&comma; 84&comma; 87&comma; 0.4)); --darkreader-inline-border-left: var(--darkreader-border-96969666&comma; rgba(78&comma; 84&comma; 87&comma; 0.4));\" data-darkreader-inline-border-top=\"\" data-darkreader-inline-border-right=\"\" data-darkreader-inline-border-bottom=\"\" data-darkreader-inline-border-left=\"\">\n<div style=\"padding: 15px; border-bottom: 1px solid rgba(150&comma; 150&comma; 150&comma; 0.2); font-weight: bold; font-size: 18px; color: inherit; --darkreader-inline-border-bottom: var(--darkreader-border-96969633&comma; rgba(78&comma; 84&comma; 87&comma; 0.2)); --darkreader-inline-color: inherit;\" data-darkreader-inline-border-bottom=\"\" data-darkreader-inline-color=\"\">Interfaces y Conectividad<\/div>\n<div style=\"padding: 15px; color: inherit; --darkreader-inline-color: inherit;\" data-darkreader-inline-color=\"\">\n<ul style=\"padding-left: 20px; margin: 0; font-size: 14px; list-style-type: disc;\">\n<li style=\"margin-bottom: 5px;\">1 puerto RJ45 10\/100M Ethernet<\/li>\n<li style=\"margin-bottom: 5px;\">1 puerto USB 2.0 Type-A<\/li>\n<li style=\"margin-bottom: 5px;\">1 puerto USB 2.0 Type-C<\/li>\n<li style=\"margin-bottom: 5px;\">Bluetooth 4.2<\/li>\n<li style=\"margin-bottom: 5px;\">Wi-Fi dual band 2.4G\/5G<\/li>\n<li style=\"margin-bottom: 5px;\">Ranura de seguridad<\/li>\n<\/ul>\n<\/div>\n<\/div>\n<\/div>\n<\/div>\n<\/div>\n<div style=\"margin-bottom: 30px;\">\n<h2 style=\"font-size: 24px; font-weight: 600; margin: 0px 0px 20px; color: inherit; border-bottom: 2px solid currentcolor; padding-bottom: 5px; opacity: 0.8; --darkreader-inline-color: inherit; --darkreader-inline-border-bottom: currentcolor;\" data-darkreader-inline-color=\"\" data-darkreader-inline-border-bottom=\"\">Aplicaciones y Casos de Uso<\/h2>\n<div style=\"display: flex; flex-wrap: wrap; gap: 20px; margin-top: 20px;\">\n<div style=\"flex: 1 1 30%; min-width: 280px;\">\n<div style=\"border: 1px solid rgba(150&comma; 150&comma; 150&comma; 0.4); border-radius: 8px; overflow: hidden; display: flex; flex-direction: column; height: 100%; --darkreader-inline-border-top: var(--darkreader-border-96969666&comma; rgba(78&comma; 84&comma; 87&comma; 0.4)); --darkreader-inline-border-right: var(--darkreader-border-96969666&comma; rgba(78&comma; 84&comma; 87&comma; 0.4)); --darkreader-inline-border-bottom: var(--darkreader-border-96969666&comma; rgba(78&comma; 84&comma; 87&comma; 0.4)); --darkreader-inline-border-left: var(--darkreader-border-96969666&comma; rgba(78&comma; 84&comma; 87&comma; 0.4));\" data-darkreader-inline-border-top=\"\" data-darkreader-inline-border-right=\"\" data-darkreader-inline-border-bottom=\"\" data-darkreader-inline-border-left=\"\">\n<div style=\"padding: 15px; border-bottom: 1px solid rgba(150&comma; 150&comma; 150&comma; 0.2); font-weight: bold; font-size: 18px; color: inherit; --darkreader-inline-border-bottom: var(--darkreader-border-96969633&comma; rgba(78&comma; 84&comma; 87&comma; 0.2)); --darkreader-inline-color: inherit;\" data-darkreader-inline-border-bottom=\"\" data-darkreader-inline-color=\"\">Salas de Reuniones<\/div>\n<div style=\"padding: 15px; color: inherit; --darkreader-inline-color: inherit;\" data-darkreader-inline-color=\"\">\n<p style=\"margin: 0; font-size: 14px;\">Ideal para salas de conferencias medianas y grandes&comma; proporcionando audio claro y sincronizaci&oacute;n con Microsoft Teams.<\/p>\n<\/div>\n<\/div>\n<\/div>\n<div style=\"flex: 1 1 30%; min-width: 280px;\">\n<div style=\"border: 1px solid rgba(150&comma; 150&comma; 150&comma; 0.4); border-radius: 8px; overflow: hidden; display: flex; flex-direction: column; height: 100%; --darkreader-inline-border-top: var(--darkreader-border-96969666&comma; rgba(78&comma; 84&comma; 87&comma; 0.4)); --darkreader-inline-border-right: var(--darkreader-border-96969666&comma; rgba(78&comma; 84&comma; 87&comma; 0.4)); --darkreader-inline-border-bottom: var(--darkreader-border-96969666&comma; rgba(78&comma; 84&comma; 87&comma; 0.4)); --darkreader-inline-border-left: var(--darkreader-border-96969666&comma; rgba(78&comma; 84&comma; 87&comma; 0.4));\" data-darkreader-inline-border-top=\"\" data-darkreader-inline-border-right=\"\" data-darkreader-inline-border-bottom=\"\" data-darkreader-inline-border-left=\"\">\n<div style=\"padding: 15px; border-bottom: 1px solid rgba(150&comma; 150&comma; 150&comma; 0.2); font-weight: bold; font-size: 18px; color: inherit; --darkreader-inline-border-bottom: var(--darkreader-border-96969633&comma; rgba(78&comma; 84&comma; 87&comma; 0.2)); --darkreader-inline-color: inherit;\" data-darkreader-inline-border-bottom=\"\" data-darkreader-inline-color=\"\">Gesti&oacute;n Centralizada<\/div>\n<div style=\"padding: 15px; color: inherit; --darkreader-inline-color: inherit;\" data-darkreader-inline-color=\"\">\n<p style=\"margin: 0; font-size: 14px;\">Compatibilidad con plataformas de gesti&oacute;n de dispositivos de Microsoft&comma; Yealink y Unify Square para despliegue y actualizaci&oacute;n eficiente.<\/p>\n<\/div>\n<\/div>\n<\/div>\n<div style=\"flex: 1 1 30%; min-width: 280px;\">\n<div style=\"border: 1px solid rgba(150&comma; 150&comma; 150&comma; 0.4); border-radius: 8px; overflow: hidden; display: flex; flex-direction: column; height: 100%; --darkreader-inline-border-top: var(--darkreader-border-96969666&comma; rgba(78&comma; 84&comma; 87&comma; 0.4)); --darkreader-inline-border-right: var(--darkreader-border-96969666&comma; rgba(78&comma; 84&comma; 87&comma; 0.4)); --darkreader-inline-border-bottom: var(--darkreader-border-96969666&comma; rgba(78&comma; 84&comma; 87&comma; 0.4)); --darkreader-inline-border-left: var(--darkreader-border-96969666&comma; rgba(78&comma; 84&comma; 87&comma; 0.4));\" data-darkreader-inline-border-top=\"\" data-darkreader-inline-border-right=\"\" data-darkreader-inline-border-bottom=\"\" data-darkreader-inline-border-left=\"\">\n<div style=\"padding: 15px; border-bottom: 1px solid rgba(150&comma; 150&comma; 150&comma; 0.2); font-weight: bold; font-size: 18px; color: inherit; --darkreader-inline-border-bottom: var(--darkreader-border-96969633&comma; rgba(78&comma; 84&comma; 87&comma; 0.2)); --darkreader-inline-color: inherit;\" data-darkreader-inline-border-bottom=\"\" data-darkreader-inline-color=\"\">Reuniones Remotas<\/div>\n<div style=\"padding: 15px; color: inherit; --darkreader-inline-color: inherit;\" data-darkreader-inline-color=\"\">\n<p style=\"margin: 0; font-size: 14px;\">Facilita la participaci&oacute;n en reuniones con un solo clic y acceso al calendario de Outlook para una programaci&oacute;n sin problemas.<\/p>\n<\/div>\n<\/div>\n<\/div>\n<\/div>\n<\/div>\n<\/div>\n","protected":false},"excerpt":{"rendered":"<p>Tel\u00e9fono de Conferencias IP Yealink CP965 con 13 Micr\u00f3fonos Integrados y Certificaci\u00f3n Microsoft Teams<\/p>\n","protected":false},"featured_media":86125,"comment_status":"open","ping_status":"closed","template":"","meta":[],"product_brand":[],"product_cat":[2003],"product_tag":[2005,2004,2112],"class_list":{"0":"post-86126","1":"product","2":"type-product","3":"status-publish","4":"has-post-thumbnail","6":"product_cat-telefonos-ip","7":"product_tag-telefonos-ip","8":"product_tag-voip-telefonia-ip-videoconferencia","9":"product_tag-yealink","11":"first","12":"outofstock","13":"sale","14":"shipping-taxable","15":"purchasable","16":"product-type-simple"},"_links":{"self":[{"href":"https:\/\/soydeaqui.ddns.net\/pachuca\/index.php\/wp-json\/wp\/v2\/product\/86126","targetHints":{"allow":["GET"]}}],"collection":[{"href":"https:\/\/soydeaqui.ddns.net\/pachuca\/index.php\/wp-json\/wp\/v2\/product"}],"about":[{"href":"https:\/\/soydeaqui.ddns.net\/pachuca\/index.php\/wp-json\/wp\/v2\/types\/product"}],"replies":[{"embeddable":true,"href":"https:\/\/soydeaqui.ddns.net\/pachuca\/index.php\/wp-json\/wp\/v2\/comments?post=86126"}],"wp:featuredmedia":[{"embeddable":true,"href":"https:\/\/soydeaqui.ddns.net\/pachuca\/index.php\/wp-json\/wp\/v2\/media\/86125"}],"wp:attachment":[{"href":"https:\/\/soydeaqui.ddns.net\/pachuca\/index.php\/wp-json\/wp\/v2\/media?parent=86126"}],"wp:term":[{"taxonomy":"product_brand","embeddable":true,"href":"https:\/\/soydeaqui.ddns.net\/pachuca\/index.php\/wp-json\/wp\/v2\/product_brand?post=86126"},{"taxonomy":"product_cat","embeddable":true,"href":"https:\/\/soydeaqui.ddns.net\/pachuca\/index.php\/wp-json\/wp\/v2\/product_cat?post=86126"},{"taxonomy":"product_tag","embeddable":true,"href":"https:\/\/soydeaqui.ddns.net\/pachuca\/index.php\/wp-json\/wp\/v2\/product_tag?post=86126"}],"curies":[{"name":"wp","href":"https:\/\/api.w.org\/{rel}","templated":true}]}}