{"id":86119,"date":"2026-03-19T22:08:25","date_gmt":"2026-03-19T22:08:25","guid":{"rendered":"https:\/\/soydeaqui.ddns.net\/pachuca\/index.php\/producto\/videoportero-ip-sip-con-reconocimiento-facial-8-ips-10000-rostros-anti-suplantacion-ip66-ik07-poe\/"},"modified":"2026-03-19T22:08:35","modified_gmt":"2026-03-19T22:08:35","slug":"videoportero-ip-sip-con-reconocimiento-facial-8-ips-10000-rostros-anti-suplantacion-ip66-ik07-poe","status":"publish","type":"product","link":"https:\/\/soydeaqui.ddns.net\/pachuca\/index.php\/producto\/videoportero-ip-sip-con-reconocimiento-facial-8-ips-10000-rostros-anti-suplantacion-ip66-ik07-poe\/","title":{"rendered":"Videoportero IP SIP con Reconocimiento Facial, 8&#8243; IPS, 10,000 rostros, anti-suplantaci\u00f3n, IP66\/IK07, PoE"},"content":{"rendered":"<div style='width: 100%; max-width: 1200px; margin: 0 auto; font-family: sans-serif; line-height: 1.6; color: inherit; background-color: transparent;'> <!-- Encabezado rojo con t\u00edtulo --> <\/p>\n<div style='background-color: #cb3234; color: white; text-align: center; padding: 30px 15px;'>\n<h1 style='margin: 0; font-size: 32px; color: inherit;'>Videoportero Fanvil i68<\/h1>\n<p style='margin: 0; font-size: 18px; color: inherit;'>Reconocimiento Facial | 8&#8242; IPS | IP66 | 10&comma;000 rostros | PoE<\/p>\n<\/p><\/div>\n<p> <!-- Secci\u00f3n de gu\u00edas de configuraci\u00f3n --> <\/p>\n<div style='display: flex; flex-wrap: wrap; gap: 30px; margin: 30px 0;'>\n<div style='flex: 1 1 100%;'>\n<h3 style='font-size: 22px; border-bottom: 2px solid currentColor; padding-bottom: 5px; margin-top: 0; color: inherit; opacity: 0.8;'>Gu\u00edas de Configuraci\u00f3n<\/h3>\n<ul style='padding-left: 20px; font-size: 15px; color: inherit; list-style-type: none; padding: 0; text-align: center;'>\n<li style='margin-bottom: 10px;'><a style='color: inherit; text-decoration: none;' href='https:\/\/soporte.syscom.mx\/es\/articles\/2612033-fanvil-registro-de-extensiones-sip-en-telefonos-fanvil' target='_blank' rel='noopener'>Gu\u00eda para Registrar Videoporteros FANVIL en Conmutadores GRANDSTREAM<\/a><\/li>\n<li style='margin-bottom: 10px;'><a style='color: inherit; text-decoration: none;' href='https:\/\/soporte.syscom.mx\/es\/articles\/7892816-yeastar-aprovisionar-telefonos-fanvil-con-conmutador-yeastar' target='_blank' rel='noopener'>Gu\u00eda para registrar Videoporteros FANVIL en conmutadores YEASTAR<\/a><\/li>\n<li style='margin-bottom: 10px;'><a style='color: inherit; text-decoration: none;' href='https:\/\/soporte.syscom.mx\/es\/articles\/9441563-fanvil-solucion-de-integracion-de-monitores-con-frente-de-calle-i62-para-control-de-acceso' target='_blank' rel='noopener'>Configuraci\u00f3n de Reconocimiento Facial y Liveness Detection<\/a><\/li>\n<li style='margin-bottom: 10px;'><a style='color: inherit; text-decoration: none;' href='https:\/\/soporte.syscom.mx\/es\/articles\/9375504-fanvil-integracion-de-videoporteros-con-nvr-hikvision-por-protocolo-onvif' target='_blank' rel='noopener'>Integraci\u00f3n con NVR v\u00eda ONVIF<\/a><\/li>\n<\/ul><\/div>\n<\/p><\/div>\n<p> <!-- Separador --> <\/p>\n<hr style='border: 0; border-top: 1px solid rgba(150&comma; 150&comma; 150&comma; 0.3); margin: 30px 0;'> <!-- Videos --> <\/p>\n<div style='display: flex; flex-wrap: wrap; gap: 30px; margin: 30px 0;'>\n<div style='flex: 1 1 100%;'>\n<h3 style='font-size: 22px; border-bottom: 2px solid currentColor; padding-bottom: 5px; margin-top: 0; color: inherit; opacity: 0.8;'>Videos Demostrativos<\/h3>\n<\/p><\/div>\n<div style='flex: 1 1 45%; min-width: 300px;'>\n<div style='position: relative; padding-bottom: 56.25%; height: 0; overflow: hidden; margin-bottom: 20px;'>   <\/div>\n<\/p><\/div>\n<div style='flex: 1 1 45%; min-width: 300px;'>\n<div style='position: relative; padding-bottom: 56.25%; height: 0; overflow: hidden; margin-bottom: 20px;'>   <\/div>\n<\/p><\/div>\n<\/p><\/div>\n<p> <!-- Separador --> <\/p>\n<hr style='border: 0; border-top: 1px solid rgba(150&comma; 150&comma; 150&comma; 0.3); margin: 30px 0;'> <!-- Diagrama de conexi\u00f3n --> <\/p>\n<div style='display: flex; flex-wrap: wrap; gap: 30px; margin: 30px 0;'>\n<div style='flex: 1 1 100%;'>\n<h3 style='font-size: 22px; border-bottom: 2px solid currentColor; padding-bottom: 5px; margin-top: 0; color: inherit; opacity: 0.8;'>Diagrama de Conexi\u00f3n<\/h3>\n<p> <img style='width: 100%; height: auto; max-width: 900px; border: 1px solid rgba(150&comma;150&comma;150&comma;0.3); border-radius: 8px;' src='https:\/\/ftp3.syscom.mx\/usuarios\/fotos\/I62\/205480-diagram-i64.png' alt='Diagrama de conexi\u00f3n para chapa el\u00e9ctrica y bot\u00f3n no touch'> <\/div>\n<\/p><\/div>\n<p> <!-- Separador --> <\/p>\n<hr style='border: 0; border-top: 1px solid rgba(150&comma; 150&comma; 150&comma; 0.3); margin: 30px 0;'> <!-- Descripci\u00f3n general --> <\/p>\n<div style='display: flex; flex-wrap: wrap; gap: 30px; margin: 30px 0;'>\n<div style='flex: 1 1 100%;'>\n<h3 style='font-size: 22px; border-bottom: 2px solid currentColor; padding-bottom: 5px; margin-top: 0; color: inherit; opacity: 0.8;'>Descripci\u00f3n General<\/h3>\n<p style='font-size: 15px; color: inherit; text-align: justify; margin-bottom: 15px;'>El i68 es un videoportero con reconocimiento facial de alta precisi\u00f3n que incorpora detecci\u00f3n de vivacidad anti-suplantaci\u00f3n para im\u00e1genes&comma; v\u00eddeos y m\u00e1scaras&comma; maximizando la seguridad de la comunidad. Con pantalla t\u00e1ctil IPS de 8 pulgadas y carcasa de aleaci\u00f3n de aluminio&comma; ofrece una apariencia de alta gama. Con protecci\u00f3n IP66\/IK07&comma; es resistente al agua&comma; polvo y impactos en la mayor\u00eda de entornos exteriores.<\/p>\n<\/p><\/div>\n<\/p><\/div>\n<p> <!-- Separador --> <\/p>\n<hr style='border: 0; border-top: 1px solid rgba(150&comma; 150&comma; 150&comma; 0.3); margin: 30px 0;'> <!-- Caracter\u00edsticas --> <\/p>\n<div style='display: flex; flex-wrap: wrap; gap: 30px; margin: 30px 0;'> <!-- Caracter\u00edsticas principales --> <\/p>\n<div style='flex: 1 1 30%; min-width: 280px;'>\n<div style='border: 1px solid rgba(150&comma; 150&comma; 150&comma; 0.4); border-radius: 8px; overflow: hidden; display: flex; flex-direction: column;'>\n<div style='padding: 15px; border-bottom: 1px solid rgba(150&comma; 150&comma; 150&comma; 0.2); font-weight: bold; font-size: 18px; color: inherit;'>Caracter\u00edsticas principales<\/div>\n<div style='padding: 15px; color: inherit;'>\n<ul style='padding-left: 20px; margin: 0; font-size: 14px; list-style-type: disc;'>\n<li style='margin-bottom: 5px;'>Pantalla t\u00e1ctil IPS 8&#8242; (800\u00d71280)<\/li>\n<li style='margin-bottom: 5px;'>Reconocimiento facial de alta precisi\u00f3n<\/li>\n<li style='margin-bottom: 5px;'>Detecci\u00f3n de vivacidad anti-suplantaci\u00f3n<\/li>\n<li style='margin-bottom: 5px;'>Almacenamiento para 10&comma;000 rostros<\/li>\n<li style='margin-bottom: 5px;'>Almacenamiento para 10&comma;000 tarjetas<\/li>\n<li style='margin-bottom: 5px;'>C\u00e1mara 2MP con iluminaci\u00f3n autom\u00e1tica<\/li>\n<li style='margin-bottom: 5px;'>Reducci\u00f3n inteligente de ruido<\/li>\n<li style='margin-bottom: 5px;'>Protocolo ONVIF compatible<\/li>\n<\/ul><\/div>\n<\/p><\/div>\n<\/p><\/div>\n<p> <!-- Caracter\u00edsticas f\u00edsicas --> <\/p>\n<div style='flex: 1 1 30%; min-width: 280px;'>\n<div style='border: 1px solid rgba(150&comma; 150&comma; 150&comma; 0.4); border-radius: 8px; overflow: hidden; display: flex; flex-direction: column;'>\n<div style='padding: 15px; border-bottom: 1px solid rgba(150&comma; 150&comma; 150&comma; 0.2); font-weight: bold; font-size: 18px; color: inherit;'>Caracter\u00edsticas F\u00edsicas<\/div>\n<div style='padding: 15px; color: inherit;'>\n<ul style='padding-left: 20px; margin: 0; font-size: 14px; list-style-type: disc;'>\n<li style='margin-bottom: 5px;'>Alimentaci\u00f3n: PoE 802.3at o 12Vcc \/ 2A<\/li>\n<li style='margin-bottom: 5px;'>Montaje en pared<\/li>\n<li style='margin-bottom: 5px;'>Protecci\u00f3n: IP66 \/ IK07<\/li>\n<li style='margin-bottom: 5px;'>Temperatura: -20\u00b0C ~ +55\u00b0C<\/li>\n<li style='margin-bottom: 5px;'>Dimensiones: 123.8\u00d720.5\u00d7240 mm<\/li>\n<li style='margin-bottom: 5px;'>Carcasa: Aleaci\u00f3n de aluminio<\/li>\n<li style='margin-bottom: 5px;'>Color: Gummetal<\/li>\n<\/ul><\/div>\n<\/p><\/div>\n<\/p><\/div>\n<p> <!-- M\u00e9todos de desbloqueo --> <\/p>\n<div style='flex: 1 1 30%; min-width: 280px;'>\n<div style='border: 1px solid rgba(150&comma; 150&comma; 150&comma; 0.4); border-radius: 8px; overflow: hidden; display: flex; flex-direction: column;'>\n<div style='padding: 15px; border-bottom: 1px solid rgba(150&comma; 150&comma; 150&comma; 0.2); font-weight: bold; font-size: 18px; color: inherit;'>M\u00e9todos de Desbloqueo<\/div>\n<div style='padding: 15px; color: inherit;'>\n<ul style='padding-left: 20px; margin: 0; font-size: 14px; list-style-type: disc;'>\n<li style='margin-bottom: 5px;'>Reconocimiento Facial<\/li>\n<li style='margin-bottom: 5px;'>Tarjeta IC\/ID<\/li>\n<li style='margin-bottom: 5px;'>C\u00f3digo PIN<\/li>\n<li style='margin-bottom: 5px;'>C\u00f3digo QR<\/li>\n<li style='margin-bottom: 5px;'>C\u00f3digo DTMF<\/li>\n<li style='margin-bottom: 5px;'>Apertura remota<\/li>\n<li style='margin-bottom: 5px;'>Bluetooth (BLE)<\/li>\n<\/ul><\/div>\n<\/p><\/div>\n<\/p><\/div>\n<\/p><\/div>\n<p> <!-- Separador --> <\/p>\n<hr style='border: 0; border-top: 1px solid rgba(150&comma; 150&comma; 150&comma; 0.3); margin: 30px 0;'> <!-- Galer\u00eda de im\u00e1genes --> <\/p>\n<div style='display: flex; flex-wrap: wrap; gap: 30px; margin: 30px 0;'>\n<div style='flex: 1 1 100%;'>\n<h3 style='font-size: 22px; border-bottom: 2px solid currentColor; padding-bottom: 5px; margin-top: 0; color: inherit; opacity: 0.8;'>Galer\u00eda de Im\u00e1genes<\/h3>\n<\/p><\/div>\n<div style='flex: 1 1 45%; min-width: 300px;'> <img style='width: 100%; height: auto; border: 1px solid rgba(150&comma;150&comma;150&comma;0.3); border-radius: 8px;' src='https:\/\/ftp3.syscom.mx\/usuarios\/fotos\/I68\/244096-1d0ab4ed-f431-4ce1-b3b4-8ce69fe3c4a3.jpeg' alt=''> <\/div>\n<div style='flex: 1 1 45%; min-width: 300px;'> <img style='width: 100%; height: auto; border: 1px solid rgba(150&comma;150&comma;150&comma;0.3); border-radius: 8px;' src='https:\/\/ftp3.syscom.mx\/usuarios\/fotos\/I68\/244096-1052xjnf4d_(1).jpg' alt=''> <\/div>\n<div style='flex: 1 1 45%; min-width: 300px;'> <img style='width: 100%; height: auto; border: 1px solid rgba(150&comma;150&comma;150&comma;0.3); border-radius: 8px;' src='https:\/\/ftp3.syscom.mx\/usuarios\/fotos\/I68\/244096-10520jlr46_(1).jpg' alt=''> <\/div>\n<div style='flex: 1 1 45%; min-width: 300px;'> <img style='width: 100%; height: auto; border: 1px solid rgba(150&comma;150&comma;150&comma;0.3); border-radius: 8px;' src='https:\/\/ftp3.syscom.mx\/usuarios\/fotos\/I68\/244096-10526lp200_(1).jpg' alt=''> <\/div>\n<\/p><\/div>\n<p> <!-- Separador --> <\/p>\n<hr style='border: 0; border-top: 1px solid rgba(150&comma; 150&comma; 150&comma; 0.3); margin: 30px 0;'> <!-- Compatibilidad --> <\/p>\n<div style='display: flex; flex-wrap: wrap; gap: 30px; margin: 30px 0;'>\n<div style='flex: 1 1 100%;'>\n<h3 style='font-size: 22px; border-bottom: 2px solid currentColor; padding-bottom: 5px; margin-top: 0; color: inherit; opacity: 0.8;'>Compatibilidad<\/h3>\n<\/p><\/div>\n<div style='flex: 1 1 45%; min-width: 300px;'> <img style='width: 100%; height: auto; max-width: 900px; border: 1px solid rgba(150&comma;150&comma;150&comma;0.3); border-radius: 8px;' src='https:\/\/ftp3.syscom.mx\/usuarios\/fotos\/X3U\/174449-marcas.png' alt='Marcas compatibles con Fanvil i68'> <\/div>\n<div style='flex: 1 1 45%; min-width: 300px;'>\n<h4 style='font-size: 18px; margin-top: 0; color: inherit;'>Compatibilidad con IP-PBX:<\/h4>\n<ul style='padding-left: 20px; margin: 0; font-size: 14px; list-style-type: disc; color: inherit;'>\n<li style='margin-bottom: 5px;'><strong>3CX<\/strong><\/li>\n<li style='margin-bottom: 5px;'><strong>Grandstream<\/strong> (compatibilidad total)<\/li>\n<li style='margin-bottom: 5px;'>Avaya<\/li>\n<li style='margin-bottom: 5px;'>Yeastar<\/li>\n<li style='margin-bottom: 5px;'>Asterisk<\/li>\n<\/ul><\/div>\n<\/p><\/div>\n<p> <!-- Separador --> <\/p>\n<hr style='border: 0; border-top: 1px solid rgba(150&comma; 150&comma; 150&comma; 0.3); margin: 30px 0;'> <!-- Topolog\u00eda de conexi\u00f3n --> <\/p>\n<div style='display: flex; flex-wrap: wrap; gap: 30px; margin: 30px 0;'>\n<div style='flex: 1 1 100%;'>\n<h3 style='font-size: 22px; border-bottom: 2px solid currentColor; padding-bottom: 5px; margin-top: 0; color: inherit; opacity: 0.8;'>Topolog\u00eda de Conexi\u00f3n<\/h3>\n<p style='font-size: 14px; color: inherit; margin-top: 15px;'>* Se puede utilizar sin conmutador IP o con conmutador IP para funciones especiales (grupo de timbrado&comma; contestar desde celular&comma; etc.)<\/p>\n<\/p><\/div>\n<\/p><\/div>\n<\/p><\/div>\n","protected":false},"excerpt":{"rendered":"<p>Videoportero IP SIP con Reconocimiento Facial, 8&#8243; IPS, 10,000 rostros, anti-suplantaci\u00f3n, IP66\/IK07, PoE<\/p>\n","protected":false},"featured_media":86118,"comment_status":"open","ping_status":"closed","template":"","meta":[],"product_brand":[],"product_cat":[2113],"product_tag":[2114,859,2004],"class_list":{"0":"post-86119","1":"product","2":"type-product","3":"status-publish","4":"has-post-thumbnail","6":"product_cat-audio-video-porteros-ip","7":"product_tag-audio-video-porteros-ip","8":"product_tag-fanvil","9":"product_tag-voip-telefonia-ip-videoconferencia","11":"first","12":"instock","13":"sale","14":"shipping-taxable","15":"purchasable","16":"product-type-simple"},"_links":{"self":[{"href":"https:\/\/soydeaqui.ddns.net\/pachuca\/index.php\/wp-json\/wp\/v2\/product\/86119","targetHints":{"allow":["GET"]}}],"collection":[{"href":"https:\/\/soydeaqui.ddns.net\/pachuca\/index.php\/wp-json\/wp\/v2\/product"}],"about":[{"href":"https:\/\/soydeaqui.ddns.net\/pachuca\/index.php\/wp-json\/wp\/v2\/types\/product"}],"replies":[{"embeddable":true,"href":"https:\/\/soydeaqui.ddns.net\/pachuca\/index.php\/wp-json\/wp\/v2\/comments?post=86119"}],"wp:featuredmedia":[{"embeddable":true,"href":"https:\/\/soydeaqui.ddns.net\/pachuca\/index.php\/wp-json\/wp\/v2\/media\/86118"}],"wp:attachment":[{"href":"https:\/\/soydeaqui.ddns.net\/pachuca\/index.php\/wp-json\/wp\/v2\/media?parent=86119"}],"wp:term":[{"taxonomy":"product_brand","embeddable":true,"href":"https:\/\/soydeaqui.ddns.net\/pachuca\/index.php\/wp-json\/wp\/v2\/product_brand?post=86119"},{"taxonomy":"product_cat","embeddable":true,"href":"https:\/\/soydeaqui.ddns.net\/pachuca\/index.php\/wp-json\/wp\/v2\/product_cat?post=86119"},{"taxonomy":"product_tag","embeddable":true,"href":"https:\/\/soydeaqui.ddns.net\/pachuca\/index.php\/wp-json\/wp\/v2\/product_tag?post=86119"}],"curies":[{"name":"wp","href":"https:\/\/api.w.org\/{rel}","templated":true}]}}