{"id":86105,"date":"2026-03-19T22:07:44","date_gmt":"2026-03-19T22:07:44","guid":{"rendered":"https:\/\/soydeaqui.ddns.net\/pachuca\/index.php\/producto\/diadema-alambrica-uh42-se-dual-de-yealink-certificada-para-microsoft-teams-con-usb-c-a\/"},"modified":"2026-03-19T22:07:45","modified_gmt":"2026-03-19T22:07:45","slug":"diadema-alambrica-uh42-se-dual-de-yealink-certificada-para-microsoft-teams-con-usb-c-a","status":"publish","type":"product","link":"https:\/\/soydeaqui.ddns.net\/pachuca\/index.php\/producto\/diadema-alambrica-uh42-se-dual-de-yealink-certificada-para-microsoft-teams-con-usb-c-a\/","title":{"rendered":"Diadema Al\u00e1mbrica UH42 SE Dual de Yealink Certificada para Microsoft Teams con USB-C\/A"},"content":{"rendered":"<div style='width: 100%; max-width: 1200px; margin: 0 auto; font-family: sans-serif; line-height: 1.6; color: inherit; background-color: transparent;'>\n<div style='display: flex; flex-wrap: wrap; gap: 30px; margin-bottom: 30px;'>\n<div style='flex: 1 1 300px; min-width: 280px;'>\n<h3 style='font-size: 22px; border-bottom: 2px solid currentColor; padding-bottom: 5px; margin-top: 0; color: inherit; opacity: 0.8;'>Descripci\u00f3n General<\/h3>\n<p style='font-size: 15px; color: inherit;'>El Yealink UH42 SE es un auricular USB profesional disponible en versiones monoaural y binaural&comma; dise\u00f1ado para ofrecer audio cristalino y comodidad durante todo el d\u00eda. Ideal para trabajadores que pasan mucho tiempo en comunicaciones de voz&comma; este auricular combina ergonom\u00eda avanzada&comma; durabilidad y facilidad de uso con tecnolog\u00eda de cancelaci\u00f3n de ruido AI y un altavoz de 35 mm para una experiencia de audio de alta calidad.<\/p>\n<\/p><\/div>\n<\/p><\/div>\n<div style='display: flex; flex-wrap: wrap; gap: 20px; margin-bottom: 30px;'>\n<div style='flex: 1 1 250px; border: 1px solid rgba(150&comma; 150&comma; 150&comma; 0.4); border-radius: 8px; overflow: hidden; display: flex; flex-direction: column;'>\n<div style='padding: 15px; border-bottom: 1px solid rgba(150&comma; 150&comma; 150&comma; 0.2); font-weight: bold; font-size: 18px; color: inherit;'>Caracter\u00edsticas Principales<\/div>\n<div style='padding: 15px; color: inherit;'>\n<ul style='padding-left: 20px; margin: 0; font-size: 14px; list-style-type: disc;'>\n<li style='margin-bottom: 5px;'>Dise\u00f1o ergon\u00f3mico para comodidad prolongada<\/li>\n<li style='margin-bottom: 5px;'>Plug-and-play con compatibilidad para tel\u00e9fonos y dispositivos PC<\/li>\n<li style='margin-bottom: 5px;'>Micr\u00f3fono con cancelaci\u00f3n de ruido AI para claridad en las llamadas<\/li>\n<li style='margin-bottom: 5px;'>Altavoz de 35 mm con EQ din\u00e1mico para modos de llamada y m\u00fasica<\/li>\n<li style='margin-bottom: 5px;'>Compatibilidad con Windows y Mac OS<\/li>\n<li style='margin-bottom: 5px;'>Conexi\u00f3n USB-C con adaptador USB-A y conector de 3&comma;5 mm<\/li>\n<\/ul><\/div>\n<\/p><\/div>\n<\/p><\/div>\n<div style='display: flex; flex-wrap: wrap; gap: 20px; margin-bottom: 30px;'>\n<div style='flex: 1 1 250px; border: 1px solid rgba(150&comma; 150&comma; 150&comma; 0.4); border-radius: 8px; overflow: hidden; display: flex; flex-direction: column;'>\n<div style='padding: 15px; border-bottom: 1px solid rgba(150&comma; 150&comma; 150&comma; 0.2); font-weight: bold; font-size: 18px; color: inherit;'>Especificaciones<\/div>\n<div style='padding: 15px; color: inherit;'>\n<ul style='padding-left: 20px; margin: 0; font-size: 14px; list-style-type: disc;'>\n<li style='margin-bottom: 5px;'>Longitud del cable del auricular: 1&comma;2 m<\/li>\n<li style='margin-bottom: 5px;'>Longitud del cable USB: 0&comma;95 m<\/li>\n<li style='margin-bottom: 5px;'>Rango de respuesta de frecuencia del micr\u00f3fono: 100Hz-14kHz<\/li>\n<li style='margin-bottom: 5px;'>Sensibilidad del altavoz: 113&comma;8\u00b13dB 0&comma;980V<\/li>\n<li style='margin-bottom: 5px;'>Rango de respuesta de frecuencia del altavoz: 20Hz-20kHz<\/li>\n<li style='margin-bottom: 5px;'>Impedancia del altavoz: 32+\/-4&comma;8\u03a9&comma; @ 1&comma;0 kHz<\/li>\n<\/ul><\/div>\n<\/p><\/div>\n<div style='flex: 1 1 250px; border: 1px solid rgba(150&comma; 150&comma; 150&comma; 0.4); border-radius: 8px; overflow: hidden; display: flex; flex-direction: column;'>\n<div style='padding: 15px; border-bottom: 1px solid rgba(150&comma; 150&comma; 150&comma; 0.2); font-weight: bold; font-size: 18px; color: inherit;'>Interfaces y Conectividad<\/div>\n<div style='padding: 15px; color: inherit;'>\n<ul style='padding-left: 20px; margin: 0; font-size: 14px; list-style-type: disc;'>\n<li style='margin-bottom: 5px;'>Conexi\u00f3n USB-C con adaptador USB-A<\/li>\n<li style='margin-bottom: 5px;'>Conector de 3&comma;5 mm<\/li>\n<li style='margin-bottom: 5px;'>Compatibilidad con Microsoft Windows y Apple Mac OS<\/li>\n<\/ul><\/div>\n<\/p><\/div>\n<\/p><\/div>\n<div style='display: flex; flex-wrap: wrap; gap: 20px; margin-bottom: 30px;'>\n<div style='flex: 1 1 250px; border: 1px solid rgba(150&comma; 150&comma; 150&comma; 0.4); border-radius: 8px; overflow: hidden; display: flex; flex-direction: column;'>\n<div style='padding: 15px; border-bottom: 1px solid rgba(150&comma; 150&comma; 150&comma; 0.2); font-weight: bold; font-size: 18px; color: inherit;'>Comunicaciones Empresariales<\/div>\n<div style='padding: 15px; color: inherit;'>\n<p style='font-size: 14px; margin: 0; color: inherit;'>Ideal para call centers y oficinas que requieren claridad y comodidad en las llamadas.<\/p>\n<\/p><\/div>\n<\/p><\/div>\n<div style='flex: 1 1 250px; border: 1px solid rgba(150&comma; 150&comma; 150&comma; 0.4); border-radius: 8px; overflow: hidden; display: flex; flex-direction: column;'>\n<div style='padding: 15px; border-bottom: 1px solid rgba(150&comma; 150&comma; 150&comma; 0.2); font-weight: bold; font-size: 18px; color: inherit;'>Trabajo Remoto<\/div>\n<div style='padding: 15px; color: inherit;'>\n<p style='font-size: 14px; margin: 0; color: inherit;'>Perfecto para profesionales que trabajan desde casa y necesitan un audio claro y confiable.<\/p>\n<\/p><\/div>\n<\/p><\/div>\n<div style='flex: 1 1 250px; border: 1px solid rgba(150&comma; 150&comma; 150&comma; 0.4); border-radius: 8px; overflow: hidden; display: flex; flex-direction: column;'>\n<div style='padding: 15px; border-bottom: 1px solid rgba(150&comma; 150&comma; 150&comma; 0.2); font-weight: bold; font-size: 18px; color: inherit;'>Uso Personal<\/div>\n<div style='padding: 15px; color: inherit;'>\n<p style='font-size: 14px; margin: 0; color: inherit;'>Adecuado para usuarios que buscan un auricular vers\u00e1til para llamadas y m\u00fasica.<\/p>\n<\/p><\/div>\n<\/p><\/div>\n<\/p><\/div>\n<hr style='border: 0; border-top: 1px solid rgba(150&comma; 150&comma; 150&comma; 0.3); margin: 30px 0;'> <\/div>\n","protected":false},"excerpt":{"rendered":"<p>Diadema Al\u00e1mbrica UH42 SE Dual de Yealink Certificada para Microsoft Teams con USB-C\/A<\/p>\n","protected":false},"featured_media":86104,"comment_status":"open","ping_status":"closed","template":"","meta":[],"product_brand":[],"product_cat":[2050],"product_tag":[2051,2004,2112],"class_list":{"0":"post-86105","1":"product","2":"type-product","3":"status-publish","4":"has-post-thumbnail","6":"product_cat-auriculares","7":"product_tag-auriculares","8":"product_tag-voip-telefonia-ip-videoconferencia","9":"product_tag-yealink","11":"first","12":"instock","13":"sale","14":"shipping-taxable","15":"purchasable","16":"product-type-simple"},"_links":{"self":[{"href":"https:\/\/soydeaqui.ddns.net\/pachuca\/index.php\/wp-json\/wp\/v2\/product\/86105","targetHints":{"allow":["GET"]}}],"collection":[{"href":"https:\/\/soydeaqui.ddns.net\/pachuca\/index.php\/wp-json\/wp\/v2\/product"}],"about":[{"href":"https:\/\/soydeaqui.ddns.net\/pachuca\/index.php\/wp-json\/wp\/v2\/types\/product"}],"replies":[{"embeddable":true,"href":"https:\/\/soydeaqui.ddns.net\/pachuca\/index.php\/wp-json\/wp\/v2\/comments?post=86105"}],"wp:featuredmedia":[{"embeddable":true,"href":"https:\/\/soydeaqui.ddns.net\/pachuca\/index.php\/wp-json\/wp\/v2\/media\/86104"}],"wp:attachment":[{"href":"https:\/\/soydeaqui.ddns.net\/pachuca\/index.php\/wp-json\/wp\/v2\/media?parent=86105"}],"wp:term":[{"taxonomy":"product_brand","embeddable":true,"href":"https:\/\/soydeaqui.ddns.net\/pachuca\/index.php\/wp-json\/wp\/v2\/product_brand?post=86105"},{"taxonomy":"product_cat","embeddable":true,"href":"https:\/\/soydeaqui.ddns.net\/pachuca\/index.php\/wp-json\/wp\/v2\/product_cat?post=86105"},{"taxonomy":"product_tag","embeddable":true,"href":"https:\/\/soydeaqui.ddns.net\/pachuca\/index.php\/wp-json\/wp\/v2\/product_tag?post=86105"}],"curies":[{"name":"wp","href":"https:\/\/api.w.org\/{rel}","templated":true}]}}