{"id":86092,"date":"2026-03-19T22:07:07","date_gmt":"2026-03-19T22:07:07","guid":{"rendered":"https:\/\/soydeaqui.ddns.net\/pachuca\/index.php\/producto\/soporte-de-mesa-universal-ajustable-que-mantiene-los-dispositivos-unifi-que-no-son-de-rack-en-posicion-vertical-sobre-superficies-planas\/"},"modified":"2026-03-19T22:07:23","modified_gmt":"2026-03-19T22:07:23","slug":"soporte-de-mesa-universal-ajustable-que-mantiene-los-dispositivos-unifi-que-no-son-de-rack-en-posicion-vertical-sobre-superficies-planas","status":"publish","type":"product","link":"https:\/\/soydeaqui.ddns.net\/pachuca\/index.php\/producto\/soporte-de-mesa-universal-ajustable-que-mantiene-los-dispositivos-unifi-que-no-son-de-rack-en-posicion-vertical-sobre-superficies-planas\/","title":{"rendered":"Soporte de Mesa Universal Ajustable que Mantiene los Dispositivos UniFi que no son de Rack en Posici\u00f3n Vertical sobre Superficies Planas"},"content":{"rendered":"<div style='width: 100%; max-width: 1200px; margin: 0 auto; font-family: sans-serif; line-height: 1.6; color: inherit; background-color: transparent;'> <!-- Hero Section --> <\/p>\n<div style='display: flex; flex-wrap: wrap; gap: 30px; align-items: center; border: 1px solid rgba(150&comma; 150&comma; 150&comma; 0.3); border-radius: 12px; padding: 20px; margin-bottom: 30px;'>\n<div style='flex: 1 1 320px; min-width: 280px;'> <!-- Video con fallback --> <\/p>\n<div style='position: relative; padding-bottom: 56.25%; height: 0; overflow: hidden;'> <video src='https:\/\/ftp3.syscom.mx\/usuarios\/adiaz\/Ubiquiti\/Imagenes\/UACCUTS\/UACCUTSloop.mp4' autoplay muted loop playsinline style='position: absolute; top: 0; left: 0; width: 100%; height: 100%; border: 1px solid rgba(150&comma; 150&comma; 150&comma; 0.3); border-radius: 12px;'><source src='https:\/\/ftp3.syscom.mx\/usuarios\/adiaz\/Ubiquiti\/Imagenes\/UACCUTS\/UACCUTSloop.mp4' type='video\/mp4'><!-- Fallback image --> <img src='https:\/\/ftp3.syscom.mx\/usuarios\/adiaz\/Ubiquiti\/Imagenes\/UACCUTS\/fallback.avif' alt='Ubiquiti UACC-UTS' style='width: 100%; height: auto; border: 1px solid rgba(150&comma; 150&comma; 150&comma; 0.3); border-radius: 12px;'><\/video> <\/div>\n<\/p><\/div>\n<div style='flex: 1 1 360px; min-width: 280px;'>\n<h2 style='font-size: 24px; margin: 0 0 10px; color: inherit;'>Universal Table Stand<\/h2>\n<div style='margin: 0 0 15px; color: inherit; opacity: 0.8; font-weight: 600;'>Modelo: <span style='font-weight: 700; color: inherit;'>UACC-UTS<\/span><\/div>\n<p style='margin: 0; color: inherit;'>Soporte de Mesa Universal Ajustable que Mantiene los Dispositivos <strong>UniFi<\/strong> que no son de Rack en Posici\u00f3n Vertical sobre Superficies Planas.<\/p>\n<\/p><\/div>\n<\/p><\/div>\n<p> <!-- T\u00edtulo Especificaciones --> <\/p>\n<div style='text-align: center; margin: 40px 0 20px;'> <span style='font-size: 1.5rem; font-weight: 700; color: inherit; border-bottom: 2px solid currentColor; padding-bottom: 8px; display: inline-block;'>Especificaciones<\/span> <\/div>\n<p> <!-- Grid de tarjetas --> <\/p>\n<div style='display: flex; flex-wrap: wrap; gap: 20px; margin-bottom: 30px;'> <!-- Card: Caracter\u00edsticas f\u00edsicas --> <\/p>\n<div style='flex: 1 1 250px; border: 1px solid rgba(150&comma; 150&comma; 150&comma; 0.4); border-radius: 8px; overflow: hidden; display: flex; flex-direction: column;'>\n<div style='padding: 15px; border-bottom: 1px solid rgba(150&comma; 150&comma; 150&comma; 0.2); font-weight: bold; font-size: 18px; color: inherit;'>Caracter\u00edsticas f\u00edsicas y el\u00e9ctricas<\/div>\n<div style='padding: 15px; color: inherit;'>\n<ul style='padding-left: 20px; margin: 0; font-size: 14px; list-style-type: disc;'>\n<li style='margin-bottom: 5px;'><strong>Dimensiones:<\/strong> 125.2 x 73.2 x 70.5 mm (4.9 x 2.9 x 2.8&#8242;)<\/li>\n<li style='margin-bottom: 5px;'><strong>Peso:<\/strong> 530 g (1.2 lb)<\/li>\n<li style='margin-bottom: 5px;'><strong>Material de la carcasa:<\/strong> Policarbonato<\/li>\n<li style='margin-bottom: 5px;'><strong>Soporte de sujeci\u00f3n del dispositivo:<\/strong> Ancho m\u00e1ximo 42&comma;5 mm (1&comma;6&#8242;)<\/li>\n<\/ul><\/div>\n<\/p><\/div>\n<p> <!-- Card: Compatibilidad --> <\/p>\n<div style='flex: 1 1 250px; border: 1px solid rgba(150&comma; 150&comma; 150&comma; 0.4); border-radius: 8px; overflow: hidden; display: flex; flex-direction: column;'>\n<div style='padding: 15px; border-bottom: 1px solid rgba(150&comma; 150&comma; 150&comma; 0.2); font-weight: bold; font-size: 18px; color: inherit;'>Compatibilidad<\/div>\n<div style='padding: 15px; color: inherit;'>\n<ul style='padding-left: 20px; margin: 0; font-size: 14px; list-style-type: disc;'>\n<li style='margin-bottom: 5px;'>Switches Utility: Excepto USW-Lite-8-PoE&comma; USW-Lite-16-PoE&comma; USW-Enterprise-8-PoE y USW-Pro-8-PoE.<\/li>\n<li style='margin-bottom: 5px;'>Cloud Gateway: Series UCG y UX<\/li>\n<li style='margin-bottom: 5px;'>Servidor UniFi: UCK-G2<\/li>\n<li style='margin-bottom: 5px;'>Dispositivos especiales: AI-Key&comma; Serie UMR y UPL-Port<\/li>\n<\/ul><\/div>\n<\/p><\/div>\n<\/p><\/div>\n<\/p><\/div>\n","protected":false},"excerpt":{"rendered":"<p>Soporte de Mesa Universal Ajustable que Mantiene los Dispositivos UniFi que no son de Rack en Posici\u00f3n Vertical sobre Superficies Planas<\/p>\n","protected":false},"featured_media":86091,"comment_status":"open","ping_status":"closed","template":"","meta":[],"product_brand":[],"product_cat":[1970],"product_tag":[664,1971,166],"class_list":{"0":"post-86092","1":"product","2":"type-product","3":"status-publish","4":"has-post-thumbnail","6":"product_cat-switches","7":"product_tag-networking","8":"product_tag-switches","9":"product_tag-ubiquiti","11":"first","12":"instock","13":"sale","14":"shipping-taxable","15":"purchasable","16":"product-type-simple"},"_links":{"self":[{"href":"https:\/\/soydeaqui.ddns.net\/pachuca\/index.php\/wp-json\/wp\/v2\/product\/86092","targetHints":{"allow":["GET"]}}],"collection":[{"href":"https:\/\/soydeaqui.ddns.net\/pachuca\/index.php\/wp-json\/wp\/v2\/product"}],"about":[{"href":"https:\/\/soydeaqui.ddns.net\/pachuca\/index.php\/wp-json\/wp\/v2\/types\/product"}],"replies":[{"embeddable":true,"href":"https:\/\/soydeaqui.ddns.net\/pachuca\/index.php\/wp-json\/wp\/v2\/comments?post=86092"}],"wp:featuredmedia":[{"embeddable":true,"href":"https:\/\/soydeaqui.ddns.net\/pachuca\/index.php\/wp-json\/wp\/v2\/media\/86091"}],"wp:attachment":[{"href":"https:\/\/soydeaqui.ddns.net\/pachuca\/index.php\/wp-json\/wp\/v2\/media?parent=86092"}],"wp:term":[{"taxonomy":"product_brand","embeddable":true,"href":"https:\/\/soydeaqui.ddns.net\/pachuca\/index.php\/wp-json\/wp\/v2\/product_brand?post=86092"},{"taxonomy":"product_cat","embeddable":true,"href":"https:\/\/soydeaqui.ddns.net\/pachuca\/index.php\/wp-json\/wp\/v2\/product_cat?post=86092"},{"taxonomy":"product_tag","embeddable":true,"href":"https:\/\/soydeaqui.ddns.net\/pachuca\/index.php\/wp-json\/wp\/v2\/product_tag?post=86092"}],"curies":[{"name":"wp","href":"https:\/\/api.w.org\/{rel}","templated":true}]}}