{"id":86069,"date":"2026-03-19T22:06:07","date_gmt":"2026-03-19T22:06:07","guid":{"rendered":"https:\/\/soydeaqui.ddns.net\/pachuca\/index.php\/producto\/unifi-switch-pro-max-16-con-funciones-capa-3-16-puertos-etherlight-rgb-4-puertos-2-5-gbe-y-12-puertos-gbe-2-puertos-sfp-10g-con-pantalla-tactil-informativa\/"},"modified":"2026-03-19T22:06:13","modified_gmt":"2026-03-19T22:06:13","slug":"unifi-switch-pro-max-16-con-funciones-capa-3-16-puertos-etherlight-rgb-4-puertos-2-5-gbe-y-12-puertos-gbe-2-puertos-sfp-10g-con-pantalla-tactil-informativa","status":"publish","type":"product","link":"https:\/\/soydeaqui.ddns.net\/pachuca\/index.php\/producto\/unifi-switch-pro-max-16-con-funciones-capa-3-16-puertos-etherlight-rgb-4-puertos-2-5-gbe-y-12-puertos-gbe-2-puertos-sfp-10g-con-pantalla-tactil-informativa\/","title":{"rendered":"UniFi Switch Pro Max 16 con funciones Capa 3, 16 puertos EtherLight RGB \/ (4) puertos 2.5 GbE y (12) puertos GbE \/(2) puertos SFP+ 10G \/con pantalla t\u00e1ctil informativa"},"content":{"rendered":"<div style='width: 100%; max-width: 1200px; margin: 0 auto; font-family: sans-serif; line-height: 1.6; color: inherit; background-color: transparent;'>\n<div style='display: flex; flex-wrap: wrap; gap: 30px; margin-bottom: 30px;'>\n<div style='flex: 1 1 300px; min-width: 280px;'>\n<h3 style='font-size: 22px; border-bottom: 2px solid currentColor; padding-bottom: 5px; margin-top: 0; color: inherit; opacity: 0.8;'>Caracter\u00edsticas principales<\/h3>\n<ul style='padding-left: 20px; font-size: 15px; color: inherit;'>\n<li style='margin-bottom: 5px;'><strong>Puertos Etherlighting\u2122:<\/strong> Indicaci\u00f3n de ubicaci\u00f3n&comma; velocidad\/enlace y VLAN\/red nativa<\/li>\n<li style='margin-bottom: 5px;'><strong>Puertos 2.5 GbE:<\/strong> 4 puertos<\/li>\n<li style='margin-bottom: 5px;'><strong>Puertos GbE:<\/strong> 12 puertos<\/li>\n<li style='margin-bottom: 0;'><strong>Puertos SFP+ 10G:<\/strong> 2 puertos<\/li>\n<\/ul><\/div>\n<div style='flex: 1 1 300px; min-width: 280px;'>\n<h3 style='font-size: 22px; border-bottom: 2px solid currentColor; padding-bottom: 5px; margin-top: 0; color: inherit; opacity: 0.8;'>Caracter\u00edsticas adicionales<\/h3>\n<ul style='padding-left: 20px; font-size: 15px; color: inherit;'>\n<li style='margin-bottom: 5px;'><strong>Montaje:<\/strong> Vers\u00e1til en escritorio&comma; pared y rack (requiere accesorio adicional)<\/li>\n<li style='margin-bottom: 5px;'><strong>Refrigeraci\u00f3n:<\/strong> Silenciosa y sin ventilador<\/li>\n<li style='margin-bottom: 0;'><strong>Requisito de administraci\u00f3n:<\/strong> Requiere aplicaci\u00f3n UniFi Network&comma; UniFi OS Console o UniFi Network Server<\/li>\n<\/ul><\/div>\n<\/p><\/div>\n<div style='display: flex; flex-wrap: wrap; gap: 30px; margin-bottom: 30px;'>\n<div style='flex: 1 1 300px; min-width: 280px;'> <img style='width: 100%; height: auto; border: 1px solid rgba(150&comma;150&comma;150&comma;0.3); border-radius: 8px;' src='https:\/\/cdn.ecomm.ui.com\/products\/0694226c-9791-4d7e-9fb1-d98c91fe3fda\/f8612f51-e8ee-4af5-bb2b-64de23208478.png' alt='Vista frontal del switch UniFi Switch Pro Max 16'> <\/div>\n<div style='flex: 1 1 300px; min-width: 280px;'>\n<div style='font-size: 20px; font-weight: bold; color: inherit; margin-bottom: 10px;'>USW-Pro Max 16<\/div>\n<div style='font-size: 14px; color: inherit; margin-bottom: 20px;'>Switch Etherlighting\u2122 administrable de capa 3 de 16 puertos&comma; 4 de ellos 2&comma;5 GbE con salida&comma; 12 puertos GbE&comma; con opciones de montaje vers\u00e1tiles.<\/div>\n<div style='margin-top: 20px;'> <img style='width: 100%; height: auto; border: 1px solid rgba(150&comma;150&comma;150&comma;0.3); border-radius: 8px;' src='https:\/\/images.svc.ui.com\/?u=https%3A%2F%2Fcdn.ecomm.ui.com%2Fproducts%2F0694226c-9791-4d7e-9fb1-d98c91fe3fda%2F2603a6c1-2cc1-4849-8872-4fdec7f477ca.png&#038;q=75&#038;w=3840' alt='Vista detallada del switch'> <\/div>\n<\/p><\/div>\n<\/p><\/div>\n<div style='display: flex; flex-wrap: wrap; gap: 30px; margin-bottom: 30px;'>\n<div style='flex: 1 1 300px; min-width: 280px;'> <img style='width: 100%; height: auto; border: 1px solid rgba(150&comma;150&comma;150&comma;0.3); border-radius: 8px;' src='https:\/\/images.svc.ui.com\/?u=https%3A%2F%2Fcdn.ecomm.ui.com%2Fproducts%2F0694226c-9791-4d7e-9fb1-d98c91fe3fda%2F9681fca7-d352-437f-8c6a-7972d04d8d20.png&#038;q=75&#038;w=1920' alt='Vista lateral del switch'> <\/div>\n<div style='flex: 1 1 300px; min-width: 280px;'> <img style='width: 100%; height: auto; border: 1px solid rgba(150&comma;150&comma;150&comma;0.3); border-radius: 8px;' src='https:\/\/images.svc.ui.com\/?u=https%3A%2F%2Fcdn.ecomm.ui.com%2Fproducts%2F0694226c-9791-4d7e-9fb1-d98c91fe3fda%2F92128604-2cb1-4122-bde5-3b27e894190d.png&#038;q=75&#038;w=1920' alt='Vista superior del switch'> <\/div>\n<div style='flex: 1 1 300px; min-width: 280px;'> <img style='width: 100%; height: auto; border: 1px solid rgba(150&comma;150&comma;150&comma;0.3); border-radius: 8px;' src='https:\/\/images.svc.ui.com\/?u=https%3A%2F%2Fcdn.ecomm.ui.com%2Fproducts%2F0694226c-9791-4d7e-9fb1-d98c91fe3fda%2Fa4433c3d-db6e-42c7-ac3d-81e83c634795.png&#038;q=75&#038;w=1920' alt='Vista de la pantalla t\u00e1ctil'> <\/div>\n<\/p><\/div>\n<div style='position: relative; padding-bottom: 56.25%; height: 0; overflow: hidden; margin-bottom: 30px;'>   <\/div>\n<div style='display: flex; flex-wrap: wrap; gap: 20px; margin-bottom: 30px;'>\n<div style='flex: 1 1 250px; border: 1px solid rgba(150&comma; 150&comma; 150&comma; 0.4); border-radius: 8px; overflow: hidden; display: flex; flex-direction: column;'>\n<div style='padding: 15px; border-bottom: 1px solid rgba(150&comma; 150&comma; 150&comma; 0.2); font-weight: bold; font-size: 18px; color: inherit;'>Mec\u00e1nico<\/div>\n<div style='padding: 15px; color: inherit;'>\n<ul style='padding-left: 20px; margin: 0; font-size: 14px; list-style-type: disc;'>\n<li style='margin-bottom: 5px;'><strong>Dimensiones:<\/strong> 325&comma;1 x 160 x 43&comma;7 mm (12&comma;8 x 6&comma;3 x 1&comma;7&#8242;)<\/li>\n<li style='margin-bottom: 5px;'><strong>Peso:<\/strong> 2&comma;1 kg (4&comma;6 libras)<\/li>\n<li style='margin-bottom: 5px;'><strong>Material de la carcasa:<\/strong> Acero SGCC<\/li>\n<li style='margin-bottom: 0;'><strong>Temperatura ambiente de funcionamiento:<\/strong> -5 a 40\u00b0 C (23 a 104\u00b0 F)<\/li>\n<\/ul><\/div>\n<\/p><\/div>\n<div style='flex: 1 1 250px; border: 1px solid rgba(150&comma; 150&comma; 150&comma; 0.4); border-radius: 8px; overflow: hidden; display: flex; flex-direction: column;'>\n<div style='padding: 15px; border-bottom: 1px solid rgba(150&comma; 150&comma; 150&comma; 0.2); font-weight: bold; font-size: 18px; color: inherit;'>Hardware<\/div>\n<div style='padding: 15px; color: inherit;'>\n<ul style='padding-left: 20px; margin: 0; font-size: 14px; list-style-type: disc;'>\n<li style='margin-bottom: 5px;'><strong>Rendimiento total sin bloqueo:<\/strong> 42 Gbps<\/li>\n<li style='margin-bottom: 5px;'><strong>Capacidad de conmutaci\u00f3n:<\/strong> 84 Gbps<\/li>\n<li style='margin-bottom: 5px;'><strong>Tasa de reenv\u00edo:<\/strong> 62 Mpps<\/li>\n<li style='margin-bottom: 5px;'><strong>M\u00e9todo de alimentaci\u00f3n:<\/strong> USB Tipo C 5 Vcc 5A<\/li>\n<li style='margin-bottom: 5px;'><strong>Fuente de alimentaci\u00f3n:<\/strong> 5 V&comma; 5A externa 25W<\/li>\n<li style='margin-bottom: 0;'><strong>Consumo m\u00e1ximo de energ\u00eda:<\/strong> 25 W<\/li>\n<\/ul><\/div>\n<\/p><\/div>\n<div style='flex: 1 1 250px; border: 1px solid rgba(150&comma; 150&comma; 150&comma; 0.4); border-radius: 8px; overflow: hidden; display: flex; flex-direction: column;'>\n<div style='padding: 15px; border-bottom: 1px solid rgba(150&comma; 150&comma; 150&comma; 0.2); font-weight: bold; font-size: 18px; color: inherit;'>Caracter\u00edsticas de conmutaci\u00f3n<\/div>\n<div style='padding: 15px; color: inherit;'>\n<ul style='padding-left: 20px; margin: 0; font-size: 14px; list-style-type: disc;'>\n<li style='margin-bottom: 5px;'><strong>Inspecci\u00f3n IGMP<\/strong><\/li>\n<li style='margin-bottom: 5px;'><strong>STP\/RSTP con prioridades y desactivaci\u00f3n a nivel de puerto<\/strong><\/li>\n<li style='margin-bottom: 5px;'><strong>Aislamiento de puertos<\/strong><\/li>\n<li style='margin-bottom: 5px;'><strong>Control de tormentas<\/strong><\/li>\n<li style='margin-bottom: 5px;'><strong>VLAN de voz<\/strong><\/li>\n<li style='margin-bottom: 5px;'><strong>Duplicaci\u00f3n de puertos<\/strong><\/li>\n<li style='margin-bottom: 5px;'><strong>Agregaci\u00f3n de puertos LACP<\/strong><\/li>\n<li style='margin-bottom: 5px;'><strong>Limitaci\u00f3n de velocidad de multidifusi\u00f3n\/difusi\u00f3n<\/strong><\/li>\n<li style='margin-bottom: 5px;'><strong>Bloqueo de direcciones MAC<\/strong><\/li>\n<li style='margin-bottom: 5px;'><strong>Control de flujo<\/strong><\/li>\n<li style='margin-bottom: 5px;'><strong>Control 802.1X<\/strong><\/li>\n<li style='margin-bottom: 5px;'><strong>Tramas gigantes<\/strong><\/li>\n<li style='margin-bottom: 5px;'><strong>Protecci\u00f3n de bucles patentada<\/strong><\/li>\n<li style='margin-bottom: 5px;'><strong>Inspecci\u00f3n\/protecci\u00f3n DHCP<\/strong><\/li>\n<li style='margin-bottom: 5px;'><strong>L\u00edmite de velocidad de salida<\/strong><\/li>\n<li style='margin-bottom: 0;'><strong>LLDP-MED<\/strong><\/li>\n<\/ul><\/div>\n<\/p><\/div>\n<\/p><\/div>\n<div style='display: flex; flex-wrap: wrap; gap: 20px; margin-bottom: 30px;'>\n<div style='flex: 1 1 250px; border: 1px solid rgba(150&comma; 150&comma; 150&comma; 0.4); border-radius: 8px; overflow: hidden; display: flex; flex-direction: column;'>\n<div style='padding: 15px; border-bottom: 1px solid rgba(150&comma; 150&comma; 150&comma; 0.2); font-weight: bold; font-size: 18px; color: inherit;'>Caracter\u00edsticas de la capa 3<\/div>\n<div style='padding: 15px; color: inherit;'>\n<ul style='padding-left: 20px; margin: 0; font-size: 14px; list-style-type: disc;'>\n<li style='margin-bottom: 5px;'><strong>DHCP para redes administradas localmente<\/strong><\/li>\n<li style='margin-bottom: 5px;'><strong>Retransmisi\u00f3n DHCP<\/strong><\/li>\n<li style='margin-bottom: 5px;'><strong>Enrutamiento entre VLAN entre redes en el mismo conmutador<\/strong><\/li>\n<li style='margin-bottom: 5px;'><strong>Enrutamiento est\u00e1tico entre redes locales<\/strong><\/li>\n<li style='margin-bottom: 0;'><strong>Aislamiento de red con ACL<\/strong><\/li>\n<\/ul><\/div>\n<\/p><\/div>\n<div style='flex: 1 1 250px; border: 1px solid rgba(150&comma; 150&comma; 150&comma; 0.4); border-radius: 8px; overflow: hidden; display: flex; flex-direction: column;'>\n<div style='padding: 15px; border-bottom: 1px solid rgba(150&comma; 150&comma; 150&comma; 0.2); font-weight: bold; font-size: 18px; color: inherit;'>Etherlighting\u2122<\/div>\n<div style='padding: 15px; color: inherit;'>\n<ul style='padding-left: 20px; margin: 0; font-size: 14px; list-style-type: disc;'>\n<li style='margin-bottom: 5px;'><strong>Ubicaci\u00f3n<\/strong> de la velocidad\/enlace<\/li>\n<li style='margin-bottom: 5px;'><strong>VLAN\/red nativa<\/strong><\/li>\n<li style='margin-bottom: 0;'><strong>SFP+<\/strong> &#8211; Ubicaci\u00f3n de la velocidad\/enlace y VLAN\/red nativa<\/li>\n<\/ul><\/div>\n<\/p><\/div>\n<div style='flex: 1 1 250px; border: 1px solid rgba(150&comma; 150&comma; 150&comma; 0.4); border-radius: 8px; overflow: hidden; display: flex; flex-direction: column;'>\n<div style='padding: 15px; border-bottom: 1px solid rgba(150&comma; 150&comma; 150&comma; 0.2); font-weight: bold; font-size: 18px; color: inherit;'>Requisitos de la aplicaci\u00f3n<\/div>\n<div style='padding: 15px; color: inherit;'>\n<ul style='padding-left: 20px; margin: 0; font-size: 14px; list-style-type: disc;'>\n<li style='margin-bottom: 5px;'><strong>Interfaz de gesti\u00f3n:<\/strong> Ethernet en banda<\/li>\n<li style='margin-bottom: 5px;'><strong>Interfaz de red:<\/strong> (12) puertos GbE RJ45&comma; (4) puertos RJ45 de 1\/2&comma;5 GbE&comma; (2) puertos 10G SFP+<\/li>\n<li style='margin-bottom: 5px;'><strong>Pantalla LCM:<\/strong> (1) Pantalla t\u00e1ctil de 1&comma;3&#8242;<\/li>\n<li style='margin-bottom: 5px;'><strong>Bot\u00f3n:<\/strong> Restablecimiento de f\u00e1brica<\/li>\n<li style='margin-bottom: 5px;'><strong>Humedad ambiente de funcionamiento:<\/strong> 10 a 90% sin condensaci\u00f3n<\/li>\n<li style='margin-bottom: 0;'><strong>Certificaciones:<\/strong> CE&comma; FCC&comma; IC<\/li>\n<\/ul><\/div>\n<\/p><\/div>\n<\/p><\/div>\n<hr style='border: 0; border-top: 1px solid rgba(150&comma; 150&comma; 150&comma; 0.3); margin: 30px 0;'>\n<div style='margin-bottom: 30px;'>\n<h3 style='font-size: 22px; border-bottom: 2px solid currentColor; padding-bottom: 5px; margin-top: 0; color: inherit; opacity: 0.8;'>Contenido del paquete<\/h3>\n<div style='margin-top: 20px;'> <img style='width: 100%; height: auto; border: 1px solid rgba(150&comma;150&comma;150&comma;0.3); border-radius: 8px;' src='https:\/\/images.svc.ui.com\/?u=https%3A%2F%2Fcdn.ecomm.ui.com%2Fproducts%2F065e9d0f-19c7-4b9e-8b36-8e900363af80%2F50c3f3b4-f1e9-4f22-bbbc-ca980f775099.png&#038;q=75&#038;w=3840' alt='Contenido del paquete'> <\/div>\n<\/p><\/div>\n<div style='font-size: 12px; color: inherit; opacity: 0.7; margin-top: 20px;'> * Empar\u00e9jelo con cables de conexi\u00f3n UniFi Etherlighting para brillo \u00f3ptimo <\/div>\n<\/p><\/div>\n","protected":false},"excerpt":{"rendered":"<p>UniFi Switch Pro Max 16 con funciones Capa 3, 16 puertos EtherLight RGB \/ (4) puertos 2.5 GbE y (12) puertos GbE \/(2) puertos SFP+ 10G \/con pantalla t\u00e1ctil informativa<\/p>\n","protected":false},"featured_media":86068,"comment_status":"open","ping_status":"closed","template":"","meta":[],"product_brand":[],"product_cat":[1970],"product_tag":[664,1971,166],"class_list":{"0":"post-86069","1":"product","2":"type-product","3":"status-publish","4":"has-post-thumbnail","6":"product_cat-switches","7":"product_tag-networking","8":"product_tag-switches","9":"product_tag-ubiquiti","11":"first","12":"instock","13":"sale","14":"shipping-taxable","15":"purchasable","16":"product-type-simple"},"_links":{"self":[{"href":"https:\/\/soydeaqui.ddns.net\/pachuca\/index.php\/wp-json\/wp\/v2\/product\/86069","targetHints":{"allow":["GET"]}}],"collection":[{"href":"https:\/\/soydeaqui.ddns.net\/pachuca\/index.php\/wp-json\/wp\/v2\/product"}],"about":[{"href":"https:\/\/soydeaqui.ddns.net\/pachuca\/index.php\/wp-json\/wp\/v2\/types\/product"}],"replies":[{"embeddable":true,"href":"https:\/\/soydeaqui.ddns.net\/pachuca\/index.php\/wp-json\/wp\/v2\/comments?post=86069"}],"wp:featuredmedia":[{"embeddable":true,"href":"https:\/\/soydeaqui.ddns.net\/pachuca\/index.php\/wp-json\/wp\/v2\/media\/86068"}],"wp:attachment":[{"href":"https:\/\/soydeaqui.ddns.net\/pachuca\/index.php\/wp-json\/wp\/v2\/media?parent=86069"}],"wp:term":[{"taxonomy":"product_brand","embeddable":true,"href":"https:\/\/soydeaqui.ddns.net\/pachuca\/index.php\/wp-json\/wp\/v2\/product_brand?post=86069"},{"taxonomy":"product_cat","embeddable":true,"href":"https:\/\/soydeaqui.ddns.net\/pachuca\/index.php\/wp-json\/wp\/v2\/product_cat?post=86069"},{"taxonomy":"product_tag","embeddable":true,"href":"https:\/\/soydeaqui.ddns.net\/pachuca\/index.php\/wp-json\/wp\/v2\/product_tag?post=86069"}],"curies":[{"name":"wp","href":"https:\/\/api.w.org\/{rel}","templated":true}]}}