{"id":86051,"date":"2026-03-19T22:05:16","date_gmt":"2026-03-19T22:05:16","guid":{"rendered":"https:\/\/soydeaqui.ddns.net\/pachuca\/index.php\/producto\/switch-industrial-administrable-gigabit-con-2-puertos-poe-bt-2-puertos-poe-af-at-2-sfp-gigabit-soporta-rs485-presuepuesto-poe-128w\/"},"modified":"2026-03-19T22:05:30","modified_gmt":"2026-03-19T22:05:30","slug":"switch-industrial-administrable-gigabit-con-2-puertos-poe-bt-2-puertos-poe-af-at-2-sfp-gigabit-soporta-rs485-presuepuesto-poe-128w","status":"publish","type":"product","link":"https:\/\/soydeaqui.ddns.net\/pachuca\/index.php\/producto\/switch-industrial-administrable-gigabit-con-2-puertos-poe-bt-2-puertos-poe-af-at-2-sfp-gigabit-soporta-rs485-presuepuesto-poe-128w\/","title":{"rendered":"Switch Industrial Administrable \/ Gigabit con 2 Puertos PoE bt \/ 2 Puertos PoE af\/at \/ 2 SFP Gigabit \/ Soporta RS485 \/ Presuepuesto PoE 128W"},"content":{"rendered":"<div style='width: 100%; max-width: 1200px; margin: 0 auto; font-family: sans-serif; line-height: 1.6; color: inherit; background-color: transparent;'>\n<div style='display: flex; flex-wrap: wrap; gap: 30px; margin-bottom: 30px;'>\n<div style='flex: 1 1 300px; min-width: 280px;'>\n<h3 style='font-size: 22px; border-bottom: 2px solid currentColor; padding-bottom: 5px; margin-top: 0; color: inherit; opacity: 0.8;'>Caracter\u00edsticas principales<\/h3>\n<ul style='padding-left: 20px; font-size: 15px; color: inherit;'>\n<li style='margin-bottom: 5px;'>4 Puertos PoE 10\/100\/1000 Mbps<\/li>\n<li style='margin-bottom: 5px;'>2 Puertos 1000M\/2.5G Gbps SFP<\/li>\n<li style='margin-bottom: 5px;'>Switching Capacity: 18 Gbps<\/li>\n<li style='margin-bottom: 5px;'>Packet Forwarding Rate: 13.4 Mpps<\/li>\n<li style='margin-bottom: 5px;'>MAC Address Table: 16k<\/li>\n<li style='margin-bottom: 5px;'>Packet Buffer Memory: 2Mbit<\/li>\n<li style='margin-bottom: 5px;'>Jumbo Frame: 10kB<\/li>\n<li style='margin-bottom: 5px;'>Configuraciones: (Port Mirroring \/ Port lsolation \/ Etc.)<\/li>\n<li style='margin-bottom: 5px;'><a href='https:\/\/app-gateway.wireless-tek.com\/witek-auth\/oauth2\/authorize?access_type=online&#038;client_id=671944230925173991&#038;code_challenge=s-7Hla3iD_2zDGu8n3m2vJnJpLinmklkLhNieYC9QNQ&#038;code_challenge_method=S256&#038;redirect_uri=https%3A%2F%2Fcloud2.wireless-tek.com%2Fv1%2Fuser%2Foauth2&#038;response_type=code&#038;state=1#\/login' target='_blank' rel='noopener' style='color: inherit; text-decoration: underline;'>Cloud<\/a><\/li>\n<li style='margin-bottom: 5px;'>Certificaciones: CE&comma; FCC&comma; RoHS&comma; UKCA&comma; RCM<\/li>\n<\/ul><\/div>\n<div style='flex: 1 1 300px; min-width: 280px;'>\n<h3 style='font-size: 22px; border-bottom: 2px solid currentColor; padding-bottom: 5px; margin-top: 0; color: inherit; opacity: 0.8;'>Caracter\u00edsticas f\u00edsicas y el\u00e9ctricas<\/h3>\n<ul style='padding-left: 20px; font-size: 15px; color: inherit;'>\n<li style='margin-bottom: 5px;'>Dimensiones: 56*115*158 mm<\/li>\n<li style='margin-bottom: 5px;'>Peso: 1.52 kg<\/li>\n<li style='margin-bottom: 5px;'>Alimentaci\u00f3n: 44~57V DC Backup: 44~57V DC<\/li>\n<li style='margin-bottom: 5px;'>Presupuesto PoE 120 W<\/li>\n<li style='margin-bottom: 5px;'>Consumo m\u00e1ximo: Idle: 8W 100% Traffic Rate with PoE: 128W<\/li>\n<li style='margin-bottom: 5px;'>Temperatura de operaci\u00f3n: -40\u2103~75\u2103 (-40\u2109 to 167\u2109)<\/li>\n<li style='margin-bottom: 5px;'>Humedad de operaci\u00f3n: 10-90 % de humedad relativa sin condensaci\u00f3n<\/li>\n<li style='margin-bottom: 5px;'>Bot\u00f3n: Reset<\/li>\n<li style='margin-bottom: 5px;'>Sin ventiladores<\/li>\n<\/ul><\/div>\n<div style='flex: 1 1 300px; min-width: 280px;'>\n<h3 style='font-size: 22px; border-bottom: 2px solid currentColor; padding-bottom: 5px; margin-top: 0; color: inherit; opacity: 0.8;'>Contenido<\/h3>\n<ul style='padding-left: 20px; font-size: 15px; color: inherit;'>\n<li style='margin-bottom: 5px;'>1 Switch SP3006FM-L2 (V3)<\/li>\n<li style='margin-bottom: 5px;'>1 Sensor de Temperatura\/Humedad<\/li>\n<li style='margin-bottom: 5px;'>1 Montaje de Pared<\/li>\n<li style='margin-bottom: 5px;'>1 Gu\u00eda de instalaci\u00f3n<\/li>\n<li style='margin-bottom: 5px;'>2 Phoenix Terminal<\/li>\n<\/ul><\/div>\n<\/p><\/div>\n<div style='display: flex; flex-wrap: wrap; gap: 30px; margin-bottom: 30px;'>\n<div style='flex: 1 1 300px; min-width: 280px;'>\n<h3 style='font-size: 22px; border-bottom: 2px solid currentColor; padding-bottom: 5px; margin-top: 0; color: inherit; opacity: 0.8;'>Caracter\u00edsticas del producto<\/h3>\n<ul style='padding-left: 20px; font-size: 15px; color: inherit;'>\n<li style='margin-bottom: 5px;'>4 puertos Gigabit PoE RJ45&comma; que proporcionan hasta 90 W<\/li>\n<li style='margin-bottom: 5px;'>Puertos BT PoE 1-2<\/li>\n<li style='margin-bottom: 5px;'>2 puertos de enlace ascendente SFP de 2&comma;5G<\/li>\n<li style='margin-bottom: 5px;'>VLAN 802.1Q&comma; QinQ&comma; STP\/RSTP\/MSTP y G.8032 ERPS<\/li>\n<li style='margin-bottom: 5px;'>Conectividad de alta velocidad para aplicaciones con uso intensivo de ancho de banda<\/li>\n<li style='margin-bottom: 5px;'>Dise\u00f1ado para satisfacer los requisitos de red m\u00e1s exigentes en diversas industrias<\/li>\n<li style='margin-bottom: 5px;'>Soluci\u00f3n ideal para operaciones cr\u00edticas<\/li>\n<\/ul><\/div>\n<div style='flex: 1 1 300px; min-width: 280px;'>\n<h3 style='font-size: 22px; border-bottom: 2px solid currentColor; padding-bottom: 5px; margin-top: 0; color: inherit; opacity: 0.8;'>Caracter\u00edsticas de montaje<\/h3>\n<ul style='padding-left: 20px; font-size: 15px; color: inherit;'>\n<li style='margin-bottom: 5px;'>Montaje flexible&comma; despliegue en cualquier lugar<\/li>\n<li style='margin-bottom: 5px;'>Admite instalaciones tanto en pared como en riel DIN<\/li>\n<li style='margin-bottom: 5px;'>M\u00e1xima adaptabilidad en cualquier entorno<\/li>\n<li style='margin-bottom: 5px;'>Ahorra tiempo y mano de obra gracias a sus opciones de montaje flexibles<\/li>\n<\/ul><\/div>\n<\/p><\/div>\n<div style='display: flex; flex-wrap: wrap; gap: 30px; margin-bottom: 30px;'>\n<div style='flex: 1 1 300px; min-width: 280px;'>\n<h3 style='font-size: 22px; border-bottom: 2px solid currentColor; padding-bottom: 5px; margin-top: 0; color: inherit; opacity: 0.8;'>Im\u00e1genes del producto<\/h3>\n<div style='margin-bottom: 15px;'> <img style='width: 100%; height: auto; border: 1px solid rgba(150&comma;150&comma;150&comma;0.3); border-radius: 8px;' src='https:\/\/ftp3.syscom.mx\/usuarios\/fotos\/SP3010FML2(V3)\/244988-sp3010fm-l2(v3)_imagen_1.jpg' alt=''> <\/div>\n<div style='margin-bottom: 15px;'> <img style='width: 100%; height: auto; border: 1px solid rgba(150&comma;150&comma;150&comma;0.3); border-radius: 8px;' src='https:\/\/ftp3.syscom.mx\/usuarios\/fotos\/SP3006FML2\/243816-gemini_generated_image_lmpmmklmpmmklmpm.png' alt=''> <\/div>\n<div style='margin-bottom: 15px;'> <img style='width: 100%; height: auto; border: 1px solid rgba(150&comma;150&comma;150&comma;0.3); border-radius: 8px;' src='https:\/\/ftp3.syscom.mx\/usuarios\/fotos\/SP3006FML2\/243816-gemini_generated_image_7fuiar7fuiar7fui.png' alt=''> <\/div>\n<div style='margin-bottom: 15px;'> <img style='width: 100%; height: auto; border: 1px solid rgba(150&comma;150&comma;150&comma;0.3); border-radius: 8px;' src='https:\/\/ftp3.syscom.mx\/usuarios\/fotos\/SP3006FML2\/243816-sp3006fm-l2(v3)_imagen_4.jpg' alt=''> <\/div>\n<\/p><\/div>\n<\/p><\/div>\n<\/p><\/div>\n","protected":false},"excerpt":{"rendered":"<p>Switch Industrial Administrable \/ Gigabit con 2 Puertos PoE bt \/ 2 Puertos PoE af\/at \/ 2 SFP Gigabit \/ Soporta RS485 \/ Presuepuesto PoE 128W<\/p>\n","protected":false},"featured_media":86050,"comment_status":"open","ping_status":"closed","template":"","meta":[],"product_brand":[],"product_cat":[1986],"product_tag":[664,1987,1262],"class_list":{"0":"post-86051","1":"product","2":"type-product","3":"status-publish","4":"has-post-thumbnail","6":"product_cat-switches-poe","7":"product_tag-networking","8":"product_tag-switches-poe","9":"product_tag-wi-tek","11":"first","12":"outofstock","13":"sale","14":"shipping-taxable","15":"purchasable","16":"product-type-simple"},"_links":{"self":[{"href":"https:\/\/soydeaqui.ddns.net\/pachuca\/index.php\/wp-json\/wp\/v2\/product\/86051","targetHints":{"allow":["GET"]}}],"collection":[{"href":"https:\/\/soydeaqui.ddns.net\/pachuca\/index.php\/wp-json\/wp\/v2\/product"}],"about":[{"href":"https:\/\/soydeaqui.ddns.net\/pachuca\/index.php\/wp-json\/wp\/v2\/types\/product"}],"replies":[{"embeddable":true,"href":"https:\/\/soydeaqui.ddns.net\/pachuca\/index.php\/wp-json\/wp\/v2\/comments?post=86051"}],"wp:featuredmedia":[{"embeddable":true,"href":"https:\/\/soydeaqui.ddns.net\/pachuca\/index.php\/wp-json\/wp\/v2\/media\/86050"}],"wp:attachment":[{"href":"https:\/\/soydeaqui.ddns.net\/pachuca\/index.php\/wp-json\/wp\/v2\/media?parent=86051"}],"wp:term":[{"taxonomy":"product_brand","embeddable":true,"href":"https:\/\/soydeaqui.ddns.net\/pachuca\/index.php\/wp-json\/wp\/v2\/product_brand?post=86051"},{"taxonomy":"product_cat","embeddable":true,"href":"https:\/\/soydeaqui.ddns.net\/pachuca\/index.php\/wp-json\/wp\/v2\/product_cat?post=86051"},{"taxonomy":"product_tag","embeddable":true,"href":"https:\/\/soydeaqui.ddns.net\/pachuca\/index.php\/wp-json\/wp\/v2\/product_tag?post=86051"}],"curies":[{"name":"wp","href":"https:\/\/api.w.org\/{rel}","templated":true}]}}