{"id":86032,"date":"2026-03-19T22:04:27","date_gmt":"2026-03-19T22:04:27","guid":{"rendered":"https:\/\/soydeaqui.ddns.net\/pachuca\/index.php\/producto\/unifi-usw-wan-switch-wan-capa-2-con-uplinks-sfp-10g-puerto-rj45-gbe-y-alimentacion-ca-redundante-para-alta-disponibilidad-con-unifi-gateways-en-modo-shadow-rack-1u\/"},"modified":"2026-03-19T22:04:42","modified_gmt":"2026-03-19T22:04:42","slug":"unifi-usw-wan-switch-wan-capa-2-con-uplinks-sfp-10g-puerto-rj45-gbe-y-alimentacion-ca-redundante-para-alta-disponibilidad-con-unifi-gateways-en-modo-shadow-rack-1u","status":"publish","type":"product","link":"https:\/\/soydeaqui.ddns.net\/pachuca\/index.php\/producto\/unifi-usw-wan-switch-wan-capa-2-con-uplinks-sfp-10g-puerto-rj45-gbe-y-alimentacion-ca-redundante-para-alta-disponibilidad-con-unifi-gateways-en-modo-shadow-rack-1u\/","title":{"rendered":"UniFi USW-WAN \u2013 Switch WAN Capa 2 con Uplinks SFP+ 10G, Puerto RJ45 GbE y Alimentaci\u00f3n CA Redundante para Alta Disponibilidad con UniFi Gateways en Modo Shadow (Rack 1U)"},"content":{"rendered":"<div style='width: 100%; max-width: 1200px; margin: 0 auto; font-family: sans-serif; line-height: 1.6; color: inherit; background-color: transparent;'> <!-- Hero section --> <\/p>\n<div style='display: flex; flex-wrap: wrap; gap: 30px; align-items: center; border: 1px solid rgba(150&comma;150&comma;150&comma;0.3); border-radius: 12px; padding: 20px; margin-bottom: 30px;'>\n<div style='flex: 1 1 320px; min-width: 280px;'> <!-- Video --> <\/p>\n<div style='position: relative; padding-bottom: 56.25%; height: 0; overflow: hidden; margin-bottom: 16px;'> <video style='position: absolute; top: 0; left: 0; width: 100%; height: 100%; border: 1px solid rgba(150&comma;150&comma;150&comma;0.3); border-radius: 12px;' autoplay muted loop playsinline preload='metadata'><source src='https:\/\/ftp3.syscom.mx\/usuarios\/adiaz\/Ubiquiti\/Imagenes\/USWWAN\/loop.mp4' type='video\/mp4'><img src='https:\/\/ftp3.syscom.mx\/usuarios\/adiaz\/Ubiquiti\/Imagenes\/USWWAN\/vista1.png' alt='Ubiquiti USW-WAN' style='width: 100%; height: auto; border: 1px solid rgba(150&comma;150&comma;150&comma;0.3); border-radius: 12px; display: block;'><\/video> <\/div>\n<\/p><\/div>\n<div style='flex: 1 1 360px; min-width: 280px;'>\n<h2 style='font-size: 24px; margin: 0 0 10px; color: inherit;'>UniFi WAN Switch<\/h2>\n<div style='margin: 0 0 15px; font-weight: 600; color: inherit; opacity: 0.8;'>Modelo: <span style='font-weight: 700; opacity: 1; color: inherit;'>USW-WAN<\/span><\/div>\n<p style='margin: 0 0 15px; color: inherit;'>Switch administrable de <strong>capa 2<\/strong> para conectividad WAN&comma; con <strong>uplinks SFP+ de 10G<\/strong>&comma; <strong>1 puerto RJ45 GbE<\/strong> y <strong>alimentaci\u00f3n CA redundante<\/strong>&comma; para montaje en rack <strong>1U<\/strong>.<\/p>\n<\/p><\/div>\n<\/p><\/div>\n<p> <!-- Especificaciones --> <\/p>\n<div style='text-align: center; margin: 40px 0 20px;'> <span style='font-size: 22px; font-weight: 700; color: inherit; display: inline-block; border-bottom: 2px solid currentColor; padding-bottom: 5px;'>Especificaciones<\/span> <\/div>\n<p> <!-- Grid de especificaciones --> <\/p>\n<div style='display: flex; flex-wrap: wrap; gap: 20px; margin-bottom: 30px;'> <!-- Caracter\u00edsticas principales --> <\/p>\n<div style='flex: 1 1 250px; border: 1px solid rgba(150&comma;150&comma;150&comma;0.4); border-radius: 8px; overflow: hidden; display: flex; flex-direction: column;'>\n<div style='padding: 15px; border-bottom: 1px solid rgba(150&comma;150&comma;150&comma;0.2); font-weight: bold; font-size: 18px; color: inherit;'>Caracter\u00edsticas principales<\/div>\n<div style='padding: 15px; color: inherit;'>\n<ul style='padding-left: 20px; margin: 0; font-size: 14px; list-style-type: disc;'>\n<li style='margin-bottom: 5px;'><strong>(1)<\/strong> puerto <strong>RJ45 GbE<\/strong><\/li>\n<li style='margin-bottom: 5px;'><strong>(3)<\/strong> puertos <strong>SFP+ 10G<\/strong><\/li>\n<li style='margin-bottom: 5px;'><strong>Montaje<\/strong>: Rack <strong>1U<\/strong><\/li>\n<li style='margin-bottom: 5px;'><strong>Gesti\u00f3n<\/strong>: UniFi Network<\/li>\n<\/ul><\/div>\n<\/p><\/div>\n<p> <!-- Caracter\u00edsticas f\u00edsicas y el\u00e9ctricas --> <\/p>\n<div style='flex: 1 1 250px; border: 1px solid rgba(150&comma;150&comma;150&comma;0.4); border-radius: 8px; overflow: hidden; display: flex; flex-direction: column;'>\n<div style='padding: 15px; border-bottom: 1px solid rgba(150&comma;150&comma;150&comma;0.2); font-weight: bold; font-size: 18px; color: inherit;'>Caracter\u00edsticas f\u00edsicas y el\u00e9ctricas<\/div>\n<div style='padding: 15px; color: inherit;'>\n<ul style='padding-left: 20px; margin: 0; font-size: 14px; list-style-type: disc;'>\n<li style='margin-bottom: 5px;'><strong>Dimensiones<\/strong>: 442.4 \u00d7 285 \u00d7 43.7 mm (17.4 \u00d7 11.2 \u00d7 1.7&#8242;)<\/li>\n<li style='margin-bottom: 5px;'><strong>Peso<\/strong>: 4.7 kg (10.4 lb)<\/li>\n<li style='margin-bottom: 5px;'><strong>Material de la carcasa<\/strong>: acero SGCC<\/li>\n<li style='margin-bottom: 5px;'><strong>Entrada de alimentaci\u00f3n<\/strong>: <strong>(2)<\/strong> CA <strong>100\u2013240 V<\/strong>&comma; 50\/60 Hz (redundante)<\/li>\n<li style='margin-bottom: 5px;'><strong>Consumo m\u00e1ximo<\/strong>: 50 W<\/li>\n<li style='margin-bottom: 5px;'><strong>Disipaci\u00f3n de calor<\/strong>: 170.6 BTU\/h<\/li>\n<li style='margin-bottom: 5px;'><strong>Temperatura de operaci\u00f3n<\/strong>: \u22125 a 40 \u00b0C (23 a 104 \u00b0F)<\/li>\n<li style='margin-bottom: 5px;'><strong>Humedad de operaci\u00f3n<\/strong>: 10\u201390% sin condensaci\u00f3n<\/li>\n<\/ul><\/div>\n<\/p><\/div>\n<p> <!-- Rendimiento --> <\/p>\n<div style='flex: 1 1 250px; border: 1px solid rgba(150&comma;150&comma;150&comma;0.4); border-radius: 8px; overflow: hidden; display: flex; flex-direction: column;'>\n<div style='padding: 15px; border-bottom: 1px solid rgba(150&comma;150&comma;150&comma;0.2); font-weight: bold; font-size: 18px; color: inherit;'>Rendimiento<\/div>\n<div style='padding: 15px; color: inherit;'>\n<ul style='padding-left: 20px; margin: 0; font-size: 14px; list-style-type: disc;'>\n<li style='margin-bottom: 5px;'><strong>Capacidad de switching<\/strong>: 20 Gbps<\/li>\n<li style='margin-bottom: 5px;'><strong>Throughput no bloqueante<\/strong>: 10 Gbps<\/li>\n<li style='margin-bottom: 5px;'><strong>Tasa de reenv\u00edo<\/strong>: 15 Mpps<\/li>\n<\/ul><\/div>\n<\/p><\/div>\n<p> <!-- Gesti\u00f3n y cumplimiento --> <\/p>\n<div style='flex: 1 1 250px; border: 1px solid rgba(150&comma;150&comma;150&comma;0.4); border-radius: 8px; overflow: hidden; display: flex; flex-direction: column;'>\n<div style='padding: 15px; border-bottom: 1px solid rgba(150&comma;150&comma;150&comma;0.2); font-weight: bold; font-size: 18px; color: inherit;'>Gesti\u00f3n y cumplimiento<\/div>\n<div style='padding: 15px; color: inherit;'>\n<ul style='padding-left: 20px; margin: 0; font-size: 14px; list-style-type: disc;'>\n<li style='margin-bottom: 5px;'><strong>Interfaz de gesti\u00f3n<\/strong>: Ethernet<\/li>\n<li style='margin-bottom: 5px;'><strong>Requisito<\/strong>: UniFi Network <strong>9.1.119<\/strong> o posterior<\/li>\n<li style='margin-bottom: 5px;'><strong>Certificaciones<\/strong>: CE&comma; FCC&comma; IC<\/li>\n<li style='margin-bottom: 5px;'><strong>Cumplimiento<\/strong>: NDAA<\/li>\n<li style='margin-bottom: 5px;'><strong>ESD\/EMP<\/strong>: aire \u00b120 kV&comma; contacto \u00b116 kV<\/li>\n<li style='margin-bottom: 5px;'><strong>Indicadores LED<\/strong>: sistema&comma; Ethernet&comma; SFP+&comma; velocidad\/enlace\/actividad<\/li>\n<\/ul><\/div>\n<\/p><\/div>\n<\/p><\/div>\n<p> <!-- Galer\u00eda --> <\/p>\n<div style='border: 1px solid rgba(150&comma;150&comma;150&comma;0.3); border-radius: 12px; padding: 20px; margin-bottom: 30px; text-align: center;'>\n<h3 style='font-size: 20px; margin: 0 0 20px; color: inherit;'>Vista del producto<\/h3>\n<div style='display: flex; flex-wrap: wrap; justify-content: center; gap: 20px;'> <img style='width: 100%; max-width: 480px; height: auto; border: 1px solid rgba(150&comma;150&comma;150&comma;0.3); border-radius: 8px;' src='https:\/\/ftp3.syscom.mx\/usuarios\/adiaz\/Ubiquiti\/Imagenes\/USWWAN\/vista1.png' alt='Vista frontal del UniFi USW-WAN'> <img style='width: 100%; max-width: 480px; height: auto; border: 1px solid rgba(150&comma;150&comma;150&comma;0.3); border-radius: 8px;' src='https:\/\/ftp3.syscom.mx\/usuarios\/adiaz\/Ubiquiti\/Imagenes\/USWWAN\/vista2.png' alt='Vista trasera del UniFi USW-WAN'> <\/div>\n<\/p><\/div>\n<p> <!-- Contenido del paquete --> <\/p>\n<div style='border: 1px solid rgba(150&comma;150&comma;150&comma;0.3); border-radius: 12px; padding: 20px; text-align: center;'>\n<h3 style='font-size: 20px; margin: 0 0 20px; color: inherit;'>Contenido del Paquete<\/h3>\n<p> <img style='width: 100%; max-width: 600px; height: auto; border: 1px solid rgba(150&comma;150&comma;150&comma;0.3); border-radius: 8px;' src='https:\/\/ftp3.syscom.mx\/usuarios\/adiaz\/Ubiquiti\/Imagenes\/USWWAN\/contenido.png' alt='Contenido del paquete del UniFi USW-WAN'> <\/div>\n<p> <!-- Separador final --> <\/p>\n<hr style='border: 0; border-top: 1px solid rgba(150&comma;150&comma;150&comma;0.3); margin: 40px 0;'> <\/div>\n","protected":false},"excerpt":{"rendered":"<p>UniFi USW-WAN \u2013 Switch WAN Capa 2 con Uplinks SFP+ 10G, Puerto RJ45 GbE y Alimentaci\u00f3n CA Redundante para Alta Disponibilidad con UniFi Gateways en Modo Shadow (Rack 1U)<\/p>\n","protected":false},"featured_media":86031,"comment_status":"open","ping_status":"closed","template":"","meta":[],"product_brand":[],"product_cat":[1970],"product_tag":[664,1971,166],"class_list":{"0":"post-86032","1":"product","2":"type-product","3":"status-publish","4":"has-post-thumbnail","6":"product_cat-switches","7":"product_tag-networking","8":"product_tag-switches","9":"product_tag-ubiquiti","11":"first","12":"outofstock","13":"sale","14":"shipping-taxable","15":"purchasable","16":"product-type-simple"},"_links":{"self":[{"href":"https:\/\/soydeaqui.ddns.net\/pachuca\/index.php\/wp-json\/wp\/v2\/product\/86032","targetHints":{"allow":["GET"]}}],"collection":[{"href":"https:\/\/soydeaqui.ddns.net\/pachuca\/index.php\/wp-json\/wp\/v2\/product"}],"about":[{"href":"https:\/\/soydeaqui.ddns.net\/pachuca\/index.php\/wp-json\/wp\/v2\/types\/product"}],"replies":[{"embeddable":true,"href":"https:\/\/soydeaqui.ddns.net\/pachuca\/index.php\/wp-json\/wp\/v2\/comments?post=86032"}],"wp:featuredmedia":[{"embeddable":true,"href":"https:\/\/soydeaqui.ddns.net\/pachuca\/index.php\/wp-json\/wp\/v2\/media\/86031"}],"wp:attachment":[{"href":"https:\/\/soydeaqui.ddns.net\/pachuca\/index.php\/wp-json\/wp\/v2\/media?parent=86032"}],"wp:term":[{"taxonomy":"product_brand","embeddable":true,"href":"https:\/\/soydeaqui.ddns.net\/pachuca\/index.php\/wp-json\/wp\/v2\/product_brand?post=86032"},{"taxonomy":"product_cat","embeddable":true,"href":"https:\/\/soydeaqui.ddns.net\/pachuca\/index.php\/wp-json\/wp\/v2\/product_cat?post=86032"},{"taxonomy":"product_tag","embeddable":true,"href":"https:\/\/soydeaqui.ddns.net\/pachuca\/index.php\/wp-json\/wp\/v2\/product_tag?post=86032"}],"curies":[{"name":"wp","href":"https:\/\/api.w.org\/{rel}","templated":true}]}}