{"id":85989,"date":"2026-03-19T22:02:29","date_gmt":"2026-03-19T22:02:29","guid":{"rendered":"https:\/\/soydeaqui.ddns.net\/pachuca\/index.php\/producto\/cpe-para-exteriores-de-largo-alcance-con-wi-fi-6-ideal-para-enlaces-punto-a-punto-disponible-en-una-version-de-27-dbi-xl\/"},"modified":"2026-03-19T22:02:33","modified_gmt":"2026-03-19T22:02:33","slug":"cpe-para-exteriores-de-largo-alcance-con-wi-fi-6-ideal-para-enlaces-punto-a-punto-disponible-en-una-version-de-27-dbi-xl","status":"publish","type":"product","link":"https:\/\/soydeaqui.ddns.net\/pachuca\/index.php\/producto\/cpe-para-exteriores-de-largo-alcance-con-wi-fi-6-ideal-para-enlaces-punto-a-punto-disponible-en-una-version-de-27-dbi-xl\/","title":{"rendered":"CPE para exteriores de largo alcance con Wi-Fi 6, ideal para enlaces punto a punto, disponible en una versi\u00f3n de 27 dBi (XL)."},"content":{"rendered":"<div style='width: 100%; max-width: 1200px; margin: 0 auto; font-family: sans-serif; line-height: 1.6; color: inherit; background-color: transparent;'> <!-- Imagen principal --> <\/p>\n<div style='width: 100%; margin: 20px 0;'> <img style='width: 100%; height: auto; border: 1px solid rgba(150&comma;150&comma;150&comma;0.3); border-radius: 8px;' src='http:\/\/ftp3.syscom.mx\/usuarios\/ftp\/2025\/10\/30\/2676\/1761851847997.png_froala_6903b9c893c5d' alt='CPE MikroTik LHG5AXDXL'> <\/div>\n<p> <!-- Descripci\u00f3n general --> <\/p>\n<div style='display: flex; flex-wrap: wrap; gap: 30px; margin: 30px 0;'>\n<div style='flex: 1 1 300px; min-width: 280px;'>\n<h3 style='font-size: 22px; border-bottom: 2px solid currentColor; padding-bottom: 5px; margin-top: 0; color: inherit; opacity: 0.8;'>Descripci\u00f3n general<\/h3>\n<ul style='padding-left: 20px; font-size: 15px; color: inherit;'>\n<li style='margin-bottom: 5px;'>\u00bfNecesitas una conexi\u00f3n r\u00e1pida y estable a larga distancia? Tanto si conectas dos edificios&comma; una ubicaci\u00f3n remota o compartes internet con infraestructura cercana&comma; la nueva serie LHG Wi-Fi 6 est\u00e1 dise\u00f1ada para afrontar cualquier reto. Y lo mejor de todo: mantenemos el mismo precio que la generaci\u00f3n anterior. Alto rendimiento&comma; largo alcance y Wi-Fi 6&comma; todo a un precio asequible.<\/li>\n<li style='margin-bottom: 5px;'>El est\u00e1ndar 802.11ax ofrece mejoras cruciales para enlaces inal\u00e1mbricos de larga distancia&comma; como una mayor eficiencia espectral&comma; tasas de modulaci\u00f3n m\u00e1s altas (1024-QAM) y menor latencia. Esto se traduce en un rendimiento superior incluso en entornos ruidosos y conexiones m\u00e1s r\u00e1pidas y estables a mayor distancia. Gracias al cifrado WPA3 y RouterOS v7&comma; la serie LHG ax est\u00e1 preparada para los retos de las redes exteriores modernas. \u00a1P\u00eddela hoy mismo y prep\u00e1rate!<\/li>\n<li style='margin-bottom: 5px;'>El LHG XL 5 ax es un CPE de largo alcance extragrande con una antena de 27 dBi. Perfecto para enlaces de hasta 30 km en condiciones ideales. Si trabajas a menor distancia&comma; consulta los dispositivos relacionados a continuaci\u00f3n para ver la versi\u00f3n est\u00e1ndar.<\/li>\n<\/ul><\/div>\n<\/p><\/div>\n<p> <!-- Video --> <\/p>\n<div style='width: 100%; margin: 30px 0;'>\n<div style='position: relative; padding-bottom: 56.25%; height: 0; overflow: hidden;'>   <\/div>\n<\/p><\/div>\n<p> <!-- Especificaciones en cards --> <\/p>\n<div style='display: flex; flex-wrap: wrap; gap: 20px; margin: 30px 0;'>\n<div style='flex: 1 1 250px; border: 1px solid rgba(150&comma; 150&comma; 150&comma; 0.4); border-radius: 8px; overflow: hidden; display: flex; flex-direction: column;'>\n<div style='padding: 15px; border-bottom: 1px solid rgba(150&comma; 150&comma; 150&comma; 0.2); font-weight: bold; font-size: 18px; color: inherit;'>Presupuesto<\/div>\n<div style='padding: 15px; color: inherit;'>\n<ul style='padding-left: 20px; margin: 0; font-size: 14px; list-style-type: disc;'>\n<li style='margin-bottom: 5px;'><strong>C\u00f3digo de producto:<\/strong> LHG-5axD-XL<\/li>\n<li style='margin-bottom: 5px;'><strong>Arquitectura:<\/strong> ARM 32 bits<\/li>\n<li style='margin-bottom: 5px;'><strong>UPC:<\/strong> IPQ-5010<\/li>\n<li style='margin-bottom: 5px;'><strong>N\u00famero de n\u00facleos de CPU:<\/strong> 2<\/li>\n<li style='margin-bottom: 5px;'><strong>Frecuencia nominal de la CPU:<\/strong> 800 MHz<\/li>\n<li style='margin-bottom: 5px;'><strong>Licencia de RouterOS:<\/strong> 3<\/li>\n<li style='margin-bottom: 5px;'><strong>Sistema operativo:<\/strong> <a style='color: inherit; text-decoration: underline;' href='https:\/\/help.mikrotik.com\/docs\/display\/ROS\/RouterOS' target='_blank' rel='noopener'>RouterOS v7<\/a><\/li>\n<li style='margin-bottom: 5px;'><strong>Tama\u00f1o de RAM:<\/strong> 256 MB<\/li>\n<li style='margin-bottom: 5px;'><strong>Tama\u00f1o de almacenamiento:<\/strong> 128 MB<\/li>\n<li style='margin-bottom: 5px;'><strong>Tipo de almacenamiento:<\/strong> NAND<\/li>\n<li style='margin-bottom: 5px;'><strong>MTBF:<\/strong> Aproximadamente 200.000 horas a 25 \u00b0C<\/li>\n<li style='margin-bottom: 5px;'><strong>Temperatura ambiente probada:<\/strong> -40\u00b0C a 70\u00b0C<\/li>\n<\/ul><\/div>\n<\/p><\/div>\n<div style='flex: 1 1 250px; border: 1px solid rgba(150&comma; 150&comma; 150&comma; 0.4); border-radius: 8px; overflow: hidden; display: flex; flex-direction: column;'>\n<div style='padding: 15px; border-bottom: 1px solid rgba(150&comma; 150&comma; 150&comma; 0.2); font-weight: bold; font-size: 18px; color: inherit;'>Alimentando<\/div>\n<div style='padding: 15px; color: inherit;'>\n<ul style='padding-left: 20px; margin: 0; font-size: 14px; list-style-type: disc;'>\n<li style='margin-bottom: 5px;'><strong>N\u00famero de entradas de CC:<\/strong> 1 (PoE-IN)<\/li>\n<li style='margin-bottom: 5px;'><strong>Consumo m\u00e1ximo de energ\u00eda:<\/strong> 5 W<\/li>\n<li style='margin-bottom: 5px;'><strong>PoE en:<\/strong> PoE pasivo<\/li>\n<li style='margin-bottom: 5px;'><strong>Tipo de enfriamiento:<\/strong> Pasivo<\/li>\n<li style='margin-bottom: 5px;'><strong>PoE en voltaje de entrada:<\/strong> 12-28 V<\/li>\n<\/ul><\/div>\n<\/p><\/div>\n<div style='flex: 1 1 250px; border: 1px solid rgba(150&comma; 150&comma; 150&comma; 0.4); border-radius: 8px; overflow: hidden; display: flex; flex-direction: column;'>\n<div style='padding: 15px; border-bottom: 1px solid rgba(150&comma; 150&comma; 150&comma; 0.2); font-weight: bold; font-size: 18px; color: inherit;'>Especificaciones inal\u00e1mbricas<\/div>\n<div style='padding: 15px; color: inherit;'>\n<ul style='padding-left: 20px; margin: 0; font-size: 14px; list-style-type: disc;'>\n<li style='margin-bottom: 5px;'><strong>Velocidad m\u00e1xima de datos inal\u00e1mbrica de 5 GHz:<\/strong> 1200 Mbit\/s<\/li>\n<li style='margin-bottom: 5px;'><strong>N\u00famero de cadenas inal\u00e1mbricas de 5 GHz:<\/strong> 2<\/li>\n<li style='margin-bottom: 5px;'><strong>Est\u00e1ndares inal\u00e1mbricos de 5 GHz:<\/strong> 802.11a\/n\/ac\/ax<\/li>\n<li style='margin-bottom: 5px;'><strong>Ganancia de antena dBi para 5 GHz:<\/strong> 27<\/li>\n<li style='margin-bottom: 5px;'><strong>modelo de chip inal\u00e1mbrico de 5 GHz:<\/strong> QCN-6102<\/li>\n<li style='margin-bottom: 5px;'><strong>Generaci\u00f3n inal\u00e1mbrica de 5 GHz:<\/strong> Wi-Fi 6<\/li>\n<\/ul><\/div>\n<\/p><\/div>\n<div style='flex: 1 1 250px; border: 1px solid rgba(150&comma; 150&comma; 150&comma; 0.4); border-radius: 8px; overflow: hidden; display: flex; flex-direction: column;'>\n<div style='padding: 15px; border-bottom: 1px solid rgba(150&comma; 150&comma; 150&comma; 0.2); font-weight: bold; font-size: 18px; color: inherit;'>Ethernet<\/div>\n<div style='padding: 15px; color: inherit;'>\n<ul style='padding-left: 20px; margin: 0; font-size: 14px; list-style-type: disc;'>\n<li style='margin-bottom: 5px;'><strong>Puertos Ethernet 10\/100\/1000:<\/strong> 1<\/li>\n<\/ul><\/div>\n<\/p><\/div>\n<div style='flex: 1 1 250px; border: 1px solid rgba(150&comma; 150&comma; 150&comma; 0.4); border-radius: 8px; overflow: hidden; display: flex; flex-direction: column;'>\n<div style='padding: 15px; border-bottom: 1px solid rgba(150&comma; 150&comma; 150&comma; 0.2); font-weight: bold; font-size: 18px; color: inherit;'>Otro<\/div>\n<div style='padding: 15px; color: inherit;'>\n<ul style='padding-left: 20px; margin: 0; font-size: 14px; list-style-type: disc;'>\n<li style='margin-bottom: 5px;'><strong>monitor de temperatura de la CPU:<\/strong> S\u00ed<\/li>\n<\/ul><\/div>\n<\/p><\/div>\n<div style='flex: 1 1 250px; border: 1px solid rgba(150&comma; 150&comma; 150&comma; 0.4); border-radius: 8px; overflow: hidden; display: flex; flex-direction: column;'>\n<div style='padding: 15px; border-bottom: 1px solid rgba(150&comma; 150&comma; 150&comma; 0.2); font-weight: bold; font-size: 18px; color: inherit;'>Certificaciones y aprobaciones<\/div>\n<div style='padding: 15px; color: inherit;'>\n<ul style='padding-left: 20px; margin: 0; font-size: 14px; list-style-type: disc;'>\n<li style='margin-bottom: 5px;'><strong>Proceso de dar un t\u00edtulo:<\/strong> CE&comma; FCC&comma; IC&comma; EAC&comma; RoHS<\/li>\n<li style='margin-bottom: 5px;'><strong>IP:<\/strong> 54<\/li>\n<\/ul><\/div>\n<\/p><\/div>\n<div style='flex: 1 1 250px; border: 1px solid rgba(150&comma; 150&comma; 150&comma; 0.4); border-radius: 8px; overflow: hidden; display: flex; flex-direction: column;'>\n<div style='padding: 15px; border-bottom: 1px solid rgba(150&comma; 150&comma; 150&comma; 0.2); font-weight: bold; font-size: 18px; color: inherit;'>Especificaciones inal\u00e1mbricas<\/div>\n<div style='padding: 15px; color: inherit;'>\n<ul style='padding-left: 20px; margin: 0; font-size: 14px; list-style-type: disc;'>\n<li style='margin-bottom: 5px;'><strong>6 Mbit\/s:<\/strong> 24 dBm -96<\/li>\n<li style='margin-bottom: 5px;'><strong>54 Mbit\/s:<\/strong> 21 dBm -80<\/li>\n<li style='margin-bottom: 5px;'><strong>MCS0:<\/strong> 24 dBm -96<\/li>\n<li style='margin-bottom: 5px;'><strong>MCS7:<\/strong> 20 dBm -75<\/li>\n<li style='margin-bottom: 5px;'><strong>MCS9:<\/strong> 19 dBm -70<\/li>\n<li style='margin-bottom: 5px;'><strong>MCS11:<\/strong> 17 dBm -67<\/li>\n<\/ul><\/div>\n<\/p><\/div>\n<div style='flex: 1 1 250px; border: 1px solid rgba(150&comma; 150&comma; 150&comma; 0.4); border-radius: 8px; overflow: hidden; display: flex; flex-direction: column;'>\n<div style='padding: 15px; border-bottom: 1px solid rgba(150&comma; 150&comma; 150&comma; 0.2); font-weight: bold; font-size: 18px; color: inherit;'>Piezas incluidas<\/div>\n<div style='padding: 15px; color: inherit;'>\n<div style='display: flex; flex-wrap: wrap; gap: 15px;'>\n<div style='flex: 1 1 100px; min-width: 80px; text-align: center;'> <a style='color: inherit; text-decoration: underline;' href='https:\/\/cdn.mikrotik.com\/web-assets\/rb_images\/part171391162306m.jpg'> <img style='width: 100%; height: auto; border: 1px solid rgba(150&comma;150&comma;150&comma;0.3); border-radius: 8px;' src='http:\/\/ftp3.syscom.mx\/usuarios\/ftp\/2025\/10\/30\/2676\/1761851787125.png_froala_6903b98b6656f' alt='Adaptador de corriente'> <\/p>\n<p style='font-size: 13px; margin-top: 8px;'>Adaptador de corriente de 24 V y 0&comma;38 A<\/p>\n<p> <\/a> <\/div>\n<div style='flex: 1 1 100px; min-width: 80px; text-align: center;'> <a style='color: inherit; text-decoration: underline;' href='https:\/\/cdn.mikrotik.com\/web-assets\/rb_images\/part611632834438m.jpg'> <img style='width: 100%; height: auto; border: 1px solid rgba(150&comma;150&comma;150&comma;0.3); border-radius: 8px;' src='http:\/\/ftp3.syscom.mx\/usuarios\/ftp\/2025\/10\/30\/2676\/1761851787174.png_froala_6903b98cb0110' alt='Kit K-LHG'> <\/p>\n<p style='font-size: 13px; margin-top: 8px;'>Kit K-LHG<\/p>\n<p> <\/a> <\/div>\n<div style='flex: 1 1 100px; min-width: 80px; text-align: center;'> <a style='color: inherit; text-decoration: underline;' href='https:\/\/cdn.mikrotik.com\/web-assets\/rb_images\/part1141600237409m.jpg'> <img style='width: 100%; height: auto; border: 1px solid rgba(150&comma;150&comma;150&comma;0.3); border-radius: 8px;' src='http:\/\/ftp3.syscom.mx\/usuarios\/ftp\/2025\/10\/30\/2676\/1761851787189.png_froala_6903b98c3593e' alt='Inyector PoE'> <\/p>\n<p style='font-size: 13px; margin-top: 8px;'>Inyector PoE Gigabit<\/p>\n<p> <\/a> <\/div>\n<div style='flex: 1 1 100px; min-width: 80px; text-align: center;'> <a style='color: inherit; text-decoration: underline;' href='https:\/\/cdn.mikrotik.com\/web-assets\/rb_images\/part1031582186492m.jpg'> <img style='width: 100%; height: auto; border: 1px solid rgba(150&comma;150&comma;150&comma;0.3); border-radius: 8px;' src='http:\/\/ftp3.syscom.mx\/usuarios\/ftp\/2025\/10\/30\/2676\/1761851786236.png_froala_6903b98a74b19' alt='Abrazadera de manguera'> <\/p>\n<p style='font-size: 13px; margin-top: 8px;'>Abrazadera de manguera 2<\/p>\n<p> <\/a> <\/div>\n<\/p><\/div>\n<\/p><\/div>\n<\/p><\/div>\n<\/p><\/div>\n<p> <!-- Nota final --> <\/p>\n<div style='margin: 30px 0; padding: 15px; border-left: 3px solid currentColor; opacity: 0.8;'>\n<p style='font-size: 15px; margin: 0; color: inherit;'><em>El dispositivo viene con un sistema operativo preinstalado y con licencia. No requiere compra adicional y est\u00e1 listo para usar. Incluye actualizaciones de software gratuitas durante toda la vida \u00fatil del producto o un m\u00ednimo de 5 a\u00f1os a partir de la fecha de compra.<\/em><\/p>\n<\/p><\/div>\n<\/p><\/div>\n","protected":false},"excerpt":{"rendered":"<p>CPE para exteriores de largo alcance con Wi-Fi 6, ideal para enlaces punto a punto, disponible en una versi\u00f3n de 27 dBi (XL).<\/p>\n","protected":false},"featured_media":85988,"comment_status":"open","ping_status":"closed","template":"","meta":[],"product_brand":[],"product_cat":[1998],"product_tag":[1999,1980,643],"class_list":{"0":"post-85989","1":"product","2":"type-product","3":"status-publish","4":"has-post-thumbnail","6":"product_cat-5-y-6-ghz","7":"product_tag-5-y-6-ghz","8":"product_tag-enlaces-ptp-y-ptmp","9":"product_tag-mikrotik","11":"first","12":"instock","13":"sale","14":"shipping-taxable","15":"purchasable","16":"product-type-simple"},"_links":{"self":[{"href":"https:\/\/soydeaqui.ddns.net\/pachuca\/index.php\/wp-json\/wp\/v2\/product\/85989","targetHints":{"allow":["GET"]}}],"collection":[{"href":"https:\/\/soydeaqui.ddns.net\/pachuca\/index.php\/wp-json\/wp\/v2\/product"}],"about":[{"href":"https:\/\/soydeaqui.ddns.net\/pachuca\/index.php\/wp-json\/wp\/v2\/types\/product"}],"replies":[{"embeddable":true,"href":"https:\/\/soydeaqui.ddns.net\/pachuca\/index.php\/wp-json\/wp\/v2\/comments?post=85989"}],"wp:featuredmedia":[{"embeddable":true,"href":"https:\/\/soydeaqui.ddns.net\/pachuca\/index.php\/wp-json\/wp\/v2\/media\/85988"}],"wp:attachment":[{"href":"https:\/\/soydeaqui.ddns.net\/pachuca\/index.php\/wp-json\/wp\/v2\/media?parent=85989"}],"wp:term":[{"taxonomy":"product_brand","embeddable":true,"href":"https:\/\/soydeaqui.ddns.net\/pachuca\/index.php\/wp-json\/wp\/v2\/product_brand?post=85989"},{"taxonomy":"product_cat","embeddable":true,"href":"https:\/\/soydeaqui.ddns.net\/pachuca\/index.php\/wp-json\/wp\/v2\/product_cat?post=85989"},{"taxonomy":"product_tag","embeddable":true,"href":"https:\/\/soydeaqui.ddns.net\/pachuca\/index.php\/wp-json\/wp\/v2\/product_tag?post=85989"}],"curies":[{"name":"wp","href":"https:\/\/api.w.org\/{rel}","templated":true}]}}