{"id":85957,"date":"2026-03-19T22:00:57","date_gmt":"2026-03-19T22:00:57","guid":{"rendered":"https:\/\/soydeaqui.ddns.net\/pachuca\/index.php\/producto\/diadema-bluetooth-yealink-bh74-con-cancelacion-activa-de-ruido-hibrida-base-de-carga-y-tecnologia-acoustic-shield-3-0\/"},"modified":"2026-03-19T22:01:11","modified_gmt":"2026-03-19T22:01:11","slug":"diadema-bluetooth-yealink-bh74-con-cancelacion-activa-de-ruido-hibrida-base-de-carga-y-tecnologia-acoustic-shield-3-0","status":"publish","type":"product","link":"https:\/\/soydeaqui.ddns.net\/pachuca\/index.php\/producto\/diadema-bluetooth-yealink-bh74-con-cancelacion-activa-de-ruido-hibrida-base-de-carga-y-tecnologia-acoustic-shield-3-0\/","title":{"rendered":"Diadema Bluetooth Yealink BH74 con Cancelaci\u00f3n Activa de Ruido H\u00edbrida, Base de Carga y Tecnolog\u00eda Acoustic Shield 3.0."},"content":{"rendered":"<div style=\"width: 100%; max-width: 1200px; margin: 0px auto; font-family: sans-serif; line-height: 1.6; color: inherit; background-color: transparent; --darkreader-inline-color: inherit; --darkreader-inline-bgcolor: transparent;\" data-darkreader-inline-color=\"\" data-darkreader-inline-bgcolor=\"\">\n<div style=\"display: flex; flex-wrap: wrap; gap: 30px; margin-bottom: 30px;\">\n<div style=\"flex: 1 1 300px; min-width: 280px;\">\n<h3 style=\"font-size: 22px; border-bottom: 2px solid currentcolor; padding-bottom: 5px; margin-top: 0px; color: inherit; opacity: 0.8; --darkreader-inline-border-bottom: currentcolor; --darkreader-inline-color: inherit;\" data-darkreader-inline-border-bottom=\"\" data-darkreader-inline-color=\"\">Visi&oacute;n General<\/h3>\n<p style=\"font-size: 15px; color: inherit; --darkreader-inline-color: inherit;\" data-darkreader-inline-color=\"\">El auricular inal&aacute;mbrico Bluetooth Yealink BH74 es una soluci&oacute;n avanzada para mejorar la eficiencia en la producci&oacute;n y mantener una competitividad absoluta. Dise&ntilde;ado para uso en oficinas&comma; hogares o en movimiento&comma; este auricular ofrece una experiencia de audio inigualable gracias a su tecnolog&iacute;a de cancelaci&oacute;n de ruido ANC h&iacute;brida y la Tecnolog&iacute;a Acoustic Shield 3.0. Con una bater&iacute;a de larga duraci&oacute;n y compatibilidad con las principales plataformas UC&comma; el BH74 es el compa&ntilde;ero ideal para la comunicaci&oacute;n y colaboraci&oacute;n diaria.<\/p>\n<\/div>\n<\/div>\n<div style=\"display: flex; flex-wrap: wrap; gap: 20px; margin-bottom: 30px;\">\n<div style=\"flex: 1 1 250px; border: 1px solid rgba(150&comma; 150&comma; 150&comma; 0.4); border-radius: 8px; overflow: hidden; display: flex; flex-direction: column; --darkreader-inline-border-top: var(--darkreader-border-96969666&comma; rgba(74&comma; 80&comma; 83&comma; 0.4)); --darkreader-inline-border-right: var(--darkreader-border-96969666&comma; rgba(74&comma; 80&comma; 83&comma; 0.4)); --darkreader-inline-border-bottom: var(--darkreader-border-96969666&comma; rgba(74&comma; 80&comma; 83&comma; 0.4)); --darkreader-inline-border-left: var(--darkreader-border-96969666&comma; rgba(74&comma; 80&comma; 83&comma; 0.4));\" data-darkreader-inline-border-top=\"\" data-darkreader-inline-border-right=\"\" data-darkreader-inline-border-bottom=\"\" data-darkreader-inline-border-left=\"\">\n<div style=\"padding: 15px; border-bottom: 1px solid rgba(150&comma; 150&comma; 150&comma; 0.2); font-weight: bold; font-size: 18px; color: inherit; --darkreader-inline-border-bottom: var(--darkreader-border-96969633&comma; rgba(74&comma; 80&comma; 83&comma; 0.2)); --darkreader-inline-color: inherit;\" data-darkreader-inline-border-bottom=\"\" data-darkreader-inline-color=\"\">Caracter&iacute;sticas Principales<\/div>\n<div style=\"padding: 15px; color: inherit; --darkreader-inline-color: inherit;\" data-darkreader-inline-color=\"\">\n<ul style=\"padding-left: 20px; margin: 0; font-size: 14px; list-style-type: disc;\">\n<li style=\"margin-bottom: 5px;\">Tecnolog&iacute;a Acoustic Shield 3.0 con 6 micr&oacute;fonos para una reducci&oacute;n de ruido superior<\/li>\n<li style=\"margin-bottom: 5px;\">Cancelaci&oacute;n activa de ruido ANC h&iacute;brida para una experiencia de sonido envolvente<\/li>\n<li style=\"margin-bottom: 5px;\">Bater&iacute;a de larga duraci&oacute;n: hasta 65 horas de reproducci&oacute;n de m&uacute;sica y 32 horas de conversaci&oacute;n<\/li>\n<li style=\"margin-bottom: 5px;\">Compatibilidad con Microsoft Teams&comma; Zoom&comma; Google Meet y m&aacute;s de 100 plataformas UC<\/li>\n<li style=\"margin-bottom: 5px;\">Bluetooth 5.3 con conectividad dual y emparejamiento con hasta 8 dispositivos<\/li>\n<li style=\"margin-bottom: 5px;\">Dise&ntilde;o ergon&oacute;mico para comodidad durante todo el d&iacute;a<\/li>\n<li style=\"margin-bottom: 5px;\">Protecci&oacute;n auditiva con certificaciones EN50332 y AU G616<\/li>\n<\/ul>\n<\/div>\n<\/div>\n<div style=\"flex: 1 1 250px; border: 1px solid rgba(150&comma; 150&comma; 150&comma; 0.4); border-radius: 8px; overflow: hidden; display: flex; flex-direction: column; --darkreader-inline-border-top: var(--darkreader-border-96969666&comma; rgba(74&comma; 80&comma; 83&comma; 0.4)); --darkreader-inline-border-right: var(--darkreader-border-96969666&comma; rgba(74&comma; 80&comma; 83&comma; 0.4)); --darkreader-inline-border-bottom: var(--darkreader-border-96969666&comma; rgba(74&comma; 80&comma; 83&comma; 0.4)); --darkreader-inline-border-left: var(--darkreader-border-96969666&comma; rgba(74&comma; 80&comma; 83&comma; 0.4));\" data-darkreader-inline-border-top=\"\" data-darkreader-inline-border-right=\"\" data-darkreader-inline-border-bottom=\"\" data-darkreader-inline-border-left=\"\">\n<div style=\"padding: 15px; border-bottom: 1px solid rgba(150&comma; 150&comma; 150&comma; 0.2); font-weight: bold; font-size: 18px; color: inherit; --darkreader-inline-border-bottom: var(--darkreader-border-96969633&comma; rgba(74&comma; 80&comma; 83&comma; 0.2)); --darkreader-inline-color: inherit;\" data-darkreader-inline-border-bottom=\"\" data-darkreader-inline-color=\"\">Especificaciones<\/div>\n<div style=\"padding: 15px; color: inherit; --darkreader-inline-color: inherit;\" data-darkreader-inline-color=\"\">\n<ul style=\"padding-left: 20px; margin: 0; font-size: 14px; list-style-type: disc;\">\n<li style=\"margin-bottom: 5px;\"><strong>Versi&oacute;n de Bluetooth:<\/strong> 5.3<\/li>\n<li style=\"margin-bottom: 5px;\"><strong>Alcance inal&aacute;mbrico:<\/strong> 50 m\/160 pies<\/li>\n<li style=\"margin-bottom: 5px;\"><strong>Tiempo de m&uacute;sica:<\/strong> hasta 65 horas (ANC desactivado)<\/li>\n<li style=\"margin-bottom: 5px;\"><strong>Tiempo de conversaci&oacute;n:<\/strong> hasta 32 horas (ANC y luz de ocupado apagados)<\/li>\n<li style=\"margin-bottom: 5px;\"><strong>Tiempo de carga:<\/strong> hasta 90 minutos<\/li>\n<li style=\"margin-bottom: 5px;\"><strong>Tiempo de espera:<\/strong> hasta 20 d&iacute;as<\/li>\n<li style=\"margin-bottom: 5px;\"><strong>Peso neto:<\/strong> 19 g (auriculares)&comma; 19 g (base de carga)<\/li>\n<\/ul>\n<\/div>\n<\/div>\n<div style=\"flex: 1 1 250px; border: 1px solid rgba(150&comma; 150&comma; 150&comma; 0.4); border-radius: 8px; overflow: hidden; display: flex; flex-direction: column; --darkreader-inline-border-top: var(--darkreader-border-96969666&comma; rgba(74&comma; 80&comma; 83&comma; 0.4)); --darkreader-inline-border-right: var(--darkreader-border-96969666&comma; rgba(74&comma; 80&comma; 83&comma; 0.4)); --darkreader-inline-border-bottom: var(--darkreader-border-96969666&comma; rgba(74&comma; 80&comma; 83&comma; 0.4)); --darkreader-inline-border-left: var(--darkreader-border-96969666&comma; rgba(74&comma; 80&comma; 83&comma; 0.4));\" data-darkreader-inline-border-top=\"\" data-darkreader-inline-border-right=\"\" data-darkreader-inline-border-bottom=\"\" data-darkreader-inline-border-left=\"\">\n<div style=\"padding: 15px; border-bottom: 1px solid rgba(150&comma; 150&comma; 150&comma; 0.2); font-weight: bold; font-size: 18px; color: inherit; --darkreader-inline-border-bottom: var(--darkreader-border-96969633&comma; rgba(74&comma; 80&comma; 83&comma; 0.2)); --darkreader-inline-color: inherit;\" data-darkreader-inline-border-bottom=\"\" data-darkreader-inline-color=\"\">Interfaces y Conectividad<\/div>\n<div style=\"padding: 15px; color: inherit; --darkreader-inline-color: inherit;\" data-darkreader-inline-color=\"\">\n<ul style=\"padding-left: 20px; margin: 0; font-size: 14px; list-style-type: disc;\">\n<li style=\"margin-bottom: 5px;\"><strong>Conectar a:<\/strong> Adaptador USB C\/A con dongle BT51C&comma; Cable USB&comma; Bluetooth<\/li>\n<li style=\"margin-bottom: 5px;\"><strong>Conexiones Bluetooth simult&aacute;neas:<\/strong> 2<\/li>\n<li style=\"margin-bottom: 5px;\"><strong>Emparejamiento con varios dispositivos:<\/strong> hasta 8 dispositivos<\/li>\n<li style=\"margin-bottom: 5px;\"><strong>Yealink USB Connect:<\/strong> (PC)<\/li>\n<li style=\"margin-bottom: 5px;\"><strong>Aplicaci&oacute;n Yealink Connect:<\/strong> (Android&comma; iOS)<\/li>\n<li style=\"margin-bottom: 5px;\"><strong>Servicio de Gesti&oacute;n en la Nube de Yealink<\/strong><\/li>\n<\/ul>\n<\/div>\n<\/div>\n<\/div>\n<div style=\"display: flex; flex-wrap: wrap; gap: 20px; margin-bottom: 30px;\">\n<div style=\"flex: 1 1 250px; border: 1px solid rgba(150&comma; 150&comma; 150&comma; 0.4); border-radius: 8px; overflow: hidden; display: flex; flex-direction: column; --darkreader-inline-border-top: var(--darkreader-border-96969666&comma; rgba(74&comma; 80&comma; 83&comma; 0.4)); --darkreader-inline-border-right: var(--darkreader-border-96969666&comma; rgba(74&comma; 80&comma; 83&comma; 0.4)); --darkreader-inline-border-bottom: var(--darkreader-border-96969666&comma; rgba(74&comma; 80&comma; 83&comma; 0.4)); --darkreader-inline-border-left: var(--darkreader-border-96969666&comma; rgba(74&comma; 80&comma; 83&comma; 0.4));\" data-darkreader-inline-border-top=\"\" data-darkreader-inline-border-right=\"\" data-darkreader-inline-border-bottom=\"\" data-darkreader-inline-border-left=\"\">\n<div style=\"padding: 15px; border-bottom: 1px solid rgba(150&comma; 150&comma; 150&comma; 0.2); font-weight: bold; font-size: 18px; color: inherit; --darkreader-inline-border-bottom: var(--darkreader-border-96969633&comma; rgba(74&comma; 80&comma; 83&comma; 0.2)); --darkreader-inline-color: inherit;\" data-darkreader-inline-border-bottom=\"\" data-darkreader-inline-color=\"\">Aplicaciones y Casos de Uso<\/div>\n<div style=\"padding: 15px; color: inherit; --darkreader-inline-color: inherit;\" data-darkreader-inline-color=\"\">\n<div style=\"display: flex; flex-wrap: wrap; gap: 15px;\">\n<div style=\"flex: 1 1 200px; min-width: 180px; border: 1px solid rgba(150&comma; 150&comma; 150&comma; 0.3); border-radius: 6px; padding: 12px; --darkreader-inline-border-top: var(--darkreader-border-9696964d&comma; rgba(74&comma; 80&comma; 83&comma; 0.3)); --darkreader-inline-border-right: var(--darkreader-border-9696964d&comma; rgba(74&comma; 80&comma; 83&comma; 0.3)); --darkreader-inline-border-bottom: var(--darkreader-border-9696964d&comma; rgba(74&comma; 80&comma; 83&comma; 0.3)); --darkreader-inline-border-left: var(--darkreader-border-9696964d&comma; rgba(74&comma; 80&comma; 83&comma; 0.3));\" data-darkreader-inline-border-top=\"\" data-darkreader-inline-border-right=\"\" data-darkreader-inline-border-bottom=\"\" data-darkreader-inline-border-left=\"\">\n<h4 style=\"font-size: 16px; font-weight: bold; margin-top: 0px; margin-bottom: 8px; color: inherit; --darkreader-inline-color: inherit;\" data-darkreader-inline-color=\"\">Oficina<\/h4>\n<p style=\"font-size: 14px; color: inherit; margin: 0px; --darkreader-inline-color: inherit;\" data-darkreader-inline-color=\"\">Ideal para conferencias telef&oacute;nicas claras y colaboraci&oacute;n en equipo con compatibilidad con Microsoft Teams&comma; Zoom y Google Meet.<\/p>\n<\/div>\n<div style=\"flex: 1 1 200px; min-width: 180px; border: 1px solid rgba(150&comma; 150&comma; 150&comma; 0.3); border-radius: 6px; padding: 12px; --darkreader-inline-border-top: var(--darkreader-border-9696964d&comma; rgba(74&comma; 80&comma; 83&comma; 0.3)); --darkreader-inline-border-right: var(--darkreader-border-9696964d&comma; rgba(74&comma; 80&comma; 83&comma; 0.3)); --darkreader-inline-border-bottom: var(--darkreader-border-9696964d&comma; rgba(74&comma; 80&comma; 83&comma; 0.3)); --darkreader-inline-border-left: var(--darkreader-border-9696964d&comma; rgba(74&comma; 80&comma; 83&comma; 0.3));\" data-darkreader-inline-border-top=\"\" data-darkreader-inline-border-right=\"\" data-darkreader-inline-border-bottom=\"\" data-darkreader-inline-border-left=\"\">\n<h4 style=\"font-size: 16px; font-weight: bold; margin-top: 0px; margin-bottom: 8px; color: inherit; --darkreader-inline-color: inherit;\" data-darkreader-inline-color=\"\">Hogar<\/h4>\n<p style=\"font-size: 14px; color: inherit; margin: 0px; --darkreader-inline-color: inherit;\" data-darkreader-inline-color=\"\">Perfecto para disfrutar de m&uacute;sica y llamadas con una calidad de sonido impecable y comodidad durante todo el d&iacute;a.<\/p>\n<\/div>\n<div style=\"flex: 1 1 200px; min-width: 180px; border: 1px solid rgba(150&comma; 150&comma; 150&comma; 0.3); border-radius: 6px; padding: 12px; --darkreader-inline-border-top: var(--darkreader-border-9696964d&comma; rgba(74&comma; 80&comma; 83&comma; 0.3)); --darkreader-inline-border-right: var(--darkreader-border-9696964d&comma; rgba(74&comma; 80&comma; 83&comma; 0.3)); --darkreader-inline-border-bottom: var(--darkreader-border-9696964d&comma; rgba(74&comma; 80&comma; 83&comma; 0.3)); --darkreader-inline-border-left: var(--darkreader-border-9696964d&comma; rgba(74&comma; 80&comma; 83&comma; 0.3));\" data-darkreader-inline-border-top=\"\" data-darkreader-inline-border-right=\"\" data-darkreader-inline-border-bottom=\"\" data-darkreader-inline-border-left=\"\">\n<h4 style=\"font-size: 16px; font-weight: bold; margin-top: 0px; margin-bottom: 8px; color: inherit; --darkreader-inline-color: inherit;\" data-darkreader-inline-color=\"\">Movilidad<\/h4>\n<p style=\"font-size: 14px; color: inherit; margin: 0px; --darkreader-inline-color: inherit;\" data-darkreader-inline-color=\"\">Dise&ntilde;ado para uso en movimiento con una bater&iacute;a de larga duraci&oacute;n y conectividad Bluetooth 5.3.<\/p>\n<\/div>\n<\/div>\n<\/div>\n<\/div>\n<\/div>\n<hr style=\"border-width: 1px 0px 0px; border-right-style: initial; border-bottom-style: initial; border-left-style: initial; border-right-color: initial; border-bottom-color: initial; border-left-color: initial; border-image: initial; border-top-style: solid; border-top-color: rgba(150&comma; 150&comma; 150&comma; 0.3); margin: 30px 0px; --darkreader-inline-border-right: 0px; --darkreader-inline-border-bottom: 0px; --darkreader-inline-border-left: 0px; --darkreader-inline-border-top: var(--darkreader-border-9696964d&comma; rgba(74&comma; 80&comma; 83&comma; 0.3));\" data-darkreader-inline-border-right=\"\" data-darkreader-inline-border-bottom=\"\" data-darkreader-inline-border-left=\"\" data-darkreader-inline-border-top=\"\"><\/div>\n","protected":false},"excerpt":{"rendered":"<p>Diadema Bluetooth Yealink BH74 con Cancelaci\u00f3n Activa de Ruido H\u00edbrida, Base de Carga y Tecnolog\u00eda Acoustic Shield 3.0.<\/p>\n","protected":false},"featured_media":85956,"comment_status":"open","ping_status":"closed","template":"","meta":[],"product_brand":[],"product_cat":[2050],"product_tag":[2051,2004,2112],"class_list":{"0":"post-85957","1":"product","2":"type-product","3":"status-publish","4":"has-post-thumbnail","6":"product_cat-auriculares","7":"product_tag-auriculares","8":"product_tag-voip-telefonia-ip-videoconferencia","9":"product_tag-yealink","11":"first","12":"outofstock","13":"sale","14":"shipping-taxable","15":"purchasable","16":"product-type-simple"},"_links":{"self":[{"href":"https:\/\/soydeaqui.ddns.net\/pachuca\/index.php\/wp-json\/wp\/v2\/product\/85957","targetHints":{"allow":["GET"]}}],"collection":[{"href":"https:\/\/soydeaqui.ddns.net\/pachuca\/index.php\/wp-json\/wp\/v2\/product"}],"about":[{"href":"https:\/\/soydeaqui.ddns.net\/pachuca\/index.php\/wp-json\/wp\/v2\/types\/product"}],"replies":[{"embeddable":true,"href":"https:\/\/soydeaqui.ddns.net\/pachuca\/index.php\/wp-json\/wp\/v2\/comments?post=85957"}],"wp:featuredmedia":[{"embeddable":true,"href":"https:\/\/soydeaqui.ddns.net\/pachuca\/index.php\/wp-json\/wp\/v2\/media\/85956"}],"wp:attachment":[{"href":"https:\/\/soydeaqui.ddns.net\/pachuca\/index.php\/wp-json\/wp\/v2\/media?parent=85957"}],"wp:term":[{"taxonomy":"product_brand","embeddable":true,"href":"https:\/\/soydeaqui.ddns.net\/pachuca\/index.php\/wp-json\/wp\/v2\/product_brand?post=85957"},{"taxonomy":"product_cat","embeddable":true,"href":"https:\/\/soydeaqui.ddns.net\/pachuca\/index.php\/wp-json\/wp\/v2\/product_cat?post=85957"},{"taxonomy":"product_tag","embeddable":true,"href":"https:\/\/soydeaqui.ddns.net\/pachuca\/index.php\/wp-json\/wp\/v2\/product_tag?post=85957"}],"curies":[{"name":"wp","href":"https:\/\/api.w.org\/{rel}","templated":true}]}}