{"id":8595,"date":"2026-03-18T07:11:18","date_gmt":"2026-03-18T07:11:18","guid":{"rendered":"https:\/\/soydeaqui.ddns.net\/pachuca\/index.php\/producto\/jumper-de-fibra-ptica-monomodo-sc-upc-sc-apc-simplex-color-amarillo-3-metros-9-84-pies\/"},"modified":"2026-03-18T07:11:19","modified_gmt":"2026-03-18T07:11:19","slug":"jumper-de-fibra-ptica-monomodo-sc-upc-sc-apc-simplex-color-amarillo-3-metros-9-84-pies","status":"publish","type":"product","link":"https:\/\/soydeaqui.ddns.net\/pachuca\/index.php\/producto\/jumper-de-fibra-ptica-monomodo-sc-upc-sc-apc-simplex-color-amarillo-3-metros-9-84-pies\/","title":{"rendered":"Jumper de Fibra ?ptica Monomodo SC\/UPC-SC\/APC Simplex, Color Amarillo 3 Metros (9.84 Pies)"},"content":{"rendered":"<div style='width: 100%; max-width: 1200px; margin: 0 auto; font-family: sans-serif; line-height: 1.6; color: inherit;'> <!-- Imagen --> <\/p>\n<div style='width: 100%; margin-bottom: 30px;'> <img style='width: 100%; height: auto; border: 1px solid rgba(150&comma;150&comma;150&comma;0.3); border-radius: 8px;' src='https:\/\/ftp3.syscom.mx\/usuarios\/orobles\/LinkedPro\/LinkedPro-fiber2.jpg' alt='Jumper de Fibra \u00d3ptica Monomodo'> <\/div>\n<p> <!-- Caracter\u00edsticas Principales --> <\/p>\n<div style='margin-bottom: 30px;'>\n<h3 style='font-size: 22px; border-bottom: 2px solid currentColor; padding-bottom: 5px; margin-top: 0; color: inherit; opacity: 0.8;'>Caracter\u00edsticas Principales<\/h3>\n<ul style='padding-left: 20px; font-size: 15px; color: inherit;'>\n<li style='margin-bottom: 5px;'>Conector SC\/UPC a SC\/APC para conectividad eficaz<\/li>\n<li style='margin-bottom: 5px;'>Longitud de cable optimizada de 3 metros<\/li>\n<li style='margin-bottom: 5px;'>Fibra monomodo soporta OS1\/OS2 para alto rendimiento<\/li>\n<li style='margin-bottom: 5px;'>Revestimiento de PVC asegura durabilidad y protecci\u00f3n<\/li>\n<li style='margin-bottom: 5px;'>\u00d3ptimo para instalaciones profesionales de fibra \u00f3ptica<\/li>\n<\/ul><\/div>\n<p> <!-- Secci\u00f3n de especificaciones --> <\/p>\n<div style='display: flex; flex-wrap: wrap; gap: 30px; margin-bottom: 30px;'>\n<div style='flex: 1 1 300px; min-width: 280px;'>\n<h3 style='font-size: 22px; border-bottom: 2px solid currentColor; padding-bottom: 5px; margin-top: 0; color: inherit; opacity: 0.8;'>Especificaciones de Fibra<\/h3>\n<ul style='padding-left: 20px; font-size: 15px; color: inherit;'>\n<li style='margin-bottom: 5px;'><strong>Tipo de fibra:<\/strong> Monomodo (OS1\/OS2)<\/li>\n<li style='margin-bottom: 5px;'><strong>Atenuaci\u00f3n @1310 nm:<\/strong> \u22640.35 dB\/km (antes del cable)&comma; \u22640.40 dB\/km (despu\u00e9s del cable)<\/li>\n<li style='margin-bottom: 5px;'><strong>Atenuaci\u00f3n @1550 nm:<\/strong> \u22640.21 dB\/km (antes del cable)&comma; \u22640.30 dB\/km (despu\u00e9s del cable)<\/li>\n<li style='margin-bottom: 5px;'><strong>Dispersi\u00f3n coeficiente @1310 nm:<\/strong> \u22643.5ps\/nm\u00b7km<\/li>\n<li style='margin-bottom: 5px;'><strong>Dispersi\u00f3n coeficiente @1550 nm:<\/strong> \u226418ps\/nm\u00b7km<\/li>\n<li style='margin-bottom: 5px;'><strong>Longitud de onda de dispersi\u00f3n cero:<\/strong> 1300~1322 nm<\/li>\n<li style='margin-bottom: 5px;'><strong>Pendiente de dispersi\u00f3n cero:<\/strong> \u22640.091ps\/nm\u00b2\u00b7km<\/li>\n<li style='margin-bottom: 5px;'><strong>Longitud de onda de corte del cable (\u03bbcc):<\/strong> \u22641260 nm<\/li>\n<\/ul><\/div>\n<div style='flex: 1 1 300px; min-width: 280px;'>\n<h3 style='font-size: 22px; border-bottom: 2px solid currentColor; padding-bottom: 5px; margin-top: 0; color: inherit; opacity: 0.8;'>Especificaciones Mec\u00e1nicas<\/h3>\n<ul style='padding-left: 20px; font-size: 15px; color: inherit;'>\n<li style='margin-bottom: 5px;'><strong>P\u00e9rdida por microcurvatura:<\/strong> \u22640.05 dB (1 vuelta; \u03a616 mm @1550 nm)<\/li>\n<li style='margin-bottom: 5px;'><strong>P\u00e9rdida por microcurvatura:<\/strong> \u22640.05 dB (100 vueltas; \u03a625 mm @1310 nm)<\/li>\n<li style='margin-bottom: 5px;'><strong>P\u00e9rdida por microcurvatura:<\/strong> \u22640.05 dB (100 vueltas; \u03a625 mm @1550 nm)<\/li>\n<li style='margin-bottom: 5px;'><strong>P\u00e9rdida por microcurvatura:<\/strong> \u22640.05 dB (100 vueltas; \u03a630 mm @1625 nm)<\/li>\n<li style='margin-bottom: 5px;'><strong>Di\u00e1metro del campo modal @1310 nm:<\/strong> 8.8\u00b10.4\u00b5m<\/li>\n<li style='margin-bottom: 5px;'><strong>Di\u00e1metro del revestimiento:<\/strong> 125\u00b11.0\u00b5m<\/li>\n<li style='margin-bottom: 5px;'><strong>No circularidad del revestimiento:<\/strong> \u22641.0%<\/li>\n<li style='margin-bottom: 5px;'><strong>Error de conc\u00e9ntrico n\u00facleo\/revestimiento:<\/strong> \u22640.6\u00b5m<\/li>\n<li style='margin-bottom: 5px;'><strong>Esfuerzo de prueba:<\/strong> \u22651.05%<\/li>\n<\/ul><\/div>\n<div style='flex: 1 1 300px; min-width: 280px;'>\n<h3 style='font-size: 22px; border-bottom: 2px solid currentColor; padding-bottom: 5px; margin-top: 0; color: inherit; opacity: 0.8;'>Especificaciones de Conector<\/h3>\n<ul style='padding-left: 20px; font-size: 15px; color: inherit;'>\n<li style='margin-bottom: 5px;'><strong>P\u00e9rdida de inserci\u00f3n:<\/strong> \u22640.3dB<\/li>\n<li style='margin-bottom: 5px;'><strong>P\u00e9rdida de retorno:<\/strong> \u226560dB (SC-APC)&comma; \u226550dB (SC-UPC)<\/li>\n<li style='margin-bottom: 5px;'><strong>Intercambiabilidad:<\/strong> \u22640.2dB<\/li>\n<li style='margin-bottom: 5px;'><strong>Repetibilidad:<\/strong> \u22640.2dB<\/li>\n<li style='margin-bottom: 5px;'><strong>Prueba de vibraci\u00f3n:<\/strong> <0.10dB (10-60Hz&comma; 1.5 mm amplitud)<\/li>\n<li style='margin-bottom: 5px;'><strong>Prueba de ca\u00edda:<\/strong> <0.10dB (Altura: 1.5 mm&comma; 8 veces)<\/li>\n<li style='margin-bottom: 5px;'><strong>Resistencia a la tracci\u00f3n:<\/strong> <0.10dB (68.6N&comma; 10 min)<\/li>\n<li style='margin-bottom: 5px;'><strong>Durabilidad:<\/strong> <0.20dB (>500 veces)<\/li>\n<li style='margin-bottom: 5px;'><strong>Prueba de alta temperatura:<\/strong> <0.20dB (+85 \u00baC&comma; 168 horas)<\/li>\n<li style='margin-bottom: 5px;'><strong>Prueba de baja temperatura:<\/strong> <0.20dB (-40 \u00baC&comma; 168 horas)<\/li>\n<\/ul><\/div>\n<div style='flex: 1 1 300px; min-width: 280px;'>\n<h3 style='font-size: 22px; border-bottom: 2px solid currentColor; padding-bottom: 5px; margin-top: 0; color: inherit; opacity: 0.8;'>Caracter\u00edsticas del Cable<\/h3>\n<ul style='padding-left: 20px; font-size: 15px; color: inherit;'>\n<li style='margin-bottom: 5px;'><strong>N\u00famero de fibras:<\/strong> 1 n\u00facleo<\/li>\n<li style='margin-bottom: 5px;'><strong>Di\u00e1metro de fibra:<\/strong> 250\u00b5m\u00b15\u00b5m<\/li>\n<li style='margin-bottom: 5px;'><strong>Revestimiento:<\/strong> Color natural<\/li>\n<li style='margin-bottom: 5px;'><strong>Material del revestimiento:<\/strong> PVC<\/li>\n<li style='margin-bottom: 5px;'><strong>Color del buffer ajustado:<\/strong> Blanco (u opcional seg\u00fan solicitud)<\/li>\n<li style='margin-bottom: 5px;'><strong>Material del miembro de refuerzo:<\/strong> Aramida<\/li>\n<li style='margin-bottom: 5px;'><strong>Color del miembro de refuerzo:<\/strong> Amarillo<\/li>\n<li style='margin-bottom: 5px;'><strong>Di\u00e1metro del miembro de refuerzo:<\/strong> 2.0\u00b10.05 mm<\/li>\n<li style='margin-bottom: 5px;'><strong>Material de la chaqueta exterior:<\/strong> LSZH o PVC<\/li>\n<li style='margin-bottom: 5px;'><strong>Color de la chaqueta:<\/strong> Amarillo<\/li>\n<\/ul><\/div>\n<\/p><\/div>\n<p> <!-- Est\u00e1ndares de Cumplimiento --> <\/p>\n<div style='margin-bottom: 30px;'>\n<h3 style='font-size: 22px; border-bottom: 2px solid currentColor; padding-bottom: 5px; margin-top: 0; color: inherit; opacity: 0.8;'>Est\u00e1ndares de Cumplimiento<\/h3>\n<ul style='padding-left: 20px; font-size: 15px; color: inherit;'>\n<li style='margin-bottom: 5px;'>ISO 9001:2008 &#8211; Sistema de gesti\u00f3n de calidad<\/li>\n<li style='margin-bottom: 5px;'>IEC 60794-1 &#8211; Cables de fibra \u00f3ptica&comma; especificaci\u00f3n gen\u00e9rica y m\u00e9todos de prueba mec\u00e1nica<\/li>\n<\/ul><\/div>\n<p> <!-- Separador --> <\/p>\n<hr style='border: 0; border-top: 1px solid rgba(150&comma; 150&comma; 150&comma; 0.3); margin: 30px 0;'> <\/div>\n","protected":false},"excerpt":{"rendered":"<p>Jumper de Fibra ?ptica Monomodo SC\/UPC-SC\/APC Simplex, Color Amarillo 3 Metros (9.84 Pies)<\/p>\n","protected":false},"featured_media":8594,"comment_status":"open","ping_status":"closed","template":"","meta":[],"product_brand":[],"product_cat":[617],"product_tag":[611,618,435],"class_list":{"0":"post-8595","1":"product","2":"type-product","3":"status-publish","4":"has-post-thumbnail","6":"product_cat-jumpers-y-pigtails","7":"product_tag-fibra-optica","8":"product_tag-jumpers-y-pigtails","9":"product_tag-linkedpro-by-epcom","11":"first","12":"instock","13":"sale","14":"shipping-taxable","15":"purchasable","16":"product-type-simple"},"_links":{"self":[{"href":"https:\/\/soydeaqui.ddns.net\/pachuca\/index.php\/wp-json\/wp\/v2\/product\/8595","targetHints":{"allow":["GET"]}}],"collection":[{"href":"https:\/\/soydeaqui.ddns.net\/pachuca\/index.php\/wp-json\/wp\/v2\/product"}],"about":[{"href":"https:\/\/soydeaqui.ddns.net\/pachuca\/index.php\/wp-json\/wp\/v2\/types\/product"}],"replies":[{"embeddable":true,"href":"https:\/\/soydeaqui.ddns.net\/pachuca\/index.php\/wp-json\/wp\/v2\/comments?post=8595"}],"wp:featuredmedia":[{"embeddable":true,"href":"https:\/\/soydeaqui.ddns.net\/pachuca\/index.php\/wp-json\/wp\/v2\/media\/8594"}],"wp:attachment":[{"href":"https:\/\/soydeaqui.ddns.net\/pachuca\/index.php\/wp-json\/wp\/v2\/media?parent=8595"}],"wp:term":[{"taxonomy":"product_brand","embeddable":true,"href":"https:\/\/soydeaqui.ddns.net\/pachuca\/index.php\/wp-json\/wp\/v2\/product_brand?post=8595"},{"taxonomy":"product_cat","embeddable":true,"href":"https:\/\/soydeaqui.ddns.net\/pachuca\/index.php\/wp-json\/wp\/v2\/product_cat?post=8595"},{"taxonomy":"product_tag","embeddable":true,"href":"https:\/\/soydeaqui.ddns.net\/pachuca\/index.php\/wp-json\/wp\/v2\/product_tag?post=8595"}],"curies":[{"name":"wp","href":"https:\/\/api.w.org\/{rel}","templated":true}]}}