{"id":8593,"date":"2026-03-18T07:11:17","date_gmt":"2026-03-18T07:11:17","guid":{"rendered":"https:\/\/soydeaqui.ddns.net\/pachuca\/index.php\/producto\/gabinete-panzone-de-montaje-en-pared-de-19in-puerta-perforada-12-ur-762mm-de-profundidad-color-negro\/"},"modified":"2026-03-18T07:11:17","modified_gmt":"2026-03-18T07:11:17","slug":"gabinete-panzone-de-montaje-en-pared-de-19in-puerta-perforada-12-ur-762mm-de-profundidad-color-negro","status":"publish","type":"product","link":"https:\/\/soydeaqui.ddns.net\/pachuca\/index.php\/producto\/gabinete-panzone-de-montaje-en-pared-de-19in-puerta-perforada-12-ur-762mm-de-profundidad-color-negro\/","title":{"rendered":"Gabinete PanZone de Montaje en Pared, de 19in, Puerta Perforada, 12 UR, 762mm de Profundidad, Color Negro"},"content":{"rendered":"<div style='width: 100%; max-width: 1200px; margin: 0 auto; font-family: sans-serif; line-height: 1.6; color: inherit; background-color: transparent;'>\n<div style='display: flex; flex-wrap: wrap; gap: 30px; margin-bottom: 30px;'>\n<div style='flex: 1 1 300px; min-width: 280px;'>\n<h3 style='font-size: 22px; border-bottom: 2px solid currentColor; padding-bottom: 5px; margin-top: 0; color: inherit; opacity: 0.8;'>Descripci\u00f3n<\/h3>\n<p style='font-size: 15px; color: inherit;'> Gabinete de montaje en pared construido en acero&comma; soporta 12 unidades de Rack para equipos de red activos o pasivos. Cuenta con paneles laterales totalmente desmontables y est\u00e1 dise\u00f1ado para permitir el control de clima adecuado para uso con diversos equipos de red&comma; as\u00ed como Switches de alimentaci\u00f3n remota (PoE) y fuentes de alimentaci\u00f3n ininterrumpida (UPS). <\/p>\n<\/p><\/div>\n<\/p><\/div>\n<div style='display: flex; flex-wrap: wrap; gap: 20px; margin-bottom: 30px;'>\n<div style='flex: 1 1 250px; border: 1px solid rgba(150&comma; 150&comma; 150&comma; 0.4); border-radius: 8px; overflow: hidden; display: flex; flex-direction: column;'>\n<div style='padding: 15px; border-bottom: 1px solid rgba(150&comma; 150&comma; 150&comma; 0.2); font-weight: bold; font-size: 18px; color: inherit;'>Informaci\u00f3n t\u00e9cnica<\/div>\n<div style='padding: 15px; color: inherit;'>\n<ul style='padding-left: 20px; margin: 0; font-size: 14px; list-style-type: disc;'>\n<li style='margin-bottom: 5px;'><strong>Dimensiones:<\/strong> 635 x 605 x 762mm (Ancho x Alto x Profundidad)<\/li>\n<li style='margin-bottom: 5px;'><strong>Montaje de equipos hasta:<\/strong> 680.72 mm (26.8in) de profundidad<\/li>\n<li style='margin-bottom: 5px;'><strong>Estandar:<\/strong> EIA 19in<\/li>\n<li style='margin-bottom: 5px;'><strong>Capacidad de carga:<\/strong> 250lb (113.4 kg)<\/li>\n<\/ul><\/div>\n<\/p><\/div>\n<div style='flex: 1 1 250px; border: 1px solid rgba(150&comma; 150&comma; 150&comma; 0.4); border-radius: 8px; overflow: hidden; display: flex; flex-direction: column;'>\n<div style='padding: 15px; border-bottom: 1px solid rgba(150&comma; 150&comma; 150&comma; 0.2); font-weight: bold; font-size: 18px; color: inherit;'>Ventajas competitivas<\/div>\n<div style='padding: 15px; color: inherit;'>\n<ul style='padding-left: 20px; margin: 0; font-size: 14px; list-style-type: disc;'>\n<li style='margin-bottom: 5px;'>Optimiza el flujo de aire para una mejor disipaci\u00f3n de calor<\/li>\n<li style='margin-bottom: 5px;'>Proporciona ventilaci\u00f3n adicional para m\u00faltiples dispositivos PoE&comma; uso en gabinetes con puerta con ventana<\/li>\n<li style='margin-bottom: 5px;'>Soporte de equipos hasta 26.8in de profundidad<\/li>\n<li style='margin-bottom: 5px;'>Permite una ubicaci\u00f3n de equipos r\u00e1pida y f\u00e1cil en las unidades de rack<\/li>\n<li style='margin-bottom: 5px;'>Cumple con las especificaciones de puesta y uni\u00f3n a tierra TIA\/EIA<\/li>\n<li style='margin-bottom: 5px;'>Puertas con bisagras en la parte delantera y trasera para un acceso completo a los equipos<\/li>\n<\/ul><\/div>\n<\/p><\/div>\n<div style='flex: 1 1 250px; border: 1px solid rgba(150&comma; 150&comma; 150&comma; 0.4); border-radius: 8px; overflow: hidden; display: flex; flex-direction: column;'>\n<div style='padding: 15px; border-bottom: 1px solid rgba(150&comma; 150&comma; 150&comma; 0.2); font-weight: bold; font-size: 18px; color: inherit;'>Aplicaciones<\/div>\n<div style='padding: 15px; color: inherit;'>\n<ul style='padding-left: 20px; margin: 0; font-size: 14px; list-style-type: disc;'>\n<li style='margin-bottom: 5px;'>Uso como gabinete de zona de montaje en pared&comma; para conectar hasta 96 usuarios en ubicaciones donde no hay disponible cuarto de telecomunicaciones&comma; o cuando la seguridad es una preocupaci\u00f3n.<\/li>\n<\/ul><\/div>\n<\/p><\/div>\n<\/p><\/div>\n<hr style='border: 0; border-top: 1px solid rgba(150&comma; 150&comma; 150&comma; 0.3); margin: 30px 0;'> <\/div>\n","protected":false},"excerpt":{"rendered":"<p>Gabinete PanZone de Montaje en Pared, de 19in, Puerta Perforada, 12 UR, 762mm de Profundidad, Color Negro<\/p>\n","protected":false},"featured_media":8592,"comment_status":"open","ping_status":"closed","template":"","meta":[],"product_brand":[],"product_cat":[623],"product_tag":[445,624,605],"class_list":{"0":"post-8593","1":"product","2":"type-product","3":"status-publish","4":"has-post-thumbnail","6":"product_cat-racks-cerrados","7":"product_tag-panduit","8":"product_tag-racks-cerrados","9":"product_tag-racks-y-gabinetes","11":"first","12":"instock","13":"sale","14":"shipping-taxable","15":"purchasable","16":"product-type-simple"},"_links":{"self":[{"href":"https:\/\/soydeaqui.ddns.net\/pachuca\/index.php\/wp-json\/wp\/v2\/product\/8593","targetHints":{"allow":["GET"]}}],"collection":[{"href":"https:\/\/soydeaqui.ddns.net\/pachuca\/index.php\/wp-json\/wp\/v2\/product"}],"about":[{"href":"https:\/\/soydeaqui.ddns.net\/pachuca\/index.php\/wp-json\/wp\/v2\/types\/product"}],"replies":[{"embeddable":true,"href":"https:\/\/soydeaqui.ddns.net\/pachuca\/index.php\/wp-json\/wp\/v2\/comments?post=8593"}],"wp:featuredmedia":[{"embeddable":true,"href":"https:\/\/soydeaqui.ddns.net\/pachuca\/index.php\/wp-json\/wp\/v2\/media\/8592"}],"wp:attachment":[{"href":"https:\/\/soydeaqui.ddns.net\/pachuca\/index.php\/wp-json\/wp\/v2\/media?parent=8593"}],"wp:term":[{"taxonomy":"product_brand","embeddable":true,"href":"https:\/\/soydeaqui.ddns.net\/pachuca\/index.php\/wp-json\/wp\/v2\/product_brand?post=8593"},{"taxonomy":"product_cat","embeddable":true,"href":"https:\/\/soydeaqui.ddns.net\/pachuca\/index.php\/wp-json\/wp\/v2\/product_cat?post=8593"},{"taxonomy":"product_tag","embeddable":true,"href":"https:\/\/soydeaqui.ddns.net\/pachuca\/index.php\/wp-json\/wp\/v2\/product_tag?post=8593"}],"curies":[{"name":"wp","href":"https:\/\/api.w.org\/{rel}","templated":true}]}}