{"id":85917,"date":"2026-03-19T21:59:09","date_gmt":"2026-03-19T21:59:09","guid":{"rendered":"https:\/\/soydeaqui.ddns.net\/pachuca\/index.php\/producto\/radio-para-enlace-de-backhaul-epmp-force400-c-wi-fi-6-hasta-1-gbps-4-9-6-2-ghz-33-mas-ancho-de-banda\/"},"modified":"2026-03-19T21:59:20","modified_gmt":"2026-03-19T21:59:20","slug":"radio-para-enlace-de-backhaul-epmp-force400-c-wi-fi-6-hasta-1-gbps-4-9-6-2-ghz-33-mas-ancho-de-banda","status":"publish","type":"product","link":"https:\/\/soydeaqui.ddns.net\/pachuca\/index.php\/producto\/radio-para-enlace-de-backhaul-epmp-force400-c-wi-fi-6-hasta-1-gbps-4-9-6-2-ghz-33-mas-ancho-de-banda\/","title":{"rendered":"Radio para Enlace de BackHaul ePMP Force400 C \/ Wi-Fi 6 hasta 1 Gbps \/ 4.9-6.2 GHz \/ 33% m\u00e1s Ancho de Banda"},"content":{"rendered":"<div style='width: 100%; max-width: 1200px; margin: 0 auto; font-family: sans-serif; line-height: 1.6; color: inherit; background-color: transparent;'> <!-- T\u00edtulo principal --> <\/p>\n<div style='margin-bottom: 30px;'>\n<h1 style='font-size: 2.625rem; margin: 0; color: inherit; font-family: 'Libre Franklin'&comma; sans-serif; font-weight: 400; line-height: 1.04762; text-shadow: rgba(0&comma; 0&comma; 0&comma; 0.2) 2px 4px 3px;'> <span>Force 400 El equipo m\u00e1s eficiente en ambientes ruidosos del mercado<\/span> <\/h1>\n<\/p><\/div>\n<p> <!-- Contenido principal --> <\/p>\n<div style='margin-bottom: 30px;'>\n<p style='font-size: 14pt; margin-bottom: 15px; color: inherit;'> Cambium Networks presenta la soluci\u00f3n ePMP Force 400C punto a punto que ofrece un rendimiento de hasta 1 Gbps a un precio revolucionario basado en los \u00faltimos est\u00e1ndares Wi-Fi 6. <\/p>\n<\/p><\/div>\n<p> <!-- Imagen principal --> <\/p>\n<div style='margin-bottom: 30px;'> <img style='width: 100%; height: auto; border: 1px solid rgba(150&comma;150&comma;150&comma;0.3); border-radius: 8px; display: block; margin: 0 auto;' src='https:\/\/cdn.cambiumnetworks.com\/wp-content\/uploads\/2021\/01\/ePMP_Force_400C_main.png' alt=''> <\/div>\n<p> <!-- T\u00edtulo de secci\u00f3n --> <\/p>\n<div style='margin-bottom: 30px; text-align: center;'>\n<h2 style='font-size: 2.125rem; margin: 0; font-weight: 300; color: inherit; font-family: 'Libre Franklin'&comma; sans-serif; line-height: 1.118;'> <strong><span>Serie ePMP <\/span><span> Force 400<\/span><\/strong> <\/h2>\n<\/p><\/div>\n<p> <!-- Secci\u00f3n de contenido con flex --> <\/p>\n<div style='display: flex; flex-wrap: wrap; gap: 30px; margin-bottom: 30px;'>\n<div style='flex: 1 1 300px; min-width: 280px;'>\n<p style='color: inherit; font-size: 15px; margin-bottom: 15px;'> Cambium Networks presenta las soluciones punto a punto ePMP Force 425 y Force 400C que ofrecen un rendimiento de hasta 1 Gbps a un precio revolucionario basado en los \u00faltimos est\u00e1ndares Wi-Fi 6. La serie Force 400 es la soluci\u00f3n ideal para los proveedores de servicios que buscan brindar servicios de acceso de alta capacidad a clientes empresariales y residenciales. Tambi\u00e9n sirve como backhaul de bajo costo para MicroPOP y puntos de acceso Wi-Fi al aire libre que requieren mucha capacidad a un alcance moderado sin la sobrecarga de un microondas con licencia. Con un puerto SFP integrado y un m\u00f3dulo GPON ONU opcional&comma; el Force 425 es una gran extensi\u00f3n de fibra para llegar a lugares donde la fibra no puede. <\/p>\n<\/p><\/div>\n<div style='flex: 1 1 300px; min-width: 280px;'> <img style='width: 100%; height: auto; border: 1px solid rgba(150&comma;150&comma;150&comma;0.3); border-radius: 8px; display: block; margin: 0 auto;' src='https:\/\/cdn.cambiumnetworks.com\/wp-content\/uploads\/2020\/09\/cnMaestro-solutions-web.jpg' alt=''> <\/p>\n<p style='color: inherit; font-size: 15px; margin-top: 15px;'> Aprovechando la \u00faltima tecnolog\u00eda del est\u00e1ndar Wi-Fi 6 y el modo ePTP patentado de Cambium&comma; el Force 425 \/ 400C ofrece una alta eficiencia espectral con caracter\u00edsticas como 1024QAM&comma; canales de 80 MHz&comma; una estructura de cuadro altamente eficiente y la interfaz de aire ePTP probada. La serie Force 400 ofrece un rendimiento de Gbps con una latencia de menos de 5 ms. <\/p>\n<p style='color: inherit; font-size: 15px; margin-top: 15px;'> La serie Force 400 tiene seguridad de nivel empresarial con cifrado AES de 128 bits por aire (AES de 256 bits donde las reglas de exportaci\u00f3n lo permitan)&comma; interfaces de administraci\u00f3n seguras con autenticaci\u00f3n basada en roles y autenticaci\u00f3n de dispositivos basada en est\u00e1ndares&comma; incluido el soporte RADIUS. Force 425 \/ 400C est\u00e1 dise\u00f1ado para el mundo real con robustez IP67&comma; esquema de montaje simplificado e incluye una garant\u00eda de hardware de 3 a\u00f1os de Cambium Networks. <\/p>\n<\/p><\/div>\n<\/p><\/div>\n<p> <!-- Secci\u00f3n de caracter\u00edsticas --> <\/p>\n<div style='display: flex; flex-wrap: wrap; gap: 20px; margin-bottom: 30px;'>\n<div style='flex: 1 1 250px; border: 1px solid rgba(150&comma; 150&comma; 150&comma; 0.4); border-radius: 8px; overflow: hidden; display: flex; flex-direction: column;'>\n<div style='padding: 15px; border-bottom: 1px solid rgba(150&comma; 150&comma; 150&comma; 0.2); font-weight: bold; font-size: 18px; color: inherit; background-color: #51a4f5; color: #ffffff;'> Caracter\u00edsticas Generales <\/div>\n<div style='padding: 15px; color: inherit;'>\n<ul style='padding-left: 20px; margin: 0; font-size: 14px; list-style-type: disc;'>\n<li style='margin-bottom: 5px;'><strong>Anchos de canal:<\/strong> 20 | 40 | 80 MHz<\/li>\n<li style='margin-bottom: 5px;'><strong>Capa f\u00edsica:<\/strong> Protocolo Wi-Fi 6&comma; 2&#215;2 MIMO \/ OFDM<\/li>\n<li style='margin-bottom: 5px;'><strong>Rango de frecuencia:<\/strong> 4.9 &#8211; 6.2 GHz<\/li>\n<\/ul><\/div>\n<\/p><\/div>\n<div style='flex: 1 1 250px; border: 1px solid rgba(150&comma; 150&comma; 150&comma; 0.4); border-radius: 8px; overflow: hidden; display: flex; flex-direction: column;'>\n<div style='padding: 15px; border-bottom: 1px solid rgba(150&comma; 150&comma; 150&comma; 0.2); font-weight: bold; font-size: 18px; color: inherit; background-color: #51a4f5; color: #ffffff;'> Desempe\u00f1o <\/div>\n<div style='padding: 15px; color: inherit;'>\n<ul style='padding-left: 20px; margin: 0; font-size: 14px; list-style-type: disc;'>\n<li style='margin-bottom: 5px;'><strong>ARQ:<\/strong> S\u00ed (Protocolo para control de errores en transmisi\u00f3n de datos)<\/li>\n<li style='margin-bottom: 5px;'><strong>Capacidad M\u00e1xima:<\/strong> 1 Gbps<\/li>\n<li style='margin-bottom: 5px;'><strong>Latencia:<\/strong> <5 ms<\/li>\n<li style='margin-bottom: 5px;'><strong>Potencia:<\/strong> +3 a +28 dBm (combinado&comma; hasta el l\u00edmite regional EIRP) (intervalo de 1 dB)<\/li>\n<\/ul><\/div>\n<\/p><\/div>\n<div style='flex: 1 1 250px; border: 1px solid rgba(150&comma; 150&comma; 150&comma; 0.4); border-radius: 8px; overflow: hidden; display: flex; flex-direction: column;'>\n<div style='padding: 15px; border-bottom: 1px solid rgba(150&comma; 150&comma; 150&comma; 0.2); font-weight: bold; font-size: 18px; color: inherit; background-color: #51a4f5; color: #ffffff;'> Caracter\u00edsticas F\u00edsicas y El\u00e9ctricas <\/div>\n<div style='padding: 15px; color: inherit;'>\n<ul style='padding-left: 20px; margin: 0; font-size: 14px; list-style-type: disc;'>\n<li style='margin-bottom: 5px;'><strong>Puertos y conectores:<\/strong> 1 x RJ-45&comma; 1 x SFP&comma; 2 x RP-SMA<\/li>\n<li style='margin-bottom: 5px;'><strong>Grado de protecci\u00f3n:<\/strong> IP67<\/li>\n<li style='margin-bottom: 5px;'><strong>Consumo M\u00e1ximo de Energ\u00eda:<\/strong> 28 W<\/li>\n<li style='margin-bottom: 5px;'><strong>Voltaje de entrada:<\/strong> 802.3at o PoE pasivo 44-59 V<\/li>\n<\/ul><\/div>\n<\/p><\/div>\n<\/p><\/div>\n<p> <!-- Nota final --> <\/p>\n<div style='margin-bottom: 30px;'>\n<p style='font-size: 14px; margin: 0; color: inherit;'> <strong>*Incluye fuente de alimentaci\u00f3n PoE y Cable de corriente.<\/strong> <\/p>\n<\/p><\/div>\n<p> <!-- Separador --> <\/p>\n<hr style='border: 0; border-top: 1px solid rgba(150&comma; 150&comma; 150&comma; 0.3); margin: 30px 0;'> <\/div>\n","protected":false},"excerpt":{"rendered":"<p>Radio para Enlace de BackHaul ePMP Force400 C \/ Wi-Fi 6 hasta 1 Gbps \/ 4.9-6.2 GHz \/ 33% m\u00e1s Ancho de Banda<\/p>\n","protected":false},"featured_media":85916,"comment_status":"open","ping_status":"closed","template":"","meta":[],"product_brand":[],"product_cat":[1998],"product_tag":[1999,1316,1980],"class_list":{"0":"post-85917","1":"product","2":"type-product","3":"status-publish","4":"has-post-thumbnail","6":"product_cat-5-y-6-ghz","7":"product_tag-5-y-6-ghz","8":"product_tag-cambium-networks","9":"product_tag-enlaces-ptp-y-ptmp","11":"first","12":"instock","13":"sale","14":"shipping-taxable","15":"purchasable","16":"product-type-simple"},"_links":{"self":[{"href":"https:\/\/soydeaqui.ddns.net\/pachuca\/index.php\/wp-json\/wp\/v2\/product\/85917","targetHints":{"allow":["GET"]}}],"collection":[{"href":"https:\/\/soydeaqui.ddns.net\/pachuca\/index.php\/wp-json\/wp\/v2\/product"}],"about":[{"href":"https:\/\/soydeaqui.ddns.net\/pachuca\/index.php\/wp-json\/wp\/v2\/types\/product"}],"replies":[{"embeddable":true,"href":"https:\/\/soydeaqui.ddns.net\/pachuca\/index.php\/wp-json\/wp\/v2\/comments?post=85917"}],"wp:featuredmedia":[{"embeddable":true,"href":"https:\/\/soydeaqui.ddns.net\/pachuca\/index.php\/wp-json\/wp\/v2\/media\/85916"}],"wp:attachment":[{"href":"https:\/\/soydeaqui.ddns.net\/pachuca\/index.php\/wp-json\/wp\/v2\/media?parent=85917"}],"wp:term":[{"taxonomy":"product_brand","embeddable":true,"href":"https:\/\/soydeaqui.ddns.net\/pachuca\/index.php\/wp-json\/wp\/v2\/product_brand?post=85917"},{"taxonomy":"product_cat","embeddable":true,"href":"https:\/\/soydeaqui.ddns.net\/pachuca\/index.php\/wp-json\/wp\/v2\/product_cat?post=85917"},{"taxonomy":"product_tag","embeddable":true,"href":"https:\/\/soydeaqui.ddns.net\/pachuca\/index.php\/wp-json\/wp\/v2\/product_tag?post=85917"}],"curies":[{"name":"wp","href":"https:\/\/api.w.org\/{rel}","templated":true}]}}