{"id":85880,"date":"2026-03-19T21:57:33","date_gmt":"2026-03-19T21:57:33","guid":{"rendered":"https:\/\/soydeaqui.ddns.net\/pachuca\/index.php\/producto\/doble-antena-direccional-de-alto-rendimiento-diametro-de-39-6-cm-4-9-7-2-ghz-ganancia-27-dbi-slant-de-45-y-90-conector-n-hembra-montaje-jumpers-y-radomo-incluidos\/"},"modified":"2026-03-19T21:57:35","modified_gmt":"2026-03-19T21:57:35","slug":"doble-antena-direccional-de-alto-rendimiento-diametro-de-39-6-cm-4-9-7-2-ghz-ganancia-27-dbi-slant-de-45-y-90-conector-n-hembra-montaje-jumpers-y-radomo-incluidos","status":"publish","type":"product","link":"https:\/\/soydeaqui.ddns.net\/pachuca\/index.php\/producto\/doble-antena-direccional-de-alto-rendimiento-diametro-de-39-6-cm-4-9-7-2-ghz-ganancia-27-dbi-slant-de-45-y-90-conector-n-hembra-montaje-jumpers-y-radomo-incluidos\/","title":{"rendered":"Doble Antena Direccional de alto rendimiento \/ di\u00e1metro  de 39.6 cm \/ 4.9-7.2 GHz \/ Ganancia 27 dBi \/ SLANT de 45 \u00b0 y 90 \u00b0  \/ Conector N-Hembra \/ Montaje, jumpers y radomo incluidos."},"content":{"rendered":"<div style='width: 100%; max-width: 1200px; margin: 0 auto; font-family: sans-serif; line-height: 1.6; color: inherit; background-color: transparent;'> <!-- Imagen principal --> <\/p>\n<div style='margin-bottom: 30px;'> <img style='width: 100%; height: auto; border: 1px solid rgba(150&comma;150&comma;150&comma;0.3); border-radius: 8px;' src='https:\/\/ftp3.syscom.mx\/usuarios\/fotos\/NP1GEN2\/194983-np1gen2.jpeg' alt='NP1'> <\/p>\n<p style='text-align: center; font-style: italic; margin-top: 10px; font-size: 14px; color: inherit; opacity: 0.8;'>Certificado de calibraci\u00f3n por parte de CENAM (Centro Nacional De Metrolog\u00eda).<\/p>\n<\/p><\/div>\n<p> <!-- Descripci\u00f3n general --> <\/p>\n<div style='margin-bottom: 30px;'>\n<p style='text-align: justify; font-size: 15px; color: inherit;'>La antena parab\u00f3lica de alto rendimiento NPPRO-UW twist-on de NetPoint est\u00e1 dise\u00f1ada para trabajar con muy alto rendimiento en bandas sin licencia con excelente ganancia. El modelo NPPRO UW tiene compatibilidad twist-on de polarizaci\u00f3n dual con B5x y C5X&comma; as\u00ed como un excepcional rendimiento VSRW en la banda de operaci\u00f3n de 4.9 a 7.2 Ghz. La antena viene premontada y lista para instalar&comma; as\u00ed como un radomo integrado para un alto rendimiento y un funcionamiento fiable en las condiciones m\u00e1s exigentes. Esta antena parab\u00f3lica de 1pie puede utilizarse para aplicaciones PTP backhaul&comma; CPE y de seguridad p\u00fablica.<\/p>\n<\/p><\/div>\n<p> <!-- Secci\u00f3n de especificaciones el\u00e9ctricas --> <\/p>\n<div style='display: flex; flex-wrap: wrap; gap: 20px; margin-bottom: 30px;'>\n<div style='flex: 1 1 300px; min-width: 280px;'>\n<h3 style='font-size: 22px; border-bottom: 2px solid currentColor; padding-bottom: 5px; margin-top: 0; color: inherit; opacity: 0.8;'>Especificaciones El\u00e9ctricas<\/h3>\n<ul style='padding-left: 20px; font-size: 15px; color: inherit;'>\n<li style='margin-bottom: 5px;'><strong>Rango de Frecuencia:<\/strong> 4.9 &#8211; 7.2 GHz<\/li>\n<li style='margin-bottom: 5px;'><strong>Tipo de Antena:<\/strong> Parab\u00f3lica<\/li>\n<li style='margin-bottom: 5px;'><strong>Tipo de Conector:<\/strong> N &#8211; Hembra \/ Twist port<\/li>\n<li style='margin-bottom: 5px;'><strong>Ganancia:<\/strong> 27 dBi<\/li>\n<li style='margin-bottom: 5px;'><strong>VSWR:<\/strong> <1.6<\/li>\n<li style='margin-bottom: 5px;'><strong>HPOL ancho de haz:<\/strong> 7.0\u00b0<\/li>\n<li style='margin-bottom: 5px;'><strong>VPOL ancho de haz:<\/strong> 7.2\u00b0<\/li>\n<li style='margin-bottom: 5px;'><strong>F\/B Radio:<\/strong> 40 dB<\/li>\n<li style='margin-bottom: 5px;'><strong>Polarizaci\u00f3n:<\/strong> Dual<\/li>\n<\/ul><\/div>\n<p> <!-- Subsecci\u00f3n de ganancia --> <\/p>\n<div style='flex: 1 1 300px; min-width: 280px;'>\n<h3 style='font-size: 22px; border-bottom: 2px solid currentColor; padding-bottom: 5px; margin-top: 0; color: inherit; opacity: 0.8;'>Ganancia por rango<\/h3>\n<ul style='padding-left: 20px; font-size: 15px; color: inherit;'>\n<li style='margin-bottom: 5px;'><strong>Baja:<\/strong> 25<\/li>\n<li style='margin-bottom: 5px;'><strong>Media:<\/strong> 26<\/li>\n<li style='margin-bottom: 5px;'><strong>Alta:<\/strong> 27<\/li>\n<\/ul><\/div>\n<p> <!-- Subsecci\u00f3n de compatibilidad --> <\/p>\n<div style='flex: 1 1 300px; min-width: 280px;'>\n<h3 style='font-size: 22px; border-bottom: 2px solid currentColor; padding-bottom: 5px; margin-top: 0; color: inherit; opacity: 0.8;'>Compatibilidad<\/h3>\n<p style='font-size: 15px; color: inherit; margin: 10px 0;'>Los jumpers incluidos son compatibles con:<\/p>\n<ul style='padding-left: 20px; font-size: 14px; color: inherit;'>\n<li style='margin-bottom: 5px;'>C5c<\/li>\n<li style='margin-bottom: 5px;'>AF5XHAD<\/li>\n<li style='margin-bottom: 5px;'>R5ACLITE<\/li>\n<li style='margin-bottom: 5px;'>RP5ACGEN2<\/li>\n<li style='margin-bottom: 5px;'>LTUROCKET<\/li>\n<li style='margin-bottom: 5px;'>RP5ACGEN2<\/li>\n<li style='margin-bottom: 5px;'>EPMP-3K<\/li>\n<li style='margin-bottom: 5px;'>FORCE300-CSM<\/li>\n<li style='margin-bottom: 5px;'>C050940C121A<\/li>\n<li style='margin-bottom: 5px;'>C050910C161A<\/li>\n<li style='margin-bottom: 5px;'>EPMP-3KL<\/li>\n<li style='margin-bottom: 5px;'>FORCE4600<\/li>\n<\/ul><\/div>\n<\/p><\/div>\n<p> <!-- Secci\u00f3n de especificaciones mec\u00e1nicas --> <\/p>\n<div style='display: flex; flex-wrap: wrap; gap: 20px; margin-bottom: 30px;'>\n<div style='flex: 1 1 300px; min-width: 280px;'>\n<h3 style='font-size: 22px; border-bottom: 2px solid currentColor; padding-bottom: 5px; margin-top: 0; color: inherit; opacity: 0.8;'>Especificaciones Mec\u00e1nicas<\/h3>\n<ul style='padding-left: 20px; font-size: 15px; color: inherit;'>\n<li style='margin-bottom: 5px;'><strong>Velocidad de resistencia al viento:<\/strong> 124.27 Millas con Radomo \/ 199 km con Radomo<\/li>\n<li style='margin-bottom: 5px;'><strong>Ajuste en Azimut:<\/strong> +\/- 60 grados<\/li>\n<li style='margin-bottom: 5px;'><strong>Ajuste de Elevaci\u00f3n:<\/strong> +\/- 15 grados<\/li>\n<li style='margin-bottom: 5px;'><strong>Di\u00e1metro del m\u00e1stil sugerido:<\/strong> 25.4 mm&comma; 69.86 mm<\/li>\n<li style='margin-bottom: 5px;'><strong>Temperatura de Operaci\u00f3n:<\/strong> -49 to +140 F\u00b0 | -45 to +60 C\u00b0<\/li>\n<li style='margin-bottom: 5px;'><strong>Peso Bruto:<\/strong> 8 kg<\/li>\n<li style='margin-bottom: 5px;'><strong>Peso Neto:<\/strong> 6 kg<\/li>\n<\/ul><\/div>\n<\/p><\/div>\n<p> <!-- Nota de instalaci\u00f3n --> <\/p>\n<div style='margin-bottom: 30px;'>\n<div style='background-color: rgba(255&comma; 255&comma; 255&comma; 0.05); border-left: 4px solid rgba(255&comma; 255&comma; 255&comma; 0.3); padding: 15px; border-radius: 4px;'>\n<p style='margin: 0; font-weight: bold; font-size: 15px; color: inherit;'>Nota: para una correcta instalaci\u00f3n siempre utilizar cinta vulcanizada<\/p>\n<\/p><\/div>\n<\/p><\/div>\n<p> <!-- Galer\u00eda de im\u00e1genes --> <\/p>\n<div style='display: flex; flex-wrap: wrap; gap: 20px; margin-bottom: 30px;'>\n<div style='flex: 1 1 45%; min-width: 300px;'> <img style='width: 100%; height: auto; border: 1px solid rgba(150&comma;150&comma;150&comma;0.3); border-radius: 8px;' src='https:\/\/ftp3.syscom.mx\/usuarios\/fotos\/NP1GEN2\/194983-captura_de_pantalla_2022-12-21_a_la(s)_15.04.31.png' alt=''> <\/div>\n<div style='flex: 1 1 45%; min-width: 300px;'> <img style='width: 100%; height: auto; border: 1px solid rgba(150&comma;150&comma;150&comma;0.3); border-radius: 8px;' src='https:\/\/ftp3.syscom.mx\/usuarios\/fotos\/NP1GEN2\/194983-captura_de_pantalla_2022-12-21_a_la(s)_15.04.42.png' alt=''> <\/div>\n<div style='flex: 1 1 45%; min-width: 300px;'> <img style='width: 100%; height: auto; border: 1px solid rgba(150&comma;150&comma;150&comma;0.3); border-radius: 8px;' src='https:\/\/ftp3.syscom.mx\/usuarios\/fotos\/NP1GEN2\/194983-captura_de_pantalla_2022-12-21_a_la(s)_15.05.23.png' alt=''> <\/div>\n<div style='flex: 1 1 45%; min-width: 300px;'> <img style='width: 100%; height: auto; border: 1px solid rgba(150&comma;150&comma;150&comma;0.3); border-radius: 8px;' src='https:\/\/ftp3.syscom.mx\/usuarios\/fotos\/NP1GEN2\/194983-captura_de_pantalla_2022-12-21_a_la(s)_15.05.34.png' alt=''> <\/div>\n<div style='flex: 1 1 45%; min-width: 300px;'> <img style='width: 100%; height: auto; border: 1px solid rgba(150&comma;150&comma;150&comma;0.3); border-radius: 8px;' src='https:\/\/ftp3.syscom.mx\/usuarios\/fotos\/NP1GEN2\/194983-captura_de_pantalla_2022-12-21_a_la(s)_15.05.46.png' alt=''> <\/div>\n<\/p><\/div>\n<p> <!-- Separador final --> <\/p>\n<hr style='border: 0; border-top: 1px solid rgba(150&comma; 150&comma; 150&comma; 0.3); margin: 30px 0;'> <\/div>\n","protected":false},"excerpt":{"rendered":"<p>Doble Antena Direccional de alto rendimiento \/ di\u00e1metro  de 39.6 cm \/ 4.9-7.2 GHz \/ Ganancia 27 dBi \/ SLANT de 45 \u00b0 y 90 \u00b0  \/ Conector N-Hembra \/ Montaje, jumpers y radomo incluidos.<\/p>\n","protected":false},"featured_media":85879,"comment_status":"open","ping_status":"closed","template":"","meta":[],"product_brand":[],"product_cat":[1918],"product_tag":[1404,1919,1729],"class_list":{"0":"post-85880","1":"product","2":"type-product","3":"status-publish","4":"has-post-thumbnail","6":"product_cat-direccionales","7":"product_tag-antenas","8":"product_tag-direccionales","9":"product_tag-netpoint","11":"first","12":"outofstock","13":"sale","14":"shipping-taxable","15":"purchasable","16":"product-type-simple"},"_links":{"self":[{"href":"https:\/\/soydeaqui.ddns.net\/pachuca\/index.php\/wp-json\/wp\/v2\/product\/85880","targetHints":{"allow":["GET"]}}],"collection":[{"href":"https:\/\/soydeaqui.ddns.net\/pachuca\/index.php\/wp-json\/wp\/v2\/product"}],"about":[{"href":"https:\/\/soydeaqui.ddns.net\/pachuca\/index.php\/wp-json\/wp\/v2\/types\/product"}],"replies":[{"embeddable":true,"href":"https:\/\/soydeaqui.ddns.net\/pachuca\/index.php\/wp-json\/wp\/v2\/comments?post=85880"}],"wp:featuredmedia":[{"embeddable":true,"href":"https:\/\/soydeaqui.ddns.net\/pachuca\/index.php\/wp-json\/wp\/v2\/media\/85879"}],"wp:attachment":[{"href":"https:\/\/soydeaqui.ddns.net\/pachuca\/index.php\/wp-json\/wp\/v2\/media?parent=85880"}],"wp:term":[{"taxonomy":"product_brand","embeddable":true,"href":"https:\/\/soydeaqui.ddns.net\/pachuca\/index.php\/wp-json\/wp\/v2\/product_brand?post=85880"},{"taxonomy":"product_cat","embeddable":true,"href":"https:\/\/soydeaqui.ddns.net\/pachuca\/index.php\/wp-json\/wp\/v2\/product_cat?post=85880"},{"taxonomy":"product_tag","embeddable":true,"href":"https:\/\/soydeaqui.ddns.net\/pachuca\/index.php\/wp-json\/wp\/v2\/product_tag?post=85880"}],"curies":[{"name":"wp","href":"https:\/\/api.w.org\/{rel}","templated":true}]}}