{"id":85786,"date":"2026-03-19T21:53:10","date_gmt":"2026-03-19T21:53:10","guid":{"rendered":"https:\/\/soydeaqui.ddns.net\/pachuca\/index.php\/producto\/firewall-huawei-ekit-ideal-para-pequenas-empresas-multi-wan-hasta-250-dispositivos-licencias-se-venden-por-separado\/"},"modified":"2026-03-19T21:53:17","modified_gmt":"2026-03-19T21:53:17","slug":"firewall-huawei-ekit-ideal-para-pequenas-empresas-multi-wan-hasta-250-dispositivos-licencias-se-venden-por-separado","status":"publish","type":"product","link":"https:\/\/soydeaqui.ddns.net\/pachuca\/index.php\/producto\/firewall-huawei-ekit-ideal-para-pequenas-empresas-multi-wan-hasta-250-dispositivos-licencias-se-venden-por-separado\/","title":{"rendered":"FIREWALL HUAWEI eKit Ideal para Peque\u00f1as Empresas\/ Multi-Wan\/ Hasta 250 Dispositivos\/ Licencias se venden por separado"},"content":{"rendered":"<div style='width: 100%; max-width: 1200px; margin: 0 auto; font-family: sans-serif; line-height: 1.6; color: inherit; background-color: transparent;'> <!-- Hero Section --> <\/p>\n<div style='display: flex; flex-wrap: wrap; gap: 30px; align-items: center; margin-bottom: 30px; border: 1px solid rgba(150&comma;150&comma;150&comma;0.3); border-radius: 12px; padding: 20px;'> <!-- Imagen --> <\/p>\n<div style='flex: 1 1 320px; min-width: 280px;'> <img style='width: 100%; height: auto; border: 1px solid rgba(150&comma;150&comma;150&comma;0.3); border-radius: 8px;' src='http:\/\/ftp3.syscom.mx\/usuarios\/ftp\/2025\/11\/27\/2676\/Captura_de_pantalla_20251127_a_la_s__3.58.48p.m..png_froala_6928c9da353fc' alt='Switch Industrial eKit S210I-8T4SX'> <\/div>\n<p> <!-- Descripci\u00f3n --> <\/p>\n<div style='flex: 1 1 360px; min-width: 280px;'>\n<h1 style='font-size: 28px; margin-top: 0; margin-bottom: 15px; color: inherit; font-weight: 500; border-bottom: 2px solid currentColor; padding-bottom: 8px;'>Huawei eKitEngine USG6000F-S125<\/h1>\n<p style='margin-bottom: 15px; color: inherit;'>El firewall inteligente con IA dise\u00f1ado para peque\u00f1as empresas y sucursales<\/p>\n<div style='margin-bottom: 15px; color: inherit; font-weight: 600;'>Modelo: USG6000F-S125<\/div>\n<p style='color: inherit; text-align: justify;'>El Huawei eKitEngine USG6000F-S125 es un firewall de nueva generaci\u00f3n con defensa inteligente y operaci\u00f3n simplificada. Gracias a sus motores dedicados de seguridad y su integraci\u00f3n con inteligencia artificial&comma; protege tu red contra amenazas conocidas y desconocidas&comma; optimizando el rendimiento con baja latencia.<\/p>\n<\/p><\/div>\n<\/p><\/div>\n<p> <!-- Caracter\u00edsticas principales --> <\/p>\n<div style='display: flex; flex-wrap: wrap; gap: 20px; margin-bottom: 30px;'>\n<div style='flex: 1 1 250px; border: 1px solid rgba(150&comma;150&comma;150&comma;0.3); border-radius: 8px; overflow: hidden; display: flex; flex-direction: column;'>\n<div style='padding: 15px; border-bottom: 1px solid rgba(150&comma;150&comma;150&comma;0.2); font-weight: bold; font-size: 18px; color: inherit;'>Caracter\u00edsticas principales<\/div>\n<div style='padding: 15px; color: inherit;'>\n<ul style='padding-left: 20px; margin: 0; font-size: 14px; list-style-type: disc;'>\n<li style='margin-bottom: 5px;'>(10) Puertos Ethernet 10\/100\/1000 Mbps<\/li>\n<li style='margin-bottom: 5px;'>(2) Puertos SFP+ \/10Gbps<\/li>\n<li style='margin-bottom: 5px;'>(1) Puerto de consola<\/li>\n<li style='margin-bottom: 5px;'><strong>N\u00famero de suscriptores \/clientes<\/strong>: 250 &#8211; 300 \/ Depende el tipo de tr\u00e1fico y la protecci\u00f3n\/restricci\u00f3n que le dar\u00e1 a la red.<\/li>\n<li style='margin-bottom: 5px;'><strong>Rendimiento del firewall IPv4 (1518\/512\/64 bytes&comma; UDP)<\/strong>: 8\/8\/3&comma;6 Gbit\/s<\/li>\n<li style='margin-bottom: 5px;'><strong>Rendimiento de FW + SA + IPS + Antivirus Rendimiento (rendimiento real)<\/strong>: 1 Gbit\/s<\/li>\n<li style='margin-bottom: 5px;'><strong>Rendimiento de VPN SSL<\/strong>: 300 Mbit\/s<\/li>\n<li style='margin-bottom: 5px;'><strong>N\u00famero de usuarios VPN SSL simult\u00e1neos (predeterminado\/m\u00e1ximo)<\/strong>: 100\/1000 (se puede ampliar con licencia)<\/li>\n<li><strong>Administraci\u00f3n<\/strong>: Web (GUI)&comma; SSH&comma; Telnet Serial (consola) y Nube (Este necesita licenciamiento)<\/li>\n<\/ul><\/div>\n<\/p><\/div>\n<p> <!-- Caracter\u00edsticas f\u00edsicas y el\u00e9ctricas --> <\/p>\n<div style='flex: 1 1 250px; border: 1px solid rgba(150&comma;150&comma;150&comma;0.3); border-radius: 8px; overflow: hidden; display: flex; flex-direction: column;'>\n<div style='padding: 15px; border-bottom: 1px solid rgba(150&comma;150&comma;150&comma;0.2); font-weight: bold; font-size: 18px; color: inherit;'>Caracter\u00edsticas f\u00edsicas y el\u00e9ctricas<\/div>\n<div style='padding: 15px; color: inherit;'>\n<ul style='padding-left: 20px; margin: 0; font-size: 14px; list-style-type: disc;'>\n<li style='margin-bottom: 5px;'><strong>Alimentaci\u00f3n<\/strong>: 110V- 240V 50\/60 GHz<\/li>\n<li style='margin-bottom: 5px;'><strong>Dimensiones<\/strong>: 43.6 x 442 x 220 mm<\/li>\n<li style='margin-bottom: 5px;'><strong>Peso<\/strong>: 2.32kg<\/li>\n<li style='margin-bottom: 5px;'><strong>Consumo m\u00e1ximo<\/strong>: 27.4<\/li>\n<li style='margin-bottom: 5px;'><strong>Temperatura de operaci\u00f3n<\/strong>: 0\u00b0C a +45\u00b0C<\/li>\n<li style='margin-bottom: 5px;'><strong>Humedad de operaci\u00f3n<\/strong>: 5% a 95% (No condensado)<\/li>\n<li style='margin-bottom: 5px;'><strong>Tipo de Instalaci\u00f3n<\/strong>: Montable en Rack (1U)<\/li>\n<\/ul>\n<div style='margin-top: 15px; font-weight: bold; color: inherit; margin-bottom: 10px;'>Contenido del paquete:<\/div>\n<ul style='padding-left: 20px; margin: 0; font-size: 14px; list-style-type: disc;'>\n<li style='margin-bottom: 5px;'>(1) Firewall<\/li>\n<li style='margin-bottom: 5px;'>(1) Cable de alimentaci\u00f3n<\/li>\n<\/ul><\/div>\n<\/p><\/div>\n<p> <!-- Licenciamiento --> <\/p>\n<div style='flex: 1 1 250px; border: 1px solid rgba(150&comma;150&comma;150&comma;0.3); border-radius: 8px; overflow: hidden; display: flex; flex-direction: column;'>\n<div style='padding: 15px; border-bottom: 1px solid rgba(150&comma;150&comma;150&comma;0.2); font-weight: bold; font-size: 18px; color: inherit;'>Licenciamiento<\/div>\n<div style='padding: 15px; color: inherit;'>\n<ul style='padding-left: 20px; margin: 0; font-size: 14px; list-style-type: disc;'>\n<li style='margin-bottom: 15px;'> <strong>Advanced Threat Protection:<\/strong> Este contiene el Sistema de Prevenci\u00f3n de Intrusi\u00f3n (IPS)&comma; Antivirus (AV) y Bloqueo de aplicaci\u00f3n y web.\n<p>1 a\u00f1o: <a href='https:\/\/www.syscom.mx\/products\/246272' target='_blank' rel='noopener noreferrer' style='color: inherit; text-decoration: underline;'>LIC-USG6000F-S125-ATP-1Y-OVS<\/a> <br \/>3 a\u00f1os: <a href='https:\/\/www.syscom.mx\/products\/246686' target='_blank' rel='noopener noreferrer' style='color: inherit; text-decoration: underline;'>LIC-USG6KF-S125-ATP-3Y-OVS<\/a> <\/li>\n<li style='margin-bottom: 15px;'> <strong>Nube + SD-WAN:<\/strong> Licencia 2 en 1 la licencia para montar el equipo en la nube + la opci\u00f3n de poder establecer una SD-WAN <\/li>\n<li> <strong>Protecci\u00f3n de Borde y de Respuesta:<\/strong> <\/li>\n<\/ul><\/div>\n<\/p><\/div>\n<\/p><\/div>\n<p> <!-- Secci\u00f3n con im\u00e1genes y videos --> <\/p>\n<div style='display: flex; flex-wrap: wrap; gap: 30px; margin-bottom: 30px;'> <!-- Hero + Video (Texto derecha \/ Video izquierda) --> <\/p>\n<div style='display: flex; flex-wrap: wrap; gap: 30px; align-items: center; width: 100%;'> <!-- Video --> <\/p>\n<div style='flex: 1 1 320px; min-width: 280px;'> <img style='width: 100%; height: auto; border: 1px solid rgba(150&comma;150&comma;150&comma;0.3); border-radius: 8px;' src='http:\/\/ftp3.syscom.mx\/usuarios\/ftp\/2025\/11\/27\/2676\/cloudwanwap.jpg_froala_6928cd990a08a' alt=''> <\/div>\n<p> <!-- Descripci\u00f3n --> <\/p>\n<div style='flex: 1 1 360px; min-width: 280px;'>\n<h2 style='font-size: 22px; margin: 0 0 15px; color: inherit;'><strong>Secure SD-WAN<\/strong><\/h2>\n<p style='color: inherit; text-align: justify;'>Soporta aprovisionamiento de cero contacto (ZTP) mediante correo electr\u00f3nico para completar el aprovisionamiento de dispositivos en minutos sin habilidades t\u00e9cnicas avanzadas. Soporta correcci\u00f3n de errores hacia adelante (FEC) para evitar pantalla pixelada y congelamiento de video hasta en 30% de p\u00e9rdida de paquetes; soporta cambio de enlace en tiempo real para garantizar una buena experiencia del usuario. Soporta m\u00faltiples enlaces y redes flexibles dual-CPE para asegurar la continuidad del servicio; soporta cifrado IPsec de extremo a extremo para garantizar la transmisi\u00f3n segura de los servicios. Roaming continuo con cero p\u00e9rdida de paquetes<\/p>\n<\/p><\/div>\n<\/p><\/div>\n<p> <!-- Hero + Imagen (Texto derecha \/ Imagen izquierda) --> <\/p>\n<div style='display: flex; flex-wrap: wrap; gap: 30px; align-items: center; width: 100%; flex-direction: row-reverse;'> <!-- Imagen --> <\/p>\n<div style='flex: 1 1 320px; min-width: 280px;'> <img style='width: 100%; height: auto; border: 1px solid rgba(150&comma;150&comma;150&comma;0.3); border-radius: 8px;' src='http:\/\/ftp3.syscom.mx\/usuarios\/ftp\/2025\/11\/27\/2676\/Captura_de_pantalla_20251127_a_la_s__4.11.32p.m..png_froala_6928cc9ebcd7b' alt='Switch Industrial eKit S210I-8T4SX'> <\/div>\n<p> <!-- Descripci\u00f3n --> <\/p>\n<div style='flex: 1 1 360px; min-width: 280px;'>\n<h2 style='font-size: 22px; margin: 0 0 15px; color: inherit;'><strong>Intelligent Defense<\/strong><\/h2>\n<p style='color: inherit; text-align: justify;'>eKitEngine USG6000F-S Series supports to detect and defend malware spreading and network attacks&comma; like Worm&comma; Virus&comma; Trojan-horse&comma; Spyware&comma; etc. malware spreading and botnet&comma; DoS\/DDoS&comma; SQL injection&comma; cross site attack&comma; ransomware&comma; etc.<\/p>\n<\/p><\/div>\n<\/p><\/div>\n<p> <!-- Hero + Imagen (Texto derecha \/ Imagen izquierda) --> <\/p>\n<div style='display: flex; flex-wrap: wrap; gap: 30px; align-items: center; width: 100%;'> <!-- Imagen --> <\/p>\n<div style='flex: 1 1 320px; min-width: 280px;'> <img style='width: 100%; height: auto; border: 1px solid rgba(150&comma;150&comma;150&comma;0.3); border-radius: 8px;' src='http:\/\/ftp3.syscom.mx\/usuarios\/ftp\/2025\/11\/27\/2676\/Antivirus.jpg_froala_6928d0e791591' alt='Switch Industrial eKit S210I-8T4SX'> <\/div>\n<p> <!-- Descripci\u00f3n --> <\/p>\n<div style='flex: 1 1 360px; min-width: 280px;'>\n<h2 style='font-size: 22px; margin: 0 0 15px; color: inherit;'><strong>Antivirus<\/strong><\/h2>\n<p style='color: inherit; text-align: justify;'>Detecta malware en archivos transmitidos a trav\u00e9s de protocolos como HTTP&comma; FTP&comma; SMTP&comma; POP3&comma; IMAP4&comma; NFS y SMB; detecta troyanos&comma; gusanos&comma; spyware&comma; exploits de vulnerabilidades&comma; adware&comma; herramientas de hackers&comma; rootkits&comma; puertas traseras&comma; grayware&comma; programas de botnets&comma; ransomware&comma; software de phishing&comma; software de cryptojacking y programas web shell; admite la detecci\u00f3n de virus para archivos de Office&comma; archivos ejecutables (Windows\/Linux\/MacOS)&comma; archivos de script&comma; archivos Flash&comma; archivos PDF&comma; archivos RTF&comma; p\u00e1ginas web e im\u00e1genes; admite la recopilaci\u00f3n de datos forenses de ataques; admite la inspecci\u00f3n de archivos comprimidos de hasta 100 niveles de compresi\u00f3n anidados en m\u00faltiples formatos de compresi\u00f3n&comma; como tar&comma; gzip&comma; zip&comma; rar y 7z.<\/p>\n<\/p><\/div>\n<\/p><\/div>\n<p> <!-- Hero + Imagen (Texto derecha \/ Imagen izquierda) --> <\/p>\n<div style='display: flex; flex-wrap: wrap; gap: 30px; align-items: center; width: 100%; flex-direction: row-reverse;'> <!-- Imagen --> <\/p>\n<div style='flex: 1 1 320px; min-width: 280px;'> <img style='width: 100%; height: auto; border: 1px solid rgba(150&comma;150&comma;150&comma;0.3); border-radius: 8px;' src='http:\/\/ftp3.syscom.mx\/usuarios\/ftp\/2025\/11\/27\/2676\/Captura_de_pantalla_20251127_a_la_s__4.39.38p.m..png_froala_6928d33949a76' alt='Switch Industrial eKit S210I-8T4SX'> <\/div>\n<p> <!-- Descripci\u00f3n --> <\/p>\n<div style='flex: 1 1 360px; min-width: 280px;'>\n<h2 style='font-size: 22px; margin: 0 0 15px; color: inherit;'><strong>Web Security<\/strong><\/h2>\n<p style='color: inherit; text-align: justify;'>La base de datos de categor\u00edas de URL en la nube contiene 560 millones de URL en m\u00e1s de 130 categor\u00edas&comma; como noticias&comma; juegos&comma; apuestas&comma; drogas y p\u00e1ginas web maliciosas. Las URL abarcan m\u00e1s de 100 idiomas&comma; y las categor\u00edas clave abarcan m\u00e1s de 20. Los servidores de consulta de categor\u00edas de URL est\u00e1n implementados en varios pa\u00edses y regiones para ofrecer servicios de consulta de categor\u00edas de alta velocidad y baja latencia. Se admiten listas blancas y negras de URL\/host definidas por el usuario. El tr\u00e1fico HTTPS se puede filtrar sin descifrado.<\/p>\n<\/p><\/div>\n<\/p><\/div>\n<\/p><\/div>\n<p> <!-- Separador --> <\/p>\n<hr style='border: 0; border-top: 1px solid rgba(150&comma;150&comma;150&comma;0.3); margin: 30px 0;'> <\/div>\n","protected":false},"excerpt":{"rendered":"<p>FIREWALL HUAWEI eKit Ideal para Peque\u00f1as Empresas\/ Multi-Wan\/ Hasta 250 Dispositivos\/ Licencias se venden por separado<\/p>\n","protected":false},"featured_media":85785,"comment_status":"open","ping_status":"closed","template":"","meta":[],"product_brand":[],"product_cat":[2036,2035,2034],"product_tag":[2039,2038,718,664,2037],"class_list":{"0":"post-85786","1":"product","2":"type-product","3":"status-publish","4":"has-post-thumbnail","6":"product_cat-balanceadores","7":"product_cat-firewalls","8":"product_cat-routers","9":"product_tag-balanceadores","10":"product_tag-firewalls","11":"product_tag-huawei","12":"product_tag-networking","13":"product_tag-routers","15":"first","16":"instock","17":"sale","18":"shipping-taxable","19":"purchasable","20":"product-type-simple"},"_links":{"self":[{"href":"https:\/\/soydeaqui.ddns.net\/pachuca\/index.php\/wp-json\/wp\/v2\/product\/85786","targetHints":{"allow":["GET"]}}],"collection":[{"href":"https:\/\/soydeaqui.ddns.net\/pachuca\/index.php\/wp-json\/wp\/v2\/product"}],"about":[{"href":"https:\/\/soydeaqui.ddns.net\/pachuca\/index.php\/wp-json\/wp\/v2\/types\/product"}],"replies":[{"embeddable":true,"href":"https:\/\/soydeaqui.ddns.net\/pachuca\/index.php\/wp-json\/wp\/v2\/comments?post=85786"}],"wp:featuredmedia":[{"embeddable":true,"href":"https:\/\/soydeaqui.ddns.net\/pachuca\/index.php\/wp-json\/wp\/v2\/media\/85785"}],"wp:attachment":[{"href":"https:\/\/soydeaqui.ddns.net\/pachuca\/index.php\/wp-json\/wp\/v2\/media?parent=85786"}],"wp:term":[{"taxonomy":"product_brand","embeddable":true,"href":"https:\/\/soydeaqui.ddns.net\/pachuca\/index.php\/wp-json\/wp\/v2\/product_brand?post=85786"},{"taxonomy":"product_cat","embeddable":true,"href":"https:\/\/soydeaqui.ddns.net\/pachuca\/index.php\/wp-json\/wp\/v2\/product_cat?post=85786"},{"taxonomy":"product_tag","embeddable":true,"href":"https:\/\/soydeaqui.ddns.net\/pachuca\/index.php\/wp-json\/wp\/v2\/product_tag?post=85786"}],"curies":[{"name":"wp","href":"https:\/\/api.w.org\/{rel}","templated":true}]}}