{"id":85780,"date":"2026-03-19T21:52:55","date_gmt":"2026-03-19T21:52:55","guid":{"rendered":"https:\/\/soydeaqui.ddns.net\/pachuca\/index.php\/producto\/switch-industrial-ekit-8-puertos-gigabit-2-sfp-2-sfp-montaje-en-riel-din-fuente-redundante-11-9-6-a-50-vcd-libre-de-licenciamiento-gestion-gratuita-desde-la-nube\/"},"modified":"2026-03-19T21:53:07","modified_gmt":"2026-03-19T21:53:07","slug":"switch-industrial-ekit-8-puertos-gigabit-2-sfp-2-sfp-montaje-en-riel-din-fuente-redundante-11-9-6-a-50-vcd-libre-de-licenciamiento-gestion-gratuita-desde-la-nube","status":"publish","type":"product","link":"https:\/\/soydeaqui.ddns.net\/pachuca\/index.php\/producto\/switch-industrial-ekit-8-puertos-gigabit-2-sfp-2-sfp-montaje-en-riel-din-fuente-redundante-11-9-6-a-50-vcd-libre-de-licenciamiento-gestion-gratuita-desde-la-nube\/","title":{"rendered":"Switch Industrial eKit \/ 8 Puertos Gigabit + 2 SFP + 2 SFP+ \/ Montaje en Riel DIN \/ Fuente Redundante 1+1 : 9.6 a 50 VCD \/ Libre de licenciamiento \/ Gesti\u00f3n gratuita desde la Nube"},"content":{"rendered":"<div style='width: 100%; max-width: 1200px; margin: 0 auto; font-family: sans-serif; line-height: 1.6; color: inherit; background-color: transparent;'> <!-- Video principal --> <\/p>\n<div style='position: relative; padding-bottom: 56.25%; height: 0; overflow: hidden; margin-bottom: 30px;'> <video style='position: absolute; top: 0; left: 0; width: 100%; height: 100%; border: 1px solid rgba(150&comma;150&comma;150&comma;0.3); border-radius: 8px;' src='https:\/\/ftp3.syscom.mx\/usuarios\/axel\/Huawei\/eKit\/S210I-8T4SX\/HUAWEI%20eKitEngine%20S210I%20Series%20Switches%20Introduction%20Video%20%281%29.mp4' autoplay muted loop playsinline><\/video> <\/div>\n<p> <!-- Hero section --> <\/p>\n<div style='display: flex; flex-wrap: wrap; gap: 30px; align-items: center; margin-bottom: 30px;'>\n<div style='flex: 1 1 300px; min-width: 280px;'> <img style='width: 100%; height: auto; border: 1px solid rgba(150&comma;150&comma;150&comma;0.3); border-radius: 8px;' src='https:\/\/ftp3.syscom.mx\/usuarios\/axel\/Huawei\/eKit\/S210I-8T4SX\/Hero%20S210I.png' alt='Switch Industrial eKit S210I-8T4SX'> <\/div>\n<div style='flex: 1 1 300px; min-width: 280px;'>\n<h3 style='font-size: 22px; border-bottom: 2px solid currentColor; padding-bottom: 5px; margin-top: 0; color: inherit; opacity: 0.8;'>Switch Industrial S210I eKit<\/h3>\n<p style='color: inherit; font-size: 14px; margin-top: 10px; margin-bottom: 15px;'>Los switchs industriales de la serie eKitEngine S210I (S210I) son capa 2 que se controlan de forma independiente. Ofrecen puertos de acceso GE flexibles y puertos de enlace ascendente GE\/10GE. Pueden instalarse en un gabinete al exterior. El S210I admite la gesti\u00f3n local basada en web y en la nube o APP. Se puede utilizar ampliamente en entornos hostiles.<\/p>\n<\/p><\/div>\n<\/p><\/div>\n<p> <!-- Grid de especificaciones --> <\/p>\n<div style='display: flex; flex-wrap: wrap; gap: 20px; margin-bottom: 30px;'>\n<div style='flex: 1 1 250px; border: 1px solid rgba(150&comma; 150&comma; 150&comma; 0.4); border-radius: 8px; overflow: hidden; display: flex; flex-direction: column;'>\n<div style='padding: 15px; border-bottom: 1px solid rgba(150&comma; 150&comma; 150&comma; 0.2); font-weight: bold; font-size: 18px; color: inherit;'>Caracter\u00edsticas principales<\/div>\n<div style='padding: 15px; color: inherit;'>\n<ul style='padding-left: 20px; margin: 0; font-size: 14px; list-style-type: disc;'>\n<li style='margin-bottom: 5px;'>(8) Puertos RJ45 (10\/100\/1000 Mbps)<\/li>\n<li style='margin-bottom: 5px;'>(2) Puertos SFP (100 Mbps \/ 1 Gbps)<\/li>\n<li style='margin-bottom: 5px;'>(2) Puertos SFP+ (1\/10 Gbps)<\/li>\n<li style='margin-bottom: 5px;'>Montaje para riel DIN incluido<\/li>\n<li style='margin-bottom: 5px;'>(2) M\u00f3dulos de alimentaci\u00f3n CD&comma; pueden funcionar en redundancia 1+1<\/li>\n<li style='margin-bottom: 5px;'>(1) Puerto DI\/DO<\/li>\n<li style='margin-bottom: 5px;'>Dimensiones sin caja: 162.0 mm x 44.0 mm x 142.0 mm<\/li>\n<li style='margin-bottom: 5px;'>Dimensiones con caja: 113.0 mm x 235.0 mm x 188.0 mm<\/li>\n<li style='margin-bottom: 5px;'>Peso con caja: 0.975 kg<\/li>\n<li style='margin-bottom: 5px;'>Peso sin caja: 1.34 kg<\/li>\n<\/ul><\/div>\n<\/p><\/div>\n<div style='flex: 1 1 250px; border: 1px solid rgba(150&comma; 150&comma; 150&comma; 0.4); border-radius: 8px; overflow: hidden; display: flex; flex-direction: column;'>\n<div style='padding: 15px; border-bottom: 1px solid rgba(150&comma; 150&comma; 150&comma; 0.2); font-weight: bold; font-size: 18px; color: inherit;'>Caracter\u00edsticas f\u00edsicas y el\u00e9ctricas<\/div>\n<div style='padding: 15px; color: inherit;'>\n<ul style='padding-left: 20px; margin: 0; font-size: 14px; list-style-type: disc;'>\n<li style='margin-bottom: 5px;'>Material de la carcasa: Metal<\/li>\n<li style='margin-bottom: 5px;'>Alimentaci\u00f3n: (2) Entradas 9.6 a 60 VCD<\/li>\n<li style='margin-bottom: 5px;'>Consumo m\u00e1ximo: 16&comma;2 W a 60 V 13&comma;2 W a 12 V<\/li>\n<li style='margin-bottom: 5px;'>Temperatura de operaci\u00f3n: -40\u00ba a 75\u00ba<\/li>\n<li style='margin-bottom: 5px;'>Humedad de operaci\u00f3n: 5 a 95% sin condensaci\u00f3n<\/li>\n<li style='margin-bottom: 5px;'>Protecci\u00f3n contra sobretensiones del puerto de servicio [kV]: Modo com\u00fan: \u00b16 kV<\/li>\n<li style='margin-bottom: 5px;'>Protecci\u00f3n contra sobretensiones de la fuente de alimentaci\u00f3n [kV]: Alimentaci\u00f3n CC: \u00b12 kV en modo com\u00fan y \u00b11 kV en modo diferencial<\/li>\n<\/ul><\/div>\n<\/p><\/div>\n<div style='flex: 1 1 250px; border: 1px solid rgba(150&comma; 150&comma; 150&comma; 0.4); border-radius: 8px; overflow: hidden; display: flex; flex-direction: column;'>\n<div style='padding: 15px; border-bottom: 1px solid rgba(150&comma; 150&comma; 150&comma; 0.2); font-weight: bold; font-size: 18px; color: inherit;'>Rendimiento<\/div>\n<div style='padding: 15px; color: inherit;'>\n<ul style='padding-left: 20px; margin: 0; font-size: 14px; list-style-type: disc;'>\n<li style='margin-bottom: 5px;'>Capacidad de Switching: 60 Gbps<\/li>\n<li style='margin-bottom: 5px;'>Forwarding Rate: 44.6 Mpps<\/li>\n<li style='margin-bottom: 5px;'>VLANs Soportadas: 32<\/li>\n<li style='margin-bottom: 5px;'>Capa 2<\/li>\n<\/ul><\/div>\n<\/p><\/div>\n<div style='flex: 1 1 250px; border: 1px solid rgba(150&comma; 150&comma; 150&comma; 0.4); border-radius: 8px; overflow: hidden; display: flex; flex-direction: column;'>\n<div style='padding: 15px; border-bottom: 1px solid rgba(150&comma; 150&comma; 150&comma; 0.2); font-weight: bold; font-size: 18px; color: inherit;'>Caracter\u00edsticas avanzadas<\/div>\n<div style='padding: 15px; color: inherit;'>\n<ul style='padding-left: 20px; margin: 0; font-size: 14px; list-style-type: disc;'>\n<li style='margin-bottom: 5px;'>Link aggregation<\/li>\n<li style='margin-bottom: 5px;'>8K entradas de direcci\u00f3n MAC<\/li>\n<li style='margin-bottom: 5px;'>DHCP Cliente<\/li>\n<li style='margin-bottom: 5px;'>Gesti\u00f3n por Interfaz web&comma; APP o Nube SNC<\/li>\n<li style='margin-bottom: 5px;'>STP \/ RSTP<\/li>\n<li style='margin-bottom: 5px;'>Limite de velocidad por puerto<\/li>\n<li style='margin-bottom: 5px;'>Aislamiento de puertos<\/li>\n<\/ul><\/div>\n<\/p><\/div>\n<\/p><\/div>\n<p> <!-- Secci\u00f3n de caracter\u00edsticas --> <\/p>\n<div style='display: flex; flex-wrap: wrap; gap: 30px; margin-bottom: 30px;'>\n<div style='flex: 1 1 300px; min-width: 280px;'>\n<h3 style='font-size: 22px; border-bottom: 2px solid currentColor; padding-bottom: 5px; margin-top: 0; color: inherit; opacity: 0.8;'>Redes flexibles<\/h3>\n<p style='color: inherit; font-size: 14px; margin-top: 10px; margin-bottom: 15px;'>Los switches industriales eKit S210I te permiten mantener una conectividad estable y eficiente desde 10 Mbps hasta 10 Gbps&comma; adapt\u00e1ndose a las necesidades de cada entorno. Conexi\u00f3n mediante puertos RJ45 o fibra \u00f3ptica&comma; puedes elegir la soluci\u00f3n ideal para cada instalaci\u00f3n.<\/p>\n<\/p><\/div>\n<div style='flex: 1 1 300px; min-width: 280px;'> <img style='width: 100%; height: auto; border: 1px solid rgba(150&comma;150&comma;150&comma;0.3); border-radius: 8px;' src='https:\/\/ftp3.syscom.mx\/usuarios\/axel\/Huawei\/eKit\/S210I-8T4SX\/S210I-8T4SX%20ports.png' alt='Switch Industrial eKit S210I-8T4SX'> <\/div>\n<\/p><\/div>\n<p> <!-- Secci\u00f3n de alta confiabilidad --> <\/p>\n<div style='display: flex; flex-wrap: wrap; gap: 30px; margin-bottom: 30px;'>\n<div style='flex: 1 1 300px; min-width: 280px;'> <img style='width: 100%; height: auto; border: 1px solid rgba(150&comma;150&comma;150&comma;0.3); border-radius: 8px;' src='https:\/\/ftp3.syscom.mx\/usuarios\/axel\/Huawei\/eKit\/S210I-8T4SX\/S210I-8T4SX%20Power%20supply.png' alt='Switch Industrial eKit S210I-8T4SX'> <\/div>\n<div style='flex: 1 1 300px; min-width: 280px;'>\n<h3 style='font-size: 22px; border-bottom: 2px solid currentColor; padding-bottom: 5px; margin-top: 0; color: inherit; opacity: 0.8;'>Alta confiabilidad<\/h3>\n<p style='color: inherit; font-size: 14px; margin-top: 10px; margin-bottom: 15px;'>Equipados con doble entrada de fuente de alimentaci\u00f3n en VCD y respaldo en caliente 1+1&comma; estos dispositivos ofrecen una redundancia total que asegura que tu red contin\u00fae funcionando incluso ante fallas de energ\u00eda. Adem\u00e1s&comma; incluyen un puerto DI\/DO&comma; que permite integrar se\u00f1ales de control externas para activar alarmas&comma; luces o sistemas adicionales&comma; aumentando la versatilidad y control sobre tu infraestructura.<\/p>\n<\/p><\/div>\n<\/p><\/div>\n<p> <!-- Secci\u00f3n de protecci\u00f3n de bucles --> <\/p>\n<div style='display: flex; flex-wrap: wrap; gap: 30px; margin-bottom: 30px;'>\n<div style='flex: 1 1 300px; min-width: 280px;'> <img style='width: 100%; height: auto; border: 1px solid rgba(150&comma;150&comma;150&comma;0.3); border-radius: 8px;' src='https:\/\/ftp3.syscom.mx\/usuarios\/axel\/Huawei\/eKit\/S210I-8T4SX\/S210I-8T4SX%20STP%2CRSTP%2C%20ERPS.png' alt='Switch Industrial eKit S210I-8T4SX'> <\/div>\n<div style='flex: 1 1 300px; min-width: 280px;'>\n<h3 style='font-size: 22px; border-bottom: 2px solid currentColor; padding-bottom: 5px; margin-top: 0; color: inherit; opacity: 0.8;'>Protecci\u00f3n de bucles<\/h3>\n<p style='color: inherit; font-size: 14px; margin-top: 10px; margin-bottom: 15px;'>Mant\u00e9n tu red segura&comma; estable y libre de interrupciones con los switches industriales. Soporta protocolos STP&comma; RSTP y ERPS&comma; estas tecnolog\u00edas de protecci\u00f3n de bucle aseguran que los errores de topolog\u00eda o los bucles en la red no afecten el funcionamiento de tu infraestructura.<\/p>\n<\/p><\/div>\n<\/p><\/div>\n<p> <!-- Secci\u00f3n de protecci\u00f3n de alto nivel --> <\/p>\n<div style='display: flex; flex-wrap: wrap; gap: 30px; margin-bottom: 30px;'>\n<div style='flex: 1 1 300px; min-width: 280px;'>\n<h3 style='font-size: 22px; border-bottom: 2px solid currentColor; padding-bottom: 5px; margin-top: 0; color: inherit; opacity: 0.8;'>Protecci\u00f3n de alto nivel<\/h3>\n<p style='color: inherit; font-size: 14px; margin-top: 10px; margin-bottom: 15px;'>Protecci\u00f3n IP40&comma; estos equipos est\u00e1n dise\u00f1ados para resistir polvo y part\u00edculas&comma; asegurando un funcionamiento confiable incluso en condiciones adversas. Amplio rango de temperatura&comma; desde -40\u00baC hasta 75\u00baC&comma; permite su operaci\u00f3n en climas extremos y entornos hostiles. Adem\u00e1s&comma; cuentan con protecci\u00f3n contra sobretensiones de hasta 6 kV en el puerto de servicio. Con esta combinaci\u00f3n de robustez&comma; resistencia y seguridad avanzada&comma; los switches eKit S210I ofrecen tranquilidad y confiabilidad para mantener tu red siempre operativa.<\/p>\n<\/p><\/div>\n<div style='flex: 1 1 300px; min-width: 280px;'> <img style='width: 100%; height: auto; border: 1px solid rgba(150&comma;150&comma;150&comma;0.3); border-radius: 8px;' src='https:\/\/ftp3.syscom.mx\/usuarios\/axel\/Huawei\/eKit\/S210I-8T4SX\/S210I-8T4SX%20High%20Protection.png' alt='Switch Industrial eKit S210I-8T4SX'> <\/div>\n<\/p><\/div>\n<p> <!-- Secci\u00f3n de montaje en riel DIN --> <\/p>\n<div style='display: flex; flex-wrap: wrap; gap: 30px; margin-bottom: 30px;'>\n<div style='flex: 1 1 300px; min-width: 280px;'> <img style='width: 100%; height: auto; border: 1px solid rgba(150&comma;150&comma;150&comma;0.3); border-radius: 8px;' src='https:\/\/ftp3.syscom.mx\/usuarios\/axel\/Huawei\/eKit\/S210I-8T4SX\/S210I-8T4SX%20Riel%20DIN.png' alt='Switch Industrial eKit S210I-8T4SX'> <\/div>\n<div style='flex: 1 1 300px; min-width: 280px;'>\n<h3 style='font-size: 22px; border-bottom: 2px solid currentColor; padding-bottom: 5px; margin-top: 0; color: inherit; opacity: 0.8;'>Montaje en Riel DIN<\/h3>\n<p style='color: inherit; font-size: 14px; margin-top: 10px; margin-bottom: 15px;'>Simplifica la implementaci\u00f3n y el mantenimiento con su montaje en riel DIN permite una instalaci\u00f3n r\u00e1pida y segura&comma; facilitando tanto la colocaci\u00f3n como la extracci\u00f3n del equipo sin complicaciones. Dise\u00f1ados para ser flexibles y pr\u00e1cticos&comma; reduciendo el tiempo de instalaci\u00f3n y mantenimiento.<\/p>\n<\/p><\/div>\n<\/p><\/div>\n<p> <!-- Secci\u00f3n de gesti\u00f3n flexible --> <\/p>\n<div style='display: flex; flex-wrap: wrap; gap: 30px; margin-bottom: 30px;'>\n<div style='flex: 1 1 300px; min-width: 280px;'> <img style='width: 100%; height: auto; border: 1px solid rgba(150&comma;150&comma;150&comma;0.3); border-radius: 8px;' src='https:\/\/ftp3.syscom.mx\/usuarios\/axel\/Huawei\/eKit\/S210I-8T4SX\/S210I-8T4SX%20Management.png' alt='Switch Industrial eKit S210I-8T4SX'> <\/div>\n<div style='flex: 1 1 300px; min-width: 280px;'>\n<h3 style='font-size: 22px; border-bottom: 2px solid currentColor; padding-bottom: 5px; margin-top: 0; color: inherit; opacity: 0.8;'>Gesti\u00f3n flexible en todo momento<\/h3>\n<p style='color: inherit; font-size: 14px; margin-top: 10px; margin-bottom: 15px;'>Gestiona tu red de manera r\u00e1pida&comma; unificada y flexible. Puedes administrarlos f\u00e1cilmente mediante la interfaz web&comma; la APP de eKit o a trav\u00e9s de la plataforma en la nube SNC&comma; que es totalmente gratuita.<\/p>\n<p style='color: inherit; font-size: 14px; margin-top: 10px; margin-bottom: 15px;'>Con las \u00faltimas dos opciones&comma; la APP y la nube&comma; tienes la ventaja de realizar gesti\u00f3n remota&comma; permiti\u00e9ndote monitorear&comma; configurar y controlar tu red desde cualquier lugar. Esta flexibilidad asegura que tu infraestructura se mantenga siempre optimizada&comma; accesible y bajo control&comma; ahorrando tiempo y facilitando la operaci\u00f3n de tu red sin complicaciones.<\/p>\n<\/p><\/div>\n<\/p><\/div>\n<p> <!-- Secci\u00f3n de descarga aplicaci\u00f3n --> <\/p>\n<div style='display: flex; flex-wrap: wrap; gap: 30px; margin-bottom: 30px;'>\n<div style='flex: 1 1 300px; min-width: 280px;'> <img style='width: 100%; height: auto; border: 1px solid rgba(150&comma;150&comma;150&comma;0.3); border-radius: 8px;' src='https:\/\/ftp3.syscom.mx\/usuarios\/fotos\/AP271E\/241040-223794-ekitqr.png' alt='Switch Industrial eKit S210I-8T4SX'> <\/div>\n<div style='flex: 1 1 300px; min-width: 280px;'>\n<h3 style='font-size: 22px; border-bottom: 2px solid currentColor; padding-bottom: 5px; margin-top: 0; color: inherit; opacity: 0.8;'>Descarga aplicaci\u00f3n de eKit<\/h3>\n<p style='color: inherit; font-size: 14px; margin-top: 10px; margin-bottom: 15px;'>Con el c\u00f3digo QR puedes descargar la aplicaci\u00f3n Huawei eKit&comma; dise\u00f1ada para que puedas dar de alta equipos como routers&comma; switches y puntos de acceso de la l\u00ednea eKit en cuesti\u00f3n de minutos.<\/p>\n<p style='color: inherit; font-size: 14px; margin-top: 10px; margin-bottom: 15px;'>Con ella&comma; podr\u00e1s desplegar y gestionar tus redes c\u00f3modamente desde tu smartphone&comma; sin necesidad de procesos complicados ni configuraciones extensas.<\/p>\n<p style='color: inherit; font-size: 14px; margin-top: 10px; margin-bottom: 15px;'>La aplicaci\u00f3n est\u00e1 disponible para iOS&comma; Android y Harmony OS.<\/p>\n<\/p><\/div>\n<\/p><\/div>\n<p> <!-- Separador final --> <\/p>\n<hr style='border: 0; border-top: 1px solid rgba(150&comma; 150&comma; 150&comma; 0.3); margin: 30px 0;'> <\/div>\n","protected":false},"excerpt":{"rendered":"<p>Switch Industrial eKit \/ 8 Puertos Gigabit + 2 SFP + 2 SFP+ \/ Montaje en Riel DIN \/ Fuente Redundante 1+1 : 9.6 a 50 VCD \/ Libre de licenciamiento \/ Gesti\u00f3n gratuita desde la Nube<\/p>\n","protected":false},"featured_media":85779,"comment_status":"open","ping_status":"closed","template":"","meta":[],"product_brand":[],"product_cat":[1984],"product_tag":[2197,1985,664],"class_list":{"0":"post-85780","1":"product","2":"type-product","3":"status-publish","4":"has-post-thumbnail","6":"product_cat-industrial","7":"product_tag-huawei-ekit","8":"product_tag-industrial","9":"product_tag-networking","11":"first","12":"instock","13":"sale","14":"shipping-taxable","15":"purchasable","16":"product-type-simple"},"_links":{"self":[{"href":"https:\/\/soydeaqui.ddns.net\/pachuca\/index.php\/wp-json\/wp\/v2\/product\/85780","targetHints":{"allow":["GET"]}}],"collection":[{"href":"https:\/\/soydeaqui.ddns.net\/pachuca\/index.php\/wp-json\/wp\/v2\/product"}],"about":[{"href":"https:\/\/soydeaqui.ddns.net\/pachuca\/index.php\/wp-json\/wp\/v2\/types\/product"}],"replies":[{"embeddable":true,"href":"https:\/\/soydeaqui.ddns.net\/pachuca\/index.php\/wp-json\/wp\/v2\/comments?post=85780"}],"wp:featuredmedia":[{"embeddable":true,"href":"https:\/\/soydeaqui.ddns.net\/pachuca\/index.php\/wp-json\/wp\/v2\/media\/85779"}],"wp:attachment":[{"href":"https:\/\/soydeaqui.ddns.net\/pachuca\/index.php\/wp-json\/wp\/v2\/media?parent=85780"}],"wp:term":[{"taxonomy":"product_brand","embeddable":true,"href":"https:\/\/soydeaqui.ddns.net\/pachuca\/index.php\/wp-json\/wp\/v2\/product_brand?post=85780"},{"taxonomy":"product_cat","embeddable":true,"href":"https:\/\/soydeaqui.ddns.net\/pachuca\/index.php\/wp-json\/wp\/v2\/product_cat?post=85780"},{"taxonomy":"product_tag","embeddable":true,"href":"https:\/\/soydeaqui.ddns.net\/pachuca\/index.php\/wp-json\/wp\/v2\/product_tag?post=85780"}],"curies":[{"name":"wp","href":"https:\/\/api.w.org\/{rel}","templated":true}]}}