{"id":85775,"date":"2026-03-19T21:52:41","date_gmt":"2026-03-19T21:52:41","guid":{"rendered":"https:\/\/soydeaqui.ddns.net\/pachuca\/index.php\/producto\/switch-administrable-capa-3-48-puertos-10-100-1000t-802-3bt-poe-4-puertos-10g-sfp-dos-ranuras-para-fuente-de-alimentacion-modular-3200w-poe-budget-compatibilidad-ipv4-ipv6-vlan-qos\/"},"modified":"2026-03-19T21:52:51","modified_gmt":"2026-03-19T21:52:51","slug":"switch-administrable-capa-3-48-puertos-10-100-1000t-802-3bt-poe-4-puertos-10g-sfp-dos-ranuras-para-fuente-de-alimentacion-modular-3200w-poe-budget-compatibilidad-ipv4-ipv6-vlan-qos","status":"publish","type":"product","link":"https:\/\/soydeaqui.ddns.net\/pachuca\/index.php\/producto\/switch-administrable-capa-3-48-puertos-10-100-1000t-802-3bt-poe-4-puertos-10g-sfp-dos-ranuras-para-fuente-de-alimentacion-modular-3200w-poe-budget-compatibilidad-ipv4-ipv6-vlan-qos\/","title":{"rendered":"Switch Administrable Capa 3 \/ 48 Puertos 10\/100\/1000T 802.3bt PoE++ \/ 4 Puertos 10G SFP+ \/ Dos Ranuras Para Fuente de Alimentaci\u00f3n Modular \/ 3200W PoE Budget \/ Compatibilidad IPv4\/IPv6 \/ VLAN \/ QoS \/ ERPS"},"content":{"rendered":"<div style='width: 100%; max-width: 1200px; margin: 0 auto; font-family: sans-serif; line-height: 1.6; color: inherit; background-color: transparent;'> <!-- Descripci\u00f3n general --> <\/p>\n<div style='display: flex; flex-wrap: wrap; gap: 30px; margin-bottom: 30px;'>\n<div style='flex: 1 1 300px; min-width: 280px;'>\n<p style='font-size: 16px; color: inherit;'>El Switch Gestionado PLANET GS-6322-48UP4X es una soluci\u00f3n avanzada para redes empresariales que requieren alta capacidad de PoE y conectividad de alta velocidad. Con 48 puertos Gigabit Ethernet compatibles con PoE++ (802.3bt) y 4 puertos SFP+ de 10G&comma; este switch ofrece un presupuesto de potencia de hasta 3200W&comma; ideal para aplicaciones exigentes como c\u00e1maras IP&comma; puntos de acceso inal\u00e1mbricos y dispositivos VoIP. Adem\u00e1s&comma; cuenta con funciones de capa 3&comma; VLAN&comma; QoS y ERPS para una gesti\u00f3n de red eficiente y segura.<\/p>\n<\/p><\/div>\n<\/p><\/div>\n<p> <!-- Imagen 1 --> <\/p>\n<div style='display: flex; justify-content: center; margin: 30px 0;'> <img style='width: 100%; max-width: 800px; height: auto; border: 1px solid rgba(150&comma;150&comma;150&comma;0.3); border-radius: 8px;' src='https:\/\/www.planet.com.tw\/storage\/products\/49875\/edm2_GS-6322-48UP4X1.png' alt='Vista frontal del switch GS-6322-48UP4X'> <\/div>\n<p> <!-- Tabla de modos de PSU --> <\/p>\n<div style='margin-bottom: 30px;'>\n<div style='display: grid; grid-template-columns: repeat(auto-fit&comma; minmax(250px&comma; 1fr)); gap: 15px; margin-bottom: 20px;'>\n<div style='border: 1px solid rgba(150&comma; 150&comma; 150&comma; 0.4); border-radius: 8px; overflow: hidden;'>\n<div style='padding: 15px; background-color: #003366; color: white; font-weight: bold; text-align: center;'>PSU Operation mode<\/div>\n<div style='padding: 15px; color: inherit;'>\n<ul style='padding-left: 20px; margin: 0; font-size: 14px; list-style-type: disc;'>\n<li style='margin-bottom: 5px;'>Power Redundancy: <strong>No<\/strong><\/li>\n<li style='margin-bottom: 5px;'>PoE budget with 1 2000W PSU: <strong>1600W<\/strong><\/li>\n<li style='margin-bottom: 5px;'>PoE budget with 2 2000W PSUs: <strong>1600W<\/strong><\/li>\n<\/ul><\/div>\n<\/p><\/div>\n<div style='border: 1px solid rgba(150&comma; 150&comma; 150&comma; 0.4); border-radius: 8px; overflow: hidden;'>\n<div style='padding: 15px; background-color: #003366; color: white; font-weight: bold; text-align: center;'>Redundant Power Supply mode<\/div>\n<div style='padding: 15px; color: inherit;'>\n<ul style='padding-left: 20px; margin: 0; font-size: 14px; list-style-type: disc;'>\n<li style='margin-bottom: 5px;'>Power Redundancy: <strong>S\u00ed<\/strong><\/li>\n<li style='margin-bottom: 5px;'>PoE budget with 1 2000W PSU: <strong>1600W<\/strong><\/li>\n<li style='margin-bottom: 5px;'>PoE budget with 2 2000W PSUs: <strong>1600W<\/strong><\/li>\n<\/ul><\/div>\n<\/p><\/div>\n<div style='border: 1px solid rgba(150&comma; 150&comma; 150&comma; 0.4); border-radius: 8px; overflow: hidden;'>\n<div style='padding: 15px; background-color: #003366; color: white; font-weight: bold; text-align: center;'>Extended Power System mode<\/div>\n<div style='padding: 15px; color: inherit;'>\n<ul style='padding-left: 20px; margin: 0; font-size: 14px; list-style-type: disc;'>\n<li style='margin-bottom: 5px;'>Power Redundancy: <strong>No<\/strong><\/li>\n<li style='margin-bottom: 5px;'>PoE budget with 1 2000W PSU: <strong>1600W<\/strong><\/li>\n<li style='margin-bottom: 5px;'>PoE budget with 2 2000W PSUs: <strong>3200W<\/strong><\/li>\n<\/ul><\/div>\n<\/p><\/div>\n<\/p><\/div>\n<\/p><\/div>\n<p> <!-- Imagen 2 --> <\/p>\n<div style='display: flex; justify-content: center; margin: 30px 0;'> <img style='width: 100%; max-width: 800px; height: auto; border: 1px solid rgba(150&comma;150&comma;150&comma;0.3); border-radius: 8px;' src='https:\/\/www.planet.com.tw\/storage\/products\/49875\/box_GS-6322-48UP4X_072.jpg' alt='Vista trasera del switch GS-6322-48UP4X'> <\/div>\n<p> <!-- Caracter\u00edsticas Principales --> <\/p>\n<div style='margin-bottom: 30px;'>\n<h3 style='font-size: 22px; border-bottom: 2px solid currentColor; padding-bottom: 5px; margin-top: 0; color: inherit; opacity: 0.8;'>Caracter\u00edsticas Principales<\/h3>\n<ul style='padding-left: 20px; font-size: 15px; color: inherit;'>\n<li style='margin-bottom: 5px;'>48 puertos 10\/100\/1000BASE-T con soporte PoE++ (802.3bt) de hasta 95W por puerto<\/li>\n<li style='margin-bottom: 5px;'>4 puertos SFP+ 10GBASE-SR\/LR compatibles con transceptores 1G\/2.5G\/10G<\/li>\n<li style='margin-bottom: 5px;'>Dual fuente de alimentaci\u00f3n modular para redundancia o mayor capacidad de PoE<\/li>\n<li style='margin-bottom: 5px;'>Presupuesto total de PoE de hasta 3200W<\/li>\n<li style='margin-bottom: 5px;'>Soporte para VLAN&comma; QoS&comma; ERPS y protocolos de enrutamiento IPv4\/IPv6<\/li>\n<li style='margin-bottom: 5px;'>Funciones avanzadas de seguridad: 802.1X&comma; ACL&comma; DHCP Snooping y m\u00e1s<\/li>\n<li style='margin-bottom: 5px;'>Interfaz de gesti\u00f3n v\u00eda consola&comma; web&comma; SNMP y SSH<\/li>\n<\/ul><\/div>\n<p> <!-- Detalles T\u00e9cnicos --> <\/p>\n<div style='display: flex; flex-wrap: wrap; gap: 30px; margin-bottom: 30px;'>\n<div style='flex: 1 1 300px; min-width: 280px;'>\n<h3 style='font-size: 20px; border-bottom: 2px solid currentColor; padding-bottom: 5px; margin-top: 0; color: inherit; opacity: 0.8;'>Especificaciones<\/h3>\n<ul style='padding-left: 20px; font-size: 15px; color: inherit;'>\n<li style='margin-bottom: 5px;'>48 puertos RJ45 10\/100\/1000BASE-T con PoE++<\/li>\n<li style='margin-bottom: 5px;'>4 puertos SFP+ 10GBASE-SR\/LR<\/li>\n<li style='margin-bottom: 5px;'>Consola USB Type C<\/li>\n<li style='margin-bottom: 5px;'>Dimensiones: 444 x 331 x 44 mm<\/li>\n<li style='margin-bottom: 5px;'>Peso: 5478g<\/li>\n<li style='margin-bottom: 5px;'>Consumo m\u00e1ximo: 3361W<\/li>\n<\/ul><\/div>\n<div style='flex: 1 1 300px; min-width: 280px;'>\n<h3 style='font-size: 20px; border-bottom: 2px solid currentColor; padding-bottom: 5px; margin-top: 0; color: inherit; opacity: 0.8;'>Interfaces y Conectividad<\/h3>\n<ul style='padding-left: 20px; font-size: 15px; color: inherit;'>\n<li style='margin-bottom: 5px;'>48 puertos Ethernet con PoE++<\/li>\n<li style='margin-bottom: 5px;'>4 puertos SFP+ de 10G<\/li>\n<li style='margin-bottom: 5px;'>Consola USB Type C<\/li>\n<li style='margin-bottom: 5px;'>Dual fuente de alimentaci\u00f3n modular<\/li>\n<li style='margin-bottom: 5px;'>Soporte para VLAN&comma; QoS y ERPS<\/li>\n<\/ul><\/div>\n<\/p><\/div>\n<p> <!-- Aplicaciones y Casos de Uso --> <\/p>\n<div style='margin-bottom: 30px;'>\n<h3 style='font-size: 22px; border-bottom: 2px solid currentColor; padding-bottom: 5px; margin-top: 0; color: inherit; opacity: 0.8;'>Aplicaciones y Casos de Uso<\/h3>\n<div style='display: grid; grid-template-columns: repeat(auto-fit&comma; minmax(250px&comma; 1fr)); gap: 20px; margin-top: 20px;'>\n<div style='border: 1px solid rgba(150&comma; 150&comma; 150&comma; 0.2); border-radius: 8px; padding: 15px;'>\n<h4 style='font-size: 18px; color: #2880b9; margin-top: 0;'>Redes Empresariales<\/h4>\n<p style='color: inherit;'>Ideal para oficinas&comma; hoteles y centros comerciales que requieren alta capacidad de PoE y conectividad de alta velocidad.<\/p>\n<\/p><\/div>\n<div style='border: 1px solid rgba(150&comma; 150&comma; 150&comma; 0.2); border-radius: 8px; padding: 15px;'>\n<h4 style='font-size: 18px; color: #2880b9; margin-top: 0;'>Vigilancia IP<\/h4>\n<p style='color: inherit;'>Perfecto para sistemas de c\u00e1maras IP que necesitan alimentaci\u00f3n PoE++ y transmisi\u00f3n de datos de alta velocidad.<\/p>\n<\/p><\/div>\n<div style='border: 1px solid rgba(150&comma; 150&comma; 150&comma; 0.2); border-radius: 8px; padding: 15px;'>\n<h4 style='font-size: 18px; color: #2880b9; margin-top: 0;'>Redes Inal\u00e1mbricas<\/h4>\n<p style='color: inherit;'>Ofrece soporte para puntos de acceso inal\u00e1mbricos de alta densidad con alimentaci\u00f3n PoE++.<\/p>\n<\/p><\/div>\n<\/p><\/div>\n<\/p><\/div>\n<\/p><\/div>\n","protected":false},"excerpt":{"rendered":"<p>Switch Administrable Capa 3 \/ 48 Puertos 10\/100\/1000T 802.3bt PoE++ \/ 4 Puertos 10G SFP+ \/ Dos Ranuras Para Fuente de Alimentaci\u00f3n Modular \/ 3200W PoE Budget \/ Compatibilidad IPv4\/IPv6 \/ VLAN \/ QoS \/ ERPS<\/p>\n","protected":false},"featured_media":85774,"comment_status":"open","ping_status":"closed","template":"","meta":[],"product_brand":[],"product_cat":[1970],"product_tag":[664,2033,1971],"class_list":{"0":"post-85775","1":"product","2":"type-product","3":"status-publish","4":"has-post-thumbnail","6":"product_cat-switches","7":"product_tag-networking","8":"product_tag-planet","9":"product_tag-switches","11":"first","12":"outofstock","13":"sale","14":"shipping-taxable","15":"purchasable","16":"product-type-simple"},"_links":{"self":[{"href":"https:\/\/soydeaqui.ddns.net\/pachuca\/index.php\/wp-json\/wp\/v2\/product\/85775","targetHints":{"allow":["GET"]}}],"collection":[{"href":"https:\/\/soydeaqui.ddns.net\/pachuca\/index.php\/wp-json\/wp\/v2\/product"}],"about":[{"href":"https:\/\/soydeaqui.ddns.net\/pachuca\/index.php\/wp-json\/wp\/v2\/types\/product"}],"replies":[{"embeddable":true,"href":"https:\/\/soydeaqui.ddns.net\/pachuca\/index.php\/wp-json\/wp\/v2\/comments?post=85775"}],"wp:featuredmedia":[{"embeddable":true,"href":"https:\/\/soydeaqui.ddns.net\/pachuca\/index.php\/wp-json\/wp\/v2\/media\/85774"}],"wp:attachment":[{"href":"https:\/\/soydeaqui.ddns.net\/pachuca\/index.php\/wp-json\/wp\/v2\/media?parent=85775"}],"wp:term":[{"taxonomy":"product_brand","embeddable":true,"href":"https:\/\/soydeaqui.ddns.net\/pachuca\/index.php\/wp-json\/wp\/v2\/product_brand?post=85775"},{"taxonomy":"product_cat","embeddable":true,"href":"https:\/\/soydeaqui.ddns.net\/pachuca\/index.php\/wp-json\/wp\/v2\/product_cat?post=85775"},{"taxonomy":"product_tag","embeddable":true,"href":"https:\/\/soydeaqui.ddns.net\/pachuca\/index.php\/wp-json\/wp\/v2\/product_tag?post=85775"}],"curies":[{"name":"wp","href":"https:\/\/api.w.org\/{rel}","templated":true}]}}