{"id":85760,"date":"2026-03-19T21:52:01","date_gmt":"2026-03-19T21:52:01","guid":{"rendered":"https:\/\/soydeaqui.ddns.net\/pachuca\/index.php\/producto\/mini-identificador-de-trafico-para-fibra-optica-activa-ofi\/"},"modified":"2026-03-19T21:52:03","modified_gmt":"2026-03-19T21:52:03","slug":"mini-identificador-de-trafico-para-fibra-optica-activa-ofi","status":"publish","type":"product","link":"https:\/\/soydeaqui.ddns.net\/pachuca\/index.php\/producto\/mini-identificador-de-trafico-para-fibra-optica-activa-ofi\/","title":{"rendered":"Mini Identificador de Tr\u00e1fico para Fibra \u00d3ptica Activa (OFI)"},"content":{"rendered":"<div style='width: 100%; max-width: 1200px; margin: 0 auto; font-family: sans-serif; line-height: 1.6; color: inherit; background-color: transparent;'> <!-- Descripci\u00f3n principal --> <\/p>\n<div style='margin-bottom: 30px;'>\n<p style='font-size: 15px; color: inherit; margin: 0 0 15px;'> El <strong style='color: inherit;'>LP-M-OFI<\/strong> es una herramienta pr\u00e1ctica y confiable dise\u00f1ada para <strong style='color: inherit;'>detectar se\u00f1ales \u00f3pticas activas sin necesidad de desconectar la fibra<\/strong>&comma; evitando interrupciones en el servicio. Su dise\u00f1o compacto y f\u00e1cil de usar lo convierte en el aliado perfecto para <strong style='color: inherit;'>instaladores y t\u00e9cnicos de campo<\/strong> que necesitan verificar el estado de las fibras de forma r\u00e1pida y segura. <\/p>\n<h3 style='font-size: 18px; margin-top: 25px; margin-bottom: 15px; color: inherit; opacity: 0.8; border-bottom: 2px solid currentColor; padding-bottom: 5px; width: fit-content;'> Principales beneficios <\/h3>\n<ul style='padding-left: 20px; font-size: 15px; color: inherit; list-style-type: disc;'>\n<li style='margin-bottom: 10px;'><strong style='color: inherit;'>Verifica al instante<\/strong> si una fibra est\u00e1 activa&comma; sin desconexiones.<\/li>\n<li style='margin-bottom: 10px;'><strong style='color: inherit;'>Identifica f\u00e1cilmente<\/strong> fibras durante instalaciones o mantenimiento.<\/li>\n<li style='margin-bottom: 10px;'><strong style='color: inherit;'>Comprueba la continuidad y direcci\u00f3n<\/strong> de la se\u00f1al en redes <strong style='color: inherit;'>FTTH&comma; LAN&comma; WAN<\/strong>&comma; entre otras.<\/li>\n<li style='margin-bottom: 10px;'><strong style='color: inherit;'>Agiliza el diagn\u00f3stico de fallas<\/strong>&comma; reduciendo tiempos de mantenimiento.<\/li>\n<\/ul>\n<p style='font-size: 15px; color: inherit; margin: 25px 0;'> El <strong style='color: inherit;'>LP-M-OFI<\/strong> ofrece eficiencia&comma; precisi\u00f3n y seguridad en cada medici\u00f3n&comma; optimizando las tareas de instalaci\u00f3n y soporte en cualquier red de fibra \u00f3ptica. <\/p>\n<\/p><\/div>\n<p> <!-- Secci\u00f3n de especificaciones --> <\/p>\n<div style='display: flex; flex-wrap: wrap; gap: 30px; margin-bottom: 30px;'> <!-- Caracter\u00edsticas principales --> <\/p>\n<div style='flex: 1 1 300px; min-width: 280px;'>\n<div style='border: 1px solid rgba(150&comma; 150&comma; 150&comma; 0.4); border-radius: 8px; overflow: hidden; display: flex; flex-direction: column; height: 100%;'>\n<div style='padding: 15px; border-bottom: 1px solid rgba(150&comma; 150&comma; 150&comma; 0.2); font-weight: bold; font-size: 18px; color: inherit; background-color: rgba(255&comma; 0&comma; 0&comma; 0.05);'> Caracter\u00edsticas principales <\/div>\n<div style='padding: 15px; color: inherit; flex: 1 1 auto;'>\n<ul style='padding-left: 20px; margin: 0; font-size: 14px; list-style-type: disc;'>\n<li style='margin-bottom: 8px;'><strong style='color: inherit;'>Tipo de detector:<\/strong> InGaAs<\/li>\n<li style='margin-bottom: 8px;'><strong style='color: inherit;'>Longitud de onda:<\/strong> 800 a 1700nm<\/li>\n<li style='margin-bottom: 8px;'><strong style='color: inherit;'>Tipo de fibra \u00f3ptica:<\/strong> Di\u00e1metro 0.25mm (for bare fiber) \u03a60.9mm&comma; \u03a62.0mm&comma; \u03a63.0mm (For pigtails)<\/li>\n<li style='margin-bottom: 8px;'><strong style='color: inherit;'>Frecuencia de modulaci\u00f3n:<\/strong> CW\/270Hz\/1kHz\/2kHz<\/li>\n<li style='margin-bottom: 8px;'><strong style='color: inherit;'>Indicadores LED para la direcci\u00f3n del tr\u00e1fico<\/strong><\/li>\n<li style='margin-bottom: 8px;'><strong style='color: inherit;'>Rango de detecci\u00f3n de direcci\u00f3n de la se\u00f1al:<\/strong> -40dBm a 10dBm<\/li>\n<\/ul><\/div>\n<\/p><\/div>\n<\/p><\/div>\n<p> <!-- Otros --> <\/p>\n<div style='flex: 1 1 300px; min-width: 280px;'>\n<div style='border: 1px solid rgba(150&comma; 150&comma; 150&comma; 0.4); border-radius: 8px; overflow: hidden; display: flex; flex-direction: column; height: 100%;'>\n<div style='padding: 15px; border-bottom: 1px solid rgba(150&comma; 150&comma; 150&comma; 0.2); font-weight: bold; font-size: 18px; color: inherit; background-color: rgba(255&comma; 0&comma; 0&comma; 0.05);'> Otros <\/div>\n<div style='padding: 15px; color: inherit; flex: 1 1 auto;'>\n<ul style='padding-left: 20px; margin: 0; font-size: 14px; list-style-type: disc;'>\n<li style='margin-bottom: 8px;'><strong style='color: inherit;'>Utiliza bater\u00eda<\/strong> 3.7V\/500mAh (No incluidas)<\/li>\n<li style='margin-bottom: 8px;'><strong style='color: inherit;'>Tiempo de bater\u00eda en operaci\u00f3n:<\/strong> 10 horas<\/li>\n<li style='margin-bottom: 8px;'><strong style='color: inherit;'>Temperatura de operaci\u00f3n:<\/strong> -10\u00baC a 50\u00baC<\/li>\n<li style='margin-bottom: 8px;'><strong style='color: inherit;'>Dimensiones:<\/strong> 79mm x 43mm x 23mm<\/li>\n<li style='margin-bottom: 8px;'><strong style='color: inherit;'>Peso:<\/strong> 100 gramos<\/li>\n<\/ul><\/div>\n<\/p><\/div>\n<\/p><\/div>\n<\/p><\/div>\n<\/p><\/div>\n","protected":false},"excerpt":{"rendered":"<p>Mini Identificador de Tr\u00e1fico para Fibra \u00d3ptica Activa (OFI)<\/p>\n","protected":false},"featured_media":85759,"comment_status":"open","ping_status":"closed","template":"","meta":[],"product_brand":[],"product_cat":[2140],"product_tag":[25,435,2011],"class_list":{"0":"post-85760","1":"product","2":"type-product","3":"status-publish","4":"has-post-thumbnail","6":"product_cat-herramientas-redes-ftth-pon","7":"product_tag-herramientas","8":"product_tag-linkedpro-by-epcom","9":"product_tag-redes-ftth-pon","11":"first","12":"outofstock","13":"sale","14":"shipping-taxable","15":"purchasable","16":"product-type-simple"},"_links":{"self":[{"href":"https:\/\/soydeaqui.ddns.net\/pachuca\/index.php\/wp-json\/wp\/v2\/product\/85760","targetHints":{"allow":["GET"]}}],"collection":[{"href":"https:\/\/soydeaqui.ddns.net\/pachuca\/index.php\/wp-json\/wp\/v2\/product"}],"about":[{"href":"https:\/\/soydeaqui.ddns.net\/pachuca\/index.php\/wp-json\/wp\/v2\/types\/product"}],"replies":[{"embeddable":true,"href":"https:\/\/soydeaqui.ddns.net\/pachuca\/index.php\/wp-json\/wp\/v2\/comments?post=85760"}],"wp:featuredmedia":[{"embeddable":true,"href":"https:\/\/soydeaqui.ddns.net\/pachuca\/index.php\/wp-json\/wp\/v2\/media\/85759"}],"wp:attachment":[{"href":"https:\/\/soydeaqui.ddns.net\/pachuca\/index.php\/wp-json\/wp\/v2\/media?parent=85760"}],"wp:term":[{"taxonomy":"product_brand","embeddable":true,"href":"https:\/\/soydeaqui.ddns.net\/pachuca\/index.php\/wp-json\/wp\/v2\/product_brand?post=85760"},{"taxonomy":"product_cat","embeddable":true,"href":"https:\/\/soydeaqui.ddns.net\/pachuca\/index.php\/wp-json\/wp\/v2\/product_cat?post=85760"},{"taxonomy":"product_tag","embeddable":true,"href":"https:\/\/soydeaqui.ddns.net\/pachuca\/index.php\/wp-json\/wp\/v2\/product_tag?post=85760"}],"curies":[{"name":"wp","href":"https:\/\/api.w.org\/{rel}","templated":true}]}}