{"id":85728,"date":"2026-03-19T21:50:28","date_gmt":"2026-03-19T21:50:28","guid":{"rendered":"https:\/\/soydeaqui.ddns.net\/pachuca\/index.php\/producto\/switch-poe-multigigabit-capa-3-8-puertos-ethernet-2-5-g-2-puertos-sfp-poe-dinamico-ipv6-e-ipv4-vlan-avanzada-qos-stacking-hasta-4-dispositivos-administracion-local-y-en-la-nube\/"},"modified":"2026-03-19T21:50:30","modified_gmt":"2026-03-19T21:50:30","slug":"switch-poe-multigigabit-capa-3-8-puertos-ethernet-2-5-g-2-puertos-sfp-poe-dinamico-ipv6-e-ipv4-vlan-avanzada-qos-stacking-hasta-4-dispositivos-administracion-local-y-en-la-nube","status":"publish","type":"product","link":"https:\/\/soydeaqui.ddns.net\/pachuca\/index.php\/producto\/switch-poe-multigigabit-capa-3-8-puertos-ethernet-2-5-g-2-puertos-sfp-poe-dinamico-ipv6-e-ipv4-vlan-avanzada-qos-stacking-hasta-4-dispositivos-administracion-local-y-en-la-nube\/","title":{"rendered":"Switch PoE Multigigabit Capa 3 \/ 8 Puertos Ethernet 2.5 G \/ 2 Puertos SFP+ \/ PoE++ Din\u00e1mico \/ IPv6 e IPv4 \/ VLAN Avanzada \/ QoS \/ Stacking hasta 4 Dispositivos \/ Administraci\u00f3n Local y en la Nube"},"content":{"rendered":"<div style='width: 100%; max-width: 1200px; margin: 0 auto; font-family: sans-serif; line-height: 1.6; color: inherit; background-color: transparent;'>\n<div style='margin-bottom: 30px;'>\n<p style='font-size: 17px; line-height: 1.6; margin: 0 0 20px; color: inherit;'>La serie GWN7820 de Grandstream son switches PoE multigigabit de Capa 3 dise\u00f1ados para medianas y grandes empresas&comma; ofreciendo redes escalables&comma; seguras y de alto rendimiento. Con capacidades avanzadas de VLAN&comma; QoS&comma; IGMP\/MLD Snooping y funciones de seguridad integrales&comma; estos switches son ideales para energizar tel\u00e9fonos IP&comma; c\u00e1maras IP y puntos de acceso Wi-Fi. La administraci\u00f3n se realiza a trav\u00e9s de la interfaz web local&comma; CLI&comma; o mediante la plataforma GDMS Networking y GWN Manager.<\/p>\n<\/p><\/div>\n<div style='margin-bottom: 30px;'>\n<h2 style='font-size: 24px; margin: 0 0 20px; color: inherit; opacity: 0.9;'>Caracter\u00edsticas Principales<\/h2>\n<div style='display: grid; grid-template-columns: 1fr; gap: 20px;'>\n<div style='background-color: rgba(150&comma;150&comma;150&comma;0.05); border-radius: 8px; padding: 15px; color: inherit;'>\n<ul style='padding-left: 20px; margin: 0; list-style-type: disc; font-size: 15px; color: inherit;'>\n<li style='margin-bottom: 8px; color: inherit;'>Puertos Ethernet 8 con soporte Multi-Gigabit&comma; 2 SFP+<\/li>\n<li style='margin-bottom: 8px; color: inherit;'>Control de energ\u00eda inteligente para PoE\/PoE+ y PoE++ din\u00e1micos<\/li>\n<li style='margin-bottom: 8px; color: inherit;'>QoS incorporada para priorizaci\u00f3n del tr\u00e1fico de red<\/li>\n<li style='margin-bottom: 8px; color: inherit;'>Soporte para redes IPv6 e IPv4<\/li>\n<li style='margin-bottom: 8px; color: inherit;'>Filtrado ACL de paquetes de datos<\/li>\n<li style='margin-bottom: 8px; color: inherit;'>Funciones de confiabilidad como detecci\u00f3n de fallas y arranque dual<\/li>\n<li style='margin-bottom: 8px; color: inherit;'>Permite stacking para administraci\u00f3n simplificada<\/li>\n<\/ul><\/div>\n<\/p><\/div>\n<\/p><\/div>\n<div style='margin-bottom: 30px;'>\n<h2 style='font-size: 24px; margin: 0 0 20px; color: inherit; opacity: 0.9;'>Detalles T\u00e9cnicos<\/h2>\n<div style='display: flex; flex-wrap: wrap; gap: 20px;'>\n<div style='flex: 1 1 400px; min-width: 280px; border: 1px solid rgba(150&comma; 150&comma; 150&comma; 0.3); border-radius: 8px; overflow: hidden; display: flex; flex-direction: column;'>\n<div style='padding: 15px; border-bottom: 1px solid rgba(150&comma; 150&comma; 150&comma; 0.2); font-weight: bold; font-size: 18px; color: inherit;'>Especificaciones<\/div>\n<div style='padding: 15px; color: inherit;'>\n<ul style='padding-left: 20px; margin: 0; list-style-type: disc; font-size: 14px; color: inherit;'>\n<li style='margin-bottom: 8px; color: inherit;'><strong>Memoria:<\/strong> 256MB RAM&comma; 8MB Nor Flash&comma; 128MB Nand Flash<\/li>\n<li style='margin-bottom: 8px; color: inherit;'><strong>Jumbo Frame:<\/strong> 12288 Bytes<\/li>\n<li style='margin-bottom: 8px; color: inherit;'><strong>Est\u00e1ndar PoE:<\/strong> IEEE 802.3af\/at\/bt<\/li>\n<li style='margin-bottom: 8px; color: inherit;'><strong>Puertos Gigabit:<\/strong> 8x 2.5G<\/li>\n<li style='margin-bottom: 8px; color: inherit;'><strong>Puertos SFP+:<\/strong> 2<\/li>\n<li style='margin-bottom: 8px; color: inherit;'><strong>Consola:<\/strong> 1<\/li>\n<li style='margin-bottom: 8px; color: inherit;'><strong>Grupos de agregaci\u00f3n de enlaces:<\/strong> 32<\/li>\n<li style='margin-bottom: 8px; color: inherit;'><strong>N\u00famero de puertos PoE:<\/strong> 8<\/li>\n<li style='margin-bottom: 8px; color: inherit;'><strong>Fuente de alimentaci\u00f3n integrada:<\/strong> 280W(54V\/5.19A)<\/li>\n<li style='margin-bottom: 8px; color: inherit;'><strong>Potencia m\u00e1xima de salida por puerto PoE:<\/strong> 60W<\/li>\n<li style='margin-bottom: 8px; color: inherit;'><strong>Protecci\u00f3n contra sobrecargas de energ\u00eda:<\/strong> \u00b1 6KV CM y DM<\/li>\n<li style='margin-bottom: 8px; color: inherit;'><strong>Throughput total sin bloqueo:<\/strong> 40Gbps<\/li>\n<li style='margin-bottom: 8px; color: inherit;'><strong>Capacidad de Switching:<\/strong> 80Gbps<\/li>\n<li style='margin-bottom: 8px; color: inherit;'><strong>Tarifa de reenv\u00edo:<\/strong> 59.52Mpps<\/li>\n<li style='margin-bottom: 8px; color: inherit;'><strong>B\u00fafer de paquetes:<\/strong> 12Mb<\/li>\n<li style='margin-bottom: 8px; color: inherit;'><strong>Latencia de conexi\u00f3n:<\/strong> <4\u00b5s<\/li>\n<\/ul><\/div>\n<\/p><\/div>\n<div style='flex: 1 1 400px; min-width: 280px; border: 1px solid rgba(150&comma; 150&comma; 150&comma; 0.3); border-radius: 8px; overflow: hidden; display: flex; flex-direction: column;'>\n<div style='padding: 15px; border-bottom: 1px solid rgba(150&comma; 150&comma; 150&comma; 0.2); font-weight: bold; font-size: 18px; color: inherit;'>Interfaces y Conectividad<\/div>\n<div style='padding: 15px; color: inherit;'>\n<ul style='padding-left: 20px; margin: 0; list-style-type: disc; font-size: 14px; color: inherit;'>\n<li style='margin-bottom: 8px; color: inherit;'><strong>Protocolos de red:<\/strong> IPv4&comma; IPv6&comma; IEEE 802.3&comma; IEEE 802.3i&comma; IEEE 802.3u&comma; IEEE 802.3ab&comma; IEEE 802.3z&comma; IEEE 802.3ae&comma; IEEE 802.3az&comma; IEEE 802.3ad&comma; IEEE 802.3x&comma; IEEE 802.3af\/at\/bt&comma; IEEE 802.1p&comma; IEEE 802.1Q&comma; IEEE 802.1d&comma; IEEE 802.1w&comma; IEEE 802.1s&comma; IEEE 802.1x<\/li>\n<li style='margin-bottom: 8px; color: inherit;'><strong>Interfaces:<\/strong> Puertos Ethernet&comma; SFP+&comma; Consola<\/li>\n<li style='margin-bottom: 8px; color: inherit;'><strong>Conectividad:<\/strong> Stacking hasta 4 dispositivos<\/li>\n<\/ul><\/div>\n<\/p><\/div>\n<\/p><\/div>\n<\/p><\/div>\n<div style='margin-bottom: 30px;'>\n<h2 style='font-size: 24px; margin: 0 0 20px; color: inherit; opacity: 0.9;'>Aplicaciones y Casos de Uso<\/h2>\n<div style='display: flex; flex-wrap: wrap; gap: 20px;'>\n<div style='flex: 1 1 30%; min-width: 280px; background-color: rgba(150&comma;150&comma;150&comma;0.05); border-radius: 8px; padding: 15px; color: inherit;'>\n<h3 style='font-size: 20px; margin: 0 0 10px; color: inherit;'><strong>Redes Empresariales<\/strong><\/h3>\n<p style='margin: 0; color: inherit; font-size: 14px;'>Ideal para medianas y grandes empresas que requieren redes escalables y seguras.<\/p>\n<\/p><\/div>\n<div style='flex: 1 1 30%; min-width: 280px; background-color: rgba(150&comma;150&comma;150&comma;0.05); border-radius: 8px; padding: 15px; color: inherit;'>\n<h3 style='font-size: 20px; margin: 0 0 10px; color: inherit;'><strong>Videovigilancia<\/strong><\/h3>\n<p style='margin: 0; color: inherit; font-size: 14px;'>Perfecto para sistemas de videovigilancia IP con soporte PoE++.<\/p>\n<\/p><\/div>\n<div style='flex: 1 1 30%; min-width: 280px; background-color: rgba(150&comma;150&comma;150&comma;0.05); border-radius: 8px; padding: 15px; color: inherit;'>\n<h3 style='font-size: 20px; margin: 0 0 10px; color: inherit;'><strong>Conferencias de Audio y Video<\/strong><\/h3>\n<p style='margin: 0; color: inherit; font-size: 14px;'>Optimizado para conferencias de audio y video con QoS avanzada.<\/p>\n<\/p><\/div>\n<\/p><\/div>\n<\/p><\/div>\n<\/p><\/div>\n","protected":false},"excerpt":{"rendered":"<p>Switch PoE Multigigabit Capa 3 \/ 8 Puertos Ethernet 2.5 G \/ 2 Puertos SFP+ \/ PoE++ Din\u00e1mico \/ IPv6 e IPv4 \/ VLAN Avanzada \/ QoS \/ Stacking hasta 4 Dispositivos \/ Administraci\u00f3n Local y en la Nube<\/p>\n","protected":false},"featured_media":85727,"comment_status":"open","ping_status":"closed","template":"","meta":[],"product_brand":[],"product_cat":[1986],"product_tag":[909,664,1987],"class_list":{"0":"post-85728","1":"product","2":"type-product","3":"status-publish","4":"has-post-thumbnail","6":"product_cat-switches-poe","7":"product_tag-grandstream","8":"product_tag-networking","9":"product_tag-switches-poe","11":"first","12":"outofstock","13":"sale","14":"shipping-taxable","15":"purchasable","16":"product-type-simple"},"_links":{"self":[{"href":"https:\/\/soydeaqui.ddns.net\/pachuca\/index.php\/wp-json\/wp\/v2\/product\/85728","targetHints":{"allow":["GET"]}}],"collection":[{"href":"https:\/\/soydeaqui.ddns.net\/pachuca\/index.php\/wp-json\/wp\/v2\/product"}],"about":[{"href":"https:\/\/soydeaqui.ddns.net\/pachuca\/index.php\/wp-json\/wp\/v2\/types\/product"}],"replies":[{"embeddable":true,"href":"https:\/\/soydeaqui.ddns.net\/pachuca\/index.php\/wp-json\/wp\/v2\/comments?post=85728"}],"wp:featuredmedia":[{"embeddable":true,"href":"https:\/\/soydeaqui.ddns.net\/pachuca\/index.php\/wp-json\/wp\/v2\/media\/85727"}],"wp:attachment":[{"href":"https:\/\/soydeaqui.ddns.net\/pachuca\/index.php\/wp-json\/wp\/v2\/media?parent=85728"}],"wp:term":[{"taxonomy":"product_brand","embeddable":true,"href":"https:\/\/soydeaqui.ddns.net\/pachuca\/index.php\/wp-json\/wp\/v2\/product_brand?post=85728"},{"taxonomy":"product_cat","embeddable":true,"href":"https:\/\/soydeaqui.ddns.net\/pachuca\/index.php\/wp-json\/wp\/v2\/product_cat?post=85728"},{"taxonomy":"product_tag","embeddable":true,"href":"https:\/\/soydeaqui.ddns.net\/pachuca\/index.php\/wp-json\/wp\/v2\/product_tag?post=85728"}],"curies":[{"name":"wp","href":"https:\/\/api.w.org\/{rel}","templated":true}]}}