{"id":85692,"date":"2026-03-19T21:48:54","date_gmt":"2026-03-19T21:48:54","guid":{"rendered":"https:\/\/soydeaqui.ddns.net\/pachuca\/index.php\/producto\/router-balanceador-con-funcion-sd-wan-hasta-9-servicios-de-internet-y-hasta-700-clientes-con-desempeno-de-3-gbps\/"},"modified":"2026-03-19T21:49:00","modified_gmt":"2026-03-19T21:49:00","slug":"router-balanceador-con-funcion-sd-wan-hasta-9-servicios-de-internet-y-hasta-700-clientes-con-desempeno-de-3-gbps","status":"publish","type":"product","link":"https:\/\/soydeaqui.ddns.net\/pachuca\/index.php\/producto\/router-balanceador-con-funcion-sd-wan-hasta-9-servicios-de-internet-y-hasta-700-clientes-con-desempeno-de-3-gbps\/","title":{"rendered":"Router Balanceador con Funci\u00f3n SD-WAN, Hasta 9 Servicios de Internet y hasta 700 clientes con desempe\u00f1o de 3 Gbps"},"content":{"rendered":"<div style='width: 100%; max-width: 1200px; margin: 0 auto; font-family: sans-serif; line-height: 1.6; color: inherit; background-color: transparent;'>\n<div style='margin-bottom: 20px;'><img style='width: 100%; height: auto; border: 1px solid rgba(150&comma; 150&comma; 150&comma; 0.3); border-radius: 8px;' src='https:\/\/ftp3.syscom.mx\/usuarios\/fotos\/RGRAP2260(G)\/203964-output.png' alt='Imagen Principal'><\/div>\n<div style='margin-bottom: 30px;'>\n<h2 style='font-size: 28px; margin-bottom: 10px; color: inherit; font-weight: normal;'><strong style='font-weight: bold;'>Router Reyee modelo:<\/strong> RG-EG710XS<\/h2>\n<p style='text-align: justify; font-size: 16px; color: inherit; opacity: 0.9;'>El Router de Gesti\u00f3n Centralizada RG-EG710XS de Ruijie se erige como el cerebro brillante e ideal para redes empresariales que demandan capacidad suprema y administraci\u00f3n inteligente. Dise\u00f1ado para gestionar hasta 700 clientes concurrentes&comma; este dispositivo ofrece un rendimiento excepcional en entornos de alta densidad. Su gesti\u00f3n simplificada permite conexiones f\u00e1ciles a la intranet&comma; reconocimiento autom\u00e1tico de terminales para un control y asignaci\u00f3n de ancho de banda eficientes&comma; y una configuraci\u00f3n sencilla de VPN. Es abierto y flexible&comma; permitiendo la integraci\u00f3n libre con sistemas de autenticaci\u00f3n de terceros. Adem\u00e1s&comma; cuenta con una bah\u00eda de expansi\u00f3n SATA de 2.5&#8242; para el almacenamiento local de syslogs y ofrece gesti\u00f3n en la nube&comma; haciendo que la administraci\u00f3n de su negocio sea notablemente m\u00e1s f\u00e1cil y centralizada..<\/p>\n<\/div>\n<div style='display: flex; flex-wrap: wrap; gap: 30px; margin-bottom: 30px;'>\n<div style='flex: 1 1 300px; min-width: 280px;'><img style='width: 100%; height: auto; border-radius: 10px; border: 1px solid rgba(150&comma; 150&comma; 150&comma; 0.3);' src='http:\/\/ftp3.syscom.mx\/usuarios\/ftp\/2025\/12\/17\/2251\/420250610100958.png_froala_69430897b0baa' alt='Imagen Secundaria'><\/div>\n<div style='flex: 1 1 300px; min-width: 280px;'>\n<h3 style='font-size: 22px; border-bottom: 2px solid currentColor; padding-bottom: 5px; margin-top: 0; color: inherit; opacity: 0.8;'><span style='font-size: 24px;'>Caracter\u00edsticas Generales<\/span><\/h3>\n<ul style='padding-left: 20px; font-size: 15px; color: inherit;'>\n<li style='margin-bottom: 5px;'><strong>Montaje:<\/strong> Escritorio \/ Rack<\/li>\n<li style='margin-bottom: 5px;'><strong>L\u00edneas ISP:<\/strong> Hasta 9 servicios de Internet<\/li>\n<li style='margin-bottom: 5px;'><strong>Modos de operaci\u00f3n:<\/strong> Router&comma; Balanceador&comma; AC<\/li>\n<li style='margin-bottom: 5px;'><strong>Sesiones:<\/strong> Hasta 150&comma;000<\/li>\n<li style='margin-bottom: 5px;'><strong>SD-WAN:<\/strong> Hasta 300 Sucursales \/ 1500 T\u00faneles \/ 1100Mbps<\/li>\n<li style='margin-bottom: 5px;'><strong>Configuraci\u00f3n:<\/strong> Interfaz web&comma; App m\u00f3vil&comma; Cloud.<\/li>\n<li style='margin-bottom: 5px;'><strong>Puertos:<\/strong> Un WAN Gigabit&comma; Tres LAN\/WAN Gigabit&comma; Tres LAN\/WAN 2.5G&comma; Dos LAN\/WAN SFP+ 10G y Un WAN 2.5G<\/li>\n<li style='margin-bottom: 5px;'><strong>Garant\u00eda:<\/strong> 3 a\u00f1os<\/li>\n<\/ul>\n<\/div>\n<\/div>\n<div style='display: flex; flex-wrap: wrap; gap: 20px; margin-bottom: 30px;'>\n<div style='flex: 1 1 250px; border: 1px solid rgba(150&comma; 150&comma; 150&comma; 0.4); border-radius: 8px; overflow: hidden; display: flex; flex-direction: column;'>\n<div style='padding: 15px; border-bottom: 1px solid rgba(150&comma; 150&comma; 150&comma; 0.2); font-weight: bold; font-size: 18px; color: inherit;'><span style='font-size: 24px;'>Desempe\u00f1o<\/span><\/div>\n<div style='padding: 15px; color: inherit;'>\n<ul style='padding-left: 20px; margin: 0; font-size: 14px; list-style-type: disc;'>\n<li style='margin-bottom: 5px;'><strong>Clientes:<\/strong> Hasta 700 recomendados<\/li>\n<li style='margin-bottom: 5px;'><strong>Throughput:<\/strong> 3000 Mbps (Normal)<\/li>\n<li style='margin-bottom: 5px;'><strong>VPNs:<\/strong> IPSec&comma; WireGuard&comma; L2TP&comma; PPTP&comma; y OpenVPN \/ *Desempe\u00f1o de 300-1&comma;700 Mbps \/ *Tuneles 300<\/li>\n<li style='margin-bottom: 5px;'><strong>VLANs:<\/strong> Hasta 128 segmentos<\/li>\n<li style='margin-bottom: 5px;'><strong>APs Soportados:<\/strong> 750 (Router) \/ 750 (AC)<\/li>\n<\/ul>\n<p style='font-size: 12px; opacity: 0.7; margin-top: 10px;'>*Notas: Rango general&comma; ver hoja de datos.<\/p>\n<\/div>\n<\/div>\n<div style='flex: 1 1 250px; border: 1px solid rgba(150&comma; 150&comma; 150&comma; 0.4); border-radius: 8px; overflow: hidden; display: flex; flex-direction: column;'>\n<div style='padding: 15px; border-bottom: 1px solid rgba(150&comma; 150&comma; 150&comma; 0.2); font-weight: bold; font-size: 18px; color: inherit;'><span style='font-size: 24px;'>F\u00edsicas y El\u00e9ctricas<\/span><\/div>\n<div style='padding: 15px; color: inherit;'>\n<ul style='padding-left: 20px; margin: 0; font-size: 14px; list-style-type: disc;'>\n<li style='margin-bottom: 5px;'><strong>Alimentaci\u00f3n:<\/strong> 100-240 AC (14W)<\/li>\n<li style='margin-bottom: 5px;'><strong>Dimensiones:<\/strong> 440 x 210 x 43.6mm<\/li>\n<li style='margin-bottom: 5px;'><strong>Peso:<\/strong> 2.65 Kg<\/li>\n<li style='margin-bottom: 5px;'><strong>Temp. Operaci\u00f3n:<\/strong> 0\u00b0 a 40\u00b0C<\/li>\n<li style='margin-bottom: 5px;'><strong>CPU:<\/strong> 1.8 Ghz Quad Core<\/li>\n<li style='margin-bottom: 5px;'><strong>RAM:<\/strong> 2GB \/ Flash: 256MB<\/li>\n<\/ul>\n<\/div>\n<\/div>\n<div style='flex: 1 1 250px; border: 1px solid rgba(150&comma; 150&comma; 150&comma; 0.4); border-radius: 8px; overflow: hidden; display: flex; flex-direction: column;'>\n<div style='padding: 15px; border-bottom: 1px solid rgba(150&comma; 150&comma; 150&comma; 0.2); font-weight: bold; font-size: 18px; color: inherit;'><span style='font-size: 24px;'>Contenido del Paquete<\/span><\/div>\n<div style='padding: 15px; color: inherit;'>\n<ul style='padding-left: 20px; margin: 0; font-size: 14px; list-style-type: disc;'>\n<li style='margin-bottom: 5px;'>1x Router RG-EG710XS<\/li>\n<li style='margin-bottom: 5px;'>1x Cable de Alimentaci\u00f3n<\/li>\n<li style='margin-bottom: 5px;'>1x Montaje para Rack<\/li>\n<\/ul>\n<div style='margin-top: 15px; text-align: center;'><img style='max-width: 100%; height: auto; border: 1px solid rgba(150&comma; 150&comma; 150&comma; 0.3); border-radius: 4px;' src='http:\/\/ftp3.syscom.mx\/usuarios\/ftp\/2025\/12\/17\/2251\/RGEG1510XSAD5h.png_froala_69432539bc39a' alt=''><\/div>\n<\/div>\n<\/div>\n<\/div>\n<hr style='border: 0; border-top: 1px solid rgba(150&comma; 150&comma; 150&comma; 0.3); margin: 30px 0;'>\n<div style='display: flex; flex-wrap: wrap; gap: 20px; margin-bottom: 30px; color: inherit;'>\n<div style='flex: 1 1 200px;'>\n<h4 style='font-size: 16px; font-weight: bold; text-transform: uppercase; opacity: 0.8; color: inherit;'><span style='font-size: 18px;'>Documentaci\u00f3n<\/span><\/h4>\n<ul style='list-style: none; padding: 0; font-size: 14px;'>\n<li style='margin-bottom: 8px; font-size: 18px;'>\u2709\ufe0f <a style='text-decoration: underline; color: inherit; font-size: 18px;' href='https:\/\/ftp3.syscom.mx\/usuarios\/ftp\/2025\/12\/17\/2251\/RGEG710XS_Datasheet.pdf' target='_blank' rel='noopener noreferrer'>Hoja de Especificaciones<\/a><\/li>\n<li style='margin-bottom: 8px; font-size: 18px;'>\u270f\ufe0f <a style='text-decoration: underline; color: inherit; font-size: 18px;' href='https:\/\/ftp3.syscom.mx\/usuarios\/ftp\/2025\/12\/17\/2251\/RGEG710XS_Router_Installation_Guide.pdf' target='_blank' rel='noopener noreferrer'>Manual de Instalaci\u00f3n<\/a><\/li>\n<li style='margin-bottom: 8px; font-size: 18px;'>\u2734\ufe0f <a style='text-decoration: underline; color: inherit; font-size: 18px;' href='https:\/\/reyee.ruijie.com\/en-global\/support\/' target='_blank' rel='noopener noreferrer'>Firmware m\u00e1s reciente<\/a><\/li>\n<\/ul>\n<\/div>\n<div style='flex: 1 1 200px;'>\n<h4 style='font-size: 16px; font-weight: bold; text-transform: uppercase; opacity: 0.8; color: inherit;'><span style='font-size: 18px;'>Accesorios<\/span><\/h4>\n<ul style='list-style: none; padding: 0; font-size: 14px;'>\n<li style='margin-bottom: 8px; font-size: 18px;'><span style='font-size: 24px;' id='isPasted'>\u260d<\/span> <a style='text-decoration: underline; color: inherit; font-size: 18px;' href='https:\/\/www.syscom.mx\/products\/162897' target='_blank' rel='noopener noreferrer'>Cable AC (AC-CORD-1.8M)<\/a><\/li>\n<li style='margin-bottom: 8px; font-size: 18px;'><span style='font-size: 24px;' id='isPasted'>\u260d<\/span> <a style='text-decoration: underline; color: inherit; font-size: 18px;' href='https:\/\/www.syscom.mx\/producto\/LP-REP-1205-CH-LINKEDPRO-BY-EPCOM-154049.html' target='_blank' rel='noopener noreferrer'>Rack Pared (LP-REP-1205-CH)<\/a><\/li>\n<\/ul>\n<\/div>\n<div style='flex: 1 1 200px;'>\n<h4 style='font-size: 16px; font-weight: bold; text-transform: uppercase; opacity: 0.8; color: inherit;'><span style='font-size: 18px;'>Utilidades<\/span><\/h4>\n<ul style='list-style: none; padding: 0; font-size: 14px;'>\n<li style='margin-bottom: 8px; font-size: 18px;'>\u2601\ufe0f <a style='text-decoration: underline; color: inherit; font-size: 18px;' href='https:\/\/cloud-la.ruijienetworks.com\/' target='_blank' rel='noopener'>Ruijie Cloud<\/a><\/li>\n<li style='margin-bottom: 8px; font-size: 18px;'>\u25b6\ufe0f <strong>App:<\/strong> <a style='text-decoration: underline; color: inherit; font-size: 18px;' href='https:\/\/play.google.com\/store\/apps\/details?id=cn.com.ruijie.cloudapp&#038;hl=es_MX&#038;pli=1' target='_blank' rel='noopener noreferrer'>Android<\/a> | <a style='text-decoration: underline; color: inherit; font-size: 18px;' href='https:\/\/apps.apple.com\/us\/app\/ruijie-reyee\/id1423429270' target='_blank' rel='noopener noreferrer'>iOS<\/a><\/li>\n<\/ul>\n<\/div>\n<\/div>\n<div style='text-align: center;'>\n<hr style='border: 0; border-top: 1px solid rgba(150&comma; 150&comma; 150&comma; 0.3); margin: 30px 0;'>\n<p><\/p>\n<p><img style='max-width: 100%; height: auto; border-radius: 8px; border: 1px solid rgba(150&comma; 150&comma; 150&comma; 0.3);' src='http:\/\/ftp3.syscom.mx\/usuarios\/ftp\/2025\/12\/17\/2251\/20250910_10_16_02.jpg_froala_69431bc44cbff' alt=''> <img style='max-width: 100%; height: auto; border-radius: 8px; border: 1px solid rgba(150&comma; 150&comma; 150&comma; 0.3);' src='http:\/\/ftp3.syscom.mx\/usuarios\/ftp\/2025\/12\/17\/2251\/20250910_10_15_38.jpg_froala_69431bcb6091d' alt=''><\/div>\n<\/div>\n","protected":false},"excerpt":{"rendered":"<p>Router Balanceador con Funci\u00f3n SD-WAN, Hasta 9 Servicios de Internet y hasta 700 clientes con desempe\u00f1o de 3 Gbps<\/p>\n","protected":false},"featured_media":85691,"comment_status":"open","ping_status":"closed","template":"","meta":[],"product_brand":[],"product_cat":[2036,2035,2034],"product_tag":[2039,2038,664,2037,2123],"class_list":{"0":"post-85692","1":"product","2":"type-product","3":"status-publish","4":"has-post-thumbnail","6":"product_cat-balanceadores","7":"product_cat-firewalls","8":"product_cat-routers","9":"product_tag-balanceadores","10":"product_tag-firewalls","11":"product_tag-networking","12":"product_tag-routers","13":"product_tag-ruijie","15":"first","16":"instock","17":"sale","18":"shipping-taxable","19":"purchasable","20":"product-type-simple"},"_links":{"self":[{"href":"https:\/\/soydeaqui.ddns.net\/pachuca\/index.php\/wp-json\/wp\/v2\/product\/85692","targetHints":{"allow":["GET"]}}],"collection":[{"href":"https:\/\/soydeaqui.ddns.net\/pachuca\/index.php\/wp-json\/wp\/v2\/product"}],"about":[{"href":"https:\/\/soydeaqui.ddns.net\/pachuca\/index.php\/wp-json\/wp\/v2\/types\/product"}],"replies":[{"embeddable":true,"href":"https:\/\/soydeaqui.ddns.net\/pachuca\/index.php\/wp-json\/wp\/v2\/comments?post=85692"}],"wp:featuredmedia":[{"embeddable":true,"href":"https:\/\/soydeaqui.ddns.net\/pachuca\/index.php\/wp-json\/wp\/v2\/media\/85691"}],"wp:attachment":[{"href":"https:\/\/soydeaqui.ddns.net\/pachuca\/index.php\/wp-json\/wp\/v2\/media?parent=85692"}],"wp:term":[{"taxonomy":"product_brand","embeddable":true,"href":"https:\/\/soydeaqui.ddns.net\/pachuca\/index.php\/wp-json\/wp\/v2\/product_brand?post=85692"},{"taxonomy":"product_cat","embeddable":true,"href":"https:\/\/soydeaqui.ddns.net\/pachuca\/index.php\/wp-json\/wp\/v2\/product_cat?post=85692"},{"taxonomy":"product_tag","embeddable":true,"href":"https:\/\/soydeaqui.ddns.net\/pachuca\/index.php\/wp-json\/wp\/v2\/product_tag?post=85692"}],"curies":[{"name":"wp","href":"https:\/\/api.w.org\/{rel}","templated":true}]}}