{"id":85679,"date":"2026-03-19T21:48:20","date_gmt":"2026-03-19T21:48:20","guid":{"rendered":"https:\/\/soydeaqui.ddns.net\/pachuca\/index.php\/producto\/bateria-lxt-litio-ion-de-40v-5-0-ah-con-indicador-de-nivel-de-carga\/"},"modified":"2026-03-19T21:48:24","modified_gmt":"2026-03-19T21:48:24","slug":"bateria-lxt-litio-ion-de-40v-5-0-ah-con-indicador-de-nivel-de-carga","status":"publish","type":"product","link":"https:\/\/soydeaqui.ddns.net\/pachuca\/index.php\/producto\/bateria-lxt-litio-ion-de-40v-5-0-ah-con-indicador-de-nivel-de-carga\/","title":{"rendered":"Bater\u00eda LXT Litio-Ion de 40V 5.0 Ah, con indicador de nivel de carga."},"content":{"rendered":"<div style='width: 100%; max-width: 1200px; margin: 0 auto; font-family: sans-serif; line-height: 1.6; color: inherit; background-color: transparent;'>\n<div style='text-align: center; margin-bottom: 30px;'> <img style='width: 100%; max-width: 600px; height: auto; border: 1px solid rgba(150&comma;150&comma;150&comma;0.3); border-radius: 8px;' src='data:image\/png;base64&comma;iVBORw0KGgoAAAANSUhEUgAAATYAAABgCAYAAACXHF73AAAAAXNSR0IArs4c6QAAAARnQU1BAACxjwv8YQUAAAAJcEhZcwAADsMAAA7DAcdvqGQAABimSURBVHhe7Z0HeFVVtsfXTUIKKaT3Tgi9h957BwFp0qQXpQnSBOlNQECkK1V677333nuvUqQn9J7f91v3zJ15J5NQZ5K577P2Ss69Z5999j7n2d\/617+eB8MwDMN0B7zHxjAM41hY2BiGcRwsbAzDOA4WNoZhHAcLG8MwjoOFjWEYx8HCxjCM42BhYxjGcbCwMQzjOFjYGIZxHCxsDMM4DhY2hmEcBwsbwzCOg4WNYRjHwcLGMIzjYGFjGMZxsLAxDOM4WNgYhnEcLGwMwzgOFjaGYRwHCxvDMI6DhY1hGMfBwsYwjONgYWMYxnGwsDEM4zhY2BiGcRwsbAzDOA4WNoZhHAcLG8MwjoOFjWEYx8HCxjCM42BhYxjGcbCwMQzjOFjYGIZxHCxsDMM4DhY2hmEcBwsbwzCOg4WNYRjHwcLGMIzjYGFjGMZxsLAxDOM4WNgYhnEcLGwMwzgOFjaGYRwHCxvDMI6DhY1hGMfBwsYwjONgYWMYxnGwsDEM4zhY2BiGcRwsbAzDOA4WNoZhHAcLG8MwjoOFjWEYx8HCxjCM42BhYxjGcbCwMQzjOFjYGIZxHCxsDMM4DhY2hmEcBwsbwzCOg4WNYRjHwcLGMIzjYGFjGMZxsLAxDOM4WNgYhnEcLGwMwzgOFjaGYRwHCxvDMI6DhY1hGMfBwsYwjONgYWMYxnGwsDEM4zhY2BiGcRwsbAzDOA4WNoZhHAcLG8MwjoOFjWEYx8HCxjCM42BhYxjGcbCwMQzjOFjYGIZxHCxsDMM4DhY2hmEcBwsbwzCOg4WNYRjHwcLGMIzjYGFjGMZxsLAxDOM4WNgYhnEcLGwMwzgOFjaGYRwHCxvDMI6DhY1hGMfBwsYwjONgYWMYxnGwsDEM4zhY2BiGcRwsbAzDOA4WNoZhHAcLG8MwjoOFjWEYx8HCxjCM42BhYxjGcbCwMQzjOFjYGIZxHCxsDMM4DhY2hmEcBwsbwzCOg4WNYRjHwcLGMIzjYGFjGMZxsLAxDOM4WNgYhnEcLGwMwzgOFjaGYRwHCxvDMI6DhY1hGMfBwsYwjONgYWMYxnGwsDEM4zhY2BiGcRwsbAzDOA4WNoZhHAcLG8MwjoOFjWEYx8HCxjCM42BhYxjGcbCwMQzjOFjYGIZxHCxsDMM4DhY2hmEcBwsbwzCOg4WNYRjHwcLGMIzjYGFjGMZxsLAxDOM4WNgYhnEcLGwMwzgOFjaGYRwHCxvDMI6DhY1hGMfBwsYwjONgYWMYxnGwsDEM4zhY2BiGcRwsbAzDOA4WNoZhHAcLG8MwjoOFjWEYx8HCxjCM42BhYxjGcbCwMQzjOFjYGIZxHCxsDMM4DhY2hmEcBwsbwzCOg4WNYRjHwcLGMIzjYGFjGMZxsLAxDOM4WNgYhnEcLGwMwzgOFjaGYRwHCxvDMI6DhY1hGMfBwsYwjONgYWMYxnGwsDEM4zhY2BiGcRwsbAzDOA4WNoZhHAcLG8MwjoOFjWEYx8HCxjCM42BhYxjGcbCwMQzjOFjYGIZxHCxsDMM4DhY2hmEcBwsbwzCOg4WNYRjHwcLGMIzjYGFjGMZxsLAxDOM4WNgYhnEcLGwMwzgOFjaGYRwHCxvDMI6DhY1hGMfBwsYwjONgYWMYxnGwsDEM4zhY2BiGcRwsbAzDOA4WNoZhHAcLG8MwjoOFjWEYx8HCxjCM42BhYxjGcbCwMQzjOFjYGIZxHCxsDMM4DhY2hmEcBwsbwzCOg4WNYRjHwcLGMIzjYGFjGMZxsLAxDOM4WNgYhnEcLGwMwzgOFjaGYRwHCxvDMI6DhY1hGMfBwsYwjONgYWMYxnGwsDEM4zhY2BiGcRwsbAzDOA4WNoZhHAcLG8MwjoOFjWEYx8HCxjCM42BhYxjGcbCwMQzjOFjYGIZxHCxsDMM4DhY2hmEcBwsbwzCOg4WNYRjHwcLGMIzjYGFjGMZxsLAxDOM4WNgYhnEcLGwMwzgOFjaGYRwHCxvDMI6DhY1hGMfBwsYwjONgYWMYxnGwsDEM4zhY2BiGcRwsbAzDOA4WNoZhHAcLG8MwjoOFjWEYx8HCxjCM42BhYxjGcbCwMQzjOFjYGIZxHCxsDMM4DhY2hmEcBwsbwzCOg4WNYRjH8X8D085K7Z7E6QAAAABJRU5ErkJggg==' alt=''> <\/div>\n<div style='margin-bottom: 30px;'>\n<p>La bater\u00eda LXT\u00ae Litio-Ion de 40V de Makita con indicador de nivel de carga&comma; para herramientas de alto consumo se carga m\u00e1s r\u00e1pido y trabaja m\u00e1s tiempo que las bater\u00edas litio-ion est\u00e1ndar&comma; brind\u00e1ndole a usted y a su herramienta inal\u00e1mbrica&comma; rendimiento y productividad inigualable para terminar las aplicaciones m\u00e1s demandantes. La bater\u00eda 5.0Ah de Makita tiene un tiempo de carga l\u00edder&comma; as\u00ed que pasa m\u00e1s tiempo en el trabajo y menos tiempo en el cargador. Las bater\u00edas Litio-Ion de 40V de Makita resisten las autodescargas as\u00ed que est\u00e1n listas a\u00fan despu\u00e9s de per\u00edodos largos de almacenamiento.<\/p>\n<\/p><\/div>\n<div style='margin-bottom: 30px;'>\n<h3 style='font-size: 22px; border-bottom: 2px solid currentColor; padding-bottom: 5px; margin-top: 0; color: inherit; opacity: 0.8;'>Especificaciones<\/h3>\n<ul style='padding-left: 20px; font-size: 15px; color: inherit;'>\n<li style='margin-bottom: 5px;'>Tensi\u00f3n de la bater\u00eda: <strong>40V<\/strong><\/li>\n<li style='margin-bottom: 5px;'>Amperaje: <strong>5.0 Ah<\/strong><\/li>\n<li style='margin-bottom: 5px;'>Tipo de bater\u00eda: <strong>LXT<\/strong><\/li>\n<li style='margin-bottom: 5px;'>Indicador de carga de bater\u00eda: <strong>Si<\/strong><\/li>\n<li style='margin-bottom: 5px;'>N\u00famero de bater\u00edas: <strong>1<\/strong><\/li>\n<\/ul><\/div>\n<div style='margin-bottom: 30px;'>\n<p>Los cargadores de bater\u00edas Makita est\u00e1n dise\u00f1ados especialmente para ser compatibles con las bater\u00edas Makita correspondientes. Esto significa que cada cargador est\u00e1 dise\u00f1ado para proporcionar la corriente y el voltaje para cada modelo.<\/p>\n<p>Es importante destacar que no todos los cargadores Makita son compatibles con todas las bater\u00edas Makita.<\/p>\n<p>Makita ofrece una amplia variedad de bater\u00edas con diferentes capacidades y tecnolog\u00edas&comma; a continuaci\u00f3n se presenta una tabla de compatibilidad:<\/p>\n<\/p><\/div>\n<div style='margin-bottom: 30px;'> <img style='width: 100%; height: auto; border: 1px solid rgba(150&comma;150&comma;150&comma;0.3); border-radius: 8px;' src='https:\/\/ftp3.syscom.mx\/usuarios\/mtopete\/Imagen%20Pagina\/Makita\/COMPATIBILIDAD%20MAKITA%20BAT.JPG' alt='Tabla de compatibilidad Makita'> <\/div>\n<div>\n<p><strong>Nota:<\/strong> La serie &#8216;G&#8217; es solo compatible con equipos que manejan bater\u00eda blanca de f\u00e1brica.<\/p>\n<\/p><\/div>\n<hr style='border: 0; border-top: 1px solid rgba(150&comma; 150&comma; 150&comma; 0.3); margin: 30px 0;'> <\/div>\n","protected":false},"excerpt":{"rendered":"<p>Bater\u00eda LXT Litio-Ion de 40V 5.0 Ah, con indicador de nivel de carga.<\/p>\n","protected":false},"featured_media":85678,"comment_status":"open","ping_status":"closed","template":"","meta":[],"product_brand":[],"product_cat":[130],"product_tag":[25,131,252],"class_list":{"0":"post-85679","1":"product","2":"type-product","3":"status-publish","4":"has-post-thumbnail","6":"product_cat-herramientas-electricas","7":"product_tag-herramientas","8":"product_tag-herramientas-electricas","9":"product_tag-makita","11":"first","12":"outofstock","13":"sale","14":"shipping-taxable","15":"purchasable","16":"product-type-simple"},"_links":{"self":[{"href":"https:\/\/soydeaqui.ddns.net\/pachuca\/index.php\/wp-json\/wp\/v2\/product\/85679","targetHints":{"allow":["GET"]}}],"collection":[{"href":"https:\/\/soydeaqui.ddns.net\/pachuca\/index.php\/wp-json\/wp\/v2\/product"}],"about":[{"href":"https:\/\/soydeaqui.ddns.net\/pachuca\/index.php\/wp-json\/wp\/v2\/types\/product"}],"replies":[{"embeddable":true,"href":"https:\/\/soydeaqui.ddns.net\/pachuca\/index.php\/wp-json\/wp\/v2\/comments?post=85679"}],"wp:featuredmedia":[{"embeddable":true,"href":"https:\/\/soydeaqui.ddns.net\/pachuca\/index.php\/wp-json\/wp\/v2\/media\/85678"}],"wp:attachment":[{"href":"https:\/\/soydeaqui.ddns.net\/pachuca\/index.php\/wp-json\/wp\/v2\/media?parent=85679"}],"wp:term":[{"taxonomy":"product_brand","embeddable":true,"href":"https:\/\/soydeaqui.ddns.net\/pachuca\/index.php\/wp-json\/wp\/v2\/product_brand?post=85679"},{"taxonomy":"product_cat","embeddable":true,"href":"https:\/\/soydeaqui.ddns.net\/pachuca\/index.php\/wp-json\/wp\/v2\/product_cat?post=85679"},{"taxonomy":"product_tag","embeddable":true,"href":"https:\/\/soydeaqui.ddns.net\/pachuca\/index.php\/wp-json\/wp\/v2\/product_tag?post=85679"}],"curies":[{"name":"wp","href":"https:\/\/api.w.org\/{rel}","templated":true}]}}