{"id":85671,"date":"2026-03-19T21:48:02","date_gmt":"2026-03-19T21:48:02","guid":{"rendered":"https:\/\/soydeaqui.ddns.net\/pachuca\/index.php\/producto\/antena-symmetrical-horn-30-4ta-generacion-rango-de-frecuencia-5100-6775-mhz-ganancia-18-dbi-ip55-montaje-en-poste-20-55-mm-resistencia-al-viento-160-km-h\/"},"modified":"2026-03-19T21:48:03","modified_gmt":"2026-03-19T21:48:03","slug":"antena-symmetrical-horn-30-4ta-generacion-rango-de-frecuencia-5100-6775-mhz-ganancia-18-dbi-ip55-montaje-en-poste-20-55-mm-resistencia-al-viento-160-km-h","status":"publish","type":"product","link":"https:\/\/soydeaqui.ddns.net\/pachuca\/index.php\/producto\/antena-symmetrical-horn-30-4ta-generacion-rango-de-frecuencia-5100-6775-mhz-ganancia-18-dbi-ip55-montaje-en-poste-20-55-mm-resistencia-al-viento-160-km-h\/","title":{"rendered":"Antena Symmetrical Horn 30\u00b0 \/ 4ta Generaci\u00f3n \/ Rango de Frecuencia 5100 &#8211; 6775 MHz \/ Ganancia 18 dBi \/  IP55 \/ Montaje en Poste 20-55 mm \/ Resistencia al Viento 160 km\/h"},"content":{"rendered":"<div style='width: 100%; max-width: 1200px; margin: 0 auto; font-family: sans-serif; line-height: 1.6; color: inherit; background-color: transparent;'>\n<div style='margin-bottom: 30px;'>\n<p style='font-size: 17px; line-height: 1.6; margin: 0; color: inherit;'>La Antena Symmetrical Horn 30\u00b0 de 4ta generaci\u00f3n de RF elements ofrece un rendimiento excepcional en un factor de forma compacto. Dise\u00f1ada para despliegues densos y escalabilidad de red rentable&comma; esta antena cuenta con mejoras ergon\u00f3micas como un mango integrado y un soporte de montaje UBR estandarizado. Su rango de frecuencia de 5150 &#8211; 6700 MHz supera ampliamente la banda de 5 GHz&comma; proporcionando una soluci\u00f3n vers\u00e1til y eficiente.<\/p>\n<\/p><\/div>\n<div style='margin-bottom: 30px;'>\n<h3 style='font-size: 24px; font-weight: 600; margin-top: 0; margin-bottom: 20px; color: inherit; opacity: 0.9;'>Caracter\u00edsticas Principales<\/h3>\n<div style='display: flex; flex-wrap: wrap; gap: 20px;'>\n<div style='flex: 1 1 300px; min-width: 280px; border: 1px solid rgba(150&comma; 150&comma; 150&comma; 0.4); border-radius: 8px; overflow: hidden; display: flex; flex-direction: column;'>\n<div style='padding: 15px; border-bottom: 1px solid rgba(150&comma; 150&comma; 150&comma; 0.2); font-weight: bold; font-size: 18px; color: inherit;'>Caracter\u00edsticas<\/div>\n<div style='padding: 15px; color: inherit;'>\n<ul style='padding-left: 20px; margin: 0; font-size: 14px; list-style-type: disc; color: inherit;'>\n<li style='margin-bottom: 5px;'>Rango de frecuencia: 5150 &#8211; 6700 MHz<\/li>\n<li style='margin-bottom: 5px;'>Ganancia: 18 dBi<\/li>\n<li style='margin-bottom: 5px;'>Ancho de haz a -3 dB: 20\u00b0 en azimut y elevaci\u00f3n<\/li>\n<li style='margin-bottom: 5px;'>Ancho de haz a -6 dB: 30\u00b0 en azimut y elevaci\u00f3n<\/li>\n<li style='margin-bottom: 5px;'>Relaci\u00f3n frente-espalda: 33 dB<\/li>\n<li style='margin-bottom: 5px;'>Resistencia ambiental: IP55<\/li>\n<li style='margin-bottom: 5px;'>Resistencia al viento: 160 km\/h<\/li>\n<li style='margin-bottom: 5px;'>Montaje en poste: di\u00e1metro de 20-55 mm<\/li>\n<\/ul><\/div>\n<\/p><\/div>\n<\/p><\/div>\n<\/p><\/div>\n<div style='margin-bottom: 30px;'>\n<h3 style='font-size: 24px; font-weight: 600; margin-top: 0; margin-bottom: 20px; color: inherit; opacity: 0.9;'>Detalles T\u00e9cnicos<\/h3>\n<div style='display: flex; flex-wrap: wrap; gap: 20px; margin-bottom: 30px;'>\n<div style='flex: 1 1 250px; border: 1px solid rgba(150&comma; 150&comma; 150&comma; 0.4); border-radius: 8px; overflow: hidden; display: flex; flex-direction: column;'>\n<div style='padding: 15px; border-bottom: 1px solid rgba(150&comma; 150&comma; 150&comma; 0.2); font-weight: bold; font-size: 18px; color: inherit;'>Especificaciones<\/div>\n<div style='padding: 15px; color: inherit;'>\n<ul style='padding-left: 20px; margin: 0; font-size: 14px; list-style-type: disc; color: inherit;'>\n<li style='margin-bottom: 5px;'>Materiales: Pl\u00e1stico ABS resistente a UV&comma; Polietileno&comma; Aluminio&comma; Acero inoxidable<\/li>\n<li style='margin-bottom: 5px;'>Clasificaci\u00f3n de llama: UL 94 HB<\/li>\n<li style='margin-bottom: 5px;'>Temperatura de operaci\u00f3n: -30\u00b0C a +55\u00b0C<\/li>\n<li style='margin-bottom: 5px;'>Peso: 1.5 kg (unidad individual)<\/li>\n<li style='margin-bottom: 5px;'>Dimensiones de la caja de retail: 269 \u00d7 240 \u00d7 240 mm<\/li>\n<li style='margin-bottom: 5px;'>Dimensiones de la caja de cart\u00f3n (10 unidades): 1210 \u00d7 490 \u00d7 277 mm<\/li>\n<\/ul><\/div>\n<\/p><\/div>\n<div style='flex: 1 1 250px; border: 1px solid rgba(150&comma; 150&comma; 150&comma; 0.4); border-radius: 8px; overflow: hidden; display: flex; flex-direction: column;'>\n<div style='padding: 15px; border-bottom: 1px solid rgba(150&comma; 150&comma; 150&comma; 0.2); font-weight: bold; font-size: 18px; color: inherit;'>Interfaces y Conectividad<\/div>\n<div style='padding: 15px; color: inherit;'>\n<ul style='padding-left: 20px; margin: 0; font-size: 14px; list-style-type: disc; color: inherit;'>\n<li style='margin-bottom: 5px;'>Conexi\u00f3n de antena: Puerto Waveguide<\/li>\n<li style='margin-bottom: 5px;'>Compatibilidad: Cualquier plataforma inal\u00e1mbrica de 5 GHz con conector TwistPort\u2122 WG<\/li>\n<\/ul><\/div>\n<\/p><\/div>\n<\/p><\/div>\n<\/p><\/div>\n<div style='margin-bottom: 30px;'>\n<h3 style='font-size: 24px; font-weight: 600; margin-top: 0; margin-bottom: 20px; color: inherit; opacity: 0.9;'>Aplicaciones y Casos de Uso<\/h3>\n<div style='display: flex; flex-wrap: wrap; gap: 20px;'>\n<div style='flex: 1 1 300px; min-width: 280px; border: 1px solid rgba(150&comma; 150&comma; 150&comma; 0.4); border-radius: 8px; overflow: hidden; display: flex; flex-direction: column;'>\n<div style='padding: 15px; border-bottom: 1px solid rgba(150&comma; 150&comma; 150&comma; 0.2); font-weight: bold; font-size: 18px; color: inherit;'>Despliegues Denso<\/div>\n<div style='padding: 15px; color: inherit;'>\n<p style='margin: 0; color: inherit; font-size: 14px;'>\n<\/p><\/div>\n<\/p><\/div>\n<\/p><\/div>\n<\/p><\/div>\n<div style='margin-bottom: 30px;'> <img style='width: 100%; height: auto; border: 1px solid rgba(150&comma;150&comma;150&comma;0.3); border-radius: 8px;' src='http:\/\/ftp3.syscom.mx\/usuarios\/ftp\/2025\/07\/28\/2599\/1753717908336.png_froala_68879c94d3250' alt=''> <\/div>\n<hr style='border: 0; border-top: 1px solid rgba(150&comma; 150&comma; 150&comma; 0.3); margin: 30px 0;'> <\/div>\n","protected":false},"excerpt":{"rendered":"<p>Antena Symmetrical Horn 30\u00b0 \/ 4ta Generaci\u00f3n \/ Rango de Frecuencia 5100 &#8211; 6775 MHz \/ Ganancia 18 dBi \/  IP55 \/ Montaje en Poste 20-55 mm \/ Resistencia al Viento 160 km\/h<\/p>\n","protected":false},"featured_media":85670,"comment_status":"open","ping_status":"closed","template":"","meta":[],"product_brand":[],"product_cat":[1998],"product_tag":[1999,1980,1988],"class_list":{"0":"post-85671","1":"product","2":"type-product","3":"status-publish","4":"has-post-thumbnail","6":"product_cat-5-y-6-ghz","7":"product_tag-5-y-6-ghz","8":"product_tag-enlaces-ptp-y-ptmp","9":"product_tag-rf-elements","11":"first","12":"instock","13":"sale","14":"shipping-taxable","15":"purchasable","16":"product-type-simple"},"_links":{"self":[{"href":"https:\/\/soydeaqui.ddns.net\/pachuca\/index.php\/wp-json\/wp\/v2\/product\/85671","targetHints":{"allow":["GET"]}}],"collection":[{"href":"https:\/\/soydeaqui.ddns.net\/pachuca\/index.php\/wp-json\/wp\/v2\/product"}],"about":[{"href":"https:\/\/soydeaqui.ddns.net\/pachuca\/index.php\/wp-json\/wp\/v2\/types\/product"}],"replies":[{"embeddable":true,"href":"https:\/\/soydeaqui.ddns.net\/pachuca\/index.php\/wp-json\/wp\/v2\/comments?post=85671"}],"wp:featuredmedia":[{"embeddable":true,"href":"https:\/\/soydeaqui.ddns.net\/pachuca\/index.php\/wp-json\/wp\/v2\/media\/85670"}],"wp:attachment":[{"href":"https:\/\/soydeaqui.ddns.net\/pachuca\/index.php\/wp-json\/wp\/v2\/media?parent=85671"}],"wp:term":[{"taxonomy":"product_brand","embeddable":true,"href":"https:\/\/soydeaqui.ddns.net\/pachuca\/index.php\/wp-json\/wp\/v2\/product_brand?post=85671"},{"taxonomy":"product_cat","embeddable":true,"href":"https:\/\/soydeaqui.ddns.net\/pachuca\/index.php\/wp-json\/wp\/v2\/product_cat?post=85671"},{"taxonomy":"product_tag","embeddable":true,"href":"https:\/\/soydeaqui.ddns.net\/pachuca\/index.php\/wp-json\/wp\/v2\/product_tag?post=85671"}],"curies":[{"name":"wp","href":"https:\/\/api.w.org\/{rel}","templated":true}]}}