{"id":85667,"date":"2026-03-19T21:47:50","date_gmt":"2026-03-19T21:47:50","guid":{"rendered":"https:\/\/soydeaqui.ddns.net\/pachuca\/index.php\/producto\/pantalla-touch-4k-interactivo-de-86-con-lapiz-tactil-wifi-puertos-usb-rs232-lan-hdmi-dp-compatible-vesa\/"},"modified":"2026-03-19T21:47:57","modified_gmt":"2026-03-19T21:47:57","slug":"pantalla-touch-4k-interactivo-de-86-con-lapiz-tactil-wifi-puertos-usb-rs232-lan-hdmi-dp-compatible-vesa","status":"publish","type":"product","link":"https:\/\/soydeaqui.ddns.net\/pachuca\/index.php\/producto\/pantalla-touch-4k-interactivo-de-86-con-lapiz-tactil-wifi-puertos-usb-rs232-lan-hdmi-dp-compatible-vesa\/","title":{"rendered":"Pantalla Touch 4K Interactivo de 86&#8243; con L\u00e1piz T\u00e1ctil. WIFI,  Puertos USB\/RS232\/LAN\/HDMI\/DP, Compatible VESA"},"content":{"rendered":"<div style='width: 100%; max-width: 1200px; margin: 0 auto; font-family: sans-serif; line-height: 1.6; color: inherit; background-color: transparent;'>\n<div style='display: flex; flex-wrap: wrap; gap: 30px; margin-bottom: 30px;'>\n<div style='flex: 1 1 300px; min-width: 280px;'>\n<h3 style='font-size: 22px; border-bottom: 2px solid currentColor; padding-bottom: 5px; margin-top: 0; color: inherit; opacity: 0.8;'>Pol\u00edtica de Garant\u00eda<\/h3>\n<ul style='padding-left: 20px; font-size: 15px; color: inherit;'>\n<li style='margin-bottom: 5px;'>SYSCOM se apega a las pol\u00edticas de garant\u00eda de cada proveedor de la marca y\/o f\u00e1brica.<\/li>\n<li style='margin-bottom: 5px;'>La cobertura de garant\u00eda por defecto de f\u00e1brica y\/o mal funcionamiento es de 30 d\u00edas con Syscom. Posterior a este periodo&comma; la garant\u00eda es directa con el fabricante.<\/li>\n<li style='margin-bottom: 5px;'>En quebraduras&comma; da\u00f1os f\u00edsicos de equipo y\/o empaque da\u00f1ado&comma; reportarlo dentro de las 24 horas posteriores a la fecha de recepci\u00f3n para el reclamo a paqueter\u00eda.<\/li>\n<\/ul><\/div>\n<\/p><\/div>\n<div style='display: flex; flex-wrap: wrap; gap: 20px; margin-bottom: 30px;'>\n<div style='flex: 1 1 250px; border: 1px solid rgba(150&comma; 150&comma; 150&comma; 0.4); border-radius: 8px; overflow: hidden; display: flex; flex-direction: column;'>\n<div style='padding: 15px; border-bottom: 1px solid rgba(150&comma; 150&comma; 150&comma; 0.2); font-weight: bold; font-size: 18px; color: inherit;'>Caracter\u00edsticas principales<\/div>\n<div style='padding: 15px; color: inherit;'>\n<ul style='padding-left: 20px; margin: 0; font-size: 14px; list-style-type: disc;'>\n<li style='margin-bottom: 5px;'>Tama\u00f1o diagonal 86&#8242;<\/li>\n<li style='margin-bottom: 5px;'>Resoluci\u00f3n 3840 x 2160<\/li>\n<li style='margin-bottom: 5px;'>Brillo 400nits<\/li>\n<li style='margin-bottom: 5px;'>\u00c1ngulo de visi\u00f3n 178:178<\/li>\n<li style='margin-bottom: 5px;'>Frecuencia 60Hz<\/li>\n<li style='margin-bottom: 5px;'>Tiempo de respuesta t\u00e1ctil 8ms<\/li>\n<li style='margin-bottom: 5px;'>Operaci\u00f3n 12\/7<\/li>\n<li style='margin-bottom: 5px;'>Sistema operativo Android 13<\/li>\n<li style='margin-bottom: 5px;'>Permite instalar aplicaciones APK<\/li>\n<li style='margin-bottom: 5px;'>Tecnolog\u00eda Touch: IR<\/li>\n<\/ul><\/div>\n<\/p><\/div>\n<div style='flex: 1 1 250px; border: 1px solid rgba(150&comma; 150&comma; 150&comma; 0.4); border-radius: 8px; overflow: hidden; display: flex; flex-direction: column;'>\n<div style='padding: 15px; border-bottom: 1px solid rgba(150&comma; 150&comma; 150&comma; 0.2); font-weight: bold; font-size: 18px; color: inherit;'>Funciones<\/div>\n<div style='padding: 15px; color: inherit;'>\n<ul style='padding-left: 20px; margin: 0; font-size: 14px; list-style-type: disc;'>\n<li style='margin-bottom: 5px;'>Importar: Visualice la pantalla de un dispositivo m\u00f3vil o port\u00e1til v\u00eda red de datos o USB.<\/li>\n<li style='margin-bottom: 5px;'>Exportar: Compartir sus creaciones v\u00eda USB&comma; email&comma; red de datos.<\/li>\n<li style='margin-bottom: 5px;'>Dibujar\/Resaltar\/Borrar&comma; cambio de grosor y del color del l\u00e1piz t\u00e1ctil.<\/li>\n<li style='margin-bottom: 5px;'>Multidibujos o creaciones por medio de multi listas.<\/li>\n<li style='margin-bottom: 5px;'>Permite conexiones inal\u00e1mbricas WiFi<\/li>\n<li style='margin-bottom: 5px;'>Puede existir sincronizaci\u00f3n con software Smart View o Screen Mirroring.<\/li>\n<li style='margin-bottom: 5px;'>Impresi\u00f3n de las creaciones a las impresoras disponibles en red.<\/li>\n<\/ul>\n<h4 style='margin-top: 15px; margin-bottom: 10px; font-size: 16px; color: inherit;'>Montajes compatibles<\/h4>\n<ul style='padding-left: 20px; margin: 0; font-size: 14px; list-style-type: disc;'>\n<li style='margin-bottom: 5px;'>Montaje de pared <a style='color: inherit; text-decoration: underline;' href='https:\/\/www.syscom.mx\/producto\/SP5-NB-EPCOM-220768.html'>SP5-NB<\/a><\/li>\n<li style='margin-bottom: 5px;'>Montaje de Piso m\u00f3vil: <a style='color: inherit; text-decoration: underline;' href='https:\/\/www.syscom.mx\/producto\/EMFS1B1-EPCOM-INDUSTRIAL-236036.html'>EMFS1B1<\/a><\/li>\n<\/ul><\/div>\n<\/p><\/div>\n<div style='flex: 1 1 250px; border: 1px solid rgba(150&comma; 150&comma; 150&comma; 0.4); border-radius: 8px; overflow: hidden; display: flex; flex-direction: column;'>\n<div style='padding: 15px; border-bottom: 1px solid rgba(150&comma; 150&comma; 150&comma; 0.2); font-weight: bold; font-size: 18px; color: inherit;'>Caracter\u00edsticas f\u00edsicas y el\u00e9ctricas<\/div>\n<div style='padding: 15px; color: inherit;'>\n<ul style='padding-left: 20px; margin: 0; font-size: 14px; list-style-type: disc;'>\n<li style='margin-bottom: 5px;'>Dimensiones: 1957 x 1160 x 99 mm<\/li>\n<li style='margin-bottom: 5px;'>Montaje Vesa 800 x 600 mm (No incluido)<\/li>\n<li style='margin-bottom: 5px;'>Color Gris<\/li>\n<li style='margin-bottom: 5px;'>Alimentaci\u00f3n 100-240Vca 50\/60Hz&comma; consumo 486W\/h<\/li>\n<li style='margin-bottom: 5px;'>Temperatura de operaci\u00f3n 0\u00ba a 40\u00baC<\/li>\n<li style='margin-bottom: 5px;'>Peso: 56.5 Kg.<\/li>\n<li style='margin-bottom: 5px;'>Dimensiones del paquete 2110 x 1283 x 225 mm<\/li>\n<\/ul><\/div>\n<\/p><\/div>\n<\/p><\/div>\n<hr style='border: 0; border-top: 1px solid rgba(150&comma; 150&comma; 150&comma; 0.3); margin: 30px 0;'>\n<div style='margin-bottom: 30px;'>\n<h2 style='text-align: center; font-size: 24px; margin-bottom: 15px; color: inherit;'>Posibilidades de aprendizaje ilimitadas<\/h2>\n<p> <img style='width: 100%; height: auto; border: 1px solid rgba(150&comma;150&comma;150&comma;0.3); border-radius: 8px;' src='https:\/\/images.samsung.com\/is\/image\/samsung\/p6pim\/mx\/feature\/164782722\/mx-feature-unlimited-learning-possibilities-538140076?$FB_TYPE_A_JPG$' alt=''> <\/div>\n<div style='margin-bottom: 30px;'>\n<h2 style='text-align: center; font-size: 24px; margin-bottom: 15px; color: inherit;'>Visualiza varias pantallas a la vez<\/h2>\n<p> <img style='width: 100%; height: auto; border: 1px solid rgba(150&comma;150&comma;150&comma;0.3); border-radius: 8px;' src='https:\/\/images.samsung.com\/is\/image\/samsung\/p6pim\/mx\/feature\/164503809\/mx-feature-interactive-display-wac-538235052?$FB_TYPE_A_JPG$' alt=''> <\/div>\n<div style='margin-bottom: 30px;'>\n<h2 style='text-align: center; font-size: 24px; margin-bottom: 15px; color: inherit;'>Uso compartido inteligente e inal\u00e1mbrico desde varios dispositivos<\/h2>\n<p> <img style='width: 100%; height: auto; border: 1px solid rgba(150&comma;150&comma;150&comma;0.3); border-radius: 8px;' src='https:\/\/images.samsung.com\/is\/image\/samsung\/p6pim\/mx\/feature\/164782725\/mx-feature-smart--wireless-sharing-from-multiple-devices-538140082?$FB_TYPE_A_JPG$' alt=''> <\/div>\n<div style='margin-bottom: 30px;'>\n<h2 style='text-align: center; font-size: 24px; margin-bottom: 15px; color: inherit;'>La presentaci\u00f3n comienza r\u00e1pidamente con conexi\u00f3n USB-C<\/h2>\n<p> <img style='width: 100%; height: auto; border: 1px solid rgba(150&comma;150&comma;150&comma;0.3); border-radius: 8px;' src='https:\/\/images.samsung.com\/is\/image\/samsung\/p6pim\/mx\/feature\/164503563\/mx-feature-interactive-display-wac-538235097?$FB_TYPE_A_JPG$' alt=''> <\/div>\n<div style='text-align: center; margin-top: 30px;'> <a style='display: inline-block; padding: 10px 20px; background-color: #0411FA; color: white; text-decoration: none; border-radius: 5px; font-weight: bold;' href='https:\/\/www.samsung.com\/mx\/support\/warranty\/'>GARANT\u00cdA 3 a\u00f1os<\/a> <\/div>\n<\/p><\/div>\n","protected":false},"excerpt":{"rendered":"<p>Pantalla Touch 4K Interactivo de 86&#8243; con L\u00e1piz T\u00e1ctil. WIFI,  Puertos USB\/RS232\/LAN\/HDMI\/DP, Compatible VESA<\/p>\n","protected":false},"featured_media":85666,"comment_status":"open","ping_status":"closed","template":"","meta":[],"product_brand":[],"product_cat":[2048],"product_tag":[2049,2193,2004],"class_list":{"0":"post-85667","1":"product","2":"type-product","3":"status-publish","4":"has-post-thumbnail","6":"product_cat-audio-video-conferencia","7":"product_tag-audio-video-conferencia","8":"product_tag-samsung-electronics","9":"product_tag-voip-telefonia-ip-videoconferencia","11":"first","12":"outofstock","13":"sale","14":"shipping-taxable","15":"purchasable","16":"product-type-simple"},"_links":{"self":[{"href":"https:\/\/soydeaqui.ddns.net\/pachuca\/index.php\/wp-json\/wp\/v2\/product\/85667","targetHints":{"allow":["GET"]}}],"collection":[{"href":"https:\/\/soydeaqui.ddns.net\/pachuca\/index.php\/wp-json\/wp\/v2\/product"}],"about":[{"href":"https:\/\/soydeaqui.ddns.net\/pachuca\/index.php\/wp-json\/wp\/v2\/types\/product"}],"replies":[{"embeddable":true,"href":"https:\/\/soydeaqui.ddns.net\/pachuca\/index.php\/wp-json\/wp\/v2\/comments?post=85667"}],"wp:featuredmedia":[{"embeddable":true,"href":"https:\/\/soydeaqui.ddns.net\/pachuca\/index.php\/wp-json\/wp\/v2\/media\/85666"}],"wp:attachment":[{"href":"https:\/\/soydeaqui.ddns.net\/pachuca\/index.php\/wp-json\/wp\/v2\/media?parent=85667"}],"wp:term":[{"taxonomy":"product_brand","embeddable":true,"href":"https:\/\/soydeaqui.ddns.net\/pachuca\/index.php\/wp-json\/wp\/v2\/product_brand?post=85667"},{"taxonomy":"product_cat","embeddable":true,"href":"https:\/\/soydeaqui.ddns.net\/pachuca\/index.php\/wp-json\/wp\/v2\/product_cat?post=85667"},{"taxonomy":"product_tag","embeddable":true,"href":"https:\/\/soydeaqui.ddns.net\/pachuca\/index.php\/wp-json\/wp\/v2\/product_tag?post=85667"}],"curies":[{"name":"wp","href":"https:\/\/api.w.org\/{rel}","templated":true}]}}