{"id":85665,"date":"2026-03-19T21:47:45","date_gmt":"2026-03-19T21:47:45","guid":{"rendered":"https:\/\/soydeaqui.ddns.net\/pachuca\/index.php\/producto\/switch-de-red-multi-gigabit-no-administrable-5-puertos-de2-5-gbps-4-poe-puerto-sfp-fibra-1-o-10-gbps-montaje-en-escritorio-o-pared-plug-and-play-tecnologia-verde\/"},"modified":"2026-03-19T21:47:47","modified_gmt":"2026-03-19T21:47:47","slug":"switch-de-red-multi-gigabit-no-administrable-5-puertos-de2-5-gbps-4-poe-puerto-sfp-fibra-1-o-10-gbps-montaje-en-escritorio-o-pared-plug-and-play-tecnologia-verde","status":"publish","type":"product","link":"https:\/\/soydeaqui.ddns.net\/pachuca\/index.php\/producto\/switch-de-red-multi-gigabit-no-administrable-5-puertos-de2-5-gbps-4-poe-puerto-sfp-fibra-1-o-10-gbps-montaje-en-escritorio-o-pared-plug-and-play-tecnologia-verde\/","title":{"rendered":"Switch de Red Multi-Gigabit No Administrable \/ 5 Puertos de2.5 Gbps (4 PoE) \/ Puerto SFP+ Fibra 1 o 10 Gbps \/ Montaje en Escritorio o Pared \/ Plug-and-Play \/ Tecnolog\u00eda Verde"},"content":{"rendered":"<div style='width: 100%; max-width: 1200px; margin: 0 auto; font-family: sans-serif; line-height: 1.6; color: inherit; background-color: transparent;'>\n<div style='margin-bottom: 30px;'>\n<p style='font-size: 17px; line-height: 1.6; margin: 0 0 20px; color: inherit;'> La serie GWN7700M de Grandstream son Switches de red Multi-Gigabit no administrables dise\u00f1ados para ofrecer conectividad de red de alta velocidad de hasta 2.5 Gbps. Ideales para oficinas dom\u00e9sticas&comma; peque\u00f1as y medianas empresas&comma; estos switches permiten velocidades de red r\u00e1pidas de Ethernet de 1 Gigabit y 2.5 Gigabit&comma; e incluyen un puerto de fibra Gigabit SFP+ para conectividad de enlace ascendente de alta velocidad de 1 Gigabit o 10 Gigabit. No requieren configuraci\u00f3n ni instalaci\u00f3n&comma; se pueden montar en escritorio o en pared&comma; y proporcionan MDI\/MDIX autom\u00e1tico para eliminar la necesidad de cables cruzados. <\/p>\n<\/p><\/div>\n<div style='margin-bottom: 30px;'>\n<h3 style='font-size: 24px; font-weight: 600; margin: 0 0 20px; color: inherit; border-bottom: 2px solid currentColor; padding-bottom: 5px; opacity: 0.85;'>Caracter\u00edsticas Principales<\/h3>\n<ul style='padding-left: 20px; font-size: 15px; color: inherit; list-style-type: disc;'>\n<li style='margin-bottom: 8px;'>Conectividad Multi-Gigabit de hasta 2.5 Gbps<\/li>\n<li style='margin-bottom: 8px;'>1~4 puertos Cumple con 802.3 af\/at; Hasta 30 W en cada puerto&comma; energ\u00eda estimada total de 57 W;<\/li>\n<li style='margin-bottom: 8px;'>Puertos de cobre 100\/1000\/2500 Mbps<\/li>\n<li style='margin-bottom: 8px;'>Puerto SFP+ Fibra con conectividad de 1 Gigabit o 10 Gigabit<\/li>\n<li style='margin-bottom: 8px;'>Montaje en escritorio o pared<\/li>\n<li style='margin-bottom: 8px;'>Plug-and-Play sin necesidad de configuraci\u00f3n<\/li>\n<li style='margin-bottom: 8px;'>MDI\/MDIX autom\u00e1tico para todos los puertos<\/li>\n<li style='margin-bottom: 8px;'>Tecnolog\u00eda verde que reduce el consumo de energ\u00eda<\/li>\n<\/ul><\/div>\n<div style='margin-bottom: 30px;'>\n<h3 style='font-size: 24px; font-weight: 600; margin: 0 0 20px; color: inherit; border-bottom: 2px solid currentColor; padding-bottom: 5px; opacity: 0.85;'>Detalles T\u00e9cnicos<\/h3>\n<div style='display: flex; flex-wrap: wrap; gap: 20px;'>\n<div style='flex: 1 1 250px; border: 1px solid rgba(150&comma; 150&comma; 150&comma; 0.4); border-radius: 8px; overflow: hidden; display: flex; flex-direction: column;'>\n<div style='padding: 15px; border-bottom: 1px solid rgba(150&comma; 150&comma; 150&comma; 0.2); font-weight: bold; font-size: 18px; color: inherit;'>Especificaciones<\/div>\n<div style='padding: 15px; color: inherit;'>\n<ul style='padding-left: 20px; margin: 0; font-size: 14px; list-style-type: disc;'>\n<li style='margin-bottom: 5px;'>Puertos: 5 puertos de cobre 100\/1000\/2500 Mbps<\/li>\n<li style='margin-bottom: 5px;'>Puerto SFP+ Fibra: 1 puerto con conectividad de 1 Gigabit o 10 Gigabit<\/li>\n<li style='margin-bottom: 5px;'>Capacidad de Switching: 45 Gbps (GWN7700M&comma; GWN7700MP) \/ 60 Gbps (GWN7701M)<\/li>\n<li style='margin-bottom: 5px;'>Jumbo Frame: 9 KB<\/li>\n<li style='margin-bottom: 5px;'>Consumo m\u00e1ximo de energ\u00eda: 7.0W (GWN7700M) \/ 7.2W (GWN7700MP) \/ 9.7W (GWN7701M)<\/li>\n<li style='margin-bottom: 5px;'>Dimensiones: 145 x 80 x 27mm (GWN7700M&comma; GWN7700MP) \/ 190 x 100 x 28mm (GWN7701M)<\/li>\n<\/ul><\/div>\n<\/p><\/div>\n<div style='flex: 1 1 250px; border: 1px solid rgba(150&comma; 150&comma; 150&comma; 0.4); border-radius: 8px; overflow: hidden; display: flex; flex-direction: column;'>\n<div style='padding: 15px; border-bottom: 1px solid rgba(150&comma; 150&comma; 150&comma; 0.2); font-weight: bold; font-size: 18px; color: inherit;'>Interfaces y Conectividad<\/div>\n<div style='padding: 15px; color: inherit;'>\n<ul style='padding-left: 20px; margin: 0; font-size: 14px; list-style-type: disc;'>\n<li style='margin-bottom: 5px;'>Puertos RJ45: 5 puertos 100\/1000\/2500 Mbps<\/li>\n<li style='margin-bottom: 5px;'>Puerto SFP+ Fibra: 1 puerto con conectividad de 1 Gigabit o 10 Gigabit<\/li>\n<li style='margin-bottom: 5px;'>Auto Negociaci\u00f3n y Auto MDI\/MDIX<\/li>\n<li style='margin-bottom: 5px;'>Puertos PoE: 4 puertos compatibles con IEEE 802.3af\/at (GWN7700MP)<\/li>\n<\/ul><\/div>\n<\/p><\/div>\n<\/p><\/div>\n<\/p><\/div>\n<div style='margin-bottom: 30px;'>\n<h3 style='font-size: 24px; font-weight: 600; margin: 0 0 20px; color: inherit; border-bottom: 2px solid currentColor; padding-bottom: 5px; opacity: 0.85;'>Aplicaciones y Casos de Uso<\/h3>\n<div style='display: grid; grid-template-columns: repeat(auto-fill&comma; minmax(250px&comma; 1fr)); gap: 20px;'>\n<div style='border: 1px solid rgba(150&comma; 150&comma; 150&comma; 0.4); border-radius: 8px; overflow: hidden; display: flex; flex-direction: column;'>\n<div style='padding: 15px; border-bottom: 1px solid rgba(150&comma; 150&comma; 150&comma; 0.2); font-weight: bold; font-size: 18px; color: inherit;'>Oficinas Dom\u00e9sticas<\/div>\n<div style='padding: 15px; color: inherit;'>\n<p style='margin: 0; font-size: 14px; color: inherit;'>Conectividad de alta velocidad para redes dom\u00e9sticas con m\u00faltiples dispositivos.<\/p>\n<\/p><\/div>\n<\/p><\/div>\n<div style='border: 1px solid rgba(150&comma; 150&comma; 150&comma; 0.4); border-radius: 8px; overflow: hidden; display: flex; flex-direction: column;'>\n<div style='padding: 15px; border-bottom: 1px solid rgba(150&comma; 150&comma; 150&comma; 0.2); font-weight: bold; font-size: 18px; color: inherit;'>Peque\u00f1as y Medianas Empresas<\/div>\n<div style='padding: 15px; color: inherit;'>\n<p style='margin: 0; font-size: 14px; color: inherit;'>Soluciones de red eficientes para empresas que requieren conectividad Multi-Gigabit.<\/p>\n<\/p><\/div>\n<\/p><\/div>\n<div style='border: 1px solid rgba(150&comma; 150&comma; 150&comma; 0.4); border-radius: 8px; overflow: hidden; display: flex; flex-direction: column;'>\n<div style='padding: 15px; border-bottom: 1px solid rgba(150&comma; 150&comma; 150&comma; 0.2); font-weight: bold; font-size: 18px; color: inherit;'>Dispositivos PoE<\/div>\n<div style='padding: 15px; color: inherit;'>\n<p style='margin: 0; font-size: 14px; color: inherit;'>Alimentaci\u00f3n y conectividad para tel\u00e9fonos IP&comma; c\u00e1maras IP y puntos de acceso Wi-Fi.<\/p>\n<\/p><\/div>\n<\/p><\/div>\n<\/p><\/div>\n<\/p><\/div>\n<hr style='border: 0; border-top: 1px solid rgba(150&comma; 150&comma; 150&comma; 0.3); margin: 30px 0;'> <\/div>\n","protected":false},"excerpt":{"rendered":"<p>Switch de Red Multi-Gigabit No Administrable \/ 5 Puertos de2.5 Gbps (4 PoE) \/ Puerto SFP+ Fibra 1 o 10 Gbps \/ Montaje en Escritorio o Pared \/ Plug-and-Play \/ Tecnolog\u00eda Verde<\/p>\n","protected":false},"featured_media":85664,"comment_status":"open","ping_status":"closed","template":"","meta":[],"product_brand":[],"product_cat":[1970],"product_tag":[909,664,1971],"class_list":{"0":"post-85665","1":"product","2":"type-product","3":"status-publish","4":"has-post-thumbnail","6":"product_cat-switches","7":"product_tag-grandstream","8":"product_tag-networking","9":"product_tag-switches","11":"first","12":"outofstock","13":"sale","14":"shipping-taxable","15":"purchasable","16":"product-type-simple"},"_links":{"self":[{"href":"https:\/\/soydeaqui.ddns.net\/pachuca\/index.php\/wp-json\/wp\/v2\/product\/85665","targetHints":{"allow":["GET"]}}],"collection":[{"href":"https:\/\/soydeaqui.ddns.net\/pachuca\/index.php\/wp-json\/wp\/v2\/product"}],"about":[{"href":"https:\/\/soydeaqui.ddns.net\/pachuca\/index.php\/wp-json\/wp\/v2\/types\/product"}],"replies":[{"embeddable":true,"href":"https:\/\/soydeaqui.ddns.net\/pachuca\/index.php\/wp-json\/wp\/v2\/comments?post=85665"}],"wp:featuredmedia":[{"embeddable":true,"href":"https:\/\/soydeaqui.ddns.net\/pachuca\/index.php\/wp-json\/wp\/v2\/media\/85664"}],"wp:attachment":[{"href":"https:\/\/soydeaqui.ddns.net\/pachuca\/index.php\/wp-json\/wp\/v2\/media?parent=85665"}],"wp:term":[{"taxonomy":"product_brand","embeddable":true,"href":"https:\/\/soydeaqui.ddns.net\/pachuca\/index.php\/wp-json\/wp\/v2\/product_brand?post=85665"},{"taxonomy":"product_cat","embeddable":true,"href":"https:\/\/soydeaqui.ddns.net\/pachuca\/index.php\/wp-json\/wp\/v2\/product_cat?post=85665"},{"taxonomy":"product_tag","embeddable":true,"href":"https:\/\/soydeaqui.ddns.net\/pachuca\/index.php\/wp-json\/wp\/v2\/product_tag?post=85665"}],"curies":[{"name":"wp","href":"https:\/\/api.w.org\/{rel}","templated":true}]}}