{"id":85663,"date":"2026-03-19T21:47:40","date_gmt":"2026-03-19T21:47:40","guid":{"rendered":"https:\/\/soydeaqui.ddns.net\/pachuca\/index.php\/producto\/gabinete-plastico-para-exterior-ip65-para-riel-din-4-espacios\/"},"modified":"2026-03-19T21:47:42","modified_gmt":"2026-03-19T21:47:42","slug":"gabinete-plastico-para-exterior-ip65-para-riel-din-4-espacios","status":"publish","type":"product","link":"https:\/\/soydeaqui.ddns.net\/pachuca\/index.php\/producto\/gabinete-plastico-para-exterior-ip65-para-riel-din-4-espacios\/","title":{"rendered":"Gabinete Pl\u00e1stico para Exterior IP65 para Riel Din 4 Espacios."},"content":{"rendered":"<div style='width: 100%; max-width: 1200px; margin: 0 auto; font-family: sans-serif; line-height: 1.6; color: inherit; background-color: transparent;'> <!-- Secci\u00f3n de contenido con flex\/grid --> <\/p>\n<div style='display: flex; flex-wrap: wrap; gap: 30px; margin-bottom: 30px;'>\n<div style='flex: 1 1 300px; min-width: 280px;'>\n<h3 style='font-size: 22px; border-bottom: 2px solid currentColor; padding-bottom: 5px; margin-top: 0; color: inherit; opacity: 0.8;'>APLICACIONES Y ALCANCE DE USO<\/h3>\n<p style='margin: 0 0 1em; color: inherit;'>La caja de distribuci\u00f3n de energ\u00eda de la serie PMHPN es <strong style='color: inherit;'>impermeable&comma; a prueba de polvo&comma; resistente a \u00e1cidos&comma; \u00e1lcalis&comma; impactos y rayos UV<\/strong>.<\/p>\n<p style='margin: 0 0 1em; color: inherit;'>Se utiliza ampliamente en <strong style='color: inherit;'>sistemas de energ\u00eda solar&comma; muelles exteriores&comma; puertos&comma; sistemas de distribuci\u00f3n el\u00e9ctrica al aire libre&comma; comunicaciones&comma; equipos mec\u00e1nicos&comma; industria qu\u00edmica&comma; petr\u00f3leo y otros entornos hostiles<\/strong>. Adecuada para condiciones severas y aplicaciones en exteriores&comma; con un rango de temperatura de <strong style='color: inherit;'>-20\u00b0C a +70\u00b0C<\/strong> y <strong style='color: inherit;'>buena resistencia a los rayos UV<\/strong>.<\/p>\n<\/p><\/div>\n<\/p><\/div>\n<p> <!-- Secci\u00f3n de cards con especificaciones --> <\/p>\n<div style='display: flex; flex-wrap: wrap; gap: 20px; margin-bottom: 30px;'>\n<div style='flex: 1 1 250px; border: 1px solid rgba(150&comma; 150&comma; 150&comma; 0.4); border-radius: 8px; overflow: hidden; display: flex; flex-direction: column;'>\n<div style='padding: 15px; border-bottom: 1px solid rgba(150&comma; 150&comma; 150&comma; 0.2); font-weight: bold; font-size: 18px; color: inherit;'>Dimensiones<\/div>\n<div style='padding: 15px; color: inherit;'>\n<ul style='padding-left: 20px; margin: 0; font-size: 14px; list-style-type: disc; color: inherit;'>\n<li style='margin-bottom: 5px; color: inherit;'><strong style='color: inherit;'>Alto:<\/strong> 210mm<\/li>\n<li style='margin-bottom: 5px; color: inherit;'><strong style='color: inherit;'>Ancho:<\/strong> 145mm<\/li>\n<li style='margin-bottom: 5px; color: inherit;'><strong style='color: inherit;'>Profundidad:<\/strong> 98.4 mm<\/li>\n<\/ul><\/div>\n<\/p><\/div>\n<\/p><\/div>\n<p> <!-- Separador --> <\/p>\n<hr style='border: 0; border-top: 1px solid rgba(150&comma; 150&comma; 150&comma; 0.3); margin: 30px 0;'> <\/div>\n","protected":false},"excerpt":{"rendered":"<p>Gabinete Pl\u00e1stico para Exterior IP65 para Riel Din 4 Espacios.<\/p>\n","protected":false},"featured_media":85662,"comment_status":"open","ping_status":"closed","template":"","meta":[],"product_brand":[],"product_cat":[637],"product_tag":[638,605,728],"class_list":{"0":"post-85663","1":"product","2":"type-product","3":"status-publish","4":"has-post-thumbnail","6":"product_cat-gabinetes-para-intemperie","7":"product_tag-gabinetes-para-intemperie","8":"product_tag-racks-y-gabinetes","9":"product_tag-suntree","11":"first","12":"outofstock","13":"sale","14":"shipping-taxable","15":"purchasable","16":"product-type-simple"},"_links":{"self":[{"href":"https:\/\/soydeaqui.ddns.net\/pachuca\/index.php\/wp-json\/wp\/v2\/product\/85663","targetHints":{"allow":["GET"]}}],"collection":[{"href":"https:\/\/soydeaqui.ddns.net\/pachuca\/index.php\/wp-json\/wp\/v2\/product"}],"about":[{"href":"https:\/\/soydeaqui.ddns.net\/pachuca\/index.php\/wp-json\/wp\/v2\/types\/product"}],"replies":[{"embeddable":true,"href":"https:\/\/soydeaqui.ddns.net\/pachuca\/index.php\/wp-json\/wp\/v2\/comments?post=85663"}],"wp:featuredmedia":[{"embeddable":true,"href":"https:\/\/soydeaqui.ddns.net\/pachuca\/index.php\/wp-json\/wp\/v2\/media\/85662"}],"wp:attachment":[{"href":"https:\/\/soydeaqui.ddns.net\/pachuca\/index.php\/wp-json\/wp\/v2\/media?parent=85663"}],"wp:term":[{"taxonomy":"product_brand","embeddable":true,"href":"https:\/\/soydeaqui.ddns.net\/pachuca\/index.php\/wp-json\/wp\/v2\/product_brand?post=85663"},{"taxonomy":"product_cat","embeddable":true,"href":"https:\/\/soydeaqui.ddns.net\/pachuca\/index.php\/wp-json\/wp\/v2\/product_cat?post=85663"},{"taxonomy":"product_tag","embeddable":true,"href":"https:\/\/soydeaqui.ddns.net\/pachuca\/index.php\/wp-json\/wp\/v2\/product_tag?post=85663"}],"curies":[{"name":"wp","href":"https:\/\/api.w.org\/{rel}","templated":true}]}}