{"id":85626,"date":"2026-03-19T21:45:58","date_gmt":"2026-03-19T21:45:58","guid":{"rendered":"https:\/\/soydeaqui.ddns.net\/pachuca\/index.php\/producto\/switch-de-red-administrable-capa-2-lite-8-puertos-gigabit-ethernet-4-puertos-poe-vlan-qos-snooping-igmp-montaje-en-pared-y-escritorio-compatible-con-gdms\/"},"modified":"2026-03-19T21:46:07","modified_gmt":"2026-03-19T21:46:07","slug":"switch-de-red-administrable-capa-2-lite-8-puertos-gigabit-ethernet-4-puertos-poe-vlan-qos-snooping-igmp-montaje-en-pared-y-escritorio-compatible-con-gdms","status":"publish","type":"product","link":"https:\/\/soydeaqui.ddns.net\/pachuca\/index.php\/producto\/switch-de-red-administrable-capa-2-lite-8-puertos-gigabit-ethernet-4-puertos-poe-vlan-qos-snooping-igmp-montaje-en-pared-y-escritorio-compatible-con-gdms\/","title":{"rendered":"Switch de Red Administrable Capa 2 Lite \/ 8 Puertos Gigabit Ethernet \/ 4 Puertos PoE \/ VLAN \/ QoS \/ Snooping IGMP \/ Montaje en Pared y Escritorio \/ Compatible con GDMS"},"content":{"rendered":"<div style='width: 100%; max-width: 1200px; margin: 0 auto; font-family: sans-serif; line-height: 1.6; color: inherit; background-color: transparent;'>\n<div style='margin-bottom: 30px;'>\n<p style='font-size: 18px; line-height: 1.6; color: inherit;'>La serie GWN7711(P) son switches de red administrables de capa 2 Lite dise\u00f1ados para peque\u00f1as y medianas empresas&comma; permitiendo la creaci\u00f3n de redes comerciales escalables&comma; seguras e inteligentes. Estos switches son f\u00e1ciles de usar y administrar desde la nube&comma; ofreciendo VLANs para segmentaci\u00f3n de tr\u00e1fico&comma; QoS para priorizaci\u00f3n de tr\u00e1fico&comma; snooping IGMP para optimizaci\u00f3n de rendimiento y capacidades de seguridad integrales. El modelo GWN7711P incluye 4 puertos PoE para alimentar dispositivos como tel\u00e9fonos IP&comma; c\u00e1maras IP y puntos de acceso Wi-Fi.<\/p>\n<\/p><\/div>\n<div style='margin-bottom: 30px;'>\n<h3 style='font-size: 24px; border-bottom: 2px solid currentColor; padding-bottom: 5px; margin-top: 0; margin-bottom: 20px; color: inherit; opacity: 0.8;'>Caracter\u00edsticas Principales<\/h3>\n<ul style='padding-left: 20px; font-size: 15px; color: inherit;'>\n<li style='margin-bottom: 8px;'>8 puertos Gigabit Ethernet con 4 puertos PoE<\/li>\n<li style='margin-bottom: 8px;'>Control de energ\u00eda inteligente para asignaci\u00f3n din\u00e1mica de energ\u00eda PoE\/PoE+<\/li>\n<li style='margin-bottom: 8px;'>VLAN de voz para garantizar calidad de conexi\u00f3n VoIP<\/li>\n<li style='margin-bottom: 8px;'>QoS para priorizaci\u00f3n de tr\u00e1fico de red<\/li>\n<li style='margin-bottom: 8px;'>Snooping IGMP para optimizaci\u00f3n de rendimiento de red<\/li>\n<li style='margin-bottom: 8px;'>Compatibilidad con GDMS Networking y GWN Manager<\/li>\n<li style='margin-bottom: 8px;'>Montaje en pared y escritorio<\/li>\n<\/ul><\/div>\n<div style='margin-bottom: 30px;'>\n<h3 style='font-size: 24px; border-bottom: 2px solid currentColor; padding-bottom: 5px; margin-top: 0; margin-bottom: 20px; color: inherit; opacity: 0.8;'>Detalles T\u00e9cnicos<\/h3>\n<div style='display: flex; flex-wrap: wrap; gap: 20px;'>\n<div style='flex: 1 1 250px; border: 1px solid rgba(150&comma; 150&comma; 150&comma; 0.4); border-radius: 8px; overflow: hidden; display: flex; flex-direction: column;'>\n<div style='padding: 15px; border-bottom: 1px solid rgba(150&comma; 150&comma; 150&comma; 0.2); font-weight: bold; font-size: 18px; color: inherit;'>Especificaciones<\/div>\n<div style='padding: 15px; color: inherit;'>\n<ul style='padding-left: 20px; margin: 0; font-size: 14px; list-style-type: disc;'>\n<li style='margin-bottom: 5px;'>8 puertos Gigabit Ethernet<\/li>\n<li style='margin-bottom: 5px;'>4 puertos PoE con salida est\u00e1ndar 802.3af\/at<\/li>\n<li style='margin-bottom: 5px;'>Potencia m\u00e1xima total de salida PoE: 60W<\/li>\n<li style='margin-bottom: 5px;'>Potencia m\u00e1xima de salida por puerto PoE: 30W<\/li>\n<li style='margin-bottom: 5px;'>Rendimiento total sin bloqueo: 8Gbps<\/li>\n<li style='margin-bottom: 5px;'>Capacidad de conmutaci\u00f3n: 16Gbps<\/li>\n<li style='margin-bottom: 5px;'>Jumbo Frame: 2K\/3K\/4K\/5K\/6K\/7K\/8K\/9K\/12K\/15K<\/li>\n<li style='margin-bottom: 5px;'>B\u00fafer de paquete: 4Mb<\/li>\n<li style='margin-bottom: 5px;'>Capacidad de direcci\u00f3n MAC: 8K<\/li>\n<\/ul><\/div>\n<\/p><\/div>\n<div style='flex: 1 1 250px; border: 1px solid rgba(150&comma; 150&comma; 150&comma; 0.4); border-radius: 8px; overflow: hidden; display: flex; flex-direction: column;'>\n<div style='padding: 15px; border-bottom: 1px solid rgba(150&comma; 150&comma; 150&comma; 0.2); font-weight: bold; font-size: 18px; color: inherit;'>Interfaces y Conectividad<\/div>\n<div style='padding: 15px; color: inherit;'>\n<ul style='padding-left: 20px; margin: 0; font-size: 14px; list-style-type: disc;'>\n<li style='margin-bottom: 5px;'>Puertos Gigabit Ethernet: 8<\/li>\n<li style='margin-bottom: 5px;'>Puertos PoE: 4<\/li>\n<li style='margin-bottom: 5px;'>Puerto auxiliar: 1 orificio de reinicio<\/li>\n<li style='margin-bottom: 5px;'>Protocolos de red: IPv4&comma; IEEE 802.3i&comma; IEEE 802.3u&comma; IEEE 802.3ab&comma; IEEE 802.3x&comma; IEEE 802.1p&comma; IEEE 802.3af&comma; IEEE 802.3at<\/li>\n<li style='margin-bottom: 5px;'>VLAN: Hasta 32 VLANs&comma; VLAN basado en puerto&comma; VLAN 802.1Q&comma; VLAN de voz<\/li>\n<li style='margin-bottom: 5px;'>LAG: 4<\/li>\n<li style='margin-bottom: 5px;'>Multidifusi\u00f3n: Snooping IGMP<\/li>\n<li style='margin-bottom: 5px;'>QoS: Priorizaci\u00f3n autom\u00e1tica&comma; mapeo de prioridades&comma; programaci\u00f3n de colas&comma; control de ancho de banda&comma; l\u00edmite de tarifa<\/li>\n<\/ul><\/div>\n<\/p><\/div>\n<\/p><\/div>\n<\/p><\/div>\n<div style='margin-bottom: 30px;'>\n<h3 style='font-size: 24px; border-bottom: 2px solid currentColor; padding-bottom: 5px; margin-top: 0; margin-bottom: 20px; color: inherit; opacity: 0.8;'>Aplicaciones y Casos de Uso<\/h3>\n<div style='display: flex; flex-wrap: wrap; gap: 20px;'>\n<div style='flex: 1 1 250px; border: 1px solid rgba(150&comma; 150&comma; 150&comma; 0.4); border-radius: 8px; overflow: hidden; display: flex; flex-direction: column;'>\n<div style='padding: 15px; border-bottom: 1px solid rgba(150&comma; 150&comma; 150&comma; 0.2); font-weight: bold; font-size: 18px; color: inherit;'>Hoteles<\/div>\n<div style='padding: 15px; color: inherit;'>\n<p style='margin: 0; font-size: 14px;'>Ideal para implementaciones en hoteles&comma; ofreciendo VLANs para segmentaci\u00f3n de tr\u00e1fico y PoE para alimentar dispositivos como tel\u00e9fonos IP y c\u00e1maras de seguridad.<\/p>\n<\/p><\/div>\n<\/p><\/div>\n<div style='flex: 1 1 250px; border: 1px solid rgba(150&comma; 150&comma; 150&comma; 0.4); border-radius: 8px; overflow: hidden; display: flex; flex-direction: column;'>\n<div style='padding: 15px; border-bottom: 1px solid rgba(150&comma; 150&comma; 150&comma; 0.2); font-weight: bold; font-size: 18px; color: inherit;'>Oficinas<\/div>\n<div style='padding: 15px; color: inherit;'>\n<p style='margin: 0; font-size: 14px;'>Perfecto para peque\u00f1as y medianas empresas&comma; proporcionando QoS para priorizaci\u00f3n de tr\u00e1fico y seguridad integral contra ataques.<\/p>\n<\/p><\/div>\n<\/p><\/div>\n<div style='flex: 1 1 250px; border: 1px solid rgba(150&comma; 150&comma; 150&comma; 0.4); border-radius: 8px; overflow: hidden; display: flex; flex-direction: column;'>\n<div style='padding: 15px; border-bottom: 1px solid rgba(150&comma; 150&comma; 150&comma; 0.2); font-weight: bold; font-size: 18px; color: inherit;'>Redes Residenciales<\/div>\n<div style='padding: 15px; color: inherit;'>\n<p style='margin: 0; font-size: 14px;'>Adecuado para oficinas dom\u00e9sticas&comma; ofreciendo montaje en pared y escritorio&comma; y compatibilidad con GDMS Networking para administraci\u00f3n remota.<\/p>\n<\/p><\/div>\n<\/p><\/div>\n<\/p><\/div>\n<\/p><\/div>\n<\/p><\/div>\n","protected":false},"excerpt":{"rendered":"<p>Switch de Red Administrable Capa 2 Lite \/ 8 Puertos Gigabit Ethernet \/ 4 Puertos PoE \/ VLAN \/ QoS \/ Snooping IGMP \/ Montaje en Pared y Escritorio \/ Compatible con GDMS<\/p>\n","protected":false},"featured_media":85625,"comment_status":"open","ping_status":"closed","template":"","meta":[],"product_brand":[],"product_cat":[1986],"product_tag":[909,664,1987],"class_list":{"0":"post-85626","1":"product","2":"type-product","3":"status-publish","4":"has-post-thumbnail","6":"product_cat-switches-poe","7":"product_tag-grandstream","8":"product_tag-networking","9":"product_tag-switches-poe","11":"first","12":"instock","13":"sale","14":"shipping-taxable","15":"purchasable","16":"product-type-simple"},"_links":{"self":[{"href":"https:\/\/soydeaqui.ddns.net\/pachuca\/index.php\/wp-json\/wp\/v2\/product\/85626","targetHints":{"allow":["GET"]}}],"collection":[{"href":"https:\/\/soydeaqui.ddns.net\/pachuca\/index.php\/wp-json\/wp\/v2\/product"}],"about":[{"href":"https:\/\/soydeaqui.ddns.net\/pachuca\/index.php\/wp-json\/wp\/v2\/types\/product"}],"replies":[{"embeddable":true,"href":"https:\/\/soydeaqui.ddns.net\/pachuca\/index.php\/wp-json\/wp\/v2\/comments?post=85626"}],"wp:featuredmedia":[{"embeddable":true,"href":"https:\/\/soydeaqui.ddns.net\/pachuca\/index.php\/wp-json\/wp\/v2\/media\/85625"}],"wp:attachment":[{"href":"https:\/\/soydeaqui.ddns.net\/pachuca\/index.php\/wp-json\/wp\/v2\/media?parent=85626"}],"wp:term":[{"taxonomy":"product_brand","embeddable":true,"href":"https:\/\/soydeaqui.ddns.net\/pachuca\/index.php\/wp-json\/wp\/v2\/product_brand?post=85626"},{"taxonomy":"product_cat","embeddable":true,"href":"https:\/\/soydeaqui.ddns.net\/pachuca\/index.php\/wp-json\/wp\/v2\/product_cat?post=85626"},{"taxonomy":"product_tag","embeddable":true,"href":"https:\/\/soydeaqui.ddns.net\/pachuca\/index.php\/wp-json\/wp\/v2\/product_tag?post=85626"}],"curies":[{"name":"wp","href":"https:\/\/api.w.org\/{rel}","templated":true}]}}