{"id":85621,"date":"2026-03-19T21:45:46","date_gmt":"2026-03-19T21:45:46","guid":{"rendered":"https:\/\/soydeaqui.ddns.net\/pachuca\/index.php\/producto\/cargador-rapido-doble-para-bateria-litio-ion-de-18v-lxt\/"},"modified":"2026-03-19T21:45:51","modified_gmt":"2026-03-19T21:45:51","slug":"cargador-rapido-doble-para-bateria-litio-ion-de-18v-lxt","status":"publish","type":"product","link":"https:\/\/soydeaqui.ddns.net\/pachuca\/index.php\/producto\/cargador-rapido-doble-para-bateria-litio-ion-de-18v-lxt\/","title":{"rendered":"Cargador R\u00e1pido Doble para Bater\u00eda Litio Ion de 18V LXT\u00ae"},"content":{"rendered":"<div style='width: 100%; max-width: 1200px; margin: 0 auto; font-family: sans-serif; line-height: 1.6; color: inherit; background-color: transparent;'>\n<div style='display: flex; flex-wrap: wrap; gap: 30px; margin-bottom: 30px;'>\n<div style='flex: 1 1 300px; min-width: 280px;'>\n<h3 style='font-size: 22px; border-bottom: 2px solid currentColor; padding-bottom: 5px; margin-top: 0; color: inherit; opacity: 0.8;'>Caracter\u00edsticas<\/h3>\n<p style='margin: 0 0 15px; color: inherit; font-size: 15px;'> <strong>Velocidad:<\/strong> Carga bater\u00edas de 18V en: <\/p>\n<ul style='padding-left: 20px; font-size: 15px; color: inherit;'>\n<li style='margin-bottom: 5px;'>2.0Ah en 25 min<\/li>\n<li style='margin-bottom: 5px;'>3.0Ah en 30 min<\/li>\n<li style='margin-bottom: 5px;'>4.0Ah en 40 min<\/li>\n<li style='margin-bottom: 5px;'>5.0Ah en 45 min<\/li>\n<\/ul>\n<p style='margin: 0 0 15px; color: inherit; font-size: 15px;'> <strong>Tecnolog\u00eda:<\/strong> Comunicaci\u00f3n con el chip integrado en la bater\u00eda durante el proceso de carga para optimizar su duraci\u00f3n <\/p>\n<p style='margin: 0 0 15px; color: inherit; font-size: 15px;'> <strong>Innovaci\u00f3n:<\/strong> Integrado con ventilador para enfriar la bater\u00eda durante el proceso de carga para un tiempo de carga m\u00e1s r\u00e1pido <\/p>\n<p style='margin: 0 0 15px; color: inherit; font-size: 15px;'> <strong>Durabilidad:<\/strong> Limitada <\/p>\n<p style='margin: 0 0 15px; color: inherit; font-size: 15px;'> <strong>Incluye:<\/strong> S\u00f3lo cargador <\/p>\n<\/p><\/div>\n<div style='flex: 1 1 300px; min-width: 280px;'>\n<h3 style='font-size: 22px; border-bottom: 2px solid currentColor; padding-bottom: 5px; margin-top: 0; color: inherit; opacity: 0.8;'>Detalles<\/h3>\n<p style='margin: 0 0 15px; color: inherit; font-size: 15px;'> Los cargadores de bater\u00edas Makita est\u00e1n dise\u00f1ados especialmente para ser compatibles con las bater\u00edas Makita correspondientes. Esto significa que cada cargador est\u00e1 dise\u00f1ado para proporcionar la corriente y el voltaje para cada modelo. <\/p>\n<p style='margin: 0 0 15px; color: inherit; font-size: 15px;'> Es importante destacar que no todos los cargadores Makita son compatibles con todas las bater\u00edas Makita. Makita ofrece una amplia variedad de bater\u00edas con diferentes capacidades y tecnolog\u00edas. <\/p>\n<p style='margin: 0 0 15px; color: inherit; font-size: 15px;'> <strong>Nota:<\/strong> La serie &#8216;G&#8217; es solo compatible con equipos que manejan bater\u00eda blanca de f\u00e1brica. <\/p>\n<\/p><\/div>\n<\/p><\/div>\n<div style='display: flex; flex-wrap: wrap; gap: 20px; margin-bottom: 30px;'>\n<div style='flex: 1 1 250px; border: 1px solid rgba(150&comma; 150&comma; 150&comma; 0.4); border-radius: 8px; overflow: hidden; display: flex; flex-direction: column;'>\n<div style='padding: 15px; border-bottom: 1px solid rgba(150&comma; 150&comma; 150&comma; 0.2); font-weight: bold; font-size: 18px; color: inherit;'>Compatibilidad<\/div>\n<div style='padding: 15px; color: inherit;'>\n<p style='margin: 0 0 15px; color: inherit; font-size: 15px;'> <img style='width: 100%; height: auto; border: 1px solid rgba(150&comma;150&comma;150&comma;0.3); border-radius: 8px;' src='https:\/\/ftp3.syscom.mx\/usuarios\/mtopete\/Imagen%20Pagina\/Makita\/COMPATIBILIDAD%20MAKITA%20BAT.JPG' alt='Tabla de compatibilidad'> <\/p>\n<\/p><\/div>\n<\/p><\/div>\n<\/p><\/div>\n<hr style='border: 0; border-top: 1px solid rgba(150&comma; 150&comma; 150&comma; 0.3); margin: 30px 0;'>\n<div style='display: flex; flex-wrap: wrap; gap: 20px; margin-bottom: 30px;'>\n<div style='flex: 1 1 250px; border: 1px solid rgba(150&comma; 150&comma; 150&comma; 0.4); border-radius: 8px; overflow: hidden; display: flex; flex-direction: column;'>\n<div style='padding: 15px; border-bottom: 1px solid rgba(150&comma; 150&comma; 150&comma; 0.2); font-weight: bold; font-size: 18px; color: inherit;'>Tecnolog\u00eda<\/div>\n<div style='padding: 15px; color: inherit;'>\n<ul style='padding-left: 20px; margin: 0; font-size: 14px; list-style-type: disc;'>\n<li style='margin-bottom: 5px;'>Comunicaci\u00f3n con el chip integrado en la bater\u00eda<\/li>\n<li style='margin-bottom: 5px;'>Control activo de corriente&comma; voltaje y temperatura<\/li>\n<\/ul><\/div>\n<\/p><\/div>\n<div style='flex: 1 1 250px; border: 1px solid rgba(150&comma; 150&comma; 150&comma; 0.4); border-radius: 8px; overflow: hidden; display: flex; flex-direction: column;'>\n<div style='padding: 15px; border-bottom: 1px solid rgba(150&comma; 150&comma; 150&comma; 0.2); font-weight: bold; font-size: 18px; color: inherit;'>Ventajas<\/div>\n<div style='padding: 15px; color: inherit;'>\n<ul style='padding-left: 20px; margin: 0; font-size: 14px; list-style-type: disc;'>\n<li style='margin-bottom: 5px;'>Ventilador integrado para enfriamiento<\/li>\n<li style='margin-bottom: 5px;'>R\u00e1pidos tiempos de carga<\/li>\n<li style='margin-bottom: 5px;'>Mayor tiempo de trabajo y menos tiempo de carga<\/li>\n<\/ul><\/div>\n<\/p><\/div>\n<div style='flex: 1 1 250px; border: 1px solid rgba(150&comma; 150&comma; 150&comma; 0.4); border-radius: 8px; overflow: hidden; display: flex; flex-direction: column;'>\n<div style='padding: 15px; border-bottom: 1px solid rgba(150&comma; 150&comma; 150&comma; 0.2); font-weight: bold; font-size: 18px; color: inherit;'>Innovaci\u00f3n<\/div>\n<div style='padding: 15px; color: inherit;'>\n<ul style='padding-left: 20px; margin: 0; font-size: 14px; list-style-type: disc;'>\n<li style='margin-bottom: 5px;'>Dise\u00f1o optimizado para compatibilidad<\/li>\n<li style='margin-bottom: 5px;'>Tecnolog\u00eda avanzada de carga<\/li>\n<\/ul><\/div>\n<\/p><\/div>\n<\/p><\/div>\n<\/p><\/div>\n","protected":false},"excerpt":{"rendered":"<p>Cargador R\u00e1pido Doble para Bater\u00eda Litio Ion de 18V LXT\u00ae<\/p>\n","protected":false},"featured_media":85620,"comment_status":"open","ping_status":"closed","template":"","meta":[],"product_brand":[],"product_cat":[130],"product_tag":[25,131,252],"class_list":{"0":"post-85621","1":"product","2":"type-product","3":"status-publish","4":"has-post-thumbnail","6":"product_cat-herramientas-electricas","7":"product_tag-herramientas","8":"product_tag-herramientas-electricas","9":"product_tag-makita","11":"first","12":"outofstock","13":"sale","14":"shipping-taxable","15":"purchasable","16":"product-type-simple"},"_links":{"self":[{"href":"https:\/\/soydeaqui.ddns.net\/pachuca\/index.php\/wp-json\/wp\/v2\/product\/85621","targetHints":{"allow":["GET"]}}],"collection":[{"href":"https:\/\/soydeaqui.ddns.net\/pachuca\/index.php\/wp-json\/wp\/v2\/product"}],"about":[{"href":"https:\/\/soydeaqui.ddns.net\/pachuca\/index.php\/wp-json\/wp\/v2\/types\/product"}],"replies":[{"embeddable":true,"href":"https:\/\/soydeaqui.ddns.net\/pachuca\/index.php\/wp-json\/wp\/v2\/comments?post=85621"}],"wp:featuredmedia":[{"embeddable":true,"href":"https:\/\/soydeaqui.ddns.net\/pachuca\/index.php\/wp-json\/wp\/v2\/media\/85620"}],"wp:attachment":[{"href":"https:\/\/soydeaqui.ddns.net\/pachuca\/index.php\/wp-json\/wp\/v2\/media?parent=85621"}],"wp:term":[{"taxonomy":"product_brand","embeddable":true,"href":"https:\/\/soydeaqui.ddns.net\/pachuca\/index.php\/wp-json\/wp\/v2\/product_brand?post=85621"},{"taxonomy":"product_cat","embeddable":true,"href":"https:\/\/soydeaqui.ddns.net\/pachuca\/index.php\/wp-json\/wp\/v2\/product_cat?post=85621"},{"taxonomy":"product_tag","embeddable":true,"href":"https:\/\/soydeaqui.ddns.net\/pachuca\/index.php\/wp-json\/wp\/v2\/product_tag?post=85621"}],"curies":[{"name":"wp","href":"https:\/\/api.w.org\/{rel}","templated":true}]}}