{"id":85610,"date":"2026-03-19T21:45:17","date_gmt":"2026-03-19T21:45:17","guid":{"rendered":"https:\/\/soydeaqui.ddns.net\/pachuca\/index.php\/producto\/cargador-rapido-doble-para-bateria-litio-ion-de-40v-xgt\/"},"modified":"2026-03-19T21:45:22","modified_gmt":"2026-03-19T21:45:22","slug":"cargador-rapido-doble-para-bateria-litio-ion-de-40v-xgt","status":"publish","type":"product","link":"https:\/\/soydeaqui.ddns.net\/pachuca\/index.php\/producto\/cargador-rapido-doble-para-bateria-litio-ion-de-40v-xgt\/","title":{"rendered":"Cargador R\u00e1pido Doble para Bater\u00eda Litio Ion de 40V XGT\u00ae"},"content":{"rendered":"<div style='width: 100%; max-width: 1200px; margin: 0 auto; font-family: sans-serif; line-height: 1.6; color: inherit; background-color: transparent;'>\n<div style='display: flex; flex-wrap: wrap; justify-content: center; margin-bottom: 30px;'> <img style='width: 100%; max-width: 600px; height: auto; border: 1px solid rgba(150&comma;150&comma;150&comma;0.3); border-radius: 8px;' src='data:image\/png;base64&comma;iVBORw0KGgoAAAANSUhEUgAAAOUAAABUCAYAAAB9X\/DGAAAAAXNSR0IArs4c6QAAAARnQU1BAACxjwv8YQUAAAAJcEhZcwAADsMAAA7DAcdvqGQAABJzSURBVHhe7Z0HeBVVFoZPekhCegMCSQgJhB4hECA0EUUpiIKAKCuLsK6s62JdF10WxQWxgKgoLigqSvGKoIgUQaQpBQsIEmoo6ZU0QunNpPf77n3u3JlJQkISkH2+539y5t5333333XeXe+89QRAEwV8YvZS0Z88e7D179hD8Q05ODvbu3bsJ\/kEoFGLv27eP4B+8vLzQ379\/H8E\/eHh4oL948SLBP1hZWWHv3r2b4B8sLS3R7927l+AfzM3N0e\/YsYPgH0xNTdHv3LmT4B8MDQ3R79ixg+Af9PT00G\/fvp3gH3R1ddFv3bqV4B80NTXRb9myheAf1NTU0G\/ZsoXgH1RUVPBv27x5M8E\/8Hg89Bs3biT4B7lcjv6ff\/4h+Ad5e11eXk7wD1lZWehLSkoI\/iE9PR399evXCf4hJSUF\/cWLFwn+IS4uDr24uJjgH65du4b+4sWLBP8QFxeHvqCggOAfLl68iP78+fME\/xAXF4f+7NmzBP8QFxeH\/syZMwT\/cPr0afQnT54k+IcTJ06gP378OME\/nDhxAv3Ro0cJ\/uHYsWPoDx8+TPAPhYWF6A8dOkTwDwUFBegPHDhA8A\/79+9Hv2\/fPoJ\/KCgoQJ+Xl0fwD3v37kW\/d+9egn\/Ys2cP+ry8PIJ\/2L17N\/q9e\/cS\/MPOnTvR79y5k+AfduzYgX779u0E\/7B9+3b027ZtI\/iHrVu3ot+yZQvBP2zZsgX95s2bCf5h06ZN6Ddt2kTwDxs2bEC\/YcMGgn\/YsGED+g0bNhD8w\/r169GvX7+e4B\/WrFmDfs2aNQT\/sGrVKvQrV64k+IeVK1eij4uLI\/iH5cuXo1++fDnBP6xYsQJ9bGwswT8sX74c\/YYNGwj+YdmyZejXrVtH8A9Lly5Fv2TJEsIv\/PDDD+gXL15M+IVFixejX7RoEeEXFi5ciH7BggWE31i4cCH6BQsWEH7j+++\/Rz9\/\/nzCb8yfPx\/9vHnzCL8xf\/589HPnziX8xpw5c9DPmTOH8Btz585FP3v2bMJvzJ49G\/2sWbMIvzF79mz0M2bMIPzGjBkz0E+ZMoXwG5MnT0Y\/ceJEnF8Y4034jXHjxqGfMGEC4TfGjBmDfsyYMYTfGD16NPpRo0YRfmPkyJHoR4wYQfiN4cOHox82bBjhN4YOHYp+6NChhN8YNGgQ+oEDBxJ+Y8CAARj09vYm\/EbPnj3R9+3bl\/AbXl5e6Hv37k34DVdXV\/S9evUi\/IaTkxP67t27E37D3t4efbdu3Qi\/YWtriz4yMpLwG1ZWVui7dOlC+A0LCwv04eHhhN8wMzNDFxISQvgNE6Zf6+LiQvglE3R+fn4Ev2FgYIDe19eX4B90dHTQe3l5EfyDjo4Oe3Z2NkE\/6OjooPf09CT4Bx0dHfSdO3cm+Ac9PT30HTp0IPgHAwMD9O3atSP4B0NDQ\/Tu7u4E\/2BkZITe1dWV4B+MjY3Ru7i4EPyDqakpeicnJ4J\/MDMzQ9+xY0eCfzA3N0fv6OhI8A8tW7ZEHx4eTtAPWq1atUJvZ2dH8A8tW7ZEb2NjQ\/ANFhYWWI9aW1sTfIOFhQV6S0tLgm+wsLBA36ZNG4JvsLS0RN+mTRuCf7C0tETv5ORE8A+WlpboHR0dCf7B0tISvZ2dHcE3tG7dGr2trS3BN7Rq1Qq9jY0NwTe0atUKvZWVFcE3tGrVCr2lpSXBPyxevBj9okWLCL8xZ84c9HPmzCH8xuzZs9HPnDmT8BszZ85EP2PGDMJvTJ8+Hf306dMJvzF16lT0U6ZMIfzG5MmT0U+aNInwGxMnTkQ\/YcIEwm9MmDAB\/fgJ8Dd8AAACvElEQVQJ43B+YfR4wi+MHz8e\/fjx4wm\/MG7cOPRjx44l\/MKYMWPU69atI\/jG6NGj0Y8aNYrwC6NGjUI\/evRowi+MHDkS\/YgRIwi\/MHz4cPQjRowg\/MKwYcPQDx06lPALQ4cORR8dHU34jSFDhqAfPHgwwT8MHDgQvZ+fH8E\/9O\/fH72vry\/BP\/Tt2xe9t7c3wT\/06dMHvZeXF8E\/9OrVC72Hhwc2B4I27O3t0Xfo0AHhH+zZ2Nigd3BwIPiG9u3bo2\/Xrh3BP7Rr1w69nZ0dwT+0bdsWvY2NDcE\/tGnTBr21tTXBP7Rq1Qq9lZUVwT+0bNkSvYWFBcE\/tGjRAn3Lli0Jv8Hj8dC3aNGC4B94PB56S0tLgn9o3rw5ekvL5sQvNGvWDL25uTnBP5iZmaE3MzNj\/ELjJk0Jv9GoUSP0DRo0IPiH+vXro69Xrx7BP9SvXx993bp1Cf6hbt266OvUqUP4jVq1aqGvXbs24Td4PB762rVrE36jVq1a6GvVqkX4jZo1a6KvUaMG4TeqV6+Ovlo18R8B69Spw47Vq1eP8BvVq1dH7+XlRfAPXl5e6D09PQn+wc3NDX23bt0I\/sHJyQl9165dCf7B3t4efefOnQn+oWPHjuijoqIIv2FjY4O+Q4cOhN+oV68e+o4dOxJ+o27duug7deqE8A9169ZFX69ePcJv1K1bF339+vUJv1G3bl30DRo0IPyGubk5+oYNGxJ8g5mZGfrGjRsTfIOpqSn6Zs2aEXyDkZEReisrK4Jv0NfXx97c3JzgG3R1ddFbWloSfIOOjg56a2trgm9QV1dHb2NjQ\/ANampq6G1tbQm+QU1NDX2bNm0IvqF58+bo7e3tCb6hWbNmojZt2hB8Q9OmTTH28vIi+IaGDRui9\/T0JPiGevXqoe\/evTvBP9SvXx99jx49CP6hZ8+e6Hv27EnwD7169ULfs2dPgn\/o3bs3+p49exL8Q58+fdD36dOH4B\/69u2Lvk+fPgT\/0L9\/f\/QDBgwg+IcBAwagHzBgAME\/DBw4EP3AgQMJ\/mHw4MHoBw0aRPAPI0aMQD9ixAiCf3B1dUU\/YsQIgm8YOnQo+qFDhxJ8w5AhQ9APGjSI4B+GDh2K3sPDg+AbhgwZgn7w4MEE3zB48GD0gwcPJviGQYMGoe\/QoQPBvzV69+7dBP8gk8nQe3p6EnyDh4cHeg8PD4Jv8PDwQO\/p6UnwDR4eHui9vLwIvsHDwwO9l5cXwTf0798fvaenJ8E39O\/fH72XlxfBP\/Tv3x997969Cb5h4MCB6Hv16kX4jU6dOqHv2LEj4Tc6dOiA3t7enuAb2rVrB3Z2doTfMDc3R29nZ0fwD2ZmZujNzc0J\/sHExAS9mZkZwT+oqamhNzU1JfgGFRUV9CYmJgTf0Lx5c\/RmZmYE31CvXj30pqamBN9Qp04d9GZmZgTfULt2bfTm5uYE31C7dm305ubmBP9Qq1Yt9Obm5oTfqFmzJnoLCwvCb1SrVg29hYUF4Tdq1qyJ3tLSkvAb1apVQ29lZUX4japVq6K3trYm+Ibq1aujt7GxIfgGdXV19LZ2dgTf0KxZM\/T29vYE31CzZk30jo6OBN9QvXp19I6OjgTfUL16dfROTk4E31C9enX0zs7OBN9QrVo19C4uLgTfULVqVfSuXbsSfEPVqlXRu7m5EXyDTCZD361bN4JvqFq1Kno3NzeCb6hSpQp6d3d3gn+oUqUKeg8PD4JvqFSpEnpPT0+Cf6hYsSJ6T09Pgn+oUKECek9PT4JvqFChAnpPT0+Cf6hQoQJ6T09Pgn8oX748ek9PT4J\/KFeuHHpPT0+Cf2jdujV6T09Pgn8oW7Ys+sGDBxN8Q5kyZdAPGjSI4BvKlCmDfvDgwQTfULp0afSDBoo3B61atUI\/dOhQgn8oVaoU+mHDhhF8Q8mSJdE7OjoSfEPRokXROzg4EHyDjo4O+qJFi3J+oWjRouhLlChB8A9FihRBX7JkSYJ\/KFy4MPpSpUoRfEPBggXRly5dmuAftLS00JctW5bgH7S1tdFbW1sTfIOOjg56Gxsbgn\/Q09NDb2trS\/ANhoaG6G1tbQm+wcjICL2dnR3BNxgZGaG3t7cn+AZjY2P0Dg4OBN9gYmKC3tHRkeAbTE1N0Ts5ORF8g5mZGfr27dsTfIO5uTl6Z2dnwm+Ym5ujd3F5+D8G09PT0Vf09CT4h5SUFPRVPT0J\/iE5ORl9dU9Pgn9ITU1FX8PTk+Af0tLS0Nf09CT4h\/T0dPS1PD0J\/iEjIwN9bU9Pgn\/4\/\/+P4f8B11442E5Zb1MAAAAASUVORK5CYII=' alt='' \/> <\/div>\n<div style='display: flex; flex-wrap: wrap; gap: 30px; margin-bottom: 30px;'>\n<div style='flex: 1 1 300px; min-width: 280px;'>\n<h3 style='font-size: 22px; border-bottom: 2px solid currentColor; padding-bottom: 5px; margin-top: 0; color: inherit; opacity: 0.8;'>Caracter\u00edsticas<\/h3>\n<p style='font-size: 15px; color: inherit; text-align: justify; text-justify: inter-word;'> El Cargador R\u00e1pido Doble ofrece muchas ventajas clave para los usuarios de herramientas inal\u00e1mbricas Litio-Ion de 40V. El exclusivo ventilador integrado&comma; enfria la bater\u00eda (que se vende por separado) forzando el aire a trav\u00e9s de las ranuras de ventilaci\u00f3n durante el proceso de cargado para hacerlo m\u00e1s r\u00e1pido. El cargador se comunica con el chip integrado en la bater\u00eda a trav\u00e9s del proceso de cargado para optimizar la duraci\u00f3n de la bater\u00eda controlando activamente corriente&comma; voltaje y temperatura. El resultado es una bater\u00eda l\u00edder en su categor\u00eda en cuanto a tiempos de carga&comma; lo cual significa que la bater\u00eda pasa m\u00e1s tiempo trabajando y menos tiempo sobre el cargador. <\/p>\n<\/p><\/div>\n<\/p><\/div>\n<div style='display: flex; flex-wrap: wrap; gap: 20px; margin-bottom: 30px;'>\n<div style='flex: 1 1 250px; border: 1px solid rgba(150&comma; 150&comma; 150&comma; 0.4); border-radius: 8px; overflow: hidden; display: flex; flex-direction: column;'>\n<div style='padding: 15px; border-bottom: 1px solid rgba(150&comma; 150&comma; 150&comma; 0.2); font-weight: bold; font-size: 18px; color: inherit;'>Especificaciones<\/div>\n<div style='padding: 15px; color: inherit;'>\n<ul style='padding-left: 20px; margin: 0; font-size: 14px; list-style-type: disc;'>\n<li style='margin-bottom: 5px;'><strong>Tensi\u00f3n nominal de la bater\u00eda:<\/strong> 40 V<\/li>\n<li style='margin-bottom: 5px;'><strong>Tiempo de carga 2&comma;0 Ah:<\/strong> 110 min<\/li>\n<li style='margin-bottom: 5px;'><strong>Tiempo de carga 2&comma;5 Ah:<\/strong> 130 min<\/li>\n<li style='margin-bottom: 5px;'><strong>Tiempo de carga 4&comma;0 Ah:<\/strong> 210 min<\/li>\n<li style='margin-bottom: 5px;'><strong>Tiempo de carga 5&comma;0 Ah:<\/strong> 260 min<\/li>\n<li style='margin-bottom: 5px;'><strong>Cable de alimentaci\u00f3n:<\/strong> 2&comma;0 m<\/li>\n<li style='margin-bottom: 5px;'><strong>Dimensiones de producto (L x W x H):<\/strong> 140 x 335 x 84 mm<\/li>\n<li style='margin-bottom: 5px;'><strong>Qu\u00edmica de Bater\u00eda (Ni-Cd \/ Ni-MH \/ Li-ion):<\/strong> Li-ion<\/li>\n<\/ul><\/div>\n<\/p><\/div>\n<\/p><\/div>\n<hr style='border: 0; border-top: 1px solid rgba(150&comma; 150&comma; 150&comma; 0.3); margin: 30px 0;'> <\/div>\n","protected":false},"excerpt":{"rendered":"<p>Cargador R\u00e1pido Doble para Bater\u00eda Litio Ion de 40V XGT\u00ae<\/p>\n","protected":false},"featured_media":85609,"comment_status":"open","ping_status":"closed","template":"","meta":[],"product_brand":[],"product_cat":[130],"product_tag":[25,131,252],"class_list":{"0":"post-85610","1":"product","2":"type-product","3":"status-publish","4":"has-post-thumbnail","6":"product_cat-herramientas-electricas","7":"product_tag-herramientas","8":"product_tag-herramientas-electricas","9":"product_tag-makita","11":"first","12":"outofstock","13":"sale","14":"shipping-taxable","15":"purchasable","16":"product-type-simple"},"_links":{"self":[{"href":"https:\/\/soydeaqui.ddns.net\/pachuca\/index.php\/wp-json\/wp\/v2\/product\/85610","targetHints":{"allow":["GET"]}}],"collection":[{"href":"https:\/\/soydeaqui.ddns.net\/pachuca\/index.php\/wp-json\/wp\/v2\/product"}],"about":[{"href":"https:\/\/soydeaqui.ddns.net\/pachuca\/index.php\/wp-json\/wp\/v2\/types\/product"}],"replies":[{"embeddable":true,"href":"https:\/\/soydeaqui.ddns.net\/pachuca\/index.php\/wp-json\/wp\/v2\/comments?post=85610"}],"wp:featuredmedia":[{"embeddable":true,"href":"https:\/\/soydeaqui.ddns.net\/pachuca\/index.php\/wp-json\/wp\/v2\/media\/85609"}],"wp:attachment":[{"href":"https:\/\/soydeaqui.ddns.net\/pachuca\/index.php\/wp-json\/wp\/v2\/media?parent=85610"}],"wp:term":[{"taxonomy":"product_brand","embeddable":true,"href":"https:\/\/soydeaqui.ddns.net\/pachuca\/index.php\/wp-json\/wp\/v2\/product_brand?post=85610"},{"taxonomy":"product_cat","embeddable":true,"href":"https:\/\/soydeaqui.ddns.net\/pachuca\/index.php\/wp-json\/wp\/v2\/product_cat?post=85610"},{"taxonomy":"product_tag","embeddable":true,"href":"https:\/\/soydeaqui.ddns.net\/pachuca\/index.php\/wp-json\/wp\/v2\/product_tag?post=85610"}],"curies":[{"name":"wp","href":"https:\/\/api.w.org\/{rel}","templated":true}]}}