{"id":85606,"date":"2026-03-19T21:45:05","date_gmt":"2026-03-19T21:45:05","guid":{"rendered":"https:\/\/soydeaqui.ddns.net\/pachuca\/index.php\/producto\/switch-omada-l3-sdn-administrable-48-puertos-gigabit-y-6-puertos-sfp-funciones-rip-vrrp-servidor-dhcp-administracion-centralizada-omada-fuente-redundante-2\/"},"modified":"2026-03-19T21:45:12","modified_gmt":"2026-03-19T21:45:12","slug":"switch-omada-l3-sdn-administrable-48-puertos-gigabit-y-6-puertos-sfp-funciones-rip-vrrp-servidor-dhcp-administracion-centralizada-omada-fuente-redundante-2","status":"publish","type":"product","link":"https:\/\/soydeaqui.ddns.net\/pachuca\/index.php\/producto\/switch-omada-l3-sdn-administrable-48-puertos-gigabit-y-6-puertos-sfp-funciones-rip-vrrp-servidor-dhcp-administracion-centralizada-omada-fuente-redundante-2\/","title":{"rendered":"Switch Omada L3 SDN Administrable \/ 48 puertos Gigabit y 6 puertos SFP+ \/ Funciones RIP, VRRP, Servidor DHCP \/ Administraci\u00f3n centralizada OMADA \/ Fuente Redundante"},"content":{"rendered":"<div style='width: 100%; max-width: 1200px; margin: 0 auto; font-family: sans-serif; line-height: 1.6; color: inherit; background-color: transparent;'> <!-- Enlace a Omada --> <\/p>\n<div style='text-align: center; margin: 30px 0;'>\n<h2 style='margin: 0; font-size: 22px; border-bottom: 2px solid currentColor; padding-bottom: 5px; color: inherit; opacity: 0.8;'> <a href='https:\/\/www.tp-link.com\/es\/omada-sdn\/' style='color: inherit; text-decoration: none;'>Aprende m\u00e1s sobre Omada<\/a> <\/h2>\n<\/p><\/div>\n<p> <!-- Imagen y descripci\u00f3n 1 --> <\/p>\n<div style='display: flex; flex-wrap: wrap; gap: 30px; margin-bottom: 30px;'>\n<div style='flex: 1 1 100%; text-align: center;'>\n<h3 style='font-size: 20px; margin-top: 0; color: inherit; opacity: 0.8;'>Administraci\u00f3n con el controlador Omada&comma; generando una red unificada<\/h3>\n<p> <img style='width: 100%; max-width: 800px; height: auto; border: 1px solid rgba(150&comma;150&comma;150&comma;0.3); border-radius: 8px; margin: 15px auto; display: block;' src='https:\/\/ftp3.syscom.mx\/usuarios\/fotos\/TLSX3008F\/208029-image_-_2023-02-27t093757.672.png' alt='Administraci\u00f3n con controlador Omada'> <\/div>\n<\/p><\/div>\n<p> <!-- Imagen y descripci\u00f3n 2 --> <\/p>\n<div style='display: flex; flex-wrap: wrap; gap: 30px; margin-bottom: 30px;'>\n<div style='flex: 1 1 100%; text-align: center;'>\n<h3 style='font-size: 20px; margin-top: 0; color: inherit; opacity: 0.8;'>Funciones avanzadas para la administraci\u00f3n de la red empresarial<\/h3>\n<p> <img style='width: 100%; max-width: 800px; height: auto; border: 1px solid rgba(150&comma;150&comma;150&comma;0.3); border-radius: 8px; margin: 15px auto; display: block;' src='https:\/\/ftp3.syscom.mx\/usuarios\/fotos\/TLSX3008F\/208029-image_-_2023-02-27t093748.969.png' alt='Funciones avanzadas red empresarial'> <\/div>\n<\/p><\/div>\n<p> <!-- Imagen y descripci\u00f3n 3 --> <\/p>\n<div style='display: flex; flex-wrap: wrap; gap: 30px; margin-bottom: 30px;'>\n<div style='flex: 1 1 100%; text-align: center;'>\n<h3 style='font-size: 20px; margin-top: 0; color: inherit; opacity: 0.8;'>Alto rendimiento para una red empresarial<\/h3>\n<p> <img style='width: 100%; max-width: 800px; height: auto; border: 1px solid rgba(150&comma;150&comma;150&comma;0.3); border-radius: 8px; margin: 15px auto; display: block;' src='https:\/\/ftp3.syscom.mx\/usuarios\/fotos\/TLSG3452X\/208030-image_-_2023-02-27t113152.601.png' alt='Alto rendimiento red empresarial'> <\/div>\n<\/p><\/div>\n<p> <!-- Imagen adicional --> <\/p>\n<div style='display: flex; flex-wrap: wrap; gap: 30px; margin-bottom: 30px;'>\n<div style='flex: 1 1 100%; text-align: center;'> <img style='width: 100%; max-width: 800px; height: auto; border: 1px solid rgba(150&comma;150&comma;150&comma;0.3); border-radius: 8px; margin: 15px auto; display: block;' src='https:\/\/ftp3.syscom.mx\/usuarios\/fotos\/TLSG3428X\/193905-image_-_2023-02-27t120433.684.png' alt='Switch SG6654X'> <\/div>\n<\/p><\/div>\n<p> <!-- Separador --> <\/p>\n<hr style='border: 0; border-top: 1px solid rgba(150&comma; 150&comma; 150&comma; 0.3); margin: 30px 0;'> <!-- Especificaciones --> <\/p>\n<div style='display: flex; flex-wrap: wrap; gap: 20px; margin-bottom: 30px;'>\n<div style='flex: 1 1 250px; border: 1px solid rgba(150&comma; 150&comma; 150&comma; 0.4); border-radius: 8px; overflow: hidden; display: flex; flex-direction: column;'>\n<div style='padding: 15px; border-bottom: 1px solid rgba(150&comma; 150&comma; 150&comma; 0.2); font-weight: bold; font-size: 18px; color: inherit;'>Especificaciones<\/div>\n<div style='padding: 15px; color: inherit;'>\n<ul style='padding-left: 20px; margin: 0; font-size: 14px; list-style-type: disc;'>\n<li style='margin-bottom: 5px;'><strong>Dimensiones:<\/strong> 440 x 380 x 44 mm<\/li>\n<li style='margin-bottom: 5px;'><strong>Puertos:<\/strong> (48) Puertos 10\/100\/1000 Mbps&comma; (6) Puertos SFP+ 10 G&comma; (2) Puertos USB 2.0&comma; (1) Puerto consola RJ45&comma; (1) Puerto consola Tipo C&comma; (1) Puerto administraci\u00f3n RJ45<\/li>\n<li style='margin-bottom: 5px;'><strong>Ventiladores:<\/strong> 4 Ventiladores fijos<\/li>\n<li style='margin-bottom: 5px;'><strong>Montaje:<\/strong> Montaje en rack (kit incluido)<\/li>\n<li style='margin-bottom: 5px;'><strong>Gesti\u00f3n:<\/strong> Mediante Web&comma; CLI&comma; Omada SDN<\/li>\n<li style='margin-bottom: 5px;'><strong>Consumo m\u00e1x:<\/strong> 39.8 W<\/li>\n<li style='margin-bottom: 5px;'><strong>Alimentaci\u00f3n:<\/strong> 100-240 Vca&comma; 50\/60 Hz (2 fuentes internas)<\/li>\n<li style='margin-bottom: 5px;'><strong>Rendimiento:<\/strong> 216 Gbps<\/li>\n<li style='margin-bottom: 5px;'><strong>Reenv\u00edo de paquetes:<\/strong> 160.7 Mpps<\/li>\n<li style='margin-bottom: 5px;'><strong>Tabla de MAC:<\/strong> 32 K<\/li>\n<li style='margin-bottom: 5px;'><strong>Memoria de buffer:<\/strong> 3 MB<\/li>\n<li style='margin-bottom: 5px;'><strong>Apilado:<\/strong> M\u00e1ximo 8&comma; Todos los puertos SFP+ pueden funcionar como apilamiento&comma; Ancho de banda de apilamiento: hasta 80 Gbps (4 puertos de apilamiento)<\/li>\n<li style='margin-bottom: 5px;'><strong>Bot\u00f3n Reset:<\/strong> No&comma; reinicio mediante consola<\/li>\n<\/ul><\/div>\n<\/p><\/div>\n<p> <!-- Caracter\u00edsticas --> <\/p>\n<div style='flex: 1 1 250px; border: 1px solid rgba(150&comma; 150&comma; 150&comma; 0.4); border-radius: 8px; overflow: hidden; display: flex; flex-direction: column;'>\n<div style='padding: 15px; border-bottom: 1px solid rgba(150&comma; 150&comma; 150&comma; 0.2); font-weight: bold; font-size: 18px; color: inherit;'>Caracter\u00edsticas<\/div>\n<div style='padding: 15px; color: inherit;'>\n<ul style='padding-left: 20px; margin: 0; font-size: 14px; list-style-type: disc;'>\n<li style='margin-bottom: 5px;'><strong>Calidad de servicio:<\/strong> Clase de servicio&comma; 8 colas de prioridad&comma; Prioridad de puerto&comma; Prioridad IEEE 802.1p&comma; Prioridad DSCP&comma; Control de ancho de banda&comma; L\u00edmite de velocidad&comma; VLAN de voz&comma; Rendimiento m\u00e1s fluido&comma; OUI definido por el usuario&comma; Control de tormentas<\/li>\n<li style='margin-bottom: 5px;'><strong>Caracter\u00edsticas de L3:<\/strong> Interfaces IP: IPv4: M\u00e1x. 256&comma; IPv6: M\u00e1x. 256&comma; Enrutamiento est\u00e1tico: M\u00e1x. 1024&comma; IPv6: M\u00e1x. 512&comma; Tabla de rutas de host: M\u00e1x. 6100 entradas&comma; RIP: Versi\u00f3n v1\/v2&comma; M\u00e1x. 8190&comma; OSPF: Versi\u00f3n v2\/v3; v2: M\u00e1x. 8190&comma; v3: M\u00e1x. 4097&comma; VRRP: Versi\u00f3n v2\/v3&comma; M\u00e1x. 64 grupos&comma; ECMP: 256 entradas&comma; m\u00e1x. 32 pr\u00f3ximos saltos ECMP por destino&comma; ARP est\u00e1tico: 512 entradas est\u00e1ticas&comma; ARP din\u00e1mico: 7680 entradas din\u00e1micas&comma; ARP proxy&comma; Servidor DHCP: M\u00e1x. 64 grupos de IP&comma; m\u00e1x. 1000 entradas de enlace manual&comma; Retransmisi\u00f3n DHCP: Interfaz retransmitida&comma; VLAN retransmitida<\/li>\n<li style='margin-bottom: 5px;'><strong>Caracter\u00edsticas de L2 y L2+:<\/strong> Agregaci\u00f3n de enlaces&comma; Protocolo de \u00e1rbol de expansi\u00f3n&comma; Detecci\u00f3n de bucle invertido basada en puerto y VLAN&comma; Control de flujo 802.3x&comma; Admite 2048 grupos IGMP&comma; ERPS&comma; Duplicaci\u00f3n&comma; RSPAN&comma; Tabla de direcciones MAC&comma; PIM-DM&comma; PIM-SM (IPv4)&comma; Multidifusi\u00f3n&comma; Inspecci\u00f3n IGMP&comma; Inspecci\u00f3n MLD&comma; Tabla de multidifusi\u00f3n L2&comma; Salida r\u00e1pida&comma; Registro de VLAN de multidifusi\u00f3n (MVR)&comma; IP de multidifusi\u00f3n est\u00e1tica&comma; Filtrado de multidifusi\u00f3n<\/li>\n<li style='margin-bottom: 5px;'><strong>Funciones Avanzadas:<\/strong> Descubrimiento autom\u00e1tico de dispositivos&comma; Configuraci\u00f3n por lotes&comma; Actualizaci\u00f3n de firmware por lotes&comma; Monitoreo de red inteligente&comma; Advertencias de eventos anormales&comma; Configuraci\u00f3n unificada&comma; Programaci\u00f3n de reinicios&comma; Caracter\u00edsticas del ISP: Enlace Ethernet OAM 802.3ah&comma; L2PT (T\u00fanel de protocolo de capa 2)&comma; Protocolo de detecci\u00f3n de enlace de dispositivo (DLDP)&comma; DDM&comma; sFlow<\/li>\n<li style='margin-bottom: 5px;'><strong>VLAN:<\/strong> Grupo VLAN m\u00e1x. 4K (VLAN 802.1q)&comma; VLAN etiquetada 802.1Q&comma; Entradas MAC VLAN: 200&comma; VLAN de multidifusi\u00f3n&comma; VLAN de administraci\u00f3n&comma; VLAN VPN (QinQ): m\u00e1x. 256 entradas&comma; GVRP&comma; VLAN de protocolo: plantilla de protocolo 16&comma; VLAN de protocolo 12 entradas&comma; VLAN VPN&comma; VLAN de voz&comma; VLAN privada<\/li>\n<li style='margin-bottom: 5px;'><strong>Seguridad:<\/strong> Aislamiento de puerto&comma; Defensa de CPU&comma; Inspecci\u00f3n ARP (Inspecci\u00f3n ARP din\u00e1mica)&comma; Defensa DoS&comma; Vinculaci\u00f3n de puerto IP-MAC -1024 entradas &#8211; Inspecci\u00f3n DHCP &#8211; Inspecci\u00f3n ARP &#8211; Protecci\u00f3n de origen IPv4&comma; Vinculaci\u00f3n de puerto IPv6-MAC -1024 entradas &#8211; Inspecci\u00f3n DHCPv6 &#8211; Protecci\u00f3n de origen IPv6&comma; Filtro DHCP&comma; Seguridad de puerto est\u00e1tica\/din\u00e1mica &#8211; Hasta 64 direcciones MAC por puerto&comma; Control de tormentas de difusi\u00f3n\/multidifusi\u00f3n\/unidifusi\u00f3n desconocida&comma; 802.1X &#8211; Autenticaci\u00f3n basada en puerto &#8211; Autenticaci\u00f3n basada en MAC &#8211; Asignaci\u00f3n de VLAN &#8211; MAB &#8211; VLAN de invitado &#8211; Soporte de autenticaci\u00f3n y responsabilidad RADIUS&comma; AAA (incluido TACACS+)&comma; Administraci\u00f3n web segura a trav\u00e9s de HTTPS con SSLv3\/TLS 1.2&comma; Administraci\u00f3n segura de interfaz de l\u00ednea de comandos (CLI) con SSHv2&comma; Acceso basado en IP\/puerto\/MAC control<\/li>\n<li style='margin-bottom: 5px;'><strong>Certificaciones:<\/strong> CE&comma; FCC&comma; RoHS<\/li>\n<li style='margin-bottom: 5px;'><strong>Temperatura:<\/strong> Temperatura de funcionamiento: -5 \u00b0C a 50 \u00b0C (23 \u00b0F a 122 \u00b0F)<\/li>\n<\/ul><\/div>\n<\/p><\/div>\n<p> <!-- Contenido del paquete --> <\/p>\n<div style='flex: 1 1 250px; border: 1px solid rgba(150&comma; 150&comma; 150&comma; 0.4); border-radius: 8px; overflow: hidden; display: flex; flex-direction: column;'>\n<div style='padding: 15px; border-bottom: 1px solid rgba(150&comma; 150&comma; 150&comma; 0.2); font-weight: bold; font-size: 18px; color: inherit;'>Contenido del Paquete<\/div>\n<div style='padding: 15px; color: inherit;'>\n<ul style='padding-left: 20px; margin: 0; font-size: 14px; list-style-type: disc;'>\n<li style='margin-bottom: 5px;'>1 Switch SG6654X<\/li>\n<li style='margin-bottom: 5px;'>1 Cable consola RJ45<\/li>\n<li style='margin-bottom: 5px;'>2 Cables de alimentaci\u00f3n<\/li>\n<li style='margin-bottom: 5px;'>Gu\u00eda de instalaci\u00f3n r\u00e1pida<\/li>\n<li style='margin-bottom: 5px;'>Kit de montaje en rack<\/li>\n<li style='margin-bottom: 5px;'>Patas de goma<\/li>\n<\/ul><\/div>\n<\/p><\/div>\n<\/p><\/div>\n<p> <!-- Separador final --> <\/p>\n<hr style='border: 0; border-top: 1px solid rgba(150&comma; 150&comma; 150&comma; 0.3); margin: 30px 0;'> <\/div>\n","protected":false},"excerpt":{"rendered":"<p>Switch Omada L3 SDN Administrable \/ 48 puertos Gigabit y 6 puertos SFP+ \/ Funciones RIP, VRRP, Servidor DHCP \/ Administraci\u00f3n centralizada OMADA \/ Fuente Redundante<\/p>\n","protected":false},"featured_media":85605,"comment_status":"open","ping_status":"closed","template":"","meta":[],"product_brand":[],"product_cat":[1970],"product_tag":[664,1971,71],"class_list":{"0":"post-85606","1":"product","2":"type-product","3":"status-publish","4":"has-post-thumbnail","6":"product_cat-switches","7":"product_tag-networking","8":"product_tag-switches","9":"product_tag-tp-link","11":"first","12":"instock","13":"sale","14":"shipping-taxable","15":"purchasable","16":"product-type-simple"},"_links":{"self":[{"href":"https:\/\/soydeaqui.ddns.net\/pachuca\/index.php\/wp-json\/wp\/v2\/product\/85606","targetHints":{"allow":["GET"]}}],"collection":[{"href":"https:\/\/soydeaqui.ddns.net\/pachuca\/index.php\/wp-json\/wp\/v2\/product"}],"about":[{"href":"https:\/\/soydeaqui.ddns.net\/pachuca\/index.php\/wp-json\/wp\/v2\/types\/product"}],"replies":[{"embeddable":true,"href":"https:\/\/soydeaqui.ddns.net\/pachuca\/index.php\/wp-json\/wp\/v2\/comments?post=85606"}],"wp:featuredmedia":[{"embeddable":true,"href":"https:\/\/soydeaqui.ddns.net\/pachuca\/index.php\/wp-json\/wp\/v2\/media\/85605"}],"wp:attachment":[{"href":"https:\/\/soydeaqui.ddns.net\/pachuca\/index.php\/wp-json\/wp\/v2\/media?parent=85606"}],"wp:term":[{"taxonomy":"product_brand","embeddable":true,"href":"https:\/\/soydeaqui.ddns.net\/pachuca\/index.php\/wp-json\/wp\/v2\/product_brand?post=85606"},{"taxonomy":"product_cat","embeddable":true,"href":"https:\/\/soydeaqui.ddns.net\/pachuca\/index.php\/wp-json\/wp\/v2\/product_cat?post=85606"},{"taxonomy":"product_tag","embeddable":true,"href":"https:\/\/soydeaqui.ddns.net\/pachuca\/index.php\/wp-json\/wp\/v2\/product_tag?post=85606"}],"curies":[{"name":"wp","href":"https:\/\/api.w.org\/{rel}","templated":true}]}}