{"id":85602,"date":"2026-03-19T21:44:56","date_gmt":"2026-03-19T21:44:56","guid":{"rendered":"https:\/\/soydeaqui.ddns.net\/pachuca\/index.php\/producto\/switch-omada-l3-sdn-administrable-48-puertos-gigabit-y-6-puertos-sfp-presupuesto-poe-1440-w-funciones-rip-vrrp-servidor-dhcp-administracion-centralizada-omada-fuente-redundante\/"},"modified":"2026-03-19T21:45:02","modified_gmt":"2026-03-19T21:45:02","slug":"switch-omada-l3-sdn-administrable-48-puertos-gigabit-y-6-puertos-sfp-presupuesto-poe-1440-w-funciones-rip-vrrp-servidor-dhcp-administracion-centralizada-omada-fuente-redundante","status":"publish","type":"product","link":"https:\/\/soydeaqui.ddns.net\/pachuca\/index.php\/producto\/switch-omada-l3-sdn-administrable-48-puertos-gigabit-y-6-puertos-sfp-presupuesto-poe-1440-w-funciones-rip-vrrp-servidor-dhcp-administracion-centralizada-omada-fuente-redundante\/","title":{"rendered":"Switch Omada L3 SDN Administrable \/ 48 puertos Gigabit y 6 puertos SFP+ \/ Presupuesto PoE 1440 W \/ Funciones RIP, VRRP, Servidor DHCP \/ Administraci\u00f3n centralizada OMADA \/ Fuente Redundante"},"content":{"rendered":"<div style='width: 100%; max-width: 1200px; margin: 0 auto; font-family: sans-serif; line-height: 1.6; color: inherit; background-color: transparent;'>\n<div style='text-align: center; margin: 30px 0;'>\n<h2 style='margin: 0;'><a href='https:\/\/www.tp-link.com\/es\/omada-sdn\/' style='color: inherit; text-decoration: none; border-bottom: 1px solid rgba(150&comma;150&comma;150&comma;0.5);'>Aprende m\u00e1s sobre Omada<\/a><\/h2>\n<\/p><\/div>\n<div style='display: flex; flex-wrap: wrap; gap: 30px; margin-bottom: 30px;'>\n<div style='flex: 1 1 300px; min-width: 280px;'>\n<h3 style='font-size: 22px; border-bottom: 2px solid currentColor; padding-bottom: 5px; margin-top: 0; color: inherit; opacity: 0.8;'>Administraci\u00f3n con el controlador Omada&comma; generando una red unificada<\/h3>\n<p> <img style='width: 100%; height: auto; border: 1px solid rgba(150&comma;150&comma;150&comma;0.3); border-radius: 8px;' src='https:\/\/ftp3.syscom.mx\/usuarios\/fotos\/TLSX3008F\/208029-image_-_2023-02-27t093757.672.png' alt=''> <\/div>\n<\/p><\/div>\n<div style='display: flex; flex-wrap: wrap; gap: 30px; margin-bottom: 30px;'>\n<div style='flex: 1 1 300px; min-width: 280px;'>\n<h3 style='font-size: 22px; border-bottom: 2px solid currentColor; padding-bottom: 5px; margin-top: 0; color: inherit; opacity: 0.8;'>Funciones avanzadas para la administraci\u00f3n de la red empresarial<\/h3>\n<p> <img style='width: 100%; height: auto; border: 1px solid rgba(150&comma;150&comma;150&comma;0.3); border-radius: 8px;' src='https:\/\/ftp3.syscom.mx\/usuarios\/fotos\/TLSX3008F\/208029-image_-_2023-02-27t093748.969.png' alt=''> <\/div>\n<\/p><\/div>\n<div style='display: flex; flex-wrap: wrap; gap: 30px; margin-bottom: 30px;'>\n<div style='flex: 1 1 300px; min-width: 280px;'>\n<h3 style='font-size: 22px; border-bottom: 2px solid currentColor; padding-bottom: 5px; margin-top: 0; color: inherit; opacity: 0.8;'>Alto rendimiento para una red empresarial<\/h3>\n<p> <img style='width: 100%; height: auto; border: 1px solid rgba(150&comma;150&comma;150&comma;0.3); border-radius: 8px;' src='https:\/\/ftp3.syscom.mx\/usuarios\/fotos\/TLSG3452X\/208030-image_-_2023-02-27t113152.601.png' alt=''> <\/div>\n<\/p><\/div>\n<div style='display: flex; flex-wrap: wrap; gap: 30px; margin-bottom: 30px;'>\n<div style='flex: 1 1 300px; min-width: 280px; text-align: center;'> <img style='width: 100%; height: auto; border: 1px solid rgba(150&comma;150&comma;150&comma;0.3); border-radius: 8px;' src='https:\/\/ftp3.syscom.mx\/usuarios\/fotos\/TLSG3428X\/193905-image_-_2023-02-27t120433.684.png' alt=''> <\/div>\n<\/p><\/div>\n<hr style='border: 0; border-top: 1px solid rgba(150&comma; 150&comma; 150&comma; 0.3); margin: 30px 0;'>\n<div style='display: flex; flex-wrap: wrap; gap: 30px; margin-bottom: 30px;'>\n<div style='flex: 1 1 300px; min-width: 280px;'>\n<h3 style='font-size: 22px; border-bottom: 2px solid currentColor; padding-bottom: 5px; margin-top: 0; color: inherit; opacity: 0.8;'>Especificaciones<\/h3>\n<ul style='padding-left: 20px; font-size: 15px; color: inherit;'>\n<li style='margin-bottom: 5px;'><strong>Dimensiones:<\/strong> 440 x 420 x 44 mm<\/li>\n<li style='margin-bottom: 5px;'><strong>Puertos:<\/strong> (48) Puertos 10\/100\/1000 Mbps&comma; (6) Puertos SFP+ 10 G&comma; (2) Puertos USB 2.0&comma; (1) Puerto consola RJ45&comma; (1) Puerto consola Tipo C&comma; (1) Puerto administraci\u00f3n RJ45<\/li>\n<li style='margin-bottom: 5px;'><strong>Ventiladores:<\/strong> 4 Ventiladores intercambiables<\/li>\n<li style='margin-bottom: 5px;'><strong>Montaje:<\/strong> Montaje en rack (kit incluido)<\/li>\n<li style='margin-bottom: 5px;'><strong>Gesti\u00f3n:<\/strong> Mediante Web&comma; CLI&comma; Omada SDN<\/li>\n<li style='margin-bottom: 5px;'><strong>Consumo m\u00e1x:<\/strong> 67.24 W Sin equipos PoE&comma; 1767.7 W Con equipos PoE<\/li>\n<li style='margin-bottom: 5px;'><strong>Alimentaci\u00f3n:<\/strong> 100-240 Vca&comma; 50\/60 Hz (2 fuentes intercambiables). <span style='color: #61bd6d;'>Solamente incluye 1 fuente&comma; la segunda se vende por separado (PMS900-AC)<\/span><\/li>\n<li style='margin-bottom: 5px;'><strong>Rendimiento:<\/strong> 216 Gbps<\/li>\n<li style='margin-bottom: 5px;'><strong>Reenv\u00edo de paquetes:<\/strong> 160.7 Mpps<\/li>\n<li style='margin-bottom: 5px;'><strong>Tabla de MAC:<\/strong> 32 K<\/li>\n<li style='margin-bottom: 5px;'><strong>Presupuesto PoE:<\/strong> 1440 W<\/li>\n<li style='margin-bottom: 5px;'><strong>Apilado:<\/strong> M\u00e1ximo 8. Todos los puertos SFP+ pueden funcionar como apilamiento. Ancho de banda de apilamiento: hasta 80 Gbps (4 puertos de apilamiento)<\/li>\n<li style='margin-bottom: 5px;'><strong>Bot\u00f3n Reset:<\/strong> No&comma; reinicio mediante consola<\/li>\n<\/ul><\/div>\n<div style='flex: 1 1 300px; min-width: 280px;'>\n<h3 style='font-size: 22px; border-bottom: 2px solid currentColor; padding-bottom: 5px; margin-top: 0; color: inherit; opacity: 0.8;'>Caracter\u00edsticas<\/h3>\n<ul style='padding-left: 20px; font-size: 15px; color: inherit;'>\n<li style='margin-bottom: 5px;'><strong>Calidad de servicio:<\/strong> Clase de servicio&comma; 8 colas de prioridad&comma; Prioridad de puerto&comma; Prioridad IEEE 802.1p&comma; Prioridad DSCP&comma; Control de ancho de banda&comma; L\u00edmite de velocidad&comma; VLAN de voz&comma; Rendimiento m\u00e1s fluido&comma; OUI definido por el usuario&comma; Control de tormentas<\/li>\n<li style='margin-bottom: 5px;'><strong>Caracter\u00edsticas de L3:<\/strong> Interfaces IP: IPv4: M\u00e1x. 256&comma; IPv6: M\u00e1x. 256. Enrutamiento est\u00e1tico: M\u00e1x. 1024&comma; IPv6: M\u00e1x. 512. Tabla de rutas de host: M\u00e1x. 6100 entradas. RIP: Versi\u00f3n v1\/v2&comma; M\u00e1x. 8190. OSPF: Versi\u00f3n v2\/v3; v2: M\u00e1x. 8190&comma; v3: M\u00e1x. 4097. VRRP: Versi\u00f3n v2\/v3&comma; M\u00e1x. 64 grupos. ECMP: 256 entradas&comma; m\u00e1x. 32 pr\u00f3ximos saltos ECMP por destino. ARP est\u00e1tico: 512 entradas est\u00e1ticas. ARP din\u00e1mico: 7680 entradas din\u00e1micas. ARP proxy. Servidor DHCP: M\u00e1x. 64 grupos de IP&comma; m\u00e1x. 1000 entradas de enlace manual. Retransmisi\u00f3n DHCP: Interfaz retransmitida&comma; VLAN retransmitida<\/li>\n<li style='margin-bottom: 5px;'><strong>Caracter\u00edsticas de L2 y L2+:<\/strong> Agregaci\u00f3n de enlaces. Protocolo de \u00e1rbol de expansi\u00f3n. Detecci\u00f3n de bucle invertido basada en puerto y VLAN. Control de flujo 802.3x. Admite 2048 grupos IGMP. ERPS. Duplicaci\u00f3n. RSPAN. Tabla de direcciones MAC. PIM-DM&comma; PIM-SM (IPv4). Inspecci\u00f3n IGMP. Inspecci\u00f3n MLD. Tabla de multidifusi\u00f3n L2. Salida r\u00e1pida. Registro de VLAN de multidifusi\u00f3n (MVR). IP de multidifusi\u00f3n est\u00e1tica. Filtrado de multidifusi\u00f3n<\/li>\n<li style='margin-bottom: 5px;'><strong>Funciones Avanzadas:<\/strong> Descubrimiento autom\u00e1tico de dispositivos. Configuraci\u00f3n por lotes. Actualizaci\u00f3n de firmware por lotes. Monitoreo de red inteligente. Advertencias de eventos anormales. Configuraci\u00f3n unificada. Programaci\u00f3n de reinicios. Caracter\u00edsticas del ISP: Enlace Ethernet OAM 802.3ah&comma; L2PT (T\u00fanel de protocolo de capa 2)&comma; Protocolo de detecci\u00f3n de enlace de dispositivo (DLDP)&comma; DDM&comma; sFlow<\/li>\n<li style='margin-bottom: 5px;'><strong>VLAN:<\/strong> Grupo VLAN m\u00e1x. 4K (VLAN 802.1q). VLAN etiquetada 802.1Q. Entradas MAC VLAN: 200. VLAN de multidifusi\u00f3n. VLAN de administraci\u00f3n. VLAN VPN (QinQ): m\u00e1x. 256 entradas. GVRP. VLAN de protocolo: plantilla de protocolo 16&comma; VLAN de protocolo 12 entradas. VLAN VPN. VLAN de voz. VLAN privada<\/li>\n<li style='margin-bottom: 5px;'><strong>Seguridad:<\/strong> Aislamiento de puerto. Defensa de CPU. Inspecci\u00f3n ARP (Inspecci\u00f3n ARP din\u00e1mica). Defensa DoS. Vinculaci\u00f3n de puerto IP-MAC -1024 entradas &#8211; Inspecci\u00f3n DHCP- Inspecci\u00f3n ARP &#8211; Protecci\u00f3n de origen IPv4. Vinculaci\u00f3n de puerto IPv6-MAC -1024 entradas &#8211; Inspecci\u00f3n DHCPv6 &#8211; Protecci\u00f3n de origen IPv6. Filtro DHCP. Seguridad de puerto est\u00e1tica\/din\u00e1mica &#8211; Hasta 64 direcciones MAC por puerto. Control de tormentas de difusi\u00f3n\/multidifusi\u00f3n\/unidifusi\u00f3n desconocida. 802.1X &#8211; Autenticaci\u00f3n basada en puerto &#8211; Autenticaci\u00f3n basada en MAC &#8211; Asignaci\u00f3n de VLAN &#8211; MAB &#8211; VLAN de invitado &#8211; Soporte de autenticaci\u00f3n y responsabilidad RADIUS. AAA (incluido TACACS+). Administraci\u00f3n web segura a trav\u00e9s de HTTPS con SSLv3\/TLS 1.2. Administraci\u00f3n segura de interfaz de l\u00ednea de comandos (CLI) con SSHv2. Acceso basado en IP\/puerto\/MAC control<\/li>\n<li style='margin-bottom: 5px;'><strong>Certificaciones:<\/strong> CE&comma; FCC&comma; RoHS<\/li>\n<li style='margin-bottom: 5px;'><strong>Temperatura:<\/strong> Temperatura de funcionamiento: -5 \u00b0C a 50 \u00b0C (23 \u00b0F a 122 \u00b0F)<\/li>\n<\/ul><\/div>\n<\/p><\/div>\n<hr style='border: 0; border-top: 1px solid rgba(150&comma; 150&comma; 150&comma; 0.3); margin: 30px 0;'>\n<div style='display: flex; flex-wrap: wrap; gap: 30px; margin-bottom: 30px;'>\n<div style='flex: 1 1 300px; min-width: 280px;'>\n<h3 style='font-size: 22px; border-bottom: 2px solid currentColor; padding-bottom: 5px; margin-top: 0; color: inherit; opacity: 0.8;'>Otros<\/h3>\n<ul style='padding-left: 20px; font-size: 15px; color: inherit;'>\n<li style='margin-bottom: 5px;'><strong>Contenido del Paquete:<\/strong> 1 Switch SG6654XHP&comma; 1 Cable consola RJ45&comma; 1 Cables de alimentaci\u00f3n&comma; Gu\u00eda de instalaci\u00f3n r\u00e1pida&comma; Kit de montaje en rack&comma; Patas de goma<\/li>\n<\/ul><\/div>\n<\/p><\/div>\n<\/p><\/div>\n","protected":false},"excerpt":{"rendered":"<p>Switch Omada L3 SDN Administrable \/ 48 puertos Gigabit y 6 puertos SFP+ \/ Presupuesto PoE 1440 W \/ Funciones RIP, VRRP, Servidor DHCP \/ Administraci\u00f3n centralizada OMADA \/ Fuente Redundante<\/p>\n","protected":false},"featured_media":85601,"comment_status":"open","ping_status":"closed","template":"","meta":[],"product_brand":[],"product_cat":[1986],"product_tag":[664,1987,71],"class_list":{"0":"post-85602","1":"product","2":"type-product","3":"status-publish","4":"has-post-thumbnail","6":"product_cat-switches-poe","7":"product_tag-networking","8":"product_tag-switches-poe","9":"product_tag-tp-link","11":"first","12":"instock","13":"sale","14":"shipping-taxable","15":"purchasable","16":"product-type-simple"},"_links":{"self":[{"href":"https:\/\/soydeaqui.ddns.net\/pachuca\/index.php\/wp-json\/wp\/v2\/product\/85602","targetHints":{"allow":["GET"]}}],"collection":[{"href":"https:\/\/soydeaqui.ddns.net\/pachuca\/index.php\/wp-json\/wp\/v2\/product"}],"about":[{"href":"https:\/\/soydeaqui.ddns.net\/pachuca\/index.php\/wp-json\/wp\/v2\/types\/product"}],"replies":[{"embeddable":true,"href":"https:\/\/soydeaqui.ddns.net\/pachuca\/index.php\/wp-json\/wp\/v2\/comments?post=85602"}],"wp:featuredmedia":[{"embeddable":true,"href":"https:\/\/soydeaqui.ddns.net\/pachuca\/index.php\/wp-json\/wp\/v2\/media\/85601"}],"wp:attachment":[{"href":"https:\/\/soydeaqui.ddns.net\/pachuca\/index.php\/wp-json\/wp\/v2\/media?parent=85602"}],"wp:term":[{"taxonomy":"product_brand","embeddable":true,"href":"https:\/\/soydeaqui.ddns.net\/pachuca\/index.php\/wp-json\/wp\/v2\/product_brand?post=85602"},{"taxonomy":"product_cat","embeddable":true,"href":"https:\/\/soydeaqui.ddns.net\/pachuca\/index.php\/wp-json\/wp\/v2\/product_cat?post=85602"},{"taxonomy":"product_tag","embeddable":true,"href":"https:\/\/soydeaqui.ddns.net\/pachuca\/index.php\/wp-json\/wp\/v2\/product_tag?post=85602"}],"curies":[{"name":"wp","href":"https:\/\/api.w.org\/{rel}","templated":true}]}}