{"id":85598,"date":"2026-03-19T21:44:47","date_gmt":"2026-03-19T21:44:47","guid":{"rendered":"https:\/\/soydeaqui.ddns.net\/pachuca\/index.php\/producto\/switch-omada-l3-sdn-administrable-24-puertos-poe-af-at-gigabit-y-4-puertos-sfp-presupuesto-poe-720w-funciones-rip-vrrp-servidor-dhcp-administracion-centralizada-omada-fuente-redundante\/"},"modified":"2026-03-19T21:44:53","modified_gmt":"2026-03-19T21:44:53","slug":"switch-omada-l3-sdn-administrable-24-puertos-poe-af-at-gigabit-y-4-puertos-sfp-presupuesto-poe-720w-funciones-rip-vrrp-servidor-dhcp-administracion-centralizada-omada-fuente-redundante","status":"publish","type":"product","link":"https:\/\/soydeaqui.ddns.net\/pachuca\/index.php\/producto\/switch-omada-l3-sdn-administrable-24-puertos-poe-af-at-gigabit-y-4-puertos-sfp-presupuesto-poe-720w-funciones-rip-vrrp-servidor-dhcp-administracion-centralizada-omada-fuente-redundante\/","title":{"rendered":"Switch Omada L3 SDN Administrable \/ 24 puertos PoE af\/at Gigabit y 4 puertos SFP+ \/ Presupuesto PoE 720W \/ Funciones RIP, VRRP, Servidor DHCP \/ Administraci\u00f3n centralizada OMADA \/ Fuente Redundante"},"content":{"rendered":"<div style='width: 100%; max-width: 1200px; margin: 0 auto; font-family: sans-serif; line-height: 1.6; color: inherit; background-color: transparent;'>\n<div style='text-align: center; margin: 30px 0;'>\n<h2 style='font-size: 20px; margin: 0;'> <a href='https:\/\/www.tp-link.com\/es\/omada-sdn\/' style='color: inherit; text-decoration: none; border-bottom: 1px solid rgba(150&comma;150&comma;150&comma;0.3); padding-bottom: 2px;'> Aprende m\u00e1s sobre Omada <\/a> <\/h2>\n<\/p><\/div>\n<div style='display: flex; flex-wrap: wrap; gap: 30px; margin-bottom: 30px;'>\n<div style='flex: 1 1 100%; min-width: 280px;'>\n<h3 style='font-size: 22px; border-bottom: 2px solid currentColor; padding-bottom: 5px; margin-top: 0; color: inherit; opacity: 0.8;'>Administraci\u00f3n con el controlador Omada&comma; generando una red unificada<\/h3>\n<p> <img style='width: 100%; height: auto; border: 1px solid rgba(150&comma;150&comma;150&comma;0.3); border-radius: 8px; margin: 15px 0;' src='https:\/\/ftp3.syscom.mx\/usuarios\/fotos\/TLSX3008F\/208029-image_-_2023-02-27t093757.672.png' alt='Administraci\u00f3n Omada' \/> <\/div>\n<\/p><\/div>\n<div style='display: flex; flex-wrap: wrap; gap: 30px; margin-bottom: 30px;'>\n<div style='flex: 1 1 100%; min-width: 280px;'>\n<h3 style='font-size: 22px; border-bottom: 2px solid currentColor; padding-bottom: 5px; margin-top: 0; color: inherit; opacity: 0.8;'>Funciones avanzadas para la asministraci\u00f3n de la red empresarial.<\/h3>\n<p> <img style='width: 100%; height: auto; border: 1px solid rgba(150&comma;150&comma;150&comma;0.3); border-radius: 8px; margin: 15px 0;' src='https:\/\/ftp3.syscom.mx\/usuarios\/fotos\/TLSX3008F\/208029-image_-_2023-02-27t093748.969.png' alt='Funciones avanzadas' \/> <\/div>\n<\/p><\/div>\n<div style='display: flex; flex-wrap: wrap; gap: 30px; margin-bottom: 30px;'>\n<div style='flex: 1 1 100%; min-width: 280px;'>\n<h3 style='font-size: 22px; border-bottom: 2px solid currentColor; padding-bottom: 5px; margin-top: 0; color: inherit; opacity: 0.8;'>Alto rendimiento para una red empresar\u00edal.<\/h3>\n<p> <img style='width: 100%; height: auto; border: 1px solid rgba(150&comma;150&comma;150&comma;0.3); border-radius: 8px; margin: 15px 0;' src='https:\/\/ftp3.syscom.mx\/usuarios\/fotos\/TLSG3452X\/208030-image_-_2023-02-27t113152.601.png' alt='Alto rendimiento' \/> <\/div>\n<\/p><\/div>\n<div style='display: flex; flex-wrap: wrap; gap: 30px; margin-bottom: 30px;'>\n<div style='flex: 1 1 100%; min-width: 280px;'> <img style='width: 100%; height: auto; border: 1px solid rgba(150&comma;150&comma;150&comma;0.3); border-radius: 8px; margin: 15px 0;' src='https:\/\/ftp3.syscom.mx\/usuarios\/fotos\/TLSG3428X\/193905-image_-_2023-02-27t120433.684.png' alt='Dise\u00f1o rackmount' \/> <\/div>\n<\/p><\/div>\n<hr style='border: 0; border-top: 1px solid rgba(150&comma; 150&comma; 150&comma; 0.3); margin: 30px 0;'>\n<div style='display: flex; flex-wrap: wrap; gap: 30px; margin-bottom: 30px;'>\n<div style='flex: 1 1 100%; min-width: 280px;'>\n<h3 style='font-size: 22px; border-bottom: 2px solid currentColor; padding-bottom: 5px; margin-top: 0; color: inherit; opacity: 0.8;'>Especificaciones<\/h3>\n<div style='display: flex; flex-wrap: wrap; gap: 15px;'>\n<div style='flex: 1 1 250px; border: 1px solid rgba(150&comma; 150&comma; 150&comma; 0.4); border-radius: 8px; overflow: hidden; display: flex; flex-direction: column;'>\n<div style='padding: 15px; border-bottom: 1px solid rgba(150&comma; 150&comma; 150&comma; 0.2); font-weight: bold; font-size: 18px; color: inherit;'>Especificaciones f\u00edsicas<\/div>\n<div style='padding: 15px; color: inherit;'>\n<ul style='padding-left: 20px; margin: 0; font-size: 14px; list-style-type: disc;'>\n<li style='margin-bottom: 5px;'><strong>Dimensiones:<\/strong> 440 x 420 x 44 mm.<\/li>\n<li style='margin-bottom: 5px;'><strong>Ventiladores:<\/strong> 4 Ventiladores hot-swappable (intercambiables)<\/li>\n<li style='margin-bottom: 5px;'><strong>Montaje:<\/strong> Montaje en rack (kit incluido)<\/li>\n<li style='margin-bottom: 5px;'><strong>Gesti\u00f3n:<\/strong> Mediante Web&comma; CLI&comma; Omada SDN<\/li>\n<li style='margin-bottom: 5px;'><strong>Consuma m\u00e1x:<\/strong> 42.9 W Sin PoE<br \/>916.6 W Con PoE con las 2 fuentes<\/li>\n<li style='margin-bottom: 5px;'><strong>Alimentaci\u00f3n:<\/strong> 100-240 Vca&comma; 50\/60 Hz (2 fuentes intercambiables)<br \/><span style='color: #61bd6d;'>Solamente incluye 1 fuente&comma; la segunda se vende por separado (PSM500-AC)<\/span><\/li>\n<\/ul><\/div>\n<\/p><\/div>\n<div style='flex: 1 1 250px; border: 1px solid rgba(150&comma; 150&comma; 150&comma; 0.4); border-radius: 8px; overflow: hidden; display: flex; flex-direction: column;'>\n<div style='padding: 15px; border-bottom: 1px solid rgba(150&comma; 150&comma; 150&comma; 0.2); font-weight: bold; font-size: 18px; color: inherit;'>Puertos<\/div>\n<div style='padding: 15px; color: inherit;'>\n<ul style='padding-left: 20px; margin: 0; font-size: 14px; list-style-type: disc;'>\n<li style='margin-bottom: 5px;'><strong>(24) Puertos<\/strong> 10\/100\/1000 Mbps<\/li>\n<li style='margin-bottom: 5px;'><strong>(4) Puertos<\/strong> SFP+ 10 G<\/li>\n<li style='margin-bottom: 5px;'><strong>(2) Puertos<\/strong> USB 2.0<\/li>\n<li style='margin-bottom: 5px;'><strong>(1) Puerto<\/strong> consola RJ45<\/li>\n<li style='margin-bottom: 5px;'><strong>(1) Puerto<\/strong> consola Tipo C<\/li>\n<li style='margin-bottom: 5px;'><strong>(1) Puerto<\/strong> administraci\u00f3n RJ45<\/li>\n<\/ul><\/div>\n<\/p><\/div>\n<div style='flex: 1 1 250px; border: 1px solid rgba(150&comma; 150&comma; 150&comma; 0.4); border-radius: 8px; overflow: hidden; display: flex; flex-direction: column;'>\n<div style='padding: 15px; border-bottom: 1px solid rgba(150&comma; 150&comma; 150&comma; 0.2); font-weight: bold; font-size: 18px; color: inherit;'>Rendimiento<\/div>\n<div style='padding: 15px; color: inherit;'>\n<ul style='padding-left: 20px; margin: 0; font-size: 14px; list-style-type: disc;'>\n<li style='margin-bottom: 5px;'><strong>Rendimiento:<\/strong> 128 Gbps<\/li>\n<li style='margin-bottom: 5px;'><strong>Reenv\u00edo de paquetes:<\/strong> 95.2 Mpps<\/li>\n<li style='margin-bottom: 5px;'><strong>Tabla de MAC:<\/strong> 32 K<\/li>\n<li style='margin-bottom: 5px;'><strong>Presupuesto PoE:<\/strong> 720 W<\/li>\n<li style='margin-bottom: 5px;'><strong>Apilado:<\/strong> M\u00e1ximo 8<br \/>Todos los puertos SFP+ pueden funcionar como apilamiento<br \/>Ancho de banda de apilamiento: hasta 80 Gbps (4 puertos de apilamiento)<\/li>\n<li style='margin-bottom: 5px;'><strong>Bot\u00f3n Reset:<\/strong> No&comma; reinicio mediante consola<\/li>\n<\/ul><\/div>\n<\/p><\/div>\n<\/p><\/div>\n<\/p><\/div>\n<\/p><\/div>\n<div style='display: flex; flex-wrap: wrap; gap: 30px; margin-bottom: 30px;'>\n<div style='flex: 1 1 100%; min-width: 280px;'>\n<h3 style='font-size: 22px; border-bottom: 2px solid currentColor; padding-bottom: 5px; margin-top: 0; color: inherit; opacity: 0.8;'>Caracter\u00edsticas<\/h3>\n<div style='display: flex; flex-wrap: wrap; gap: 15px;'>\n<div style='flex: 1 1 250px; border: 1px solid rgba(150&comma; 150&comma; 150&comma; 0.4); border-radius: 8px; overflow: hidden; display: flex; flex-direction: column;'>\n<div style='padding: 15px; border-bottom: 1px solid rgba(150&comma; 150&comma; 150&comma; 0.2); font-weight: bold; font-size: 18px; color: inherit;'>Calidad de servicio<\/div>\n<div style='padding: 15px; color: inherit;'>\n<ul style='padding-left: 20px; margin: 0; font-size: 14px; list-style-type: disc;'>\n<li style='margin-bottom: 5px;'>Clase de servicio<\/li>\n<li style='margin-bottom: 5px;'>8 colas de prioridad<\/li>\n<li style='margin-bottom: 5px;'>Prioridad de puerto<\/li>\n<li style='margin-bottom: 5px;'>Prioridad IEEE 802.1p<\/li>\n<li style='margin-bottom: 5px;'>Prioridad DSCP<\/li>\n<li style='margin-bottom: 5px;'>Control de ancho de banda<\/li>\n<li style='margin-bottom: 5px;'>L\u00edmite de velocidad<\/li>\n<li style='margin-bottom: 5px;'>VLAN de voz<\/li>\n<li style='margin-bottom: 5px;'>Rendimiento m\u00e1s fluido<\/li>\n<li style='margin-bottom: 5px;'>OUI definido por el usuario<\/li>\n<li style='margin-bottom: 5px;'>Control de tormentas<\/li>\n<\/ul><\/div>\n<\/p><\/div>\n<div style='flex: 1 1 250px; border: 1px solid rgba(150&comma; 150&comma; 150&comma; 0.4); border-radius: 8px; overflow: hidden; display: flex; flex-direction: column;'>\n<div style='padding: 15px; border-bottom: 1px solid rgba(150&comma; 150&comma; 150&comma; 0.2); font-weight: bold; font-size: 18px; color: inherit;'>Caracter\u00edsticas de L3<\/div>\n<div style='padding: 15px; color: inherit;'>\n<ul style='padding-left: 20px; margin: 0; font-size: 14px; list-style-type: disc;'>\n<li style='margin-bottom: 5px;'>Interfaces IP: IPv4: M\u00e1x. 256&comma; IPv6: M\u00e1x. 256<\/li>\n<li style='margin-bottom: 5px;'>Enrutamiento est\u00e1tico: M\u00e1x. 1024&comma; IPv6: M\u00e1x. 512<\/li>\n<li style='margin-bottom: 5px;'>Tabla de rutas de host: M\u00e1x. 6100 entradas<\/li>\n<li style='margin-bottom: 5px;'>RIP: Versi\u00f3n v1\/v2&comma; M\u00e1x. 8190<\/li>\n<li style='margin-bottom: 5px;'>OSPF: Versi\u00f3n v2\/v3; v2: M\u00e1x. 8190&comma; v3: M\u00e1x. 4097<\/li>\n<li style='margin-bottom: 5px;'>VRRP: Versi\u00f3n v2\/v3&comma; M\u00e1x. 64 grupos<\/li>\n<li style='margin-bottom: 5px;'>ECMP: 256 entradas&comma; m\u00e1x. 32 pr\u00f3ximos saltos ECMP por destino<\/li>\n<li style='margin-bottom: 5px;'>ARP est\u00e1tico: 512 entradas est\u00e1ticas<\/li>\n<li style='margin-bottom: 5px;'>ARP din\u00e1mico: 7680 entradas din\u00e1micas<\/li>\n<li style='margin-bottom: 5px;'>ARP proxy<\/li>\n<li style='margin-bottom: 5px;'>Servidor DHCP: M\u00e1x. 64 grupos de IP&comma; m\u00e1x. 1000 entradas de enlace manual<\/li>\n<li style='margin-bottom: 5px;'>Retransmisi\u00f3n DHCP: Interfaz retransmitida&comma; VLAN retransmitida<\/li>\n<\/ul><\/div>\n<\/p><\/div>\n<div style='flex: 1 1 250px; border: 1px solid rgba(150&comma; 150&comma; 150&comma; 0.4); border-radius: 8px; overflow: hidden; display: flex; flex-direction: column;'>\n<div style='padding: 15px; border-bottom: 1px solid rgba(150&comma; 150&comma; 150&comma; 0.2); font-weight: bold; font-size: 18px; color: inherit;'>Caracter\u00edsticas de L2 y L2+<\/div>\n<div style='padding: 15px; color: inherit;'>\n<ul style='padding-left: 20px; margin: 0; font-size: 14px; list-style-type: disc;'>\n<li style='margin-bottom: 5px;'>Agregaci\u00f3n de enlaces<\/li>\n<li style='margin-bottom: 5px;'>Protocolo de \u00e1rbol de expansi\u00f3n<\/li>\n<li style='margin-bottom: 5px;'>Detecci\u00f3n de bucle invertido basada en puerto y VLAN<\/li>\n<li style='margin-bottom: 5px;'>Control de flujo 802.3x<\/li>\n<li style='margin-bottom: 5px;'>Admite 2048 grupos IGMP<\/li>\n<li style='margin-bottom: 5px;'>ERPS<\/li>\n<li style='margin-bottom: 5px;'>Duplicaci\u00f3n<\/li>\n<li style='margin-bottom: 5px;'>RSPAN<\/li>\n<li style='margin-bottom: 5px;'>Tabla de direcciones MAC<\/li>\n<li style='margin-bottom: 5px;'>PIM-DM&comma; PIM-SM (IPv4)<\/li>\n<li style='margin-bottom: 5px;'>Multidifusi\u00f3n<\/li>\n<li style='margin-bottom: 5px;'>Inspecci\u00f3n IGMP<\/li>\n<li style='margin-bottom: 5px;'>Inspecci\u00f3n MLD<\/li>\n<li style='margin-bottom: 5px;'>Tabla de multidifusi\u00f3n L2<\/li>\n<li style='margin-bottom: 5px;'>Salida r\u00e1pida<\/li>\n<li style='margin-bottom: 5px;'>Registro de VLAN de multidifusi\u00f3n (MVR)<\/li>\n<li style='margin-bottom: 5px;'>IP de multidifusi\u00f3n est\u00e1tica<\/li>\n<li style='margin-bottom: 5px;'>Filtrado de multidifusi\u00f3n<\/li>\n<\/ul><\/div>\n<\/p><\/div>\n<div style='flex: 1 1 250px; border: 1px solid rgba(150&comma; 150&comma; 150&comma; 0.4); border-radius: 8px; overflow: hidden; display: flex; flex-direction: column;'>\n<div style='padding: 15px; border-bottom: 1px solid rgba(150&comma; 150&comma; 150&comma; 0.2); font-weight: bold; font-size: 18px; color: inherit;'>VLAN<\/div>\n<div style='padding: 15px; color: inherit;'>\n<ul style='padding-left: 20px; margin: 0; font-size: 14px; list-style-type: disc;'>\n<li style='margin-bottom: 5px;'>Grupo VLAN m\u00e1x. 4K (VLAN 802.1q)<\/li>\n<li style='margin-bottom: 5px;'>VLAN etiquetada 802.1Q<\/li>\n<li style='margin-bottom: 5px;'>Entradas MAC VLAN: 200<\/li>\n<li style='margin-bottom: 5px;'>VLAN de multidifusi\u00f3n<\/li>\n<li style='margin-bottom: 5px;'>VLAN de administraci\u00f3n<\/li>\n<li style='margin-bottom: 5px;'>VLAN VPN (QinQ): m\u00e1x. 256 entradas<\/li>\n<li style='margin-bottom: 5px;'>GVRP<\/li>\n<li style='margin-bottom: 5px;'>VLAN de protocolo: plantilla de protocolo 16&comma; VLAN de protocolo 12 entradas<\/li>\n<li style='margin-bottom: 5px;'>VLAN VPN<\/li>\n<li style='margin-bottom: 5px;'>VLAN de voz<\/li>\n<li style='margin-bottom: 5px;'>VLAN privada<\/li>\n<\/ul><\/div>\n<\/p><\/div>\n<div style='flex: 1 1 250px; border: 1px solid rgba(150&comma; 150&comma; 150&comma; 0.4); border-radius: 8px; overflow: hidden; display: flex; flex-direction: column;'>\n<div style='padding: 15px; border-bottom: 1px solid rgba(150&comma; 150&comma; 150&comma; 0.2); font-weight: bold; font-size: 18px; color: inherit;'>Seguridad<\/div>\n<div style='padding: 15px; color: inherit;'>\n<ul style='padding-left: 20px; margin: 0; font-size: 14px; list-style-type: disc;'>\n<li style='margin-bottom: 5px;'>Aislamiento de puerto<\/li>\n<li style='margin-bottom: 5px;'>Defensa de CPU<\/li>\n<li style='margin-bottom: 5px;'>Inspecci\u00f3n ARP (Inspecci\u00f3n ARP din\u00e1mica)<\/li>\n<li style='margin-bottom: 5px;'>Defensa DoS<\/li>\n<li style='margin-bottom: 5px;'>Vinculaci\u00f3n de puerto IP-MAC -1024 entradas &#8211; Inspecci\u00f3n DHCP- Inspecci\u00f3n ARP &#8211; Protecci\u00f3n de origen IPv4<\/li>\n<li style='margin-bottom: 5px;'>Vinculaci\u00f3n de puerto IPv6-MAC -1024 entradas &#8211; Inspecci\u00f3n DHCPv6 &#8211; Protecci\u00f3n de origen IPv6<\/li>\n<li style='margin-bottom: 5px;'>Filtro DHCP<\/li>\n<li style='margin-bottom: 5px;'>Seguridad de puerto est\u00e1tica\/din\u00e1mica &#8211; Hasta 64 direcciones MAC por puerto<\/li>\n<li style='margin-bottom: 5px;'>Control de tormentas de difusi\u00f3n\/multidifusi\u00f3n\/unidifusi\u00f3n desconocida<\/li>\n<li style='margin-bottom: 5px;'>802.1X &#8211; Autenticaci\u00f3n basada en puerto &#8211; Autenticaci\u00f3n basada en MAC &#8211; Asignaci\u00f3n de VLAN &#8211; MAB &#8211; VLAN de invitado &#8211; Soporte de autenticaci\u00f3n y responsabilidad RADIUS<\/li>\n<li style='margin-bottom: 5px;'>AAA (incluido TACACS+)<\/li>\n<li style='margin-bottom: 5px;'>Administraci\u00f3n web segura a trav\u00e9s de HTTPS con SSLv3\/TLS 1.2<\/li>\n<li style='margin-bottom: 5px;'>Administraci\u00f3n segura de interfaz de l\u00ednea de comandos (CLI) con SSHv2<\/li>\n<li style='margin-bottom: 5px;'>Acceso basado en IP\/puerto\/MAC control<\/li>\n<\/ul><\/div>\n<\/p><\/div>\n<div style='flex: 1 1 250px; border: 1px solid rgba(150&comma; 150&comma; 150&comma; 0.4); border-radius: 8px; overflow: hidden; display: flex; flex-direction: column;'>\n<div style='padding: 15px; border-bottom: 1px solid rgba(150&comma; 150&comma; 150&comma; 0.2); font-weight: bold; font-size: 18px; color: inherit;'>Funciones avanzadas<\/div>\n<div style='padding: 15px; color: inherit;'>\n<ul style='padding-left: 20px; margin: 0; font-size: 14px; list-style-type: disc;'>\n<li style='margin-bottom: 5px;'>Descubrimiento autom\u00e1tico de dispositivos<\/li>\n<li style='margin-bottom: 5px;'>Configuraci\u00f3n por lotes<\/li>\n<li style='margin-bottom: 5px;'>Actualizaci\u00f3n de firmware por lotes<\/li>\n<li style='margin-bottom: 5px;'>Monitoreo de red inteligente<\/li>\n<li style='margin-bottom: 5px;'>Advertencias de eventos anormales<\/li>\n<li style='margin-bottom: 5px;'>Configuraci\u00f3n unificada<\/li>\n<li style='margin-bottom: 5px;'>Programaci\u00f3n de reinicios<\/li>\n<li style='margin-bottom: 5px;'><strong style='color: inherit; font-weight: bold;'>Caracter\u00edsticas del ISP:<\/strong><\/li>\n<li style='margin-bottom: 5px;'>\u2022 Enlace Ethernet OAM 802.3ah<\/li>\n<li style='margin-bottom: 5px;'>\u2022 L2PT (T\u00fanel de protocolo de capa 2)<\/li>\n<li style='margin-bottom: 5px;'>\u2022 Protocolo de detecci\u00f3n de enlace de dispositivo (DLDP)<\/li>\n<li style='margin-bottom: 5px;'>\u2022 DDM<\/li>\n<li style='margin-bottom: 5px;'>\u2022 sFlow<\/li>\n<\/ul><\/div>\n<\/p><\/div>\n<div style='flex: 1 1 250px; border: 1px solid rgba(150&comma; 150&comma; 150&comma; 0.4); border-radius: 8px; overflow: hidden; display: flex; flex-direction: column;'>\n<div style='padding: 15px; border-bottom: 1px solid rgba(150&comma; 150&comma; 150&comma; 0.2); font-weight: bold; font-size: 18px; color: inherit;'>Certificaciones<\/div>\n<div style='padding: 15px; color: inherit;'>\n<ul style='padding-left: 20px; margin: 0; font-size: 14px; list-style-type: disc;'>\n<li style='margin-bottom: 5px;'>CE&comma; FCC&comma; RoHS<\/li>\n<\/ul><\/div>\n<\/p><\/div>\n<div style='flex: 1 1 250px; border: 1px solid rgba(150&comma; 150&comma; 150&comma; 0.4); border-radius: 8px; overflow: hidden; display: flex; flex-direction: column;'>\n<div style='padding: 15px; border-bottom: 1px solid rgba(150&comma; 150&comma; 150&comma; 0.2); font-weight: bold; font-size: 18px; color: inherit;'>Temperatura<\/div>\n<div style='padding: 15px; color: inherit;'>\n<ul style='padding-left: 20px; margin: 0; font-size: 14px; list-style-type: disc;'>\n<li style='margin-bottom: 5px;'>Temperatura de funcionamiento:<br \/>-5 \u00b0C a 50 \u00b0C (23 \u00b0F a 122 \u00b0F)<\/li>\n<\/ul><\/div>\n<\/p><\/div>\n<div style='flex: 1 1 250px; border: 1px solid rgba(150&comma; 150&comma; 150&comma; 0.4); border-radius: 8px; overflow: hidden; display: flex; flex-direction: column;'>\n<div style='padding: 15px; border-bottom: 1px solid rgba(150&comma; 150&comma; 150&comma; 0.2); font-weight: bold; font-size: 18px; color: inherit;'>Contenido del Paquete<\/div>\n<div style='padding: 15px; color: inherit;'>\n<ul style='padding-left: 20px; margin: 0; font-size: 14px; list-style-type: disc;'>\n<li style='margin-bottom: 5px;'>1 Switch SG6428XHP<\/li>\n<li style='margin-bottom: 5px;'>1 Cable consola RJ45<\/li>\n<li style='margin-bottom: 5px;'>1 Cables de alimentaci\u00f3n<\/li>\n<li style='margin-bottom: 5px;'>Gu\u00eda de instalaci\u00f3n r\u00e1pida<\/li>\n<li style='margin-bottom: 5px;'>Kit de montaje en rack<\/li>\n<li style='margin-bottom: 5px;'>Patas de goma<\/li>\n<\/ul><\/div>\n<\/p><\/div>\n<\/p><\/div>\n<\/p><\/div>\n<\/p><\/div>\n<hr style='border: 0; border-top: 1px solid rgba(150&comma; 150&comma; 150&comma; 0.3); margin: 30px 0;'> <\/div>\n","protected":false},"excerpt":{"rendered":"<p>Switch Omada L3 SDN Administrable \/ 24 puertos PoE af\/at Gigabit y 4 puertos SFP+ \/ Presupuesto PoE 720W \/ Funciones RIP, VRRP, Servidor DHCP \/ Administraci\u00f3n centralizada OMADA \/ Fuente Redundante<\/p>\n","protected":false},"featured_media":85597,"comment_status":"open","ping_status":"closed","template":"","meta":[],"product_brand":[],"product_cat":[1986],"product_tag":[664,1987,71],"class_list":{"0":"post-85598","1":"product","2":"type-product","3":"status-publish","4":"has-post-thumbnail","6":"product_cat-switches-poe","7":"product_tag-networking","8":"product_tag-switches-poe","9":"product_tag-tp-link","11":"first","12":"instock","13":"sale","14":"shipping-taxable","15":"purchasable","16":"product-type-simple"},"_links":{"self":[{"href":"https:\/\/soydeaqui.ddns.net\/pachuca\/index.php\/wp-json\/wp\/v2\/product\/85598","targetHints":{"allow":["GET"]}}],"collection":[{"href":"https:\/\/soydeaqui.ddns.net\/pachuca\/index.php\/wp-json\/wp\/v2\/product"}],"about":[{"href":"https:\/\/soydeaqui.ddns.net\/pachuca\/index.php\/wp-json\/wp\/v2\/types\/product"}],"replies":[{"embeddable":true,"href":"https:\/\/soydeaqui.ddns.net\/pachuca\/index.php\/wp-json\/wp\/v2\/comments?post=85598"}],"wp:featuredmedia":[{"embeddable":true,"href":"https:\/\/soydeaqui.ddns.net\/pachuca\/index.php\/wp-json\/wp\/v2\/media\/85597"}],"wp:attachment":[{"href":"https:\/\/soydeaqui.ddns.net\/pachuca\/index.php\/wp-json\/wp\/v2\/media?parent=85598"}],"wp:term":[{"taxonomy":"product_brand","embeddable":true,"href":"https:\/\/soydeaqui.ddns.net\/pachuca\/index.php\/wp-json\/wp\/v2\/product_brand?post=85598"},{"taxonomy":"product_cat","embeddable":true,"href":"https:\/\/soydeaqui.ddns.net\/pachuca\/index.php\/wp-json\/wp\/v2\/product_cat?post=85598"},{"taxonomy":"product_tag","embeddable":true,"href":"https:\/\/soydeaqui.ddns.net\/pachuca\/index.php\/wp-json\/wp\/v2\/product_tag?post=85598"}],"curies":[{"name":"wp","href":"https:\/\/api.w.org\/{rel}","templated":true}]}}