{"id":85567,"date":"2026-03-19T21:43:24","date_gmt":"2026-03-19T21:43:24","guid":{"rendered":"https:\/\/soydeaqui.ddns.net\/pachuca\/index.php\/producto\/cargador-robotgan-de-65w-serie-uno-3-puertos-de-carga-rapida-2-usb-c-1-usb-a-pd-3-0-qc-4-0-carga-inteligente-tecnologia-gan-ii-zapato-magnetico-extraible-carcasa-ignifuga-pantalla\/"},"modified":"2026-03-19T21:43:25","modified_gmt":"2026-03-19T21:43:25","slug":"cargador-robotgan-de-65w-serie-uno-3-puertos-de-carga-rapida-2-usb-c-1-usb-a-pd-3-0-qc-4-0-carga-inteligente-tecnologia-gan-ii-zapato-magnetico-extraible-carcasa-ignifuga-pantalla","status":"publish","type":"product","link":"https:\/\/soydeaqui.ddns.net\/pachuca\/index.php\/producto\/cargador-robotgan-de-65w-serie-uno-3-puertos-de-carga-rapida-2-usb-c-1-usb-a-pd-3-0-qc-4-0-carga-inteligente-tecnologia-gan-ii-zapato-magnetico-extraible-carcasa-ignifuga-pantalla\/","title":{"rendered":"Cargador RobotGaN de 65W Serie UNO | 3 Puertos de Carga R\u00e1pida | 2 USB-C | 1 USB-A | PD 3.0 | QC 4.0 | Carga Inteligente | Tecnolog\u00eda GaN II | Zapato Magn\u00e9tico Extra\u00edble | Carcasa Ignifuga | Pantalla LED."},"content":{"rendered":"<div style=\"width: 100%; max-width: 1200px; margin: 0 auto; font-family: sans-serif; line-height: 1.6; color: inherit; background-color: transparent;\">\n<div style=\"display: flex; flex-wrap: wrap; gap: 30px; margin-bottom: 30px;\">\n<div style=\"flex: 1 1 300px; min-width: 280px;\">\n<h3 style=\"font-size: 22px; border-bottom: 2px solid currentColor; padding-bottom: 5px; margin-top: 0; color: inherit; opacity: 0.8;\">Galer&iacute;a de im&aacute;genes<\/h3>\n<div style=\"display: grid; grid-template-columns: repeat(auto-fill&comma; minmax(280px&comma; 1fr)); gap: 20px; margin-top: 15px;\"><img decoding=\"async\" style=\"width: 100%; height: auto; border: 1px solid rgba(150&comma; 150&comma; 150&comma; 0.3); border-radius: 8px;\" src=\"http:\/\/ftp3.syscom.mx\/usuarios\/hallende\/UGREEN2\/Cargadores\/35856\/35856-20.jpg\" alt=\"\" class=\"fr-fil fr-dib\">&nbsp;<img decoding=\"async\" style=\"width: 100%; height: auto; border: 1px solid rgba(150&comma; 150&comma; 150&comma; 0.3); border-radius: 8px;\" src=\"http:\/\/ftp3.syscom.mx\/usuarios\/hallende\/UGREEN2\/Cargadores\/35856\/35856-21.jpg\" alt=\"\" class=\"fr-fil fr-dib\">&nbsp;<img decoding=\"async\" style=\"width: 100%; height: auto; border: 1px solid rgba(150&comma; 150&comma; 150&comma; 0.3); border-radius: 8px;\" src=\"http:\/\/ftp3.syscom.mx\/usuarios\/hallende\/UGREEN2\/Cargadores\/35856\/35856-22.jpg\" alt=\"\" class=\"fr-fil fr-dib\">&nbsp;<img decoding=\"async\" style=\"width: 100%; height: auto; border: 1px solid rgba(150&comma; 150&comma; 150&comma; 0.3); border-radius: 8px;\" src=\"http:\/\/ftp3.syscom.mx\/usuarios\/hallende\/UGREEN2\/Cargadores\/35856\/35856-23.jpg\" alt=\"\" class=\"fr-fil fr-dib\">&nbsp;<img decoding=\"async\" style=\"width: 100%; height: auto; border: 1px solid rgba(150&comma; 150&comma; 150&comma; 0.3); border-radius: 8px;\" src=\"http:\/\/ftp3.syscom.mx\/usuarios\/hallende\/UGREEN2\/Cargadores\/35856\/35856-24.jpg\" alt=\"\" class=\"fr-fil fr-dib\">&nbsp;<img decoding=\"async\" style=\"width: 100%; height: auto; border: 1px solid rgba(150&comma; 150&comma; 150&comma; 0.3); border-radius: 8px;\" src=\"http:\/\/ftp3.syscom.mx\/usuarios\/hallende\/UGREEN2\/Cargadores\/35856\/35856-25.jpg\" alt=\"\" class=\"fr-fil fr-dib\">&nbsp;<img decoding=\"async\" style=\"width: 100%; height: auto; border: 1px solid rgba(150&comma; 150&comma; 150&comma; 0.3); border-radius: 8px;\" src=\"http:\/\/ftp3.syscom.mx\/usuarios\/hallende\/UGREEN2\/Cargadores\/35856\/35856-26.jpg\" alt=\"\" class=\"fr-fil fr-dib\">&nbsp;<img decoding=\"async\" style=\"width: 100%; height: auto; border: 1px solid rgba(150&comma; 150&comma; 150&comma; 0.3); border-radius: 8px;\" src=\"http:\/\/ftp3.syscom.mx\/usuarios\/hallende\/UGREEN2\/Cargadores\/35856\/35856-27.jpg\" alt=\"\" class=\"fr-fil fr-dib\">&nbsp;<img decoding=\"async\" style=\"width: 100%; height: auto; border: 1px solid rgba(150&comma; 150&comma; 150&comma; 0.3); border-radius: 8px;\" src=\"http:\/\/ftp3.syscom.mx\/usuarios\/hallende\/UGREEN2\/Cargadores\/35856\/35856-28.jpg\" alt=\"\" class=\"fr-fil fr-dib\">&nbsp;<img decoding=\"async\" style=\"width: 100%; height: auto; border: 1px solid rgba(150&comma; 150&comma; 150&comma; 0.3); border-radius: 8px;\" src=\"http:\/\/ftp3.syscom.mx\/usuarios\/hallende\/UGREEN2\/Cargadores\/35856\/35856-29.jpg\" alt=\"\" class=\"fr-fil fr-dib\">&nbsp;<img decoding=\"async\" style=\"width: 100%; height: auto; border: 1px solid rgba(150&comma; 150&comma; 150&comma; 0.3); border-radius: 8px;\" src=\"http:\/\/ftp3.syscom.mx\/usuarios\/hallende\/UGREEN2\/Cargadores\/35856\/35856-30.jpg\" alt=\"\" class=\"fr-fil fr-dib\"><\/div>\n<\/div>\n<\/div>\n<\/div>\n","protected":false},"excerpt":{"rendered":"<p>Cargador RobotGaN de 65W Serie UNO | 3 Puertos de Carga R\u00e1pida | 2 USB-C | 1 USB-A | PD 3.0 | QC 4.0 | Carga Inteligente | Tecnolog\u00eda GaN II | Zapato Magn\u00e9tico Extra\u00edble | Carcasa Ignifuga | Pantalla LED.<\/p>\n","protected":false},"featured_media":85566,"comment_status":"open","ping_status":"closed","template":"","meta":[],"product_brand":[],"product_cat":[2171],"product_tag":[2173,2172,650],"class_list":{"0":"post-85567","1":"product","2":"type-product","3":"status-publish","4":"has-post-thumbnail","6":"product_cat-cables-usb-y-cargadores","7":"product_tag-cables-usb-y-cargadores","8":"product_tag-conectividad-y-cables","9":"product_tag-ugreen","11":"first","12":"instock","13":"sale","14":"shipping-taxable","15":"purchasable","16":"product-type-simple"},"_links":{"self":[{"href":"https:\/\/soydeaqui.ddns.net\/pachuca\/index.php\/wp-json\/wp\/v2\/product\/85567","targetHints":{"allow":["GET"]}}],"collection":[{"href":"https:\/\/soydeaqui.ddns.net\/pachuca\/index.php\/wp-json\/wp\/v2\/product"}],"about":[{"href":"https:\/\/soydeaqui.ddns.net\/pachuca\/index.php\/wp-json\/wp\/v2\/types\/product"}],"replies":[{"embeddable":true,"href":"https:\/\/soydeaqui.ddns.net\/pachuca\/index.php\/wp-json\/wp\/v2\/comments?post=85567"}],"wp:featuredmedia":[{"embeddable":true,"href":"https:\/\/soydeaqui.ddns.net\/pachuca\/index.php\/wp-json\/wp\/v2\/media\/85566"}],"wp:attachment":[{"href":"https:\/\/soydeaqui.ddns.net\/pachuca\/index.php\/wp-json\/wp\/v2\/media?parent=85567"}],"wp:term":[{"taxonomy":"product_brand","embeddable":true,"href":"https:\/\/soydeaqui.ddns.net\/pachuca\/index.php\/wp-json\/wp\/v2\/product_brand?post=85567"},{"taxonomy":"product_cat","embeddable":true,"href":"https:\/\/soydeaqui.ddns.net\/pachuca\/index.php\/wp-json\/wp\/v2\/product_cat?post=85567"},{"taxonomy":"product_tag","embeddable":true,"href":"https:\/\/soydeaqui.ddns.net\/pachuca\/index.php\/wp-json\/wp\/v2\/product_tag?post=85567"}],"curies":[{"name":"wp","href":"https:\/\/api.w.org\/{rel}","templated":true}]}}