{"id":85565,"date":"2026-03-19T21:43:20","date_gmt":"2026-03-19T21:43:20","guid":{"rendered":"https:\/\/soydeaqui.ddns.net\/pachuca\/index.php\/producto\/conector-de-fibra-ptica-pre-pulido-re-terminable-monomodo-sc-apc-900um-2-0-mm-3-0-mm-paquete-10-piezas\/"},"modified":"2026-03-19T21:43:21","modified_gmt":"2026-03-19T21:43:21","slug":"conector-de-fibra-ptica-pre-pulido-re-terminable-monomodo-sc-apc-900um-2-0-mm-3-0-mm-paquete-10-piezas","status":"publish","type":"product","link":"https:\/\/soydeaqui.ddns.net\/pachuca\/index.php\/producto\/conector-de-fibra-ptica-pre-pulido-re-terminable-monomodo-sc-apc-900um-2-0-mm-3-0-mm-paquete-10-piezas\/","title":{"rendered":"Conector de Fibra ?ptica Pre-pulido Re-terminable Monomodo SC\/APC 900um, 2.0 mm, 3.0 mm (Paquete 10 Piezas)"},"content":{"rendered":"<div style='width: 100%; max-width: 1200px; margin: 0 auto; font-family: sans-serif; line-height: 1.6; color: inherit; background-color: transparent;'>\n<div style='display: flex; flex-wrap: wrap; gap: 30px; margin-bottom: 30px;'>\n<div style='flex: 1 1 300px; min-width: 280px;'> <img style='width: 100%; height: auto; border: 1px solid rgba(150&comma;150&comma;150&comma;0.3); border-radius: 8px;' src='https:\/\/ftp3.syscom.mx\/usuarios\/orobles\/LinkedPro\/linkedpro_logo.png' alt=''> <\/div>\n<\/p><\/div>\n<div style='display: flex; flex-wrap: wrap; gap: 30px; margin-bottom: 30px;'>\n<div style='flex: 1 1 300px; min-width: 280px;'>\n<p style='font-size: 15px; margin-bottom: 15px; color: inherit;'> El conector mec\u00e1nico <strong style='color: inherit;'>LP-SM-SCAPC10<\/strong> est\u00e1 dise\u00f1ado para una terminaci\u00f3n de campo&comma; especial para redes FTTx y enlaces P2P&comma; instalaci\u00f3n r\u00e1pida y sencilla de cables de fibra \u00f3ptica monomodo sin necesidad de usar herramientas especiales para abrir o cerrar el conector. <\/p>\n<\/p><\/div>\n<\/p><\/div>\n<div style='display: flex; flex-wrap: wrap; gap: 30px; margin-bottom: 30px;'>\n<div style='flex: 1 1 300px; min-width: 280px;'>\n<h3 style='font-size: 22px; border-bottom: 2px solid currentColor; padding-bottom: 5px; margin-top: 0; color: inherit; opacity: 0.8;'>Especificaciones<\/h3>\n<ul style='padding-left: 20px; font-size: 15px; color: inherit; list-style-type: disc;'>\n<li style='margin-bottom: 5px;'><strong style='color: inherit;'>Paquete:<\/strong> 10 piezas<\/li>\n<li style='margin-bottom: 5px;'><strong style='color: inherit;'>Tipo de conector:<\/strong> SC\/APC<\/li>\n<li style='margin-bottom: 5px;'><strong style='color: inherit;'>Compatibilidad:<\/strong> Fibra Tight Buffer (900\u00b5m) o fibra Drop Plana y Redonda<\/li>\n<li style='margin-bottom: 5px;'><strong style='color: inherit;'>Reterminable:<\/strong> Hasta 3 veces<\/li>\n<li style='margin-bottom: 5px;'><strong style='color: inherit;'>P\u00e9rdida de inserci\u00f3n:<\/strong><\/li>\n<ul style='padding-left: 30px; margin-top: 5px; margin-bottom: 5px; font-size: 14px; color: inherit; list-style-type: disc;'>\n<li style='margin-bottom: 5px;'>M\u00e1ximo \u2264 0.50 dB<\/li>\n<li style='margin-bottom: 5px;'>T\u00edpico \u2264 0.30 dB<\/li>\n<\/ul>\n<li style='margin-bottom: 5px;'><strong style='color: inherit;'>P\u00e9rdida de retorno:<\/strong><\/li>\n<ul style='padding-left: 30px; margin-top: 5px; margin-bottom: 5px; font-size: 14px; color: inherit; list-style-type: disc;'>\n<li style='margin-bottom: 5px;'>UPC \u2264 50 dB<\/li>\n<li style='margin-bottom: 5px;'>APC \u2264 55 dB<\/li>\n<\/ul>\n<li style='margin-bottom: 5px;'><strong style='color: inherit;'>Temperatura de operaci\u00f3n:<\/strong> -40 a 70\u00baC<\/li>\n<\/ul><\/div>\n<\/p><\/div>\n<div style='display: flex; flex-wrap: wrap; gap: 30px; margin-bottom: 30px;'>\n<div style='flex: 1 1 300px; min-width: 280px;'>\n<h3 style='font-size: 22px; border-bottom: 2px solid currentColor; padding-bottom: 5px; margin-top: 0; color: inherit; opacity: 0.8;'>Terminaci\u00f3n del conector<\/h3>\n<p> <img style='width: 100%; height: auto; border: 1px solid rgba(150&comma;150&comma;150&comma;0.3); border-radius: 8px; margin-bottom: 15px;' src='https:\/\/ftp3.syscom.mx\/usuarios\/fotos\/LPSMSCAPC\/224476-lp-sm-scapc.png' alt='LP-SM-SCAPC'> <\/p>\n<p style='font-size: 15px; margin-bottom: 15px; color: inherit;'><strong style='color: inherit;'>NOTA:<\/strong> Al usar fibra drop&comma; realizar la conectorizaci\u00f3n usando el buffer de 250 um:<\/p>\n<p> <img style='width: 100%; height: auto; border: 1px solid rgba(150&comma;150&comma;150&comma;0.3); border-radius: 8px; margin-bottom: 15px;' src='https:\/\/ftp3.syscom.mx\/usuarios\/fotos\/LPSMSCAPC\/224476-captura_de_pantalla_2024-08-28_a_la(s)_12.07.01%C3%A2%E2%82%AC%C2%AFp.m..png' alt='LP-SMSCAPC'> <\/p>\n<h4 style='font-size: 18px; margin-top: 20px; margin-bottom: 10px; color: inherit; opacity: 0.9;'>Fibra Drop con buffer de 250 um:<\/h4>\n<p> <img style='width: 100%; height: auto; border: 1px solid rgba(150&comma;150&comma;150&comma;0.3); border-radius: 8px;' src='https:\/\/ftp3.syscom.mx\/usuarios\/fotos\/LPSMSCAPC\/224476-224476-image_20240828_114308_796.jpeg' alt='Fibra drop 250 um'> <\/div>\n<\/p><\/div>\n<\/p><\/div>\n","protected":false},"excerpt":{"rendered":"<p>Conector de Fibra ?ptica Pre-pulido Re-terminable Monomodo SC\/APC 900um, 2.0 mm, 3.0 mm (Paquete 10 Piezas)<\/p>\n","protected":false},"featured_media":85564,"comment_status":"open","ping_status":"closed","template":"","meta":[],"product_brand":[],"product_cat":[615],"product_tag":[616,611,435],"class_list":{"0":"post-85565","1":"product","2":"type-product","3":"status-publish","4":"has-post-thumbnail","6":"product_cat-conectores","7":"product_tag-conectores","8":"product_tag-fibra-optica","9":"product_tag-linkedpro-by-epcom","11":"first","12":"instock","13":"sale","14":"shipping-taxable","15":"purchasable","16":"product-type-simple"},"_links":{"self":[{"href":"https:\/\/soydeaqui.ddns.net\/pachuca\/index.php\/wp-json\/wp\/v2\/product\/85565","targetHints":{"allow":["GET"]}}],"collection":[{"href":"https:\/\/soydeaqui.ddns.net\/pachuca\/index.php\/wp-json\/wp\/v2\/product"}],"about":[{"href":"https:\/\/soydeaqui.ddns.net\/pachuca\/index.php\/wp-json\/wp\/v2\/types\/product"}],"replies":[{"embeddable":true,"href":"https:\/\/soydeaqui.ddns.net\/pachuca\/index.php\/wp-json\/wp\/v2\/comments?post=85565"}],"wp:featuredmedia":[{"embeddable":true,"href":"https:\/\/soydeaqui.ddns.net\/pachuca\/index.php\/wp-json\/wp\/v2\/media\/85564"}],"wp:attachment":[{"href":"https:\/\/soydeaqui.ddns.net\/pachuca\/index.php\/wp-json\/wp\/v2\/media?parent=85565"}],"wp:term":[{"taxonomy":"product_brand","embeddable":true,"href":"https:\/\/soydeaqui.ddns.net\/pachuca\/index.php\/wp-json\/wp\/v2\/product_brand?post=85565"},{"taxonomy":"product_cat","embeddable":true,"href":"https:\/\/soydeaqui.ddns.net\/pachuca\/index.php\/wp-json\/wp\/v2\/product_cat?post=85565"},{"taxonomy":"product_tag","embeddable":true,"href":"https:\/\/soydeaqui.ddns.net\/pachuca\/index.php\/wp-json\/wp\/v2\/product_tag?post=85565"}],"curies":[{"name":"wp","href":"https:\/\/api.w.org\/{rel}","templated":true}]}}