{"id":85558,"date":"2026-03-19T21:43:05","date_gmt":"2026-03-19T21:43:05","guid":{"rendered":"https:\/\/soydeaqui.ddns.net\/pachuca\/index.php\/producto\/router-todo-en-uno-gcc6021-con-pbx-de-50-extensiones-firewall-vpn-switch-de-16-puertos-gbe-4x-sfp-10-gbe-y-8x-2-5-gbe-gestion-en-la-nube-con-gdms\/"},"modified":"2026-03-19T21:43:14","modified_gmt":"2026-03-19T21:43:14","slug":"router-todo-en-uno-gcc6021-con-pbx-de-50-extensiones-firewall-vpn-switch-de-16-puertos-gbe-4x-sfp-10-gbe-y-8x-2-5-gbe-gestion-en-la-nube-con-gdms","status":"publish","type":"product","link":"https:\/\/soydeaqui.ddns.net\/pachuca\/index.php\/producto\/router-todo-en-uno-gcc6021-con-pbx-de-50-extensiones-firewall-vpn-switch-de-16-puertos-gbe-4x-sfp-10-gbe-y-8x-2-5-gbe-gestion-en-la-nube-con-gdms\/","title":{"rendered":"Router Todo-en-Uno GCC6021 con PBX de 50 Extensiones + Firewall + VPN + Switch de 16 Puertos GbE + 4x SFP+ 10 GbE y 8x 2.5 GbE \/ Gesti\u00f3n en la Nube con GDMS"},"content":{"rendered":"<div style='width: 100%; max-width: 1200px; margin: 0 auto; font-family: sans-serif; line-height: 1.6; color: inherit; background-color: transparent;'>\n<div style='display: flex; flex-wrap: wrap; gap: 30px; margin-bottom: 30px;'>\n<div style='flex: 1 1 300px; min-width: 280px;'>\n<h3 style='font-size: 22px; border-bottom: 2px solid currentColor; padding-bottom: 5px; margin-top: 0; color: inherit; opacity: 0.8;'>Caracter\u00edsticas Principales<\/h3>\n<ul style='padding-left: 20px; font-size: 15px; color: inherit;'>\n<li style='margin-bottom: 5px;'>Router VPN con throughput de 10 Gbps y soporte para IPsec VPN de 1.3 Gbps<\/li>\n<li style='margin-bottom: 5px;'>Firewall de pr\u00f3xima generaci\u00f3n con inspecci\u00f3n profunda de paquetes (DPI)&comma; antivirus&comma; IDS\/IPS y detecci\u00f3n SSL<\/li>\n<li style='margin-bottom: 5px;'>IP PBX integrado con soporte para 50 usuarios y 16 llamadas simult\u00e1neas<\/li>\n<li style='margin-bottom: 5px;'>Switch de red con 4 puertos SFP+ de 10 Gigabit&comma; 8 puertos de 2.5 Gigabit y 16 puertos Gigabit Ethernet*WAN\/LAN es configurable&comma; m\u00e1ximo 5xWAN<\/li>\n<li style='margin-bottom: 5px;'>Gesti\u00f3n centralizada a trav\u00e9s de GDMS&comma; aplicaci\u00f3n m\u00f3vil&comma; interfaz web local&comma; SSH y CLI<\/li>\n<li style='margin-bottom: 5px;'>Soporte para montaje en rack&comma; pared y escritorio<\/li>\n<\/ul><\/div>\n<\/p><\/div>\n<div style='display: flex; flex-wrap: wrap; gap: 20px; margin-bottom: 30px;'>\n<div style='flex: 1 1 250px; border: 1px solid rgba(150&comma; 150&comma; 150&comma; 0.4); border-radius: 8px; overflow: hidden; display: flex; flex-direction: column;'>\n<div style='padding: 15px; border-bottom: 1px solid rgba(150&comma; 150&comma; 150&comma; 0.2); font-weight: bold; font-size: 18px; color: inherit;'>Especificaciones<\/div>\n<div style='padding: 15px; color: inherit;'>\n<ul style='padding-left: 20px; margin: 0; font-size: 14px; list-style-type: disc;'>\n<li style='margin-bottom: 5px;'><strong>Memoria:<\/strong> 4GB DDR4+256MB DDR3 RAM&comma; 32GB eMMC&comma;128MB NAND<\/li>\n<li style='margin-bottom: 5px;'><strong>Almacenamiento externo:<\/strong> M.2 SSD<\/li>\n<li style='margin-bottom: 5px;'><strong>Throughput NGFW (DPI+IPS):<\/strong> 9 Gbps<\/li>\n<li style='margin-bottom: 5px;'><strong>Sesiones NAT:<\/strong> 320K<\/li>\n<li style='margin-bottom: 5px;'><strong>Puertos:<\/strong> 4 puertos SFP+ de 10 Gigabit&comma; 8 puertos de 2.5 Gigabit y 16 puertos Gigabit Ethernet*WAN\/LAN es configurable&comma; m\u00e1ximo 5xWAN<\/li>\n<li style='margin-bottom: 5px;'><strong>Montaje:<\/strong> Rack&comma; pared y escritorio<\/li>\n<\/ul><\/div>\n<\/p><\/div>\n<div style='flex: 1 1 250px; border: 1px solid rgba(150&comma; 150&comma; 150&comma; 0.4); border-radius: 8px; overflow: hidden; display: flex; flex-direction: column;'>\n<div style='padding: 15px; border-bottom: 1px solid rgba(150&comma; 150&comma; 150&comma; 0.2); font-weight: bold; font-size: 18px; color: inherit;'>Interfaces y Conectividad<\/div>\n<div style='padding: 15px; color: inherit;'>\n<ul style='padding-left: 20px; margin: 0; font-size: 14px; list-style-type: disc;'>\n<li style='margin-bottom: 5px;'>Puertos WAN\/LAN configurables<\/li>\n<li style='margin-bottom: 5px;'>Puertos auxiliares: 1\u00d7CONSOLA&comma; 1\u00d7USB3.0<\/li>\n<li style='margin-bottom: 5px;'>Protocolos de red: IPv4&comma; IPv6&comma; IEEE802.1q&comma; IEEE802.1p&comma; IEEE802.1x&comma; IEEE802.3&comma; IEEE802.3u&comma; IEEE802.3x&comma; IEEE802.3ab<\/li>\n<li style='margin-bottom: 5px;'>VPN: IPsec&comma; OpenVPN\u00ae&comma; PPTP&comma; L2TP&comma; WireGuard\u00ae<\/li>\n<\/ul><\/div>\n<\/p><\/div>\n<\/p><\/div>\n<div style='display: flex; flex-wrap: wrap; gap: 20px; margin-bottom: 30px;'>\n<div style='flex: 1 1 250px; border: 1px solid rgba(150&comma; 150&comma; 150&comma; 0.4); border-radius: 8px; overflow: hidden; display: flex; flex-direction: column;'>\n<div style='padding: 15px; border-bottom: 1px solid rgba(150&comma; 150&comma; 150&comma; 0.2); font-weight: bold; font-size: 18px; color: inherit;'>Peque\u00f1as y Medianas Empresas<\/div>\n<div style='padding: 15px; color: inherit;'>\n<p style='margin: 0; font-size: 14px;'>Ideal para empresas que necesitan una soluci\u00f3n integrada de redes&comma; seguridad y comunicaciones unificadas.<\/p>\n<\/p><\/div>\n<\/p><\/div>\n<div style='flex: 1 1 250px; border: 1px solid rgba(150&comma; 150&comma; 150&comma; 0.4); border-radius: 8px; overflow: hidden; display: flex; flex-direction: column;'>\n<div style='padding: 15px; border-bottom: 1px solid rgba(150&comma; 150&comma; 150&comma; 0.2); font-weight: bold; font-size: 18px; color: inherit;'>Redes VPN Seguras<\/div>\n<div style='padding: 15px; color: inherit;'>\n<p style='margin: 0; font-size: 14px;'>Proporciona conectividad VPN segura para acceso remoto y conexiones de sitio a sitio.<\/p>\n<\/p><\/div>\n<\/p><\/div>\n<div style='flex: 1 1 250px; border: 1px solid rgba(150&comma; 150&comma; 150&comma; 0.4); border-radius: 8px; overflow: hidden; display: flex; flex-direction: column;'>\n<div style='padding: 15px; border-bottom: 1px solid rgba(150&comma; 150&comma; 150&comma; 0.2); font-weight: bold; font-size: 18px; color: inherit;'>Gesti\u00f3n Centralizada<\/div>\n<div style='padding: 15px; color: inherit;'>\n<p style='margin: 0; font-size: 14px;'>Permite la administraci\u00f3n centralizada de dispositivos Grandstream a trav\u00e9s de GDMS.<\/p>\n<\/p><\/div>\n<\/p><\/div>\n<\/p><\/div>\n<\/p><\/div>\n","protected":false},"excerpt":{"rendered":"<p>Router Todo-en-Uno GCC6021 con PBX de 50 Extensiones + Firewall + VPN + Switch de 16 Puertos GbE + 4x SFP+ 10 GbE y 8x 2.5 GbE \/ Gesti\u00f3n en la Nube con GDMS<\/p>\n","protected":false},"featured_media":85557,"comment_status":"open","ping_status":"closed","template":"","meta":[],"product_brand":[],"product_cat":[1970],"product_tag":[909,664,1971],"class_list":{"0":"post-85558","1":"product","2":"type-product","3":"status-publish","4":"has-post-thumbnail","6":"product_cat-switches","7":"product_tag-grandstream","8":"product_tag-networking","9":"product_tag-switches","11":"first","12":"instock","13":"sale","14":"shipping-taxable","15":"purchasable","16":"product-type-simple"},"_links":{"self":[{"href":"https:\/\/soydeaqui.ddns.net\/pachuca\/index.php\/wp-json\/wp\/v2\/product\/85558","targetHints":{"allow":["GET"]}}],"collection":[{"href":"https:\/\/soydeaqui.ddns.net\/pachuca\/index.php\/wp-json\/wp\/v2\/product"}],"about":[{"href":"https:\/\/soydeaqui.ddns.net\/pachuca\/index.php\/wp-json\/wp\/v2\/types\/product"}],"replies":[{"embeddable":true,"href":"https:\/\/soydeaqui.ddns.net\/pachuca\/index.php\/wp-json\/wp\/v2\/comments?post=85558"}],"wp:featuredmedia":[{"embeddable":true,"href":"https:\/\/soydeaqui.ddns.net\/pachuca\/index.php\/wp-json\/wp\/v2\/media\/85557"}],"wp:attachment":[{"href":"https:\/\/soydeaqui.ddns.net\/pachuca\/index.php\/wp-json\/wp\/v2\/media?parent=85558"}],"wp:term":[{"taxonomy":"product_brand","embeddable":true,"href":"https:\/\/soydeaqui.ddns.net\/pachuca\/index.php\/wp-json\/wp\/v2\/product_brand?post=85558"},{"taxonomy":"product_cat","embeddable":true,"href":"https:\/\/soydeaqui.ddns.net\/pachuca\/index.php\/wp-json\/wp\/v2\/product_cat?post=85558"},{"taxonomy":"product_tag","embeddable":true,"href":"https:\/\/soydeaqui.ddns.net\/pachuca\/index.php\/wp-json\/wp\/v2\/product_tag?post=85558"}],"curies":[{"name":"wp","href":"https:\/\/api.w.org\/{rel}","templated":true}]}}